{"id":56,"date":"2023-04-18T10:47:07","date_gmt":"2023-04-18T13:47:07","guid":{"rendered":"https:\/\/viajandocomtoledo.com.br\/loja\/produto\/bone-homem-do-campo-vct-marrom\/"},"modified":"2026-03-23T22:26:31","modified_gmt":"2026-03-24T01:26:31","slug":"bone-homem-do-campo-vct-marrom","status":"publish","type":"product","link":"https:\/\/viajandocomtoledo.com.br\/loja\/produto\/bone-homem-do-campo-vct-marrom\/","title":{"rendered":"Bon\u00e9 Homem do Campo | Marrom"},"content":{"rendered":"<p style=\"text-align: center;\"><em>O Bon\u00e9 Homem do Campo foi pensado nos m\u00ednimos detalhes para valorizar as tradi\u00e7\u00f5es e riquezas do nosso pa\u00eds. Com alguns dos principais componentes do campo em sua estampa e o s\u00edmbolo do Viajando com Toledo bordado ao lado, voc\u00ea n\u00e3o vai estar usando um acess\u00f3rio e sim levando uma hist\u00f3ria onde voc\u00ea for. Um Bon\u00e9 de extrema qualidade, produzido com rigoroso padr\u00e3o de excel\u00eancia e que vai te deixar ainda mais estiloso. Use Bon\u00e9 Homem do Campo e entre para essa hist\u00f3ria.<\/em><\/p>\n<h2 style=\"text-align: center;\">Ficha t\u00e9cnica<\/h2>\n<ul>\n<li><em><strong>Estilo do Bon\u00e9:<\/strong> Trucker <\/em><\/li>\n<li><em><strong>Detalhes:<\/strong>\u00a0Silkados em alto relevo.<\/em><\/li>\n<li><em><strong>Aba:<\/strong>\u00a0Curva mold\u00e1vel com 6 costuras.<\/em><\/li>\n<li><em><strong>Fecho:<\/strong>\u00a0De alta resist\u00eancia e ajust\u00e1vel na parte traseira.<\/em><\/li>\n<li><em><strong>Tecido:<\/strong> 100% Poli\u00e9ster.<\/em><\/li>\n<li><em><strong>G\u00eanero:<\/strong> Unissex.<\/em><\/li>\n<li><em><strong>Profundidade:<\/strong> 16,5 cm.<\/em><\/li>\n<li><em><strong>Circunfer\u00eancia:<\/strong> 56 a 62 cm.<\/em><\/li>\n<li><em>Um Bon\u00e9 Exclusivo e com garantia Viajando com Toledo de qualidade.<\/em><\/li>\n<\/ul>\n<h2 style=\"text-align: center;\">VANTAGENS E CONDI\u00c7\u00d5ES<\/h2>\n<ol>\n<li style=\"text-align: left;\"><i>Aceitamos pagamentos via, pix, boleto, cart\u00e3o de d\u00e9bito e cart\u00e3o de cr\u00e9dito em at\u00e9 3x sem\u00a0juros.<\/i><\/li>\n<li style=\"text-align: left;\"><em>Compra garantida, receba o produto que est\u00e1 esperando ou devolvemos o dinheiro.<\/em><\/li>\n<li style=\"text-align: left;\"><em>Site 100% seguro, seus dados est\u00e3o protegidos.<\/em><\/li>\n<li style=\"text-align: left;\"><em>Atendimento humano 7 dias por semana.<\/em><\/li>\n<li style=\"text-align: left;\"><em>Produtos 100% brasileiros.<\/em><\/li>\n<\/ol>\n<h2 style=\"text-align: center;\">Nossa miss\u00e3o<\/h2>\n<p style=\"text-align: center;\">Buscando sempre mostrar o que h\u00e1 de melhor nos produtos ou nos lugares de Minas Gerais e do Brasil, o Viajando com Toledo tem a miss\u00e3o de levar at\u00e9 voc\u00ea uma experi\u00eancia adquirida em mais de 18 anos de estrada, por onde conhecemos a cultura, o turismo, o meio ambiente e as ra\u00edzes do nosso pa\u00eds. Compre em uma loja com produtos 100% brasileiros.<\/p>\n<h2 style=\"text-align: center;\">LIMPANDO SEU BON\u00c9<\/h2>\n<ul>\n<li>N\u00e3o lave seu Bon\u00e9.<\/li>\n<li>Utilize um pano \u00famido e sab\u00e3o neutro para limpar o Bon\u00e9.<\/li>\n<li>Depois de aplicar o sab\u00e3o, passe um pano \u00famido para tirar o excesso de sab\u00e3o.<\/li>\n<li>Passe um pano seco para tirar a umidade do Bon\u00e9 e para ajudar a secar.<\/li>\n<li>Aguarde ele secar totalmente em uma sombra.<\/li>\n<li>Seu Bon\u00e9 est\u00e1 pronto para uso.<\/li>\n<\/ul>\n","protected":false},"excerpt":{"rendered":"<p style=\"text-align: center;\"><em>O Bon\u00e9 Homem do Campo foi pensado nos m\u00ednimos detalhes para valorizar as tradi\u00e7\u00f5es e riquezas do nosso pa\u00eds. Com alguns dos principais componentes do campo em sua estampa e o s\u00edmbolo do Viajando com Toledo bordado ao lado, voc\u00ea n\u00e3o vai estar usando um acess\u00f3rio e sim levando uma hist\u00f3ria onde voc\u00ea for. Um Bon\u00e9 de extrema qualidade, produzido com rigoroso padr\u00e3o de excel\u00eancia e que vai te deixar ainda mais estiloso. Use Bon\u00e9 Homem do Campo e entre para essa hist\u00f3ria.<\/em><\/p>\n<h2 style=\"text-align: center;\">Ficha t\u00e9cnica<\/h2>\n<ul>\n<li><em><strong>Estilo do Bon\u00e9:<\/strong> Trucker <\/em><\/li>\n<li><em><strong>Detalhes:<\/strong>\u00a0Silkados em alto relevo.<\/em><\/li>\n<li><em><strong>Aba:<\/strong>\u00a0Curva mold\u00e1vel com 6 costuras.<\/em><\/li>\n<li><em><strong>Fecho:<\/strong>\u00a0De alta resist\u00eancia e ajust\u00e1vel na parte traseira.<\/em><\/li>\n<li><em><strong>Tecido:<\/strong> 100% Poli\u00e9ster.<\/em><\/li>\n<li><em><strong>G\u00eanero:<\/strong> Unissex.<\/em><\/li>\n<li><em><strong>Profundidade:<\/strong> 16,5 cm.<\/em><\/li>\n<li><em><strong>Circunfer\u00eancia:<\/strong> 56 a 62 cm.<\/em><\/li>\n<li><em>Um Bon\u00e9 Exclusivo e com garantia Viajando com Toledo de qualidade.<\/em><\/li>\n<\/ul>\n<h2 style=\"text-align: center;\">VANTAGENS E CONDI\u00c7\u00d5ES<\/h2>\n<ol>\n<li style=\"text-align: left;\"><i>Aceitamos pagamentos via, pix, boleto, cart\u00e3o de d\u00e9bito e cart\u00e3o de cr\u00e9dito em at\u00e9 3x sem\u00a0juros.<\/i><\/li>\n<li style=\"text-align: left;\"><em>Compra garantida, receba o produto que est\u00e1 esperando ou devolvemos o dinheiro.<\/em><\/li>\n<li style=\"text-align: left;\"><em>Site 100% seguro, seus dados est\u00e3o protegidos.<\/em><\/li>\n<li style=\"text-align: left;\"><em>Atendimento humano 7 dias por semana.<\/em><\/li>\n<li style=\"text-align: left;\"><em>Produtos 100% brasileiros.<\/em><\/li>\n<\/ol>\n<h2 style=\"text-align: center;\">Nossa miss\u00e3o<\/h2>\n<p style=\"text-align: center;\">Buscando sempre mostrar o que h\u00e1 de melhor nos produtos ou nos lugares de Minas Gerais e do Brasil, o Viajando com Toledo tem a miss\u00e3o de levar at\u00e9 voc\u00ea uma experi\u00eancia adquirida em mais de 18 anos de estrada, por onde conhecemos a cultura, o turismo, o meio ambiente e as ra\u00edzes do nosso pa\u00eds. Compre em uma loja com produtos 100% brasileiros.<\/p>\n<h2 style=\"text-align: center;\">LIMPANDO SEU BON\u00c9<\/h2>\n<ul>\n<li>N\u00e3o lave seu Bon\u00e9.<\/li>\n<li>Utilize um pano \u00famido e sab\u00e3o neutro para limpar o Bon\u00e9.<\/li>\n<li>Depois de aplicar o sab\u00e3o, passe um pano \u00famido para tirar o excesso de sab\u00e3o.<\/li>\n<li>Passe um pano seco para tirar a umidade do Bon\u00e9 e para ajudar a secar.<\/li>\n<li>Aguarde ele secar totalmente em uma sombra.<\/li>\n<li>Seu Bon\u00e9 est\u00e1 pronto para uso.<\/li>\n<\/ul>\n","protected":false},"featured_media":85,"comment_status":"open","ping_status":"closed","template":"","meta":{"_acf_changed":false,"_monsterinsights_skip_tracking":false,"_monsterinsights_sitenote_active":false,"_monsterinsights_sitenote_note":"","_monsterinsights_sitenote_category":0},"product_cat":[39,63,59,40,62],"product_tag":[],"class_list":{"0":"post-56","1":"product","2":"type-product","3":"status-publish","4":"has-post-thumbnail","6":"product_cat-bones","7":"product_cat-central","8":"product_cat-jequitinhonha-mucuri","9":"product_cat-marrom","10":"product_cat-triangulo-mineiro","11":"product_shipping_class-produtos-diversos","13":"first","14":"instock","15":"taxable","16":"shipping-taxable","17":"purchasable","18":"product-type-simple"},"acf":[],"aioseo_notices":[],"yoast_head":"<!-- This site is optimized with the Yoast SEO plugin v25.8 - https:\/\/yoast.com\/wordpress\/plugins\/seo\/ -->\n<title>Bon\u00e9 Homem do Campo | Marrom - Loja Viajando com Toledo<\/title>\n<meta name=\"robots\" content=\"index, follow, max-snippet:-1, max-image-preview:large, max-video-preview:-1\" \/>\n<link rel=\"canonical\" href=\"https:\/\/viajandocomtoledo.com.br\/loja\/produto\/bone-homem-do-campo-vct-marrom\/\" \/>\n<meta property=\"og:locale\" content=\"pt_BR\" \/>\n<meta property=\"og:type\" content=\"article\" \/>\n<meta property=\"og:title\" content=\"Bon\u00e9 Homem do Campo | Marrom - Loja Viajando com Toledo\" \/>\n<meta property=\"og:description\" content=\"O Bon\u00e9 Homem do Campo foi pensado nos m\u00ednimos detalhes para valorizar as tradi\u00e7\u00f5es e riquezas do nosso pa\u00eds. Com alguns dos principais componentes do campo em sua estampa e o s\u00edmbolo do Viajando com Toledo bordado ao lado, voc\u00ea n\u00e3o vai estar usando um acess\u00f3rio e sim levando uma hist\u00f3ria onde voc\u00ea for. Um Bon\u00e9 de extrema qualidade, produzido com rigoroso padr\u00e3o de excel\u00eancia e que vai te deixar ainda mais estiloso. Use Bon\u00e9 Homem do Campo e entre para essa hist\u00f3ria.  Ficha t\u00e9cnica   Estilo do Bon\u00e9: Trucker   Detalhes:\u00a0Silkados em alto relevo.  Aba:\u00a0Curva mold\u00e1vel com 6 costuras.  Fecho:\u00a0De alta resist\u00eancia e ajust\u00e1vel na parte traseira.  Tecido: 100% Poli\u00e9ster.  G\u00eanero: Unissex.  Profundidade: 16,5 cm.  Circunfer\u00eancia: 56 a 62 cm.  Um Bon\u00e9 Exclusivo e com garantia Viajando com Toledo de qualidade.  VANTAGENS E CONDI\u00c7\u00d5ES   Aceitamos pagamentos via, pix, boleto, cart\u00e3o de d\u00e9bito e cart\u00e3o de cr\u00e9dito em at\u00e9 3x sem\u00a0juros.  Compra garantida, receba o produto que est\u00e1 esperando ou devolvemos o dinheiro.  Site 100% seguro, seus dados est\u00e3o protegidos.  Atendimento humano 7 dias por semana.  Produtos 100% brasileiros.  Nossa miss\u00e3o Buscando sempre mostrar o que h\u00e1 de melhor nos produtos ou nos lugares de Minas Gerais e do Brasil, o Viajando com Toledo tem a miss\u00e3o de levar at\u00e9 voc\u00ea uma experi\u00eancia adquirida em mais de 18 anos de estrada, por onde conhecemos a cultura, o turismo, o meio ambiente e as ra\u00edzes do nosso pa\u00eds. Compre em uma loja com produtos 100% brasileiros.  LIMPANDO SEU BON\u00c9   N\u00e3o lave seu Bon\u00e9.  Utilize um pano \u00famido e sab\u00e3o neutro para limpar o Bon\u00e9.  Depois de aplicar o sab\u00e3o, passe um pano \u00famido para tirar o excesso de sab\u00e3o.  Passe um pano seco para tirar a umidade do Bon\u00e9 e para ajudar a secar.  Aguarde ele secar totalmente em uma sombra.  Seu Bon\u00e9 est\u00e1 pronto para uso.\" \/>\n<meta property=\"og:url\" content=\"https:\/\/viajandocomtoledo.com.br\/loja\/produto\/bone-homem-do-campo-vct-marrom\/\" \/>\n<meta property=\"og:site_name\" content=\"Loja Viajando com Toledo\" \/>\n<meta property=\"article:publisher\" content=\"https:\/\/web.facebook.com\/viajandocomtoledo\" \/>\n<meta property=\"article:modified_time\" content=\"2026-03-24T01:26:31+00:00\" \/>\n<meta property=\"og:image\" content=\"https:\/\/viajandocomtoledo.com.br\/loja\/wp-content\/uploads\/2021\/03\/16.jpg\" \/>\n\t<meta property=\"og:image:width\" content=\"1000\" \/>\n\t<meta property=\"og:image:height\" content=\"1000\" \/>\n\t<meta property=\"og:image:type\" content=\"image\/jpeg\" \/>\n<meta name=\"twitter:card\" content=\"summary_large_image\" \/>\n<meta name=\"twitter:label1\" content=\"Est. tempo de leitura\" \/>\n\t<meta name=\"twitter:data1\" content=\"2 minutos\" \/>\n<script type=\"application\/ld+json\" class=\"yoast-schema-graph\">{\"@context\":\"https:\/\/schema.org\",\"@graph\":[{\"@type\":\"WebPage\",\"@id\":\"https:\/\/viajandocomtoledo.com.br\/loja\/produto\/bone-homem-do-campo-vct-marrom\/\",\"url\":\"https:\/\/viajandocomtoledo.com.br\/loja\/produto\/bone-homem-do-campo-vct-marrom\/\",\"name\":\"Bon\u00e9 Homem do Campo | Marrom - Loja Viajando com Toledo\",\"isPartOf\":{\"@id\":\"https:\/\/viajandocomtoledo.com.br\/loja\/#website\"},\"primaryImageOfPage\":{\"@id\":\"https:\/\/viajandocomtoledo.com.br\/loja\/produto\/bone-homem-do-campo-vct-marrom\/#primaryimage\"},\"image\":{\"@id\":\"https:\/\/viajandocomtoledo.com.br\/loja\/produto\/bone-homem-do-campo-vct-marrom\/#primaryimage\"},\"thumbnailUrl\":\"https:\/\/viajandocomtoledo.com.br\/loja\/wp-content\/uploads\/2021\/03\/16.jpg\",\"datePublished\":\"2023-04-18T13:47:07+00:00\",\"dateModified\":\"2026-03-24T01:26:31+00:00\",\"breadcrumb\":{\"@id\":\"https:\/\/viajandocomtoledo.com.br\/loja\/produto\/bone-homem-do-campo-vct-marrom\/#breadcrumb\"},\"inLanguage\":\"pt-BR\",\"potentialAction\":[{\"@type\":\"ReadAction\",\"target\":[\"https:\/\/viajandocomtoledo.com.br\/loja\/produto\/bone-homem-do-campo-vct-marrom\/\"]}]},{\"@type\":\"ImageObject\",\"inLanguage\":\"pt-BR\",\"@id\":\"https:\/\/viajandocomtoledo.com.br\/loja\/produto\/bone-homem-do-campo-vct-marrom\/#primaryimage\",\"url\":\"https:\/\/viajandocomtoledo.com.br\/loja\/wp-content\/uploads\/2021\/03\/16.jpg\",\"contentUrl\":\"https:\/\/viajandocomtoledo.com.br\/loja\/wp-content\/uploads\/2021\/03\/16.jpg\",\"width\":1000,\"height\":1000},{\"@type\":\"BreadcrumbList\",\"@id\":\"https:\/\/viajandocomtoledo.com.br\/loja\/produto\/bone-homem-do-campo-vct-marrom\/#breadcrumb\",\"itemListElement\":[{\"@type\":\"ListItem\",\"position\":1,\"name\":\"In\u00edcio\",\"item\":\"https:\/\/viajandocomtoledo.com.br\/loja\/\"},{\"@type\":\"ListItem\",\"position\":2,\"name\":\"Produtos\",\"item\":\"https:\/\/viajandocomtoledo.com.br\/loja\/\"},{\"@type\":\"ListItem\",\"position\":3,\"name\":\"Bon\u00e9 Homem do Campo | Marrom\"}]},{\"@type\":\"WebSite\",\"@id\":\"https:\/\/viajandocomtoledo.com.br\/loja\/#website\",\"url\":\"https:\/\/viajandocomtoledo.com.br\/loja\/\",\"name\":\"Loja Viajando com Toledo\",\"description\":\"Loja do site - Viajando com Toledo\",\"publisher\":{\"@id\":\"https:\/\/viajandocomtoledo.com.br\/loja\/#organization\"},\"potentialAction\":[{\"@type\":\"SearchAction\",\"target\":{\"@type\":\"EntryPoint\",\"urlTemplate\":\"https:\/\/viajandocomtoledo.com.br\/loja\/?s={search_term_string}\"},\"query-input\":{\"@type\":\"PropertyValueSpecification\",\"valueRequired\":true,\"valueName\":\"search_term_string\"}}],\"inLanguage\":\"pt-BR\"},{\"@type\":\"Organization\",\"@id\":\"https:\/\/viajandocomtoledo.com.br\/loja\/#organization\",\"name\":\"Loja Viajando com Toledo\",\"url\":\"https:\/\/viajandocomtoledo.com.br\/loja\/\",\"logo\":{\"@type\":\"ImageObject\",\"inLanguage\":\"pt-BR\",\"@id\":\"https:\/\/viajandocomtoledo.com.br\/loja\/#\/schema\/logo\/image\/\",\"url\":\"https:\/\/viajandocomtoledo.com.br\/loja\/wp-content\/uploads\/2021\/07\/LOGO-VCT-e1626871875731.png\",\"contentUrl\":\"https:\/\/viajandocomtoledo.com.br\/loja\/wp-content\/uploads\/2021\/07\/LOGO-VCT-e1626871875731.png\",\"width\":100,\"height\":46,\"caption\":\"Loja Viajando com Toledo\"},\"image\":{\"@id\":\"https:\/\/viajandocomtoledo.com.br\/loja\/#\/schema\/logo\/image\/\"},\"sameAs\":[\"https:\/\/web.facebook.com\/viajandocomtoledo\",\"https:\/\/www.instagram.com\/viajandocomtoledo\/\"]}]}<\/script>\n<!-- \/ Yoast SEO plugin. -->","yoast_head_json":{"title":"Bon\u00e9 Homem do Campo | Marrom - Loja Viajando com Toledo","robots":{"index":"index","follow":"follow","max-snippet":"max-snippet:-1","max-image-preview":"max-image-preview:large","max-video-preview":"max-video-preview:-1"},"canonical":"https:\/\/viajandocomtoledo.com.br\/loja\/produto\/bone-homem-do-campo-vct-marrom\/","og_locale":"pt_BR","og_type":"article","og_title":"Bon\u00e9 Homem do Campo | Marrom - Loja Viajando com Toledo","og_description":"O Bon\u00e9 Homem do Campo foi pensado nos m\u00ednimos detalhes para valorizar as tradi\u00e7\u00f5es e riquezas do nosso pa\u00eds. Com alguns dos principais componentes do campo em sua estampa e o s\u00edmbolo do Viajando com Toledo bordado ao lado, voc\u00ea n\u00e3o vai estar usando um acess\u00f3rio e sim levando uma hist\u00f3ria onde voc\u00ea for. Um Bon\u00e9 de extrema qualidade, produzido com rigoroso padr\u00e3o de excel\u00eancia e que vai te deixar ainda mais estiloso. Use Bon\u00e9 Homem do Campo e entre para essa hist\u00f3ria.  Ficha t\u00e9cnica   Estilo do Bon\u00e9: Trucker   Detalhes:\u00a0Silkados em alto relevo.  Aba:\u00a0Curva mold\u00e1vel com 6 costuras.  Fecho:\u00a0De alta resist\u00eancia e ajust\u00e1vel na parte traseira.  Tecido: 100% Poli\u00e9ster.  G\u00eanero: Unissex.  Profundidade: 16,5 cm.  Circunfer\u00eancia: 56 a 62 cm.  Um Bon\u00e9 Exclusivo e com garantia Viajando com Toledo de qualidade.  VANTAGENS E CONDI\u00c7\u00d5ES   Aceitamos pagamentos via, pix, boleto, cart\u00e3o de d\u00e9bito e cart\u00e3o de cr\u00e9dito em at\u00e9 3x sem\u00a0juros.  Compra garantida, receba o produto que est\u00e1 esperando ou devolvemos o dinheiro.  Site 100% seguro, seus dados est\u00e3o protegidos.  Atendimento humano 7 dias por semana.  Produtos 100% brasileiros.  Nossa miss\u00e3o Buscando sempre mostrar o que h\u00e1 de melhor nos produtos ou nos lugares de Minas Gerais e do Brasil, o Viajando com Toledo tem a miss\u00e3o de levar at\u00e9 voc\u00ea uma experi\u00eancia adquirida em mais de 18 anos de estrada, por onde conhecemos a cultura, o turismo, o meio ambiente e as ra\u00edzes do nosso pa\u00eds. Compre em uma loja com produtos 100% brasileiros.  LIMPANDO SEU BON\u00c9   N\u00e3o lave seu Bon\u00e9.  Utilize um pano \u00famido e sab\u00e3o neutro para limpar o Bon\u00e9.  Depois de aplicar o sab\u00e3o, passe um pano \u00famido para tirar o excesso de sab\u00e3o.  Passe um pano seco para tirar a umidade do Bon\u00e9 e para ajudar a secar.  Aguarde ele secar totalmente em uma sombra.  Seu Bon\u00e9 est\u00e1 pronto para uso.","og_url":"https:\/\/viajandocomtoledo.com.br\/loja\/produto\/bone-homem-do-campo-vct-marrom\/","og_site_name":"Loja Viajando com Toledo","article_publisher":"https:\/\/web.facebook.com\/viajandocomtoledo","article_modified_time":"2026-03-24T01:26:31+00:00","og_image":[{"width":1000,"height":1000,"url":"https:\/\/viajandocomtoledo.com.br\/loja\/wp-content\/uploads\/2021\/03\/16.jpg","type":"image\/jpeg"}],"twitter_card":"summary_large_image","twitter_misc":{"Est. tempo de leitura":"2 minutos"},"schema":{"@context":"https:\/\/schema.org","@graph":[{"@type":"WebPage","@id":"https:\/\/viajandocomtoledo.com.br\/loja\/produto\/bone-homem-do-campo-vct-marrom\/","url":"https:\/\/viajandocomtoledo.com.br\/loja\/produto\/bone-homem-do-campo-vct-marrom\/","name":"Bon\u00e9 Homem do Campo | Marrom - Loja Viajando com Toledo","isPartOf":{"@id":"https:\/\/viajandocomtoledo.com.br\/loja\/#website"},"primaryImageOfPage":{"@id":"https:\/\/viajandocomtoledo.com.br\/loja\/produto\/bone-homem-do-campo-vct-marrom\/#primaryimage"},"image":{"@id":"https:\/\/viajandocomtoledo.com.br\/loja\/produto\/bone-homem-do-campo-vct-marrom\/#primaryimage"},"thumbnailUrl":"https:\/\/viajandocomtoledo.com.br\/loja\/wp-content\/uploads\/2021\/03\/16.jpg","datePublished":"2023-04-18T13:47:07+00:00","dateModified":"2026-03-24T01:26:31+00:00","breadcrumb":{"@id":"https:\/\/viajandocomtoledo.com.br\/loja\/produto\/bone-homem-do-campo-vct-marrom\/#breadcrumb"},"inLanguage":"pt-BR","potentialAction":[{"@type":"ReadAction","target":["https:\/\/viajandocomtoledo.com.br\/loja\/produto\/bone-homem-do-campo-vct-marrom\/"]}]},{"@type":"ImageObject","inLanguage":"pt-BR","@id":"https:\/\/viajandocomtoledo.com.br\/loja\/produto\/bone-homem-do-campo-vct-marrom\/#primaryimage","url":"https:\/\/viajandocomtoledo.com.br\/loja\/wp-content\/uploads\/2021\/03\/16.jpg","contentUrl":"https:\/\/viajandocomtoledo.com.br\/loja\/wp-content\/uploads\/2021\/03\/16.jpg","width":1000,"height":1000},{"@type":"BreadcrumbList","@id":"https:\/\/viajandocomtoledo.com.br\/loja\/produto\/bone-homem-do-campo-vct-marrom\/#breadcrumb","itemListElement":[{"@type":"ListItem","position":1,"name":"In\u00edcio","item":"https:\/\/viajandocomtoledo.com.br\/loja\/"},{"@type":"ListItem","position":2,"name":"Produtos","item":"https:\/\/viajandocomtoledo.com.br\/loja\/"},{"@type":"ListItem","position":3,"name":"Bon\u00e9 Homem do Campo | Marrom"}]},{"@type":"WebSite","@id":"https:\/\/viajandocomtoledo.com.br\/loja\/#website","url":"https:\/\/viajandocomtoledo.com.br\/loja\/","name":"Loja Viajando com Toledo","description":"Loja do site - Viajando com Toledo","publisher":{"@id":"https:\/\/viajandocomtoledo.com.br\/loja\/#organization"},"potentialAction":[{"@type":"SearchAction","target":{"@type":"EntryPoint","urlTemplate":"https:\/\/viajandocomtoledo.com.br\/loja\/?s={search_term_string}"},"query-input":{"@type":"PropertyValueSpecification","valueRequired":true,"valueName":"search_term_string"}}],"inLanguage":"pt-BR"},{"@type":"Organization","@id":"https:\/\/viajandocomtoledo.com.br\/loja\/#organization","name":"Loja Viajando com Toledo","url":"https:\/\/viajandocomtoledo.com.br\/loja\/","logo":{"@type":"ImageObject","inLanguage":"pt-BR","@id":"https:\/\/viajandocomtoledo.com.br\/loja\/#\/schema\/logo\/image\/","url":"https:\/\/viajandocomtoledo.com.br\/loja\/wp-content\/uploads\/2021\/07\/LOGO-VCT-e1626871875731.png","contentUrl":"https:\/\/viajandocomtoledo.com.br\/loja\/wp-content\/uploads\/2021\/07\/LOGO-VCT-e1626871875731.png","width":100,"height":46,"caption":"Loja Viajando com Toledo"},"image":{"@id":"https:\/\/viajandocomtoledo.com.br\/loja\/#\/schema\/logo\/image\/"},"sameAs":["https:\/\/web.facebook.com\/viajandocomtoledo","https:\/\/www.instagram.com\/viajandocomtoledo\/"]}]}},"_links":{"self":[{"href":"https:\/\/viajandocomtoledo.com.br\/loja\/wp-json\/wp\/v2\/product\/56","targetHints":{"allow":["GET"]}}],"collection":[{"href":"https:\/\/viajandocomtoledo.com.br\/loja\/wp-json\/wp\/v2\/product"}],"about":[{"href":"https:\/\/viajandocomtoledo.com.br\/loja\/wp-json\/wp\/v2\/types\/product"}],"replies":[{"embeddable":true,"href":"https:\/\/viajandocomtoledo.com.br\/loja\/wp-json\/wp\/v2\/comments?post=56"}],"wp:featuredmedia":[{"embeddable":true,"href":"https:\/\/viajandocomtoledo.com.br\/loja\/wp-json\/wp\/v2\/media\/85"}],"wp:attachment":[{"href":"https:\/\/viajandocomtoledo.com.br\/loja\/wp-json\/wp\/v2\/media?parent=56"}],"wp:term":[{"taxonomy":"product_cat","embeddable":true,"href":"https:\/\/viajandocomtoledo.com.br\/loja\/wp-json\/wp\/v2\/product_cat?post=56"},{"taxonomy":"product_tag","embeddable":true,"href":"https:\/\/viajandocomtoledo.com.br\/loja\/wp-json\/wp\/v2\/product_tag?post=56"}],"curies":[{"name":"wp","href":"https:\/\/api.w.org\/{rel}","templated":true}]}}