{"id":557,"date":"2023-09-11T06:30:43","date_gmt":"2023-09-11T09:30:43","guid":{"rendered":"https:\/\/viajandocomtoledo.com.br\/loja\/?post_type=product&#038;p=557"},"modified":"2025-09-16T15:50:05","modified_gmt":"2025-09-16T18:50:05","slug":"gin-sunflower-750ml","status":"publish","type":"product","link":"https:\/\/viajandocomtoledo.com.br\/loja\/produto\/gin-sunflower-750ml\/","title":{"rendered":"Gin Sunflower 750ml"},"content":{"rendered":"","protected":false},"excerpt":{"rendered":"<p style=\"text-align: center;\"><em>O Gin Sunflower possui um sabor suave e arom\u00e1tico, p<\/em><em>erfeito para transformar o que seria um simples drink em uma experi\u00eancia indescrit\u00edvel.\u00a0<\/em><em>A bebida passa por um processo artesanal, com bot\u00e2nicos selecionados e com uma harmoniza\u00e7\u00e3o perfeita<\/em><br \/>\n<em>entre cada ingrediente. Um Gin t<\/em><em>radicionalmente mineiro,\u00a0<\/em><em>pronto para fazer parte da suas comemora\u00e7\u00f5es.<\/em><\/p>\n<h2 style=\"text-align: center;\">Caracter\u00edsticas<\/h2>\n<ul>\n<li><em><strong>Regi\u00e3o: <\/strong>Capim Branco\/MG.<\/em><\/li>\n<li><em><strong>Sabor:<\/strong> O Gin Sunflower possui um sabor suave e arom\u00e1tico.<\/em><\/li>\n<li><em><strong>N\u00e3o possui corantes<\/strong>.<\/em><\/li>\n<li><em><strong>Produ\u00e7\u00e3o:<\/strong> A bebida passa por um processo artesanal, com bot\u00e2nicos selecionados e com uma harmoniza\u00e7\u00e3o perfeita<\/em><br \/>\n<em>entre cada ingrediente.<\/em><\/li>\n<li><em><strong>Gradua\u00e7\u00e3o Alco\u00f3lica:<\/strong> 43%\/vol.<\/em><\/li>\n<li><em>Provado e aprovado por Ot\u00e1vio di Toledo.<\/em><\/li>\n<\/ul>\n<p>Aprecie com modera\u00e7\u00e3o! N\u00e3o compartilhe com menores de 18 anos.<\/p>\n<h2 style=\"text-align: center;\">Sugest\u00e3o de Consumo<\/h2>\n<p style=\"text-align: center;\">Coloque no congelador 30 minutos antes de beber. N\u00e3o congela e fica deliciosamente refrescante.<\/p>\n<h2 style=\"text-align: center;\">Sua hist\u00f3ria<\/h2>\n<p style=\"text-align: center;\">Um gin tradicionalmente mineiro, produzido cerca de 50 km de dist\u00e2ncia de Belo Horizonte, em um ambiente com estrutura \u00edmpar e uma equipe capacitada, respons\u00e1vel por todas as etapas do processo produtivo.\u00a0Todos os bot\u00e2nicos s\u00e3o selecionados e tratados cuidadosamente para que possam promover uma experi\u00eancia indescrit\u00edvel a todos os clientes.\u00a0Assim como no encontro da ninfa Cl\u00edcie com o sol, que deu origem ao girassol, no Gin Sunflower h\u00e1 o encontro de bot\u00e2nicos que, em uma perfeita harmonia, d\u00e3o origem a um sabor floral \u00fanico. Constitu\u00eddo de elementos naturais e que n\u00e3o apresenta corantes em sua composi\u00e7\u00e3o.<\/p>\n<h2 style=\"text-align: center;\">Receitas<\/h2>\n<ul>\n<li><em><strong>London Mule: <\/strong><\/em><a href=\"https:\/\/www.youtube.com\/watch?v=jFVWXRhqSHs\">https:\/\/www.youtube.com\/watch?v=jFVWXRhqSHs<\/a><\/li>\n<li><strong><em>Mojito: <\/em><\/strong><a href=\"https:\/\/www.youtube.com\/watch?v=O0cIM8qwUBk\">https:\/\/www.youtube.com\/watch?v=O0cIM8qwUBk<\/a><\/li>\n<\/ul>\n","protected":false},"featured_media":1147,"comment_status":"closed","ping_status":"closed","template":"","meta":{"_acf_changed":false,"_monsterinsights_skip_tracking":false,"_monsterinsights_sitenote_active":false,"_monsterinsights_sitenote_note":"","_monsterinsights_sitenote_category":0},"product_cat":[46,63,49],"product_tag":[],"class_list":{"0":"post-557","1":"product","2":"type-product","3":"status-publish","4":"has-post-thumbnail","6":"product_cat-bebidas","7":"product_cat-central","8":"product_cat-destaque","9":"product_shipping_class-produtos-diversos","11":"first","12":"instock","13":"taxable","14":"shipping-taxable","15":"purchasable","16":"product-type-simple"},"acf":[],"aioseo_notices":[],"yoast_head":"<!-- This site is optimized with the Yoast SEO plugin v25.8 - https:\/\/yoast.com\/wordpress\/plugins\/seo\/ -->\n<title>Gin Sunflower 750ml - Loja Viajando com Toledo<\/title>\n<meta name=\"robots\" content=\"index, follow, max-snippet:-1, max-image-preview:large, max-video-preview:-1\" \/>\n<link rel=\"canonical\" href=\"https:\/\/viajandocomtoledo.com.br\/loja\/produto\/gin-sunflower-750ml\/\" \/>\n<meta property=\"og:locale\" content=\"pt_BR\" \/>\n<meta property=\"og:type\" content=\"article\" \/>\n<meta property=\"og:title\" content=\"Gin Sunflower 750ml - Loja Viajando com Toledo\" \/>\n<meta property=\"og:description\" content=\"O Gin Sunflower possui um sabor suave e arom\u00e1tico, perfeito para transformar o que seria um simples drink em uma experi\u00eancia indescrit\u00edvel.\u00a0A bebida passa por um processo artesanal, com bot\u00e2nicos selecionados e com uma harmoniza\u00e7\u00e3o perfeita entre cada ingrediente. Um Gin tradicionalmente mineiro,\u00a0pronto para fazer parte da suas comemora\u00e7\u00f5es.  Caracter\u00edsticas   Regi\u00e3o: Capim Branco\/MG.  Sabor: O Gin Sunflower possui um sabor suave e arom\u00e1tico.  N\u00e3o possui corantes.  Produ\u00e7\u00e3o: A bebida passa por um processo artesanal, com bot\u00e2nicos selecionados e com uma harmoniza\u00e7\u00e3o perfeita entre cada ingrediente.  Gradua\u00e7\u00e3o Alco\u00f3lica: 43%\/vol.  Provado e aprovado por Ot\u00e1vio di Toledo.  Aprecie com modera\u00e7\u00e3o! N\u00e3o compartilhe com menores de 18 anos. Sugest\u00e3o de Consumo Coloque no congelador 30 minutos antes de beber. N\u00e3o congela e fica deliciosamente refrescante.  Sua hist\u00f3ria Um gin tradicionalmente mineiro, produzido cerca de 50 km de dist\u00e2ncia de Belo Horizonte, em um ambiente com estrutura \u00edmpar e uma equipe capacitada, respons\u00e1vel por todas as etapas do processo produtivo.\u00a0Todos os bot\u00e2nicos s\u00e3o selecionados e tratados cuidadosamente para que possam promover uma experi\u00eancia indescrit\u00edvel a todos os clientes.\u00a0Assim como no encontro da ninfa Cl\u00edcie com o sol, que deu origem ao girassol, no Gin Sunflower h\u00e1 o encontro de bot\u00e2nicos que, em uma perfeita harmonia, d\u00e3o origem a um sabor floral \u00fanico. Constitu\u00eddo de elementos naturais e que n\u00e3o apresenta corantes em sua composi\u00e7\u00e3o.  Receitas   London Mule: https:\/\/www.youtube.com\/watch?v=jFVWXRhqSHs  Mojito: https:\/\/www.youtube.com\/watch?v=O0cIM8qwUBk\" \/>\n<meta property=\"og:url\" content=\"https:\/\/viajandocomtoledo.com.br\/loja\/produto\/gin-sunflower-750ml\/\" \/>\n<meta property=\"og:site_name\" content=\"Loja Viajando com Toledo\" \/>\n<meta property=\"article:publisher\" content=\"https:\/\/web.facebook.com\/viajandocomtoledo\" \/>\n<meta property=\"article:modified_time\" content=\"2025-09-16T18:50:05+00:00\" \/>\n<meta property=\"og:image\" content=\"https:\/\/viajandocomtoledo.com.br\/loja\/wp-content\/uploads\/2021\/10\/IMG_0818-2-2-scaled.jpg\" \/>\n\t<meta property=\"og:image:width\" content=\"2560\" \/>\n\t<meta property=\"og:image:height\" content=\"2560\" \/>\n\t<meta property=\"og:image:type\" content=\"image\/jpeg\" \/>\n<meta name=\"twitter:card\" content=\"summary_large_image\" \/>\n<meta name=\"twitter:label1\" content=\"Est. tempo de leitura\" \/>\n\t<meta name=\"twitter:data1\" content=\"1 minuto\" \/>\n<script type=\"application\/ld+json\" class=\"yoast-schema-graph\">{\"@context\":\"https:\/\/schema.org\",\"@graph\":[{\"@type\":\"WebPage\",\"@id\":\"https:\/\/viajandocomtoledo.com.br\/loja\/produto\/gin-sunflower-750ml\/\",\"url\":\"https:\/\/viajandocomtoledo.com.br\/loja\/produto\/gin-sunflower-750ml\/\",\"name\":\"Gin Sunflower 750ml - Loja Viajando com Toledo\",\"isPartOf\":{\"@id\":\"https:\/\/viajandocomtoledo.com.br\/loja\/#website\"},\"primaryImageOfPage\":{\"@id\":\"https:\/\/viajandocomtoledo.com.br\/loja\/produto\/gin-sunflower-750ml\/#primaryimage\"},\"image\":{\"@id\":\"https:\/\/viajandocomtoledo.com.br\/loja\/produto\/gin-sunflower-750ml\/#primaryimage\"},\"thumbnailUrl\":\"https:\/\/viajandocomtoledo.com.br\/loja\/wp-content\/uploads\/2021\/10\/IMG_0818-2-2-scaled.jpg\",\"datePublished\":\"2023-09-11T09:30:43+00:00\",\"dateModified\":\"2025-09-16T18:50:05+00:00\",\"breadcrumb\":{\"@id\":\"https:\/\/viajandocomtoledo.com.br\/loja\/produto\/gin-sunflower-750ml\/#breadcrumb\"},\"inLanguage\":\"pt-BR\",\"potentialAction\":[{\"@type\":\"ReadAction\",\"target\":[\"https:\/\/viajandocomtoledo.com.br\/loja\/produto\/gin-sunflower-750ml\/\"]}]},{\"@type\":\"ImageObject\",\"inLanguage\":\"pt-BR\",\"@id\":\"https:\/\/viajandocomtoledo.com.br\/loja\/produto\/gin-sunflower-750ml\/#primaryimage\",\"url\":\"https:\/\/viajandocomtoledo.com.br\/loja\/wp-content\/uploads\/2021\/10\/IMG_0818-2-2-scaled.jpg\",\"contentUrl\":\"https:\/\/viajandocomtoledo.com.br\/loja\/wp-content\/uploads\/2021\/10\/IMG_0818-2-2-scaled.jpg\",\"width\":2560,\"height\":2560},{\"@type\":\"BreadcrumbList\",\"@id\":\"https:\/\/viajandocomtoledo.com.br\/loja\/produto\/gin-sunflower-750ml\/#breadcrumb\",\"itemListElement\":[{\"@type\":\"ListItem\",\"position\":1,\"name\":\"In\u00edcio\",\"item\":\"https:\/\/viajandocomtoledo.com.br\/loja\/\"},{\"@type\":\"ListItem\",\"position\":2,\"name\":\"Produtos\",\"item\":\"https:\/\/viajandocomtoledo.com.br\/loja\/\"},{\"@type\":\"ListItem\",\"position\":3,\"name\":\"Gin Sunflower 750ml\"}]},{\"@type\":\"WebSite\",\"@id\":\"https:\/\/viajandocomtoledo.com.br\/loja\/#website\",\"url\":\"https:\/\/viajandocomtoledo.com.br\/loja\/\",\"name\":\"Loja Viajando com Toledo\",\"description\":\"Loja do site - Viajando com Toledo\",\"publisher\":{\"@id\":\"https:\/\/viajandocomtoledo.com.br\/loja\/#organization\"},\"potentialAction\":[{\"@type\":\"SearchAction\",\"target\":{\"@type\":\"EntryPoint\",\"urlTemplate\":\"https:\/\/viajandocomtoledo.com.br\/loja\/?s={search_term_string}\"},\"query-input\":{\"@type\":\"PropertyValueSpecification\",\"valueRequired\":true,\"valueName\":\"search_term_string\"}}],\"inLanguage\":\"pt-BR\"},{\"@type\":\"Organization\",\"@id\":\"https:\/\/viajandocomtoledo.com.br\/loja\/#organization\",\"name\":\"Loja Viajando com Toledo\",\"url\":\"https:\/\/viajandocomtoledo.com.br\/loja\/\",\"logo\":{\"@type\":\"ImageObject\",\"inLanguage\":\"pt-BR\",\"@id\":\"https:\/\/viajandocomtoledo.com.br\/loja\/#\/schema\/logo\/image\/\",\"url\":\"https:\/\/viajandocomtoledo.com.br\/loja\/wp-content\/uploads\/2021\/07\/LOGO-VCT-e1626871875731.png\",\"contentUrl\":\"https:\/\/viajandocomtoledo.com.br\/loja\/wp-content\/uploads\/2021\/07\/LOGO-VCT-e1626871875731.png\",\"width\":100,\"height\":46,\"caption\":\"Loja Viajando com Toledo\"},\"image\":{\"@id\":\"https:\/\/viajandocomtoledo.com.br\/loja\/#\/schema\/logo\/image\/\"},\"sameAs\":[\"https:\/\/web.facebook.com\/viajandocomtoledo\",\"https:\/\/www.instagram.com\/viajandocomtoledo\/\"]}]}<\/script>\n<!-- \/ Yoast SEO plugin. -->","yoast_head_json":{"title":"Gin Sunflower 750ml - Loja Viajando com Toledo","robots":{"index":"index","follow":"follow","max-snippet":"max-snippet:-1","max-image-preview":"max-image-preview:large","max-video-preview":"max-video-preview:-1"},"canonical":"https:\/\/viajandocomtoledo.com.br\/loja\/produto\/gin-sunflower-750ml\/","og_locale":"pt_BR","og_type":"article","og_title":"Gin Sunflower 750ml - Loja Viajando com Toledo","og_description":"O Gin Sunflower possui um sabor suave e arom\u00e1tico, perfeito para transformar o que seria um simples drink em uma experi\u00eancia indescrit\u00edvel.\u00a0A bebida passa por um processo artesanal, com bot\u00e2nicos selecionados e com uma harmoniza\u00e7\u00e3o perfeita entre cada ingrediente. Um Gin tradicionalmente mineiro,\u00a0pronto para fazer parte da suas comemora\u00e7\u00f5es.  Caracter\u00edsticas   Regi\u00e3o: Capim Branco\/MG.  Sabor: O Gin Sunflower possui um sabor suave e arom\u00e1tico.  N\u00e3o possui corantes.  Produ\u00e7\u00e3o: A bebida passa por um processo artesanal, com bot\u00e2nicos selecionados e com uma harmoniza\u00e7\u00e3o perfeita entre cada ingrediente.  Gradua\u00e7\u00e3o Alco\u00f3lica: 43%\/vol.  Provado e aprovado por Ot\u00e1vio di Toledo.  Aprecie com modera\u00e7\u00e3o! N\u00e3o compartilhe com menores de 18 anos. Sugest\u00e3o de Consumo Coloque no congelador 30 minutos antes de beber. N\u00e3o congela e fica deliciosamente refrescante.  Sua hist\u00f3ria Um gin tradicionalmente mineiro, produzido cerca de 50 km de dist\u00e2ncia de Belo Horizonte, em um ambiente com estrutura \u00edmpar e uma equipe capacitada, respons\u00e1vel por todas as etapas do processo produtivo.\u00a0Todos os bot\u00e2nicos s\u00e3o selecionados e tratados cuidadosamente para que possam promover uma experi\u00eancia indescrit\u00edvel a todos os clientes.\u00a0Assim como no encontro da ninfa Cl\u00edcie com o sol, que deu origem ao girassol, no Gin Sunflower h\u00e1 o encontro de bot\u00e2nicos que, em uma perfeita harmonia, d\u00e3o origem a um sabor floral \u00fanico. Constitu\u00eddo de elementos naturais e que n\u00e3o apresenta corantes em sua composi\u00e7\u00e3o.  Receitas   London Mule: https:\/\/www.youtube.com\/watch?v=jFVWXRhqSHs  Mojito: https:\/\/www.youtube.com\/watch?v=O0cIM8qwUBk","og_url":"https:\/\/viajandocomtoledo.com.br\/loja\/produto\/gin-sunflower-750ml\/","og_site_name":"Loja Viajando com Toledo","article_publisher":"https:\/\/web.facebook.com\/viajandocomtoledo","article_modified_time":"2025-09-16T18:50:05+00:00","og_image":[{"width":2560,"height":2560,"url":"https:\/\/viajandocomtoledo.com.br\/loja\/wp-content\/uploads\/2021\/10\/IMG_0818-2-2-scaled.jpg","type":"image\/jpeg"}],"twitter_card":"summary_large_image","twitter_misc":{"Est. tempo de leitura":"1 minuto"},"schema":{"@context":"https:\/\/schema.org","@graph":[{"@type":"WebPage","@id":"https:\/\/viajandocomtoledo.com.br\/loja\/produto\/gin-sunflower-750ml\/","url":"https:\/\/viajandocomtoledo.com.br\/loja\/produto\/gin-sunflower-750ml\/","name":"Gin Sunflower 750ml - Loja Viajando com Toledo","isPartOf":{"@id":"https:\/\/viajandocomtoledo.com.br\/loja\/#website"},"primaryImageOfPage":{"@id":"https:\/\/viajandocomtoledo.com.br\/loja\/produto\/gin-sunflower-750ml\/#primaryimage"},"image":{"@id":"https:\/\/viajandocomtoledo.com.br\/loja\/produto\/gin-sunflower-750ml\/#primaryimage"},"thumbnailUrl":"https:\/\/viajandocomtoledo.com.br\/loja\/wp-content\/uploads\/2021\/10\/IMG_0818-2-2-scaled.jpg","datePublished":"2023-09-11T09:30:43+00:00","dateModified":"2025-09-16T18:50:05+00:00","breadcrumb":{"@id":"https:\/\/viajandocomtoledo.com.br\/loja\/produto\/gin-sunflower-750ml\/#breadcrumb"},"inLanguage":"pt-BR","potentialAction":[{"@type":"ReadAction","target":["https:\/\/viajandocomtoledo.com.br\/loja\/produto\/gin-sunflower-750ml\/"]}]},{"@type":"ImageObject","inLanguage":"pt-BR","@id":"https:\/\/viajandocomtoledo.com.br\/loja\/produto\/gin-sunflower-750ml\/#primaryimage","url":"https:\/\/viajandocomtoledo.com.br\/loja\/wp-content\/uploads\/2021\/10\/IMG_0818-2-2-scaled.jpg","contentUrl":"https:\/\/viajandocomtoledo.com.br\/loja\/wp-content\/uploads\/2021\/10\/IMG_0818-2-2-scaled.jpg","width":2560,"height":2560},{"@type":"BreadcrumbList","@id":"https:\/\/viajandocomtoledo.com.br\/loja\/produto\/gin-sunflower-750ml\/#breadcrumb","itemListElement":[{"@type":"ListItem","position":1,"name":"In\u00edcio","item":"https:\/\/viajandocomtoledo.com.br\/loja\/"},{"@type":"ListItem","position":2,"name":"Produtos","item":"https:\/\/viajandocomtoledo.com.br\/loja\/"},{"@type":"ListItem","position":3,"name":"Gin Sunflower 750ml"}]},{"@type":"WebSite","@id":"https:\/\/viajandocomtoledo.com.br\/loja\/#website","url":"https:\/\/viajandocomtoledo.com.br\/loja\/","name":"Loja Viajando com Toledo","description":"Loja do site - Viajando com Toledo","publisher":{"@id":"https:\/\/viajandocomtoledo.com.br\/loja\/#organization"},"potentialAction":[{"@type":"SearchAction","target":{"@type":"EntryPoint","urlTemplate":"https:\/\/viajandocomtoledo.com.br\/loja\/?s={search_term_string}"},"query-input":{"@type":"PropertyValueSpecification","valueRequired":true,"valueName":"search_term_string"}}],"inLanguage":"pt-BR"},{"@type":"Organization","@id":"https:\/\/viajandocomtoledo.com.br\/loja\/#organization","name":"Loja Viajando com Toledo","url":"https:\/\/viajandocomtoledo.com.br\/loja\/","logo":{"@type":"ImageObject","inLanguage":"pt-BR","@id":"https:\/\/viajandocomtoledo.com.br\/loja\/#\/schema\/logo\/image\/","url":"https:\/\/viajandocomtoledo.com.br\/loja\/wp-content\/uploads\/2021\/07\/LOGO-VCT-e1626871875731.png","contentUrl":"https:\/\/viajandocomtoledo.com.br\/loja\/wp-content\/uploads\/2021\/07\/LOGO-VCT-e1626871875731.png","width":100,"height":46,"caption":"Loja Viajando com Toledo"},"image":{"@id":"https:\/\/viajandocomtoledo.com.br\/loja\/#\/schema\/logo\/image\/"},"sameAs":["https:\/\/web.facebook.com\/viajandocomtoledo","https:\/\/www.instagram.com\/viajandocomtoledo\/"]}]}},"_links":{"self":[{"href":"https:\/\/viajandocomtoledo.com.br\/loja\/wp-json\/wp\/v2\/product\/557","targetHints":{"allow":["GET"]}}],"collection":[{"href":"https:\/\/viajandocomtoledo.com.br\/loja\/wp-json\/wp\/v2\/product"}],"about":[{"href":"https:\/\/viajandocomtoledo.com.br\/loja\/wp-json\/wp\/v2\/types\/product"}],"replies":[{"embeddable":true,"href":"https:\/\/viajandocomtoledo.com.br\/loja\/wp-json\/wp\/v2\/comments?post=557"}],"wp:featuredmedia":[{"embeddable":true,"href":"https:\/\/viajandocomtoledo.com.br\/loja\/wp-json\/wp\/v2\/media\/1147"}],"wp:attachment":[{"href":"https:\/\/viajandocomtoledo.com.br\/loja\/wp-json\/wp\/v2\/media?parent=557"}],"wp:term":[{"taxonomy":"product_cat","embeddable":true,"href":"https:\/\/viajandocomtoledo.com.br\/loja\/wp-json\/wp\/v2\/product_cat?post=557"},{"taxonomy":"product_tag","embeddable":true,"href":"https:\/\/viajandocomtoledo.com.br\/loja\/wp-json\/wp\/v2\/product_tag?post=557"}],"curies":[{"name":"wp","href":"https:\/\/api.w.org\/{rel}","templated":true}]}}