{"id":3691,"date":"2022-11-22T16:30:49","date_gmt":"2022-11-22T19:30:49","guid":{"rendered":"https:\/\/viajandocomtoledo.com.br\/loja\/?post_type=product&#038;p=3691"},"modified":"2026-02-27T20:19:10","modified_gmt":"2026-02-27T23:19:10","slug":"doce-de-leite-com-coco-queimado-viajando-com-toledo-700g","status":"publish","type":"product","link":"https:\/\/viajandocomtoledo.com.br\/loja\/produto\/doce-de-leite-com-coco-queimado-viajando-com-toledo-700g\/","title":{"rendered":"Doce de leite com Coco Queimado Viajando com Toledo 700g"},"content":{"rendered":"<p style=\"text-align: center;\" data-start=\"228\" data-end=\"658\">Diretamente da tradicional Fazenda C\u00f3rrego Alto, em Dores de Guanh\u00e3es, Minas Gerais, o Doce de Leite com Coco Queimado \u00e9 uma obra artesanal de sabor e mem\u00f3ria. Ele combina o doce de leite cremoso, feito com leite fresco e a\u00e7\u00facar, cozido lentamente em fogo baixo at\u00e9 atingir textura aveludada, com o coco fresco queimado no ponto certo, que oferece notas caramelizadas intensas. O coco queimado adiciona uma croc\u00e2ncia suave e um aroma tostado irresist\u00edvel, que contrasta harmoniosamente com o doce e a suavidade do leite. \u00c9 o tipo de doce que aquece, lembra inf\u00e2ncia, traz aquele sabor de ro\u00e7a, sem deixar de ser sofisticado. Embalado em vidro, preserva todo o frescor e o charme\u00a0 r\u00fastico do produto, tornando cada pote uma experi\u00eancia sensorial completa.<\/p>\n<h2 style=\"text-align: center;\">CARACTER\u00cdSTICAS<\/h2>\n<ul>\n<li><strong><em>Regi\u00e3o:\u00a0<\/em><\/strong><em>Dores de Guanh\u00e3es \/ Minas Gerais.<\/em><\/li>\n<li><strong><em>Tradi\u00e7\u00e3o:\u00a0<\/em><\/strong><em>Doce de leite feito artesanalmente.<\/em><\/li>\n<li><strong><em>Material da embalagem:\u00a0<\/em><\/strong><em>Vidro.<\/em><\/li>\n<li><em>Provada e aprovada por Ot\u00e1vio di Toledo.<\/em><\/li>\n<\/ul>\n<h2 style=\"text-align: center;\">Conserva\u00e7\u00e3o<\/h2>\n<p style=\"text-align: center;\">Ap\u00f3s aberto manter refrigerado e consumir em at\u00e9 7 dias.<\/p>\n<h2 style=\"text-align: center;\">TABELA NUTRICIONAL 1 POR\u00c7\u00c3O<\/h2>\n<ul>\n<li>Valor energ\u00e9tico 62 kcal<\/li>\n<li>Carboidratos (g) 9,2<\/li>\n<li>A\u00e7\u00facares totais (g) 8,7<\/li>\n<li>A\u00e7\u00facares adicionados (g) 6,5<\/li>\n<li>Prote\u00ednas (g) 1,7g<\/li>\n<li>Gorduras totais (g) 1,8<\/li>\n<li>Gorduras saturadas (g) 1,1<\/li>\n<li>Gorduras saturadas (g) 0<\/li>\n<li>Fibra alimentares (g) 0<\/li>\n<li>S\u00f3dio (mg) 32<\/li>\n<\/ul>\n<h2 style=\"text-align: center;\">NOSSA MISS\u00c3O<\/h2>\n<p style=\"text-align: center;\">Buscando sempre mostrar o que h\u00e1 de melhor nos produtos ou nos lugares de Minas Gerais e do Brasil, o Viajando com Toledo tem a miss\u00e3o de levar at\u00e9 voc\u00ea uma experi\u00eancia adquirida em mais de 22 anos de estrada, por onde conhecemos a cultura, o turismo, o meio ambiente e as ra\u00edzes do nosso pa\u00eds. Compre em uma loja com produtos 100% mineiros.<\/p>\n","protected":false},"excerpt":{"rendered":"<p style=\"text-align: center;\" data-start=\"228\" data-end=\"658\">Diretamente da tradicional Fazenda C\u00f3rrego Alto, em Dores de Guanh\u00e3es, Minas Gerais, o Doce de Leite com Coco Queimado \u00e9 uma obra artesanal de sabor e mem\u00f3ria. Ele combina o doce de leite cremoso, feito com leite fresco e a\u00e7\u00facar, cozido lentamente em fogo baixo at\u00e9 atingir textura aveludada, com o coco fresco queimado no ponto certo, que oferece notas caramelizadas intensas. O coco queimado adiciona uma croc\u00e2ncia suave e um aroma tostado irresist\u00edvel, que contrasta harmoniosamente com o doce e a suavidade do leite. \u00c9 o tipo de doce que aquece, lembra inf\u00e2ncia, traz aquele sabor de ro\u00e7a, sem deixar de ser sofisticado. Embalado em vidro, preserva todo o frescor e o charme\u00a0 r\u00fastico do produto, tornando cada pote uma experi\u00eancia sensorial completa.<\/p>\n<h2 style=\"text-align: center;\">CARACTER\u00cdSTICAS<\/h2>\n<ul>\n<li><strong><em>Regi\u00e3o:\u00a0<\/em><\/strong><em>Dores de Guanh\u00e3es \/ Minas Gerais.<\/em><\/li>\n<li><strong><em>Tradi\u00e7\u00e3o:\u00a0<\/em><\/strong><em>Doce de leite feito artesanalmente.<\/em><\/li>\n<li><strong><em>Material da embalagem:\u00a0<\/em><\/strong><em>Vidro.<\/em><\/li>\n<li><em>Provada e aprovada por Ot\u00e1vio di Toledo.<\/em><\/li>\n<\/ul>\n<h2 style=\"text-align: center;\">Conserva\u00e7\u00e3o<\/h2>\n<p style=\"text-align: center;\">Ap\u00f3s aberto manter refrigerado e consumir em at\u00e9 7 dias.<\/p>\n<h2 style=\"text-align: center;\">TABELA NUTRICIONAL 1 POR\u00c7\u00c3O<\/h2>\n<ul>\n<li>Valor energ\u00e9tico 62 kcal<\/li>\n<li>Carboidratos (g) 9,2<\/li>\n<li>A\u00e7\u00facares totais (g) 8,7<\/li>\n<li>A\u00e7\u00facares adicionados (g) 6,5<\/li>\n<li>Prote\u00ednas (g) 1,7g<\/li>\n<li>Gorduras totais (g) 1,8<\/li>\n<li>Gorduras saturadas (g) 1,1<\/li>\n<li>Gorduras saturadas (g) 0<\/li>\n<li>Fibra alimentares (g) 0<\/li>\n<li>S\u00f3dio (mg) 32<\/li>\n<\/ul>\n<h2 style=\"text-align: center;\">NOSSA MISS\u00c3O<\/h2>\n<p style=\"text-align: center;\">Buscando sempre mostrar o que h\u00e1 de melhor nos produtos ou nos lugares de Minas Gerais e do Brasil, o Viajando com Toledo tem a miss\u00e3o de levar at\u00e9 voc\u00ea uma experi\u00eancia adquirida em mais de 22 anos de estrada, por onde conhecemos a cultura, o turismo, o meio ambiente e as ra\u00edzes do nosso pa\u00eds. Compre em uma loja com produtos 100% mineiros.<\/p>\n","protected":false},"featured_media":3738,"comment_status":"closed","ping_status":"closed","template":"","meta":{"_acf_changed":false,"_monsterinsights_skip_tracking":false,"_monsterinsights_sitenote_active":false,"_monsterinsights_sitenote_note":"","_monsterinsights_sitenote_category":0},"product_cat":[53,67],"product_tag":[],"class_list":{"0":"post-3691","1":"product","2":"type-product","3":"status-publish","4":"has-post-thumbnail","6":"product_cat-doces","7":"product_cat-rio-doce","8":"product_shipping_class-produtos-diversos","10":"first","11":"instock","12":"taxable","13":"shipping-taxable","14":"purchasable","15":"product-type-simple"},"acf":[],"aioseo_notices":[],"yoast_head":"<!-- This site is optimized with the Yoast SEO plugin v25.8 - https:\/\/yoast.com\/wordpress\/plugins\/seo\/ -->\n<title>Doce de leite com Coco Queimado Viajando com Toledo 700g - Loja Viajando com Toledo<\/title>\n<meta name=\"description\" content=\"Doce de Leite Tradicional - Exclusivo em nossa Loja - Envio imediato - Parcele em at\u00e9 3x sem juros\" \/>\n<meta name=\"robots\" content=\"index, follow, max-snippet:-1, max-image-preview:large, max-video-preview:-1\" \/>\n<link rel=\"canonical\" href=\"https:\/\/viajandocomtoledo.com.br\/loja\/produto\/doce-de-leite-com-coco-queimado-viajando-com-toledo-700g\/\" \/>\n<meta property=\"og:locale\" content=\"pt_BR\" \/>\n<meta property=\"og:type\" content=\"article\" \/>\n<meta property=\"og:title\" content=\"Doce de leite com Coco Queimado Viajando com Toledo 700g - Loja Viajando com Toledo\" \/>\n<meta property=\"og:description\" content=\"Doce de Leite Tradicional - Exclusivo em nossa Loja - Envio imediato - Parcele em at\u00e9 3x sem juros\" \/>\n<meta property=\"og:url\" content=\"https:\/\/viajandocomtoledo.com.br\/loja\/produto\/doce-de-leite-com-coco-queimado-viajando-com-toledo-700g\/\" \/>\n<meta property=\"og:site_name\" content=\"Loja Viajando com Toledo\" \/>\n<meta property=\"article:publisher\" content=\"https:\/\/web.facebook.com\/viajandocomtoledo\" \/>\n<meta property=\"article:modified_time\" content=\"2026-02-27T23:19:10+00:00\" \/>\n<meta property=\"og:image\" content=\"https:\/\/viajandocomtoledo.com.br\/loja\/wp-content\/uploads\/2022\/11\/3-2.png\" \/>\n\t<meta property=\"og:image:width\" content=\"1080\" \/>\n\t<meta property=\"og:image:height\" content=\"1080\" \/>\n\t<meta property=\"og:image:type\" content=\"image\/png\" \/>\n<meta name=\"twitter:card\" content=\"summary_large_image\" \/>\n<meta name=\"twitter:label1\" content=\"Est. tempo de leitura\" \/>\n\t<meta name=\"twitter:data1\" content=\"2 minutos\" \/>\n<script type=\"application\/ld+json\" class=\"yoast-schema-graph\">{\"@context\":\"https:\/\/schema.org\",\"@graph\":[{\"@type\":\"WebPage\",\"@id\":\"https:\/\/viajandocomtoledo.com.br\/loja\/produto\/doce-de-leite-com-coco-queimado-viajando-com-toledo-700g\/\",\"url\":\"https:\/\/viajandocomtoledo.com.br\/loja\/produto\/doce-de-leite-com-coco-queimado-viajando-com-toledo-700g\/\",\"name\":\"Doce de leite com Coco Queimado Viajando com Toledo 700g - Loja Viajando com Toledo\",\"isPartOf\":{\"@id\":\"https:\/\/viajandocomtoledo.com.br\/loja\/#website\"},\"primaryImageOfPage\":{\"@id\":\"https:\/\/viajandocomtoledo.com.br\/loja\/produto\/doce-de-leite-com-coco-queimado-viajando-com-toledo-700g\/#primaryimage\"},\"image\":{\"@id\":\"https:\/\/viajandocomtoledo.com.br\/loja\/produto\/doce-de-leite-com-coco-queimado-viajando-com-toledo-700g\/#primaryimage\"},\"thumbnailUrl\":\"https:\/\/viajandocomtoledo.com.br\/loja\/wp-content\/uploads\/2022\/11\/3-2.png\",\"datePublished\":\"2022-11-22T19:30:49+00:00\",\"dateModified\":\"2026-02-27T23:19:10+00:00\",\"description\":\"Doce de Leite Tradicional - Exclusivo em nossa Loja - Envio imediato - Parcele em at\u00e9 3x sem juros\",\"breadcrumb\":{\"@id\":\"https:\/\/viajandocomtoledo.com.br\/loja\/produto\/doce-de-leite-com-coco-queimado-viajando-com-toledo-700g\/#breadcrumb\"},\"inLanguage\":\"pt-BR\",\"potentialAction\":[{\"@type\":\"ReadAction\",\"target\":[\"https:\/\/viajandocomtoledo.com.br\/loja\/produto\/doce-de-leite-com-coco-queimado-viajando-com-toledo-700g\/\"]}]},{\"@type\":\"ImageObject\",\"inLanguage\":\"pt-BR\",\"@id\":\"https:\/\/viajandocomtoledo.com.br\/loja\/produto\/doce-de-leite-com-coco-queimado-viajando-com-toledo-700g\/#primaryimage\",\"url\":\"https:\/\/viajandocomtoledo.com.br\/loja\/wp-content\/uploads\/2022\/11\/3-2.png\",\"contentUrl\":\"https:\/\/viajandocomtoledo.com.br\/loja\/wp-content\/uploads\/2022\/11\/3-2.png\",\"width\":1080,\"height\":1080},{\"@type\":\"BreadcrumbList\",\"@id\":\"https:\/\/viajandocomtoledo.com.br\/loja\/produto\/doce-de-leite-com-coco-queimado-viajando-com-toledo-700g\/#breadcrumb\",\"itemListElement\":[{\"@type\":\"ListItem\",\"position\":1,\"name\":\"In\u00edcio\",\"item\":\"https:\/\/viajandocomtoledo.com.br\/loja\/\"},{\"@type\":\"ListItem\",\"position\":2,\"name\":\"Produtos\",\"item\":\"https:\/\/viajandocomtoledo.com.br\/loja\/\"},{\"@type\":\"ListItem\",\"position\":3,\"name\":\"Doce de leite com Coco Queimado Viajando com Toledo 700g\"}]},{\"@type\":\"WebSite\",\"@id\":\"https:\/\/viajandocomtoledo.com.br\/loja\/#website\",\"url\":\"https:\/\/viajandocomtoledo.com.br\/loja\/\",\"name\":\"Loja Viajando com Toledo\",\"description\":\"Loja do site - Viajando com Toledo\",\"publisher\":{\"@id\":\"https:\/\/viajandocomtoledo.com.br\/loja\/#organization\"},\"potentialAction\":[{\"@type\":\"SearchAction\",\"target\":{\"@type\":\"EntryPoint\",\"urlTemplate\":\"https:\/\/viajandocomtoledo.com.br\/loja\/?s={search_term_string}\"},\"query-input\":{\"@type\":\"PropertyValueSpecification\",\"valueRequired\":true,\"valueName\":\"search_term_string\"}}],\"inLanguage\":\"pt-BR\"},{\"@type\":\"Organization\",\"@id\":\"https:\/\/viajandocomtoledo.com.br\/loja\/#organization\",\"name\":\"Loja Viajando com Toledo\",\"url\":\"https:\/\/viajandocomtoledo.com.br\/loja\/\",\"logo\":{\"@type\":\"ImageObject\",\"inLanguage\":\"pt-BR\",\"@id\":\"https:\/\/viajandocomtoledo.com.br\/loja\/#\/schema\/logo\/image\/\",\"url\":\"https:\/\/viajandocomtoledo.com.br\/loja\/wp-content\/uploads\/2021\/07\/LOGO-VCT-e1626871875731.png\",\"contentUrl\":\"https:\/\/viajandocomtoledo.com.br\/loja\/wp-content\/uploads\/2021\/07\/LOGO-VCT-e1626871875731.png\",\"width\":100,\"height\":46,\"caption\":\"Loja Viajando com Toledo\"},\"image\":{\"@id\":\"https:\/\/viajandocomtoledo.com.br\/loja\/#\/schema\/logo\/image\/\"},\"sameAs\":[\"https:\/\/web.facebook.com\/viajandocomtoledo\",\"https:\/\/www.instagram.com\/viajandocomtoledo\/\"]}]}<\/script>\n<!-- \/ Yoast SEO plugin. -->","yoast_head_json":{"title":"Doce de leite com Coco Queimado Viajando com Toledo 700g - Loja Viajando com Toledo","description":"Doce de Leite Tradicional - Exclusivo em nossa Loja - Envio imediato - Parcele em at\u00e9 3x sem juros","robots":{"index":"index","follow":"follow","max-snippet":"max-snippet:-1","max-image-preview":"max-image-preview:large","max-video-preview":"max-video-preview:-1"},"canonical":"https:\/\/viajandocomtoledo.com.br\/loja\/produto\/doce-de-leite-com-coco-queimado-viajando-com-toledo-700g\/","og_locale":"pt_BR","og_type":"article","og_title":"Doce de leite com Coco Queimado Viajando com Toledo 700g - Loja Viajando com Toledo","og_description":"Doce de Leite Tradicional - Exclusivo em nossa Loja - Envio imediato - Parcele em at\u00e9 3x sem juros","og_url":"https:\/\/viajandocomtoledo.com.br\/loja\/produto\/doce-de-leite-com-coco-queimado-viajando-com-toledo-700g\/","og_site_name":"Loja Viajando com Toledo","article_publisher":"https:\/\/web.facebook.com\/viajandocomtoledo","article_modified_time":"2026-02-27T23:19:10+00:00","og_image":[{"width":1080,"height":1080,"url":"https:\/\/viajandocomtoledo.com.br\/loja\/wp-content\/uploads\/2022\/11\/3-2.png","type":"image\/png"}],"twitter_card":"summary_large_image","twitter_misc":{"Est. tempo de leitura":"2 minutos"},"schema":{"@context":"https:\/\/schema.org","@graph":[{"@type":"WebPage","@id":"https:\/\/viajandocomtoledo.com.br\/loja\/produto\/doce-de-leite-com-coco-queimado-viajando-com-toledo-700g\/","url":"https:\/\/viajandocomtoledo.com.br\/loja\/produto\/doce-de-leite-com-coco-queimado-viajando-com-toledo-700g\/","name":"Doce de leite com Coco Queimado Viajando com Toledo 700g - Loja Viajando com Toledo","isPartOf":{"@id":"https:\/\/viajandocomtoledo.com.br\/loja\/#website"},"primaryImageOfPage":{"@id":"https:\/\/viajandocomtoledo.com.br\/loja\/produto\/doce-de-leite-com-coco-queimado-viajando-com-toledo-700g\/#primaryimage"},"image":{"@id":"https:\/\/viajandocomtoledo.com.br\/loja\/produto\/doce-de-leite-com-coco-queimado-viajando-com-toledo-700g\/#primaryimage"},"thumbnailUrl":"https:\/\/viajandocomtoledo.com.br\/loja\/wp-content\/uploads\/2022\/11\/3-2.png","datePublished":"2022-11-22T19:30:49+00:00","dateModified":"2026-02-27T23:19:10+00:00","description":"Doce de Leite Tradicional - Exclusivo em nossa Loja - Envio imediato - Parcele em at\u00e9 3x sem juros","breadcrumb":{"@id":"https:\/\/viajandocomtoledo.com.br\/loja\/produto\/doce-de-leite-com-coco-queimado-viajando-com-toledo-700g\/#breadcrumb"},"inLanguage":"pt-BR","potentialAction":[{"@type":"ReadAction","target":["https:\/\/viajandocomtoledo.com.br\/loja\/produto\/doce-de-leite-com-coco-queimado-viajando-com-toledo-700g\/"]}]},{"@type":"ImageObject","inLanguage":"pt-BR","@id":"https:\/\/viajandocomtoledo.com.br\/loja\/produto\/doce-de-leite-com-coco-queimado-viajando-com-toledo-700g\/#primaryimage","url":"https:\/\/viajandocomtoledo.com.br\/loja\/wp-content\/uploads\/2022\/11\/3-2.png","contentUrl":"https:\/\/viajandocomtoledo.com.br\/loja\/wp-content\/uploads\/2022\/11\/3-2.png","width":1080,"height":1080},{"@type":"BreadcrumbList","@id":"https:\/\/viajandocomtoledo.com.br\/loja\/produto\/doce-de-leite-com-coco-queimado-viajando-com-toledo-700g\/#breadcrumb","itemListElement":[{"@type":"ListItem","position":1,"name":"In\u00edcio","item":"https:\/\/viajandocomtoledo.com.br\/loja\/"},{"@type":"ListItem","position":2,"name":"Produtos","item":"https:\/\/viajandocomtoledo.com.br\/loja\/"},{"@type":"ListItem","position":3,"name":"Doce de leite com Coco Queimado Viajando com Toledo 700g"}]},{"@type":"WebSite","@id":"https:\/\/viajandocomtoledo.com.br\/loja\/#website","url":"https:\/\/viajandocomtoledo.com.br\/loja\/","name":"Loja Viajando com Toledo","description":"Loja do site - Viajando com Toledo","publisher":{"@id":"https:\/\/viajandocomtoledo.com.br\/loja\/#organization"},"potentialAction":[{"@type":"SearchAction","target":{"@type":"EntryPoint","urlTemplate":"https:\/\/viajandocomtoledo.com.br\/loja\/?s={search_term_string}"},"query-input":{"@type":"PropertyValueSpecification","valueRequired":true,"valueName":"search_term_string"}}],"inLanguage":"pt-BR"},{"@type":"Organization","@id":"https:\/\/viajandocomtoledo.com.br\/loja\/#organization","name":"Loja Viajando com Toledo","url":"https:\/\/viajandocomtoledo.com.br\/loja\/","logo":{"@type":"ImageObject","inLanguage":"pt-BR","@id":"https:\/\/viajandocomtoledo.com.br\/loja\/#\/schema\/logo\/image\/","url":"https:\/\/viajandocomtoledo.com.br\/loja\/wp-content\/uploads\/2021\/07\/LOGO-VCT-e1626871875731.png","contentUrl":"https:\/\/viajandocomtoledo.com.br\/loja\/wp-content\/uploads\/2021\/07\/LOGO-VCT-e1626871875731.png","width":100,"height":46,"caption":"Loja Viajando com Toledo"},"image":{"@id":"https:\/\/viajandocomtoledo.com.br\/loja\/#\/schema\/logo\/image\/"},"sameAs":["https:\/\/web.facebook.com\/viajandocomtoledo","https:\/\/www.instagram.com\/viajandocomtoledo\/"]}]}},"_links":{"self":[{"href":"https:\/\/viajandocomtoledo.com.br\/loja\/wp-json\/wp\/v2\/product\/3691","targetHints":{"allow":["GET"]}}],"collection":[{"href":"https:\/\/viajandocomtoledo.com.br\/loja\/wp-json\/wp\/v2\/product"}],"about":[{"href":"https:\/\/viajandocomtoledo.com.br\/loja\/wp-json\/wp\/v2\/types\/product"}],"replies":[{"embeddable":true,"href":"https:\/\/viajandocomtoledo.com.br\/loja\/wp-json\/wp\/v2\/comments?post=3691"}],"wp:featuredmedia":[{"embeddable":true,"href":"https:\/\/viajandocomtoledo.com.br\/loja\/wp-json\/wp\/v2\/media\/3738"}],"wp:attachment":[{"href":"https:\/\/viajandocomtoledo.com.br\/loja\/wp-json\/wp\/v2\/media?parent=3691"}],"wp:term":[{"taxonomy":"product_cat","embeddable":true,"href":"https:\/\/viajandocomtoledo.com.br\/loja\/wp-json\/wp\/v2\/product_cat?post=3691"},{"taxonomy":"product_tag","embeddable":true,"href":"https:\/\/viajandocomtoledo.com.br\/loja\/wp-json\/wp\/v2\/product_tag?post=3691"}],"curies":[{"name":"wp","href":"https:\/\/api.w.org\/{rel}","templated":true}]}}