{"id":3670,"date":"2022-11-27T15:11:39","date_gmt":"2022-11-27T18:11:39","guid":{"rendered":"https:\/\/viajandocomtoledo.com.br\/loja\/?post_type=product&#038;p=3670"},"modified":"2025-09-15T15:29:00","modified_gmt":"2025-09-15T18:29:00","slug":"bananinha-cremosa-s-adicao-de-acucar-display-24und","status":"publish","type":"product","link":"https:\/\/viajandocomtoledo.com.br\/loja\/produto\/bananinha-cremosa-s-adicao-de-acucar-display-24und\/","title":{"rendered":"Bananinha Cremosa S\/Adi\u00e7\u00e3o de A\u00e7\u00facar Display 24und"},"content":{"rendered":"<h2 style=\"text-align: center;\">DESCRI\u00c7\u00c3O<\/h2>\n<p style=\"text-align: center;\" data-start=\"92\" data-end=\"145\">Sem Adi\u00e7\u00e3o de A\u00e7\u00facar, produzida com bananas 100% in natura, nossa Bananinha Cremosa \u00e9 feita em tachos aquecidos a vapor, sem adi\u00e7\u00e3o de \u00e1gua e sem perder o sabor original da fruta. O resultado \u00e9 um doce saud\u00e1vel, nutritivo e naturalmente cremoso, com aquele gostinho aut\u00eantico de banana madura. Com apenas um toque de acidulante c\u00edtrico e conservante sorbato de pot\u00e1ssio, garantimos qualidade, seguran\u00e7a e frescor em cada pote. Uma del\u00edcia para quem busca sabor natural, tradi\u00e7\u00e3o e cuidado em cada colherada.<\/p>\n<h2 style=\"text-align: center;\">CARACTER\u00cdSTICAS<\/h2>\n<ul>\n<li><em><strong>Regi\u00e3o:<\/strong> Nova Uni\u00e3o \/ Minas Gerais.<\/em><\/li>\n<li><em><strong>Quantidade:<\/strong> Cont\u00e9m 24 unidades por display.<\/em><\/li>\n<li><em><strong>Peso:<\/strong> 30g por unidade.<\/em><\/li>\n<li><em><strong>Validade:<\/strong> 1 ano.<\/em><\/li>\n<li><em><strong>Sem adi\u00e7\u00e3o de a\u00e7\u00facar.<\/strong><\/em><\/li>\n<\/ul>\n<h2 style=\"text-align: center;\">TABELA NUTRICIONAL<\/h2>\n<ul>\n<li>Valor energ\u00e9tico 79 kcal \u2013 332 kJ<\/li>\n<li>Carboidrato 19g<\/li>\n<li>Prote\u00edna 1,2g<\/li>\n<li>Gorduras totais 0g<\/li>\n<li>Gorduras saturadas 0g<\/li>\n<li>Gorduras trans 0g<\/li>\n<li>Fibra alimentar 2,3g<\/li>\n<li>S\u00f3dio 34mg<\/li>\n<li>Pot\u00e1ssio 195mg<\/li>\n<\/ul>\n<h2 style=\"text-align: center;\">SUA HIST\u00d3RIA<\/h2>\n<p style=\"text-align: center;\" data-start=\"136\" data-end=\"412\">Desde 2010, a FADUNI se destaca pela produ\u00e7\u00e3o de doces naturais e saud\u00e1veis, feitos com 100% de fruta. Sua especialidade \u00e9 a banana Nanica, cultivada em planta\u00e7\u00e3o pr\u00f3pria em Nova Uni\u00e3o (MG), reconhecida pelo sabor marcante, cremosidade e riqueza em nutrientes. Com processos certificados e controle de qualidade rigoroso, garantem o mesmo padr\u00e3o em cada lote produzido, um diferencial que j\u00e1 conquistou reconhecimento tamb\u00e9m no mercado internacional. Experimente os produtos e descubra o verdadeiro sabor da fruta em forma de doce.<\/p>\n<p data-start=\"705\" data-end=\"852\" data-is-last-node=\"\" data-is-only-node=\"\">\n","protected":false},"excerpt":{"rendered":"<p style=\"text-align: center;\" data-start=\"92\" data-end=\"145\">Sem Adi\u00e7\u00e3o de A\u00e7\u00facar, produzida com bananas 100% in natura, nossa Bananinha Cremosa \u00e9 feita em tachos aquecidos a vapor, sem adi\u00e7\u00e3o de \u00e1gua e sem perder o sabor original da fruta. O resultado \u00e9 um doce saud\u00e1vel, nutritivo e naturalmente cremoso, com aquele gostinho aut\u00eantico de banana madura. Com apenas um toque de acidulante c\u00edtrico e conservante sorbato de pot\u00e1ssio, garantimos qualidade, seguran\u00e7a e frescor em cada pote. Uma del\u00edcia para quem busca sabor natural, tradi\u00e7\u00e3o e cuidado em cada colherada.<\/p>\n<h2 style=\"text-align: center;\">CARACTER\u00cdSTICAS<\/h2>\n<ul>\n<li><em><strong>Regi\u00e3o:<\/strong> Nova Uni\u00e3o \/ Minas Gerais.<\/em><\/li>\n<li><em><strong>Quantidade:<\/strong> Cont\u00e9m 24 unidades por display.<\/em><\/li>\n<li><em><strong>Peso:<\/strong> 30g por unidade.<\/em><\/li>\n<li><em><strong>Validade:<\/strong> 1 ano.<\/em><\/li>\n<li><em><strong>Sem adi\u00e7\u00e3o de a\u00e7\u00facar.<\/strong><\/em><\/li>\n<\/ul>\n<h2 style=\"text-align: center;\">TABELA NUTRICIONAL<\/h2>\n<ul>\n<li>Valor energ\u00e9tico 79 kcal \u2013 332 kJ<\/li>\n<li>Carboidrato 19g<\/li>\n<li>Prote\u00edna 1,2g<\/li>\n<li>Gorduras totais 0g<\/li>\n<li>Gorduras saturadas 0g<\/li>\n<li>Gorduras trans 0g<\/li>\n<li>Fibra alimentar 2,3g<\/li>\n<li>S\u00f3dio 34mg<\/li>\n<li>Pot\u00e1ssio 195mg<\/li>\n<\/ul>\n<h2 style=\"text-align: center;\">SUA HIST\u00d3RIA<\/h2>\n<p style=\"text-align: center;\" data-start=\"136\" data-end=\"412\">Desde 2010, a FADUNI se destaca pela produ\u00e7\u00e3o de doces naturais e saud\u00e1veis, feitos com 100% de fruta. Sua especialidade \u00e9 a banana Nanica, cultivada em planta\u00e7\u00e3o pr\u00f3pria em Nova Uni\u00e3o (MG), reconhecida pelo sabor marcante, cremosidade e riqueza em nutrientes. Com processos certificados e controle de qualidade rigoroso, garantem o mesmo padr\u00e3o em cada lote produzido, um diferencial que j\u00e1 conquistou reconhecimento tamb\u00e9m no mercado internacional. Experimente os produtos e descubra o verdadeiro sabor da fruta em forma de doce.<\/p>\n","protected":false},"featured_media":3668,"comment_status":"open","ping_status":"closed","template":"","meta":{"_acf_changed":false,"_monsterinsights_skip_tracking":false,"_monsterinsights_sitenote_active":false,"_monsterinsights_sitenote_note":"","_monsterinsights_sitenote_category":0},"product_cat":[63,53],"product_tag":[],"class_list":{"0":"post-3670","1":"product","2":"type-product","3":"status-publish","4":"has-post-thumbnail","6":"product_cat-central","7":"product_cat-doces","8":"product_shipping_class-produtos-diversos","10":"first","11":"instock","12":"taxable","13":"shipping-taxable","14":"purchasable","15":"product-type-simple"},"acf":[],"aioseo_notices":[],"yoast_head":"<!-- This site is optimized with the Yoast SEO plugin v25.8 - https:\/\/yoast.com\/wordpress\/plugins\/seo\/ -->\n<title>Bananinha Cremosa S\/Adi\u00e7\u00e3o de A\u00e7\u00facar Display 24und - Loja Viajando com Toledo<\/title>\n<meta name=\"robots\" content=\"index, follow, max-snippet:-1, max-image-preview:large, max-video-preview:-1\" \/>\n<link rel=\"canonical\" href=\"https:\/\/viajandocomtoledo.com.br\/loja\/produto\/bananinha-cremosa-s-adicao-de-acucar-display-24und\/\" \/>\n<meta property=\"og:locale\" content=\"pt_BR\" \/>\n<meta property=\"og:type\" content=\"article\" \/>\n<meta property=\"og:title\" content=\"Bananinha Cremosa S\/Adi\u00e7\u00e3o de A\u00e7\u00facar Display 24und - Loja Viajando com Toledo\" \/>\n<meta property=\"og:description\" content=\"Sem Adi\u00e7\u00e3o de A\u00e7\u00facar, produzida com bananas 100% in natura, nossa Bananinha Cremosa \u00e9 feita em tachos aquecidos a vapor, sem adi\u00e7\u00e3o de \u00e1gua e sem perder o sabor original da fruta. O resultado \u00e9 um doce saud\u00e1vel, nutritivo e naturalmente cremoso, com aquele gostinho aut\u00eantico de banana madura. Com apenas um toque de acidulante c\u00edtrico e conservante sorbato de pot\u00e1ssio, garantimos qualidade, seguran\u00e7a e frescor em cada pote. Uma del\u00edcia para quem busca sabor natural, tradi\u00e7\u00e3o e cuidado em cada colherada.  CARACTER\u00cdSTICAS   Regi\u00e3o: Nova Uni\u00e3o \/ Minas Gerais.  Quantidade: Cont\u00e9m 24 unidades por display.  Peso: 30g por unidade.  Validade: 1 ano.  Sem adi\u00e7\u00e3o de a\u00e7\u00facar.  TABELA NUTRICIONAL   Valor energ\u00e9tico 79 kcal \u2013 332 kJ  Carboidrato 19g  Prote\u00edna 1,2g  Gorduras totais 0g  Gorduras saturadas 0g  Gorduras trans 0g  Fibra alimentar 2,3g  S\u00f3dio 34mg  Pot\u00e1ssio 195mg  SUA HIST\u00d3RIA Desde 2010, a FADUNI se destaca pela produ\u00e7\u00e3o de doces naturais e saud\u00e1veis, feitos com 100% de fruta. Sua especialidade \u00e9 a banana Nanica, cultivada em planta\u00e7\u00e3o pr\u00f3pria em Nova Uni\u00e3o (MG), reconhecida pelo sabor marcante, cremosidade e riqueza em nutrientes. Com processos certificados e controle de qualidade rigoroso, garantem o mesmo padr\u00e3o em cada lote produzido, um diferencial que j\u00e1 conquistou reconhecimento tamb\u00e9m no mercado internacional. Experimente os produtos e descubra o verdadeiro sabor da fruta em forma de doce.\" \/>\n<meta property=\"og:url\" content=\"https:\/\/viajandocomtoledo.com.br\/loja\/produto\/bananinha-cremosa-s-adicao-de-acucar-display-24und\/\" \/>\n<meta property=\"og:site_name\" content=\"Loja Viajando com Toledo\" \/>\n<meta property=\"article:publisher\" content=\"https:\/\/web.facebook.com\/viajandocomtoledo\" \/>\n<meta property=\"article:modified_time\" content=\"2025-09-15T18:29:00+00:00\" \/>\n<meta property=\"og:image\" content=\"https:\/\/viajandocomtoledo.com.br\/loja\/wp-content\/uploads\/2025\/09\/1-1.png\" \/>\n\t<meta property=\"og:image:width\" content=\"1080\" \/>\n\t<meta property=\"og:image:height\" content=\"1080\" \/>\n\t<meta property=\"og:image:type\" content=\"image\/png\" \/>\n<meta name=\"twitter:card\" content=\"summary_large_image\" \/>\n<meta name=\"twitter:label1\" content=\"Est. tempo de leitura\" \/>\n\t<meta name=\"twitter:data1\" content=\"2 minutos\" \/>\n<script type=\"application\/ld+json\" class=\"yoast-schema-graph\">{\"@context\":\"https:\/\/schema.org\",\"@graph\":[{\"@type\":\"WebPage\",\"@id\":\"https:\/\/viajandocomtoledo.com.br\/loja\/produto\/bananinha-cremosa-s-adicao-de-acucar-display-24und\/\",\"url\":\"https:\/\/viajandocomtoledo.com.br\/loja\/produto\/bananinha-cremosa-s-adicao-de-acucar-display-24und\/\",\"name\":\"Bananinha Cremosa S\/Adi\u00e7\u00e3o de A\u00e7\u00facar Display 24und - Loja Viajando com Toledo\",\"isPartOf\":{\"@id\":\"https:\/\/viajandocomtoledo.com.br\/loja\/#website\"},\"primaryImageOfPage\":{\"@id\":\"https:\/\/viajandocomtoledo.com.br\/loja\/produto\/bananinha-cremosa-s-adicao-de-acucar-display-24und\/#primaryimage\"},\"image\":{\"@id\":\"https:\/\/viajandocomtoledo.com.br\/loja\/produto\/bananinha-cremosa-s-adicao-de-acucar-display-24und\/#primaryimage\"},\"thumbnailUrl\":\"https:\/\/viajandocomtoledo.com.br\/loja\/wp-content\/uploads\/2025\/09\/1-1.png\",\"datePublished\":\"2022-11-27T18:11:39+00:00\",\"dateModified\":\"2025-09-15T18:29:00+00:00\",\"breadcrumb\":{\"@id\":\"https:\/\/viajandocomtoledo.com.br\/loja\/produto\/bananinha-cremosa-s-adicao-de-acucar-display-24und\/#breadcrumb\"},\"inLanguage\":\"pt-BR\",\"potentialAction\":[{\"@type\":\"ReadAction\",\"target\":[\"https:\/\/viajandocomtoledo.com.br\/loja\/produto\/bananinha-cremosa-s-adicao-de-acucar-display-24und\/\"]}]},{\"@type\":\"ImageObject\",\"inLanguage\":\"pt-BR\",\"@id\":\"https:\/\/viajandocomtoledo.com.br\/loja\/produto\/bananinha-cremosa-s-adicao-de-acucar-display-24und\/#primaryimage\",\"url\":\"https:\/\/viajandocomtoledo.com.br\/loja\/wp-content\/uploads\/2025\/09\/1-1.png\",\"contentUrl\":\"https:\/\/viajandocomtoledo.com.br\/loja\/wp-content\/uploads\/2025\/09\/1-1.png\",\"width\":1080,\"height\":1080},{\"@type\":\"BreadcrumbList\",\"@id\":\"https:\/\/viajandocomtoledo.com.br\/loja\/produto\/bananinha-cremosa-s-adicao-de-acucar-display-24und\/#breadcrumb\",\"itemListElement\":[{\"@type\":\"ListItem\",\"position\":1,\"name\":\"In\u00edcio\",\"item\":\"https:\/\/viajandocomtoledo.com.br\/loja\/\"},{\"@type\":\"ListItem\",\"position\":2,\"name\":\"Produtos\",\"item\":\"https:\/\/viajandocomtoledo.com.br\/loja\/\"},{\"@type\":\"ListItem\",\"position\":3,\"name\":\"Bananinha Cremosa S\/Adi\u00e7\u00e3o de A\u00e7\u00facar Display 24und\"}]},{\"@type\":\"WebSite\",\"@id\":\"https:\/\/viajandocomtoledo.com.br\/loja\/#website\",\"url\":\"https:\/\/viajandocomtoledo.com.br\/loja\/\",\"name\":\"Loja Viajando com Toledo\",\"description\":\"Loja do site - Viajando com Toledo\",\"publisher\":{\"@id\":\"https:\/\/viajandocomtoledo.com.br\/loja\/#organization\"},\"potentialAction\":[{\"@type\":\"SearchAction\",\"target\":{\"@type\":\"EntryPoint\",\"urlTemplate\":\"https:\/\/viajandocomtoledo.com.br\/loja\/?s={search_term_string}\"},\"query-input\":{\"@type\":\"PropertyValueSpecification\",\"valueRequired\":true,\"valueName\":\"search_term_string\"}}],\"inLanguage\":\"pt-BR\"},{\"@type\":\"Organization\",\"@id\":\"https:\/\/viajandocomtoledo.com.br\/loja\/#organization\",\"name\":\"Loja Viajando com Toledo\",\"url\":\"https:\/\/viajandocomtoledo.com.br\/loja\/\",\"logo\":{\"@type\":\"ImageObject\",\"inLanguage\":\"pt-BR\",\"@id\":\"https:\/\/viajandocomtoledo.com.br\/loja\/#\/schema\/logo\/image\/\",\"url\":\"https:\/\/viajandocomtoledo.com.br\/loja\/wp-content\/uploads\/2021\/07\/LOGO-VCT-e1626871875731.png\",\"contentUrl\":\"https:\/\/viajandocomtoledo.com.br\/loja\/wp-content\/uploads\/2021\/07\/LOGO-VCT-e1626871875731.png\",\"width\":100,\"height\":46,\"caption\":\"Loja Viajando com Toledo\"},\"image\":{\"@id\":\"https:\/\/viajandocomtoledo.com.br\/loja\/#\/schema\/logo\/image\/\"},\"sameAs\":[\"https:\/\/web.facebook.com\/viajandocomtoledo\",\"https:\/\/www.instagram.com\/viajandocomtoledo\/\"]}]}<\/script>\n<!-- \/ Yoast SEO plugin. -->","yoast_head_json":{"title":"Bananinha Cremosa S\/Adi\u00e7\u00e3o de A\u00e7\u00facar Display 24und - Loja Viajando com Toledo","robots":{"index":"index","follow":"follow","max-snippet":"max-snippet:-1","max-image-preview":"max-image-preview:large","max-video-preview":"max-video-preview:-1"},"canonical":"https:\/\/viajandocomtoledo.com.br\/loja\/produto\/bananinha-cremosa-s-adicao-de-acucar-display-24und\/","og_locale":"pt_BR","og_type":"article","og_title":"Bananinha Cremosa S\/Adi\u00e7\u00e3o de A\u00e7\u00facar Display 24und - Loja Viajando com Toledo","og_description":"Sem Adi\u00e7\u00e3o de A\u00e7\u00facar, produzida com bananas 100% in natura, nossa Bananinha Cremosa \u00e9 feita em tachos aquecidos a vapor, sem adi\u00e7\u00e3o de \u00e1gua e sem perder o sabor original da fruta. O resultado \u00e9 um doce saud\u00e1vel, nutritivo e naturalmente cremoso, com aquele gostinho aut\u00eantico de banana madura. Com apenas um toque de acidulante c\u00edtrico e conservante sorbato de pot\u00e1ssio, garantimos qualidade, seguran\u00e7a e frescor em cada pote. Uma del\u00edcia para quem busca sabor natural, tradi\u00e7\u00e3o e cuidado em cada colherada.  CARACTER\u00cdSTICAS   Regi\u00e3o: Nova Uni\u00e3o \/ Minas Gerais.  Quantidade: Cont\u00e9m 24 unidades por display.  Peso: 30g por unidade.  Validade: 1 ano.  Sem adi\u00e7\u00e3o de a\u00e7\u00facar.  TABELA NUTRICIONAL   Valor energ\u00e9tico 79 kcal \u2013 332 kJ  Carboidrato 19g  Prote\u00edna 1,2g  Gorduras totais 0g  Gorduras saturadas 0g  Gorduras trans 0g  Fibra alimentar 2,3g  S\u00f3dio 34mg  Pot\u00e1ssio 195mg  SUA HIST\u00d3RIA Desde 2010, a FADUNI se destaca pela produ\u00e7\u00e3o de doces naturais e saud\u00e1veis, feitos com 100% de fruta. Sua especialidade \u00e9 a banana Nanica, cultivada em planta\u00e7\u00e3o pr\u00f3pria em Nova Uni\u00e3o (MG), reconhecida pelo sabor marcante, cremosidade e riqueza em nutrientes. Com processos certificados e controle de qualidade rigoroso, garantem o mesmo padr\u00e3o em cada lote produzido, um diferencial que j\u00e1 conquistou reconhecimento tamb\u00e9m no mercado internacional. Experimente os produtos e descubra o verdadeiro sabor da fruta em forma de doce.","og_url":"https:\/\/viajandocomtoledo.com.br\/loja\/produto\/bananinha-cremosa-s-adicao-de-acucar-display-24und\/","og_site_name":"Loja Viajando com Toledo","article_publisher":"https:\/\/web.facebook.com\/viajandocomtoledo","article_modified_time":"2025-09-15T18:29:00+00:00","og_image":[{"width":1080,"height":1080,"url":"https:\/\/viajandocomtoledo.com.br\/loja\/wp-content\/uploads\/2025\/09\/1-1.png","type":"image\/png"}],"twitter_card":"summary_large_image","twitter_misc":{"Est. tempo de leitura":"2 minutos"},"schema":{"@context":"https:\/\/schema.org","@graph":[{"@type":"WebPage","@id":"https:\/\/viajandocomtoledo.com.br\/loja\/produto\/bananinha-cremosa-s-adicao-de-acucar-display-24und\/","url":"https:\/\/viajandocomtoledo.com.br\/loja\/produto\/bananinha-cremosa-s-adicao-de-acucar-display-24und\/","name":"Bananinha Cremosa S\/Adi\u00e7\u00e3o de A\u00e7\u00facar Display 24und - Loja Viajando com Toledo","isPartOf":{"@id":"https:\/\/viajandocomtoledo.com.br\/loja\/#website"},"primaryImageOfPage":{"@id":"https:\/\/viajandocomtoledo.com.br\/loja\/produto\/bananinha-cremosa-s-adicao-de-acucar-display-24und\/#primaryimage"},"image":{"@id":"https:\/\/viajandocomtoledo.com.br\/loja\/produto\/bananinha-cremosa-s-adicao-de-acucar-display-24und\/#primaryimage"},"thumbnailUrl":"https:\/\/viajandocomtoledo.com.br\/loja\/wp-content\/uploads\/2025\/09\/1-1.png","datePublished":"2022-11-27T18:11:39+00:00","dateModified":"2025-09-15T18:29:00+00:00","breadcrumb":{"@id":"https:\/\/viajandocomtoledo.com.br\/loja\/produto\/bananinha-cremosa-s-adicao-de-acucar-display-24und\/#breadcrumb"},"inLanguage":"pt-BR","potentialAction":[{"@type":"ReadAction","target":["https:\/\/viajandocomtoledo.com.br\/loja\/produto\/bananinha-cremosa-s-adicao-de-acucar-display-24und\/"]}]},{"@type":"ImageObject","inLanguage":"pt-BR","@id":"https:\/\/viajandocomtoledo.com.br\/loja\/produto\/bananinha-cremosa-s-adicao-de-acucar-display-24und\/#primaryimage","url":"https:\/\/viajandocomtoledo.com.br\/loja\/wp-content\/uploads\/2025\/09\/1-1.png","contentUrl":"https:\/\/viajandocomtoledo.com.br\/loja\/wp-content\/uploads\/2025\/09\/1-1.png","width":1080,"height":1080},{"@type":"BreadcrumbList","@id":"https:\/\/viajandocomtoledo.com.br\/loja\/produto\/bananinha-cremosa-s-adicao-de-acucar-display-24und\/#breadcrumb","itemListElement":[{"@type":"ListItem","position":1,"name":"In\u00edcio","item":"https:\/\/viajandocomtoledo.com.br\/loja\/"},{"@type":"ListItem","position":2,"name":"Produtos","item":"https:\/\/viajandocomtoledo.com.br\/loja\/"},{"@type":"ListItem","position":3,"name":"Bananinha Cremosa S\/Adi\u00e7\u00e3o de A\u00e7\u00facar Display 24und"}]},{"@type":"WebSite","@id":"https:\/\/viajandocomtoledo.com.br\/loja\/#website","url":"https:\/\/viajandocomtoledo.com.br\/loja\/","name":"Loja Viajando com Toledo","description":"Loja do site - Viajando com Toledo","publisher":{"@id":"https:\/\/viajandocomtoledo.com.br\/loja\/#organization"},"potentialAction":[{"@type":"SearchAction","target":{"@type":"EntryPoint","urlTemplate":"https:\/\/viajandocomtoledo.com.br\/loja\/?s={search_term_string}"},"query-input":{"@type":"PropertyValueSpecification","valueRequired":true,"valueName":"search_term_string"}}],"inLanguage":"pt-BR"},{"@type":"Organization","@id":"https:\/\/viajandocomtoledo.com.br\/loja\/#organization","name":"Loja Viajando com Toledo","url":"https:\/\/viajandocomtoledo.com.br\/loja\/","logo":{"@type":"ImageObject","inLanguage":"pt-BR","@id":"https:\/\/viajandocomtoledo.com.br\/loja\/#\/schema\/logo\/image\/","url":"https:\/\/viajandocomtoledo.com.br\/loja\/wp-content\/uploads\/2021\/07\/LOGO-VCT-e1626871875731.png","contentUrl":"https:\/\/viajandocomtoledo.com.br\/loja\/wp-content\/uploads\/2021\/07\/LOGO-VCT-e1626871875731.png","width":100,"height":46,"caption":"Loja Viajando com Toledo"},"image":{"@id":"https:\/\/viajandocomtoledo.com.br\/loja\/#\/schema\/logo\/image\/"},"sameAs":["https:\/\/web.facebook.com\/viajandocomtoledo","https:\/\/www.instagram.com\/viajandocomtoledo\/"]}]}},"_links":{"self":[{"href":"https:\/\/viajandocomtoledo.com.br\/loja\/wp-json\/wp\/v2\/product\/3670","targetHints":{"allow":["GET"]}}],"collection":[{"href":"https:\/\/viajandocomtoledo.com.br\/loja\/wp-json\/wp\/v2\/product"}],"about":[{"href":"https:\/\/viajandocomtoledo.com.br\/loja\/wp-json\/wp\/v2\/types\/product"}],"replies":[{"embeddable":true,"href":"https:\/\/viajandocomtoledo.com.br\/loja\/wp-json\/wp\/v2\/comments?post=3670"}],"wp:featuredmedia":[{"embeddable":true,"href":"https:\/\/viajandocomtoledo.com.br\/loja\/wp-json\/wp\/v2\/media\/3668"}],"wp:attachment":[{"href":"https:\/\/viajandocomtoledo.com.br\/loja\/wp-json\/wp\/v2\/media?parent=3670"}],"wp:term":[{"taxonomy":"product_cat","embeddable":true,"href":"https:\/\/viajandocomtoledo.com.br\/loja\/wp-json\/wp\/v2\/product_cat?post=3670"},{"taxonomy":"product_tag","embeddable":true,"href":"https:\/\/viajandocomtoledo.com.br\/loja\/wp-json\/wp\/v2\/product_tag?post=3670"}],"curies":[{"name":"wp","href":"https:\/\/api.w.org\/{rel}","templated":true}]}}