{"id":3594,"date":"2022-11-15T10:22:25","date_gmt":"2022-11-15T13:22:25","guid":{"rendered":"https:\/\/viajandocomtoledo.com.br\/loja\/?post_type=product&#038;p=3594"},"modified":"2025-10-31T19:53:07","modified_gmt":"2025-10-31T22:53:07","slug":"whisky-balsamo-single-malt-720ml","status":"publish","type":"product","link":"https:\/\/viajandocomtoledo.com.br\/loja\/produto\/whisky-balsamo-single-malt-720ml\/","title":{"rendered":"Whisky B\u00e1lsamo (Single Malt) 720ml"},"content":{"rendered":"","protected":false},"excerpt":{"rendered":"<p style=\"text-align: center;\">B\u00e1lsamo Single Malt Whisky destaca-se por seu perfil sensorial \u00fanico, que combina as caracter\u00edsticas cl\u00e1ssicas do carvalho americano com as notas arom\u00e1ticas e sabores distintivos do b\u00e1lsamo. Uma delicada presen\u00e7a floral, com nuances de jasmim, se entrela\u00e7a a um toque de mel, equilibrando-se perfeitamente com o dul\u00e7or do malte. Um leve toque de especiarias e um frutado caracter\u00edstico acrescentam uma nova dimens\u00e3o \u00e0 degusta\u00e7\u00e3o. O carcar\u00e1, ave de rapina brasileira, simboliza a necessidade da preserva\u00e7\u00e3o da fauna e flora nativa. Ele adorna o r\u00f3tulo deste whisky refor\u00e7ando a conex\u00e3o entre a natureza e o que extra\u00edmos dela. Com final longo e residual rico, B\u00e1lsamo Single Malt Whisky oferece um car\u00e1ter bem definido que encapsula tradi\u00e7\u00e3o e inova\u00e7\u00e3o proporcionando uma experi\u00eancia de degusta\u00e7\u00e3o verdadeiramente \u00fanica.<\/p>\n<h2 style=\"text-align: center;\">\u00a0Caracter\u00edsticas<\/h2>\n<ul>\n<li><strong><em>Regi\u00e3o:<\/em><\/strong><em>\u00a0Matozinhos \/ Minas Gerais.<\/em><\/li>\n<li><strong><em>Ingredientes:<\/em><\/strong><em> Destilado alco\u00f3lico simples de malte e \u00e1gua pot\u00e1vel desmineralizada. N\u00c3O CONT\u00c9M GL\u00daTEN.<\/em><\/li>\n<li><strong><em>Aroma:<\/em><\/strong><em> Floral delicado, mel, especiarias sutis, notas frutadas.<br \/>\n<\/em><\/li>\n<li><strong><em>Sabor:<\/em><\/strong><em> Dul\u00e7or do malte, especiarias leves, frutado caracter\u00edstico<\/em><em>.<\/em><\/li>\n<li><strong><em>Finaliza\u00e7\u00e3o:<\/em><\/strong><em> Barril de Amburana brasileira.<\/em><\/li>\n<li><strong><em>Gradua\u00e7\u00e3o alc\u00f3olica:<\/em><\/strong><em>\u00a0ABV: 43%.<\/em><\/li>\n<li><strong><em>Volume:<\/em><\/strong><em> 720mL.<\/em><\/li>\n<\/ul>\n<h2 style=\"text-align: center;\">Sugest\u00e3o de consumo<\/h2>\n<p style=\"text-align: center;\">Pode ser apreciado puro, com gelo ou conforme sua prefer\u00eancia.<\/p>\n<h2 style=\"text-align: center;\">Sua hist\u00f3ria<\/h2>\n<p style=\"text-align: center;\">Toda boa rela\u00e7\u00e3o precisa de tempo para ser constru\u00edda. E foi para ter mais tempo juntos que os irm\u00e3os Lamas levaram ao extremo a paix\u00e3o por um destilado: o whisky. Estes encontros, verdadeiras sess\u00f5es de estudo em busca de sabores \u00fanicos, t\u00e9cnicas mais aprimoradas e novas receitas, unem a tradi\u00e7\u00e3o aos sabores que criaram em fam\u00edlia.\u00a0A Lamas \u00e9 uma destilaria mineira que se destaca no mercado internacional com notas \u00fanicas e profundas.\u00a0Nutrindo uma paix\u00e3o pelo processo, pela fazedura, pela elabora\u00e7\u00e3o de um sabor capaz de proporcionar experi\u00eancias singulares de prazer e qualidade.<\/p>\n","protected":false},"featured_media":3595,"comment_status":"closed","ping_status":"closed","template":"","meta":{"_acf_changed":false,"_monsterinsights_skip_tracking":false,"_monsterinsights_sitenote_active":false,"_monsterinsights_sitenote_note":"","_monsterinsights_sitenote_category":0},"product_cat":[63,49,55],"product_tag":[],"class_list":{"0":"post-3594","1":"product","2":"type-product","3":"status-publish","4":"has-post-thumbnail","6":"product_cat-central","7":"product_cat-destaque","8":"product_cat-whiskies","9":"product_shipping_class-produtos-diversos","11":"first","12":"instock","13":"taxable","14":"shipping-taxable","15":"purchasable","16":"product-type-simple"},"acf":[],"aioseo_notices":[],"yoast_head":"<!-- This site is optimized with the Yoast SEO plugin v25.8 - https:\/\/yoast.com\/wordpress\/plugins\/seo\/ -->\n<title>Whisky B\u00e1lsamo (Single Malt) 720ml - Loja Viajando com Toledo<\/title>\n<meta name=\"robots\" content=\"index, follow, max-snippet:-1, max-image-preview:large, max-video-preview:-1\" \/>\n<link rel=\"canonical\" href=\"https:\/\/viajandocomtoledo.com.br\/loja\/produto\/whisky-balsamo-single-malt-720ml\/\" \/>\n<meta property=\"og:locale\" content=\"pt_BR\" \/>\n<meta property=\"og:type\" content=\"article\" \/>\n<meta property=\"og:title\" content=\"Whisky B\u00e1lsamo (Single Malt) 720ml - Loja Viajando com Toledo\" \/>\n<meta property=\"og:description\" content=\"B\u00e1lsamo Single Malt Whisky destaca-se por seu perfil sensorial \u00fanico, que combina as caracter\u00edsticas cl\u00e1ssicas do carvalho americano com as notas arom\u00e1ticas e sabores distintivos do b\u00e1lsamo. Uma delicada presen\u00e7a floral, com nuances de jasmim, se entrela\u00e7a a um toque de mel, equilibrando-se perfeitamente com o dul\u00e7or do malte. Um leve toque de especiarias e um frutado caracter\u00edstico acrescentam uma nova dimens\u00e3o \u00e0 degusta\u00e7\u00e3o. O carcar\u00e1, ave de rapina brasileira, simboliza a necessidade da preserva\u00e7\u00e3o da fauna e flora nativa. Ele adorna o r\u00f3tulo deste whisky refor\u00e7ando a conex\u00e3o entre a natureza e o que extra\u00edmos dela. Com final longo e residual rico, B\u00e1lsamo Single Malt Whisky oferece um car\u00e1ter bem definido que encapsula tradi\u00e7\u00e3o e inova\u00e7\u00e3o proporcionando uma experi\u00eancia de degusta\u00e7\u00e3o verdadeiramente \u00fanica.  \u00a0Caracter\u00edsticas   Regi\u00e3o:\u00a0Matozinhos \/ Minas Gerais.  Ingredientes: Destilado alco\u00f3lico simples de malte e \u00e1gua pot\u00e1vel desmineralizada. N\u00c3O CONT\u00c9M GL\u00daTEN.  Aroma: Floral delicado, mel, especiarias sutis, notas frutadas.   Sabor: Dul\u00e7or do malte, especiarias leves, frutado caracter\u00edstico.  Finaliza\u00e7\u00e3o: Barril de Amburana brasileira.  Gradua\u00e7\u00e3o alc\u00f3olica:\u00a0ABV: 43%.  Volume: 720mL.  Sugest\u00e3o de consumo Pode ser apreciado puro, com gelo ou conforme sua prefer\u00eancia.  Sua hist\u00f3ria Toda boa rela\u00e7\u00e3o precisa de tempo para ser constru\u00edda. E foi para ter mais tempo juntos que os irm\u00e3os Lamas levaram ao extremo a paix\u00e3o por um destilado: o whisky. Estes encontros, verdadeiras sess\u00f5es de estudo em busca de sabores \u00fanicos, t\u00e9cnicas mais aprimoradas e novas receitas, unem a tradi\u00e7\u00e3o aos sabores que criaram em fam\u00edlia.\u00a0A Lamas \u00e9 uma destilaria mineira que se destaca no mercado internacional com notas \u00fanicas e profundas.\u00a0Nutrindo uma paix\u00e3o pelo processo, pela fazedura, pela elabora\u00e7\u00e3o de um sabor capaz de proporcionar experi\u00eancias singulares de prazer e qualidade.\" \/>\n<meta property=\"og:url\" content=\"https:\/\/viajandocomtoledo.com.br\/loja\/produto\/whisky-balsamo-single-malt-720ml\/\" \/>\n<meta property=\"og:site_name\" content=\"Loja Viajando com Toledo\" \/>\n<meta property=\"article:publisher\" content=\"https:\/\/web.facebook.com\/viajandocomtoledo\" \/>\n<meta property=\"article:modified_time\" content=\"2025-10-31T22:53:07+00:00\" \/>\n<meta property=\"og:image\" content=\"https:\/\/viajandocomtoledo.com.br\/loja\/wp-content\/uploads\/2025\/08\/Design-sem-nome.png\" \/>\n\t<meta property=\"og:image:width\" content=\"1080\" \/>\n\t<meta property=\"og:image:height\" content=\"1080\" \/>\n\t<meta property=\"og:image:type\" content=\"image\/png\" \/>\n<meta name=\"twitter:card\" content=\"summary_large_image\" \/>\n<meta name=\"twitter:label1\" content=\"Est. tempo de leitura\" \/>\n\t<meta name=\"twitter:data1\" content=\"1 minuto\" \/>\n<script type=\"application\/ld+json\" class=\"yoast-schema-graph\">{\"@context\":\"https:\/\/schema.org\",\"@graph\":[{\"@type\":\"WebPage\",\"@id\":\"https:\/\/viajandocomtoledo.com.br\/loja\/produto\/whisky-balsamo-single-malt-720ml\/\",\"url\":\"https:\/\/viajandocomtoledo.com.br\/loja\/produto\/whisky-balsamo-single-malt-720ml\/\",\"name\":\"Whisky B\u00e1lsamo (Single Malt) 720ml - Loja Viajando com Toledo\",\"isPartOf\":{\"@id\":\"https:\/\/viajandocomtoledo.com.br\/loja\/#website\"},\"primaryImageOfPage\":{\"@id\":\"https:\/\/viajandocomtoledo.com.br\/loja\/produto\/whisky-balsamo-single-malt-720ml\/#primaryimage\"},\"image\":{\"@id\":\"https:\/\/viajandocomtoledo.com.br\/loja\/produto\/whisky-balsamo-single-malt-720ml\/#primaryimage\"},\"thumbnailUrl\":\"https:\/\/viajandocomtoledo.com.br\/loja\/wp-content\/uploads\/2025\/08\/Design-sem-nome.png\",\"datePublished\":\"2022-11-15T13:22:25+00:00\",\"dateModified\":\"2025-10-31T22:53:07+00:00\",\"breadcrumb\":{\"@id\":\"https:\/\/viajandocomtoledo.com.br\/loja\/produto\/whisky-balsamo-single-malt-720ml\/#breadcrumb\"},\"inLanguage\":\"pt-BR\",\"potentialAction\":[{\"@type\":\"ReadAction\",\"target\":[\"https:\/\/viajandocomtoledo.com.br\/loja\/produto\/whisky-balsamo-single-malt-720ml\/\"]}]},{\"@type\":\"ImageObject\",\"inLanguage\":\"pt-BR\",\"@id\":\"https:\/\/viajandocomtoledo.com.br\/loja\/produto\/whisky-balsamo-single-malt-720ml\/#primaryimage\",\"url\":\"https:\/\/viajandocomtoledo.com.br\/loja\/wp-content\/uploads\/2025\/08\/Design-sem-nome.png\",\"contentUrl\":\"https:\/\/viajandocomtoledo.com.br\/loja\/wp-content\/uploads\/2025\/08\/Design-sem-nome.png\",\"width\":1080,\"height\":1080},{\"@type\":\"BreadcrumbList\",\"@id\":\"https:\/\/viajandocomtoledo.com.br\/loja\/produto\/whisky-balsamo-single-malt-720ml\/#breadcrumb\",\"itemListElement\":[{\"@type\":\"ListItem\",\"position\":1,\"name\":\"In\u00edcio\",\"item\":\"https:\/\/viajandocomtoledo.com.br\/loja\/\"},{\"@type\":\"ListItem\",\"position\":2,\"name\":\"Produtos\",\"item\":\"https:\/\/viajandocomtoledo.com.br\/loja\/\"},{\"@type\":\"ListItem\",\"position\":3,\"name\":\"Whisky B\u00e1lsamo (Single Malt) 720ml\"}]},{\"@type\":\"WebSite\",\"@id\":\"https:\/\/viajandocomtoledo.com.br\/loja\/#website\",\"url\":\"https:\/\/viajandocomtoledo.com.br\/loja\/\",\"name\":\"Loja Viajando com Toledo\",\"description\":\"Loja do site - Viajando com Toledo\",\"publisher\":{\"@id\":\"https:\/\/viajandocomtoledo.com.br\/loja\/#organization\"},\"potentialAction\":[{\"@type\":\"SearchAction\",\"target\":{\"@type\":\"EntryPoint\",\"urlTemplate\":\"https:\/\/viajandocomtoledo.com.br\/loja\/?s={search_term_string}\"},\"query-input\":{\"@type\":\"PropertyValueSpecification\",\"valueRequired\":true,\"valueName\":\"search_term_string\"}}],\"inLanguage\":\"pt-BR\"},{\"@type\":\"Organization\",\"@id\":\"https:\/\/viajandocomtoledo.com.br\/loja\/#organization\",\"name\":\"Loja Viajando com Toledo\",\"url\":\"https:\/\/viajandocomtoledo.com.br\/loja\/\",\"logo\":{\"@type\":\"ImageObject\",\"inLanguage\":\"pt-BR\",\"@id\":\"https:\/\/viajandocomtoledo.com.br\/loja\/#\/schema\/logo\/image\/\",\"url\":\"https:\/\/viajandocomtoledo.com.br\/loja\/wp-content\/uploads\/2021\/07\/LOGO-VCT-e1626871875731.png\",\"contentUrl\":\"https:\/\/viajandocomtoledo.com.br\/loja\/wp-content\/uploads\/2021\/07\/LOGO-VCT-e1626871875731.png\",\"width\":100,\"height\":46,\"caption\":\"Loja Viajando com Toledo\"},\"image\":{\"@id\":\"https:\/\/viajandocomtoledo.com.br\/loja\/#\/schema\/logo\/image\/\"},\"sameAs\":[\"https:\/\/web.facebook.com\/viajandocomtoledo\",\"https:\/\/www.instagram.com\/viajandocomtoledo\/\"]}]}<\/script>\n<!-- \/ Yoast SEO plugin. -->","yoast_head_json":{"title":"Whisky B\u00e1lsamo (Single Malt) 720ml - Loja Viajando com Toledo","robots":{"index":"index","follow":"follow","max-snippet":"max-snippet:-1","max-image-preview":"max-image-preview:large","max-video-preview":"max-video-preview:-1"},"canonical":"https:\/\/viajandocomtoledo.com.br\/loja\/produto\/whisky-balsamo-single-malt-720ml\/","og_locale":"pt_BR","og_type":"article","og_title":"Whisky B\u00e1lsamo (Single Malt) 720ml - Loja Viajando com Toledo","og_description":"B\u00e1lsamo Single Malt Whisky destaca-se por seu perfil sensorial \u00fanico, que combina as caracter\u00edsticas cl\u00e1ssicas do carvalho americano com as notas arom\u00e1ticas e sabores distintivos do b\u00e1lsamo. Uma delicada presen\u00e7a floral, com nuances de jasmim, se entrela\u00e7a a um toque de mel, equilibrando-se perfeitamente com o dul\u00e7or do malte. Um leve toque de especiarias e um frutado caracter\u00edstico acrescentam uma nova dimens\u00e3o \u00e0 degusta\u00e7\u00e3o. O carcar\u00e1, ave de rapina brasileira, simboliza a necessidade da preserva\u00e7\u00e3o da fauna e flora nativa. Ele adorna o r\u00f3tulo deste whisky refor\u00e7ando a conex\u00e3o entre a natureza e o que extra\u00edmos dela. Com final longo e residual rico, B\u00e1lsamo Single Malt Whisky oferece um car\u00e1ter bem definido que encapsula tradi\u00e7\u00e3o e inova\u00e7\u00e3o proporcionando uma experi\u00eancia de degusta\u00e7\u00e3o verdadeiramente \u00fanica.  \u00a0Caracter\u00edsticas   Regi\u00e3o:\u00a0Matozinhos \/ Minas Gerais.  Ingredientes: Destilado alco\u00f3lico simples de malte e \u00e1gua pot\u00e1vel desmineralizada. N\u00c3O CONT\u00c9M GL\u00daTEN.  Aroma: Floral delicado, mel, especiarias sutis, notas frutadas.   Sabor: Dul\u00e7or do malte, especiarias leves, frutado caracter\u00edstico.  Finaliza\u00e7\u00e3o: Barril de Amburana brasileira.  Gradua\u00e7\u00e3o alc\u00f3olica:\u00a0ABV: 43%.  Volume: 720mL.  Sugest\u00e3o de consumo Pode ser apreciado puro, com gelo ou conforme sua prefer\u00eancia.  Sua hist\u00f3ria Toda boa rela\u00e7\u00e3o precisa de tempo para ser constru\u00edda. E foi para ter mais tempo juntos que os irm\u00e3os Lamas levaram ao extremo a paix\u00e3o por um destilado: o whisky. Estes encontros, verdadeiras sess\u00f5es de estudo em busca de sabores \u00fanicos, t\u00e9cnicas mais aprimoradas e novas receitas, unem a tradi\u00e7\u00e3o aos sabores que criaram em fam\u00edlia.\u00a0A Lamas \u00e9 uma destilaria mineira que se destaca no mercado internacional com notas \u00fanicas e profundas.\u00a0Nutrindo uma paix\u00e3o pelo processo, pela fazedura, pela elabora\u00e7\u00e3o de um sabor capaz de proporcionar experi\u00eancias singulares de prazer e qualidade.","og_url":"https:\/\/viajandocomtoledo.com.br\/loja\/produto\/whisky-balsamo-single-malt-720ml\/","og_site_name":"Loja Viajando com Toledo","article_publisher":"https:\/\/web.facebook.com\/viajandocomtoledo","article_modified_time":"2025-10-31T22:53:07+00:00","og_image":[{"width":1080,"height":1080,"url":"https:\/\/viajandocomtoledo.com.br\/loja\/wp-content\/uploads\/2025\/08\/Design-sem-nome.png","type":"image\/png"}],"twitter_card":"summary_large_image","twitter_misc":{"Est. tempo de leitura":"1 minuto"},"schema":{"@context":"https:\/\/schema.org","@graph":[{"@type":"WebPage","@id":"https:\/\/viajandocomtoledo.com.br\/loja\/produto\/whisky-balsamo-single-malt-720ml\/","url":"https:\/\/viajandocomtoledo.com.br\/loja\/produto\/whisky-balsamo-single-malt-720ml\/","name":"Whisky B\u00e1lsamo (Single Malt) 720ml - Loja Viajando com Toledo","isPartOf":{"@id":"https:\/\/viajandocomtoledo.com.br\/loja\/#website"},"primaryImageOfPage":{"@id":"https:\/\/viajandocomtoledo.com.br\/loja\/produto\/whisky-balsamo-single-malt-720ml\/#primaryimage"},"image":{"@id":"https:\/\/viajandocomtoledo.com.br\/loja\/produto\/whisky-balsamo-single-malt-720ml\/#primaryimage"},"thumbnailUrl":"https:\/\/viajandocomtoledo.com.br\/loja\/wp-content\/uploads\/2025\/08\/Design-sem-nome.png","datePublished":"2022-11-15T13:22:25+00:00","dateModified":"2025-10-31T22:53:07+00:00","breadcrumb":{"@id":"https:\/\/viajandocomtoledo.com.br\/loja\/produto\/whisky-balsamo-single-malt-720ml\/#breadcrumb"},"inLanguage":"pt-BR","potentialAction":[{"@type":"ReadAction","target":["https:\/\/viajandocomtoledo.com.br\/loja\/produto\/whisky-balsamo-single-malt-720ml\/"]}]},{"@type":"ImageObject","inLanguage":"pt-BR","@id":"https:\/\/viajandocomtoledo.com.br\/loja\/produto\/whisky-balsamo-single-malt-720ml\/#primaryimage","url":"https:\/\/viajandocomtoledo.com.br\/loja\/wp-content\/uploads\/2025\/08\/Design-sem-nome.png","contentUrl":"https:\/\/viajandocomtoledo.com.br\/loja\/wp-content\/uploads\/2025\/08\/Design-sem-nome.png","width":1080,"height":1080},{"@type":"BreadcrumbList","@id":"https:\/\/viajandocomtoledo.com.br\/loja\/produto\/whisky-balsamo-single-malt-720ml\/#breadcrumb","itemListElement":[{"@type":"ListItem","position":1,"name":"In\u00edcio","item":"https:\/\/viajandocomtoledo.com.br\/loja\/"},{"@type":"ListItem","position":2,"name":"Produtos","item":"https:\/\/viajandocomtoledo.com.br\/loja\/"},{"@type":"ListItem","position":3,"name":"Whisky B\u00e1lsamo (Single Malt) 720ml"}]},{"@type":"WebSite","@id":"https:\/\/viajandocomtoledo.com.br\/loja\/#website","url":"https:\/\/viajandocomtoledo.com.br\/loja\/","name":"Loja Viajando com Toledo","description":"Loja do site - Viajando com Toledo","publisher":{"@id":"https:\/\/viajandocomtoledo.com.br\/loja\/#organization"},"potentialAction":[{"@type":"SearchAction","target":{"@type":"EntryPoint","urlTemplate":"https:\/\/viajandocomtoledo.com.br\/loja\/?s={search_term_string}"},"query-input":{"@type":"PropertyValueSpecification","valueRequired":true,"valueName":"search_term_string"}}],"inLanguage":"pt-BR"},{"@type":"Organization","@id":"https:\/\/viajandocomtoledo.com.br\/loja\/#organization","name":"Loja Viajando com Toledo","url":"https:\/\/viajandocomtoledo.com.br\/loja\/","logo":{"@type":"ImageObject","inLanguage":"pt-BR","@id":"https:\/\/viajandocomtoledo.com.br\/loja\/#\/schema\/logo\/image\/","url":"https:\/\/viajandocomtoledo.com.br\/loja\/wp-content\/uploads\/2021\/07\/LOGO-VCT-e1626871875731.png","contentUrl":"https:\/\/viajandocomtoledo.com.br\/loja\/wp-content\/uploads\/2021\/07\/LOGO-VCT-e1626871875731.png","width":100,"height":46,"caption":"Loja Viajando com Toledo"},"image":{"@id":"https:\/\/viajandocomtoledo.com.br\/loja\/#\/schema\/logo\/image\/"},"sameAs":["https:\/\/web.facebook.com\/viajandocomtoledo","https:\/\/www.instagram.com\/viajandocomtoledo\/"]}]}},"_links":{"self":[{"href":"https:\/\/viajandocomtoledo.com.br\/loja\/wp-json\/wp\/v2\/product\/3594","targetHints":{"allow":["GET"]}}],"collection":[{"href":"https:\/\/viajandocomtoledo.com.br\/loja\/wp-json\/wp\/v2\/product"}],"about":[{"href":"https:\/\/viajandocomtoledo.com.br\/loja\/wp-json\/wp\/v2\/types\/product"}],"replies":[{"embeddable":true,"href":"https:\/\/viajandocomtoledo.com.br\/loja\/wp-json\/wp\/v2\/comments?post=3594"}],"wp:featuredmedia":[{"embeddable":true,"href":"https:\/\/viajandocomtoledo.com.br\/loja\/wp-json\/wp\/v2\/media\/3595"}],"wp:attachment":[{"href":"https:\/\/viajandocomtoledo.com.br\/loja\/wp-json\/wp\/v2\/media?parent=3594"}],"wp:term":[{"taxonomy":"product_cat","embeddable":true,"href":"https:\/\/viajandocomtoledo.com.br\/loja\/wp-json\/wp\/v2\/product_cat?post=3594"},{"taxonomy":"product_tag","embeddable":true,"href":"https:\/\/viajandocomtoledo.com.br\/loja\/wp-json\/wp\/v2\/product_tag?post=3594"}],"curies":[{"name":"wp","href":"https:\/\/api.w.org\/{rel}","templated":true}]}}