{"id":3585,"date":"2024-04-23T09:00:39","date_gmt":"2024-04-23T12:00:39","guid":{"rendered":"https:\/\/viajandocomtoledo.com.br\/loja\/?post_type=product&#038;p=3585"},"modified":"2026-01-16T10:48:28","modified_gmt":"2026-01-16T13:48:28","slug":"cachaca-viajando-com-toledo","status":"publish","type":"product","link":"https:\/\/viajandocomtoledo.com.br\/loja\/produto\/cachaca-viajando-com-toledo\/","title":{"rendered":"Cacha\u00e7a Viajando com Toledo Edi\u00e7\u00e3o Limitada 750ml"},"content":{"rendered":"<p style=\"text-align: center;\">A Cacha\u00e7a Viajando com Toledo \u00e9 muito mais do que uma simples bebida, \u00e9 uma experi\u00eancia sensorial refinada e envolvente. Feita para os apreciadores de cacha\u00e7a que buscam algo verdadeiramente exclusivo, nossa bebida \u00e9 elaborada com a mais alta qualidade e aten\u00e7\u00e3o aos detalhes. Armazenada por quatro anos em barris de carvalho e possui gradua\u00e7\u00e3o alco\u00f3lica de 39%\/vol. Tem aromas e sabores intensos que remetem a notas de baunilha, am\u00eandoas, caramelo e frutas secas. Sua cor dourada se deve ao armazenamento em toneis de carvalho.<\/p>\n<h2 style=\"text-align: center;\">Por que voc\u00ea vai gostar da Cacha\u00e7a Viajando com Toledo?<\/h2>\n<ol>\n<li style=\"text-align: left;\"><strong>Produ\u00e7\u00e3o Artesanal<\/strong>: Elaborada a partir da destila\u00e7\u00e3o e fermenta\u00e7\u00e3o da cana-de-a\u00e7\u00facar, nossa cacha\u00e7a \u00e9 um verdadeiro reflexo da tradi\u00e7\u00e3o e da t\u00e9cnica artesanal.<\/li>\n<li style=\"text-align: left;\"><strong>Armazenamento Premium<\/strong>: Com um envelhecimento de quatro anos em barris de carvalho, nossa cacha\u00e7a desenvolve uma cor dourada rica e um perfil de sabor complexo e envolvente.<\/li>\n<li style=\"text-align: left;\"><strong>Notas Arom\u00e1ticas e Saborosas<\/strong>: Apresenta aromas e sabores intensos que evocam notas de baunilha, am\u00eandoas, caramelo e frutas secas, proporcionando uma experi\u00eancia gustativa rica e sofisticada.<\/li>\n<li style=\"text-align: left;\"><strong>Gradua\u00e7\u00e3o Alco\u00f3lica<\/strong>: Com 39%\/vol de gradua\u00e7\u00e3o alco\u00f3lica, a cacha\u00e7a oferece um equil\u00edbrio perfeito entre intensidade e suavidade, ideal para desfrutar pura ou em coquet\u00e9is.<\/li>\n<\/ol>\n<h2 style=\"text-align: center;\">CARACTER\u00cdSTICAS<\/h2>\n<ul>\n<li><strong>Regi\u00e3o:<\/strong> Congonhas\/Minas Gerais.<\/li>\n<li><strong>Amadurecimento:<\/strong>\u00a04 anos em<br \/>\nbarris de carvalho.<\/li>\n<li><strong>Sabor:<\/strong>\u00a0intenso, com notas de baunilha, am\u00eandoas, caramelo e frutas secas.<\/li>\n<li><strong>Gradua\u00e7\u00e3o alco\u00f3lica:<\/strong> 39%\/vol.<\/li>\n<li style=\"text-align: left;\">Aprovada pelos mais renomados especialistas de Minas Gerais.<br \/>\n<h2 style=\"text-align: center;\">VANTAGENS E CONDI\u00c7\u00d5ES<\/h2>\n<\/li>\n<li style=\"text-align: left;\">Aceitamos pagamentos via, pix, boleto, cart\u00e3o de d\u00e9bito e cart\u00e3o de cr\u00e9dito em at\u00e9 3x sem juros.<\/li>\n<li style=\"text-align: left;\">Compra garantida, receba o produto que est\u00e1 esperando ou devolvemos o dinheiro.<\/li>\n<li style=\"text-align: left;\">Site 100% seguro, seus dados est\u00e3o protegidos.<\/li>\n<li style=\"text-align: left;\">Atendimento humano 7 dias por semana.<\/li>\n<li style=\"text-align: left;\">Esse produto tem envio gr\u00e1tis para todo o Brasil.<\/li>\n<\/ul>\n<h2 style=\"text-align: center;\"><strong>SUGEST\u00c3O DE CONSUMO\u00a0<\/strong><\/h2>\n<p style=\"text-align: center;\">\u00a0Leve \u00e0 geladeira antes de degustar, ela n\u00e3o congela e fica deliciosamente refrescante ou se preferir consuma em temperatura ambiente. Tudo\u00a0conforme sua prefer\u00eancia.<\/p>\n<h2 style=\"text-align: center;\">HIST\u00d3RIA VIAJANDO COM TOLEDO<\/h2>\n<p style=\"text-align: center;\">Em 2016 o jornalista Ot\u00e1vio di Toledo transformou suas viagens por mais de 600 cidades de Minas Gerais em conte\u00fado digital. Al\u00e9m de ser reconhecido por seu programa de turismo e cultura, &#8220;Via\u00e7\u00e3o Cip\u00f3&#8221;, e sua participa\u00e7\u00e3o como comentarista no programa esportivo &#8220;Alterosa Esporte&#8221;, ambos no SBT, Toledo se tornou uma figura influente no meio digital com o &#8220;Viajando com Toledo&#8221;, que possui mais de 470 mil seguidores em todas as redes sociais. Em 2021, fundou a Loja do Viajando com Toledo, visando promover os produtos de Minas Gerais em todo o Pa\u00eds. Com o sucesso da vendinha mineira, que j\u00e1 realizou mais de cinco mil pedidos, Toledo decidiu lan\u00e7ar a Cacha\u00e7a Viajando com Toledo, ap\u00f3s mais de seis meses de desenvolvimento minucioso, visando proporcionar uma experi\u00eancia \u00fanica aos mais exigentes paladares. A cacha\u00e7a \u00e9 um convite para vivenciar Minas Gerais atrav\u00e9s do seu sabor.<\/p>\n","protected":false},"excerpt":{"rendered":"<p style=\"text-align: center;\">A Cacha\u00e7a Viajando com Toledo \u00e9 muito mais do que uma simples bebida, \u00e9 uma experi\u00eancia sensorial refinada e envolvente. Feita para os apreciadores de cacha\u00e7a que buscam algo verdadeiramente exclusivo, nossa bebida \u00e9 elaborada com a mais alta qualidade e aten\u00e7\u00e3o aos detalhes. Armazenada por quatro anos em barris de carvalho e possui gradua\u00e7\u00e3o alco\u00f3lica de 39%\/vol. Tem aromas e sabores intensos que remetem a notas de baunilha, am\u00eandoas, caramelo e frutas secas. Sua cor dourada se deve ao armazenamento em toneis de carvalho.<\/p>\n<h2 style=\"text-align: center;\">Por que voc\u00ea vai gostar da Cacha\u00e7a Viajando com Toledo?<\/h2>\n<ol>\n<li style=\"text-align: left;\"><strong>Produ\u00e7\u00e3o Artesanal<\/strong>: Elaborada a partir da destila\u00e7\u00e3o e fermenta\u00e7\u00e3o da cana-de-a\u00e7\u00facar, nossa cacha\u00e7a \u00e9 um verdadeiro reflexo da tradi\u00e7\u00e3o e da t\u00e9cnica artesanal.<\/li>\n<li style=\"text-align: left;\"><strong>Armazenamento Premium<\/strong>: Com um envelhecimento de quatro anos em barris de carvalho, nossa cacha\u00e7a desenvolve uma cor dourada rica e um perfil de sabor complexo e envolvente.<\/li>\n<li style=\"text-align: left;\"><strong>Notas Arom\u00e1ticas e Saborosas<\/strong>: Apresenta aromas e sabores intensos que evocam notas de baunilha, am\u00eandoas, caramelo e frutas secas, proporcionando uma experi\u00eancia gustativa rica e sofisticada.<\/li>\n<li style=\"text-align: left;\"><strong>Gradua\u00e7\u00e3o Alco\u00f3lica<\/strong>: Com 39%\/vol de gradua\u00e7\u00e3o alco\u00f3lica, a cacha\u00e7a oferece um equil\u00edbrio perfeito entre intensidade e suavidade, ideal para desfrutar pura ou em coquet\u00e9is.<\/li>\n<\/ol>\n<h2 style=\"text-align: center;\">CARACTER\u00cdSTICAS<\/h2>\n<ul>\n<li><strong>Regi\u00e3o:<\/strong> Congonhas\/Minas Gerais.<\/li>\n<li><strong>Amadurecimento:<\/strong>\u00a04 anos em<br \/>\nbarris de carvalho.<\/li>\n<li><strong>Sabor:<\/strong>\u00a0intenso, com notas de baunilha, am\u00eandoas, caramelo e frutas secas.<\/li>\n<li><strong>Gradua\u00e7\u00e3o alco\u00f3lica:<\/strong> 39%\/vol.<\/li>\n<li style=\"text-align: left;\">Aprovada pelos mais renomados especialistas de Minas Gerais.<br \/>\n<h2 style=\"text-align: center;\">VANTAGENS E CONDI\u00c7\u00d5ES<\/h2>\n<\/li>\n<li style=\"text-align: left;\">Aceitamos pagamentos via, pix, boleto, cart\u00e3o de d\u00e9bito e cart\u00e3o de cr\u00e9dito em at\u00e9 3x sem juros.<\/li>\n<li style=\"text-align: left;\">Compra garantida, receba o produto que est\u00e1 esperando ou devolvemos o dinheiro.<\/li>\n<li style=\"text-align: left;\">Site 100% seguro, seus dados est\u00e3o protegidos.<\/li>\n<li style=\"text-align: left;\">Atendimento humano 7 dias por semana.<\/li>\n<li style=\"text-align: left;\">Esse produto tem envio gr\u00e1tis para todo o Brasil.<\/li>\n<\/ul>\n<h2 style=\"text-align: center;\"><strong>SUGEST\u00c3O DE CONSUMO\u00a0<\/strong><\/h2>\n<p style=\"text-align: center;\">\u00a0Leve \u00e0 geladeira antes de degustar, ela n\u00e3o congela e fica deliciosamente refrescante ou se preferir consuma em temperatura ambiente. Tudo\u00a0conforme sua prefer\u00eancia.<\/p>\n<h2 style=\"text-align: center;\">HIST\u00d3RIA VIAJANDO COM TOLEDO<\/h2>\n<p style=\"text-align: center;\">Em 2016 o jornalista Ot\u00e1vio di Toledo transformou suas viagens por mais de 600 cidades de Minas Gerais em conte\u00fado digital. Al\u00e9m de ser reconhecido por seu programa de turismo e cultura, &#8220;Via\u00e7\u00e3o Cip\u00f3&#8221;, e sua participa\u00e7\u00e3o como comentarista no programa esportivo &#8220;Alterosa Esporte&#8221;, ambos no SBT, Toledo se tornou uma figura influente no meio digital com o &#8220;Viajando com Toledo&#8221;, que possui mais de 470 mil seguidores em todas as redes sociais. Em 2021, fundou a Loja do Viajando com Toledo, visando promover os produtos de Minas Gerais em todo o Pa\u00eds. Com o sucesso da vendinha mineira, que j\u00e1 realizou mais de cinco mil pedidos, Toledo decidiu lan\u00e7ar a Cacha\u00e7a Viajando com Toledo, ap\u00f3s mais de seis meses de desenvolvimento minucioso, visando proporcionar uma experi\u00eancia \u00fanica aos mais exigentes paladares. A cacha\u00e7a \u00e9 um convite para vivenciar Minas Gerais atrav\u00e9s do seu sabor.<\/p>\n","protected":false},"featured_media":3006,"comment_status":"closed","ping_status":"closed","template":"","meta":{"_acf_changed":false,"_monsterinsights_skip_tracking":false,"_monsterinsights_sitenote_active":false,"_monsterinsights_sitenote_note":"","_monsterinsights_sitenote_category":0},"product_cat":[56,63,49],"product_tag":[],"class_list":{"0":"post-3585","1":"product","2":"type-product","3":"status-publish","4":"has-post-thumbnail","6":"product_cat-cachacas","7":"product_cat-central","8":"product_cat-destaque","9":"product_shipping_class-produtos-diversos","11":"first","12":"instock","13":"taxable","14":"shipping-taxable","15":"purchasable","16":"product-type-simple"},"acf":[],"aioseo_notices":[],"yoast_head":"<!-- This site is optimized with the Yoast SEO plugin v25.8 - https:\/\/yoast.com\/wordpress\/plugins\/seo\/ -->\n<title>Cacha\u00e7a Viajando com Toledo Edi\u00e7\u00e3o Limitada 750ml<\/title>\n<meta name=\"description\" content=\"Cacha\u00e7a Viajando com Toledo Edi\u00e7\u00e3o Limitada 750ml - 4 anos envelhecida em Barris de carvalho americano - Envio gr\u00e1tis para todo o Brasil - Parcele em 12x\" \/>\n<meta name=\"robots\" content=\"index, follow, max-snippet:-1, max-image-preview:large, max-video-preview:-1\" \/>\n<link rel=\"canonical\" href=\"https:\/\/viajandocomtoledo.com.br\/loja\/produto\/cachaca-viajando-com-toledo\/\" \/>\n<meta property=\"og:locale\" content=\"pt_BR\" \/>\n<meta property=\"og:type\" content=\"article\" \/>\n<meta property=\"og:title\" content=\"Cacha\u00e7a Viajando com Toledo Edi\u00e7\u00e3o Limitada 750ml\" \/>\n<meta property=\"og:description\" content=\"Cacha\u00e7a Viajando com Toledo Edi\u00e7\u00e3o Limitada 750ml - 4 anos envelhecida em Barris de carvalho americano - Envio gr\u00e1tis para todo o Brasil - Parcele em 12x\" \/>\n<meta property=\"og:url\" content=\"https:\/\/viajandocomtoledo.com.br\/loja\/produto\/cachaca-viajando-com-toledo\/\" \/>\n<meta property=\"og:site_name\" content=\"Loja Viajando com Toledo\" \/>\n<meta property=\"article:publisher\" content=\"https:\/\/web.facebook.com\/viajandocomtoledo\" \/>\n<meta property=\"article:modified_time\" content=\"2026-01-16T13:48:28+00:00\" \/>\n<meta property=\"og:image\" content=\"https:\/\/viajandocomtoledo.com.br\/loja\/wp-content\/uploads\/2024\/07\/WhatsApp-Image-2024-07-24-at-10.10.24.jpeg\" \/>\n\t<meta property=\"og:image:width\" content=\"1080\" \/>\n\t<meta property=\"og:image:height\" content=\"1080\" \/>\n\t<meta property=\"og:image:type\" content=\"image\/jpeg\" \/>\n<meta name=\"twitter:card\" content=\"summary_large_image\" \/>\n<meta name=\"twitter:label1\" content=\"Est. tempo de leitura\" \/>\n\t<meta name=\"twitter:data1\" content=\"3 minutos\" \/>\n<script type=\"application\/ld+json\" class=\"yoast-schema-graph\">{\"@context\":\"https:\/\/schema.org\",\"@graph\":[{\"@type\":\"WebPage\",\"@id\":\"https:\/\/viajandocomtoledo.com.br\/loja\/produto\/cachaca-viajando-com-toledo\/\",\"url\":\"https:\/\/viajandocomtoledo.com.br\/loja\/produto\/cachaca-viajando-com-toledo\/\",\"name\":\"Cacha\u00e7a Viajando com Toledo Edi\u00e7\u00e3o Limitada 750ml\",\"isPartOf\":{\"@id\":\"https:\/\/viajandocomtoledo.com.br\/loja\/#website\"},\"primaryImageOfPage\":{\"@id\":\"https:\/\/viajandocomtoledo.com.br\/loja\/produto\/cachaca-viajando-com-toledo\/#primaryimage\"},\"image\":{\"@id\":\"https:\/\/viajandocomtoledo.com.br\/loja\/produto\/cachaca-viajando-com-toledo\/#primaryimage\"},\"thumbnailUrl\":\"https:\/\/viajandocomtoledo.com.br\/loja\/wp-content\/uploads\/2024\/07\/WhatsApp-Image-2024-07-24-at-10.10.24.jpeg\",\"datePublished\":\"2024-04-23T12:00:39+00:00\",\"dateModified\":\"2026-01-16T13:48:28+00:00\",\"description\":\"Cacha\u00e7a Viajando com Toledo Edi\u00e7\u00e3o Limitada 750ml - 4 anos envelhecida em Barris de carvalho americano - Envio gr\u00e1tis para todo o Brasil - Parcele em 12x\",\"breadcrumb\":{\"@id\":\"https:\/\/viajandocomtoledo.com.br\/loja\/produto\/cachaca-viajando-com-toledo\/#breadcrumb\"},\"inLanguage\":\"pt-BR\",\"potentialAction\":[{\"@type\":\"ReadAction\",\"target\":[\"https:\/\/viajandocomtoledo.com.br\/loja\/produto\/cachaca-viajando-com-toledo\/\"]}]},{\"@type\":\"ImageObject\",\"inLanguage\":\"pt-BR\",\"@id\":\"https:\/\/viajandocomtoledo.com.br\/loja\/produto\/cachaca-viajando-com-toledo\/#primaryimage\",\"url\":\"https:\/\/viajandocomtoledo.com.br\/loja\/wp-content\/uploads\/2024\/07\/WhatsApp-Image-2024-07-24-at-10.10.24.jpeg\",\"contentUrl\":\"https:\/\/viajandocomtoledo.com.br\/loja\/wp-content\/uploads\/2024\/07\/WhatsApp-Image-2024-07-24-at-10.10.24.jpeg\",\"width\":1080,\"height\":1080},{\"@type\":\"BreadcrumbList\",\"@id\":\"https:\/\/viajandocomtoledo.com.br\/loja\/produto\/cachaca-viajando-com-toledo\/#breadcrumb\",\"itemListElement\":[{\"@type\":\"ListItem\",\"position\":1,\"name\":\"In\u00edcio\",\"item\":\"https:\/\/viajandocomtoledo.com.br\/loja\/\"},{\"@type\":\"ListItem\",\"position\":2,\"name\":\"Produtos\",\"item\":\"https:\/\/viajandocomtoledo.com.br\/loja\/\"},{\"@type\":\"ListItem\",\"position\":3,\"name\":\"Cacha\u00e7a Viajando com Toledo Edi\u00e7\u00e3o Limitada 750ml\"}]},{\"@type\":\"WebSite\",\"@id\":\"https:\/\/viajandocomtoledo.com.br\/loja\/#website\",\"url\":\"https:\/\/viajandocomtoledo.com.br\/loja\/\",\"name\":\"Loja Viajando com Toledo\",\"description\":\"Loja do site - Viajando com Toledo\",\"publisher\":{\"@id\":\"https:\/\/viajandocomtoledo.com.br\/loja\/#organization\"},\"potentialAction\":[{\"@type\":\"SearchAction\",\"target\":{\"@type\":\"EntryPoint\",\"urlTemplate\":\"https:\/\/viajandocomtoledo.com.br\/loja\/?s={search_term_string}\"},\"query-input\":{\"@type\":\"PropertyValueSpecification\",\"valueRequired\":true,\"valueName\":\"search_term_string\"}}],\"inLanguage\":\"pt-BR\"},{\"@type\":\"Organization\",\"@id\":\"https:\/\/viajandocomtoledo.com.br\/loja\/#organization\",\"name\":\"Loja Viajando com Toledo\",\"url\":\"https:\/\/viajandocomtoledo.com.br\/loja\/\",\"logo\":{\"@type\":\"ImageObject\",\"inLanguage\":\"pt-BR\",\"@id\":\"https:\/\/viajandocomtoledo.com.br\/loja\/#\/schema\/logo\/image\/\",\"url\":\"https:\/\/viajandocomtoledo.com.br\/loja\/wp-content\/uploads\/2021\/07\/LOGO-VCT-e1626871875731.png\",\"contentUrl\":\"https:\/\/viajandocomtoledo.com.br\/loja\/wp-content\/uploads\/2021\/07\/LOGO-VCT-e1626871875731.png\",\"width\":100,\"height\":46,\"caption\":\"Loja Viajando com Toledo\"},\"image\":{\"@id\":\"https:\/\/viajandocomtoledo.com.br\/loja\/#\/schema\/logo\/image\/\"},\"sameAs\":[\"https:\/\/web.facebook.com\/viajandocomtoledo\",\"https:\/\/www.instagram.com\/viajandocomtoledo\/\"]}]}<\/script>\n<!-- \/ Yoast SEO plugin. -->","yoast_head_json":{"title":"Cacha\u00e7a Viajando com Toledo Edi\u00e7\u00e3o Limitada 750ml","description":"Cacha\u00e7a Viajando com Toledo Edi\u00e7\u00e3o Limitada 750ml - 4 anos envelhecida em Barris de carvalho americano - Envio gr\u00e1tis para todo o Brasil - Parcele em 12x","robots":{"index":"index","follow":"follow","max-snippet":"max-snippet:-1","max-image-preview":"max-image-preview:large","max-video-preview":"max-video-preview:-1"},"canonical":"https:\/\/viajandocomtoledo.com.br\/loja\/produto\/cachaca-viajando-com-toledo\/","og_locale":"pt_BR","og_type":"article","og_title":"Cacha\u00e7a Viajando com Toledo Edi\u00e7\u00e3o Limitada 750ml","og_description":"Cacha\u00e7a Viajando com Toledo Edi\u00e7\u00e3o Limitada 750ml - 4 anos envelhecida em Barris de carvalho americano - Envio gr\u00e1tis para todo o Brasil - Parcele em 12x","og_url":"https:\/\/viajandocomtoledo.com.br\/loja\/produto\/cachaca-viajando-com-toledo\/","og_site_name":"Loja Viajando com Toledo","article_publisher":"https:\/\/web.facebook.com\/viajandocomtoledo","article_modified_time":"2026-01-16T13:48:28+00:00","og_image":[{"width":1080,"height":1080,"url":"https:\/\/viajandocomtoledo.com.br\/loja\/wp-content\/uploads\/2024\/07\/WhatsApp-Image-2024-07-24-at-10.10.24.jpeg","type":"image\/jpeg"}],"twitter_card":"summary_large_image","twitter_misc":{"Est. tempo de leitura":"3 minutos"},"schema":{"@context":"https:\/\/schema.org","@graph":[{"@type":"WebPage","@id":"https:\/\/viajandocomtoledo.com.br\/loja\/produto\/cachaca-viajando-com-toledo\/","url":"https:\/\/viajandocomtoledo.com.br\/loja\/produto\/cachaca-viajando-com-toledo\/","name":"Cacha\u00e7a Viajando com Toledo Edi\u00e7\u00e3o Limitada 750ml","isPartOf":{"@id":"https:\/\/viajandocomtoledo.com.br\/loja\/#website"},"primaryImageOfPage":{"@id":"https:\/\/viajandocomtoledo.com.br\/loja\/produto\/cachaca-viajando-com-toledo\/#primaryimage"},"image":{"@id":"https:\/\/viajandocomtoledo.com.br\/loja\/produto\/cachaca-viajando-com-toledo\/#primaryimage"},"thumbnailUrl":"https:\/\/viajandocomtoledo.com.br\/loja\/wp-content\/uploads\/2024\/07\/WhatsApp-Image-2024-07-24-at-10.10.24.jpeg","datePublished":"2024-04-23T12:00:39+00:00","dateModified":"2026-01-16T13:48:28+00:00","description":"Cacha\u00e7a Viajando com Toledo Edi\u00e7\u00e3o Limitada 750ml - 4 anos envelhecida em Barris de carvalho americano - Envio gr\u00e1tis para todo o Brasil - Parcele em 12x","breadcrumb":{"@id":"https:\/\/viajandocomtoledo.com.br\/loja\/produto\/cachaca-viajando-com-toledo\/#breadcrumb"},"inLanguage":"pt-BR","potentialAction":[{"@type":"ReadAction","target":["https:\/\/viajandocomtoledo.com.br\/loja\/produto\/cachaca-viajando-com-toledo\/"]}]},{"@type":"ImageObject","inLanguage":"pt-BR","@id":"https:\/\/viajandocomtoledo.com.br\/loja\/produto\/cachaca-viajando-com-toledo\/#primaryimage","url":"https:\/\/viajandocomtoledo.com.br\/loja\/wp-content\/uploads\/2024\/07\/WhatsApp-Image-2024-07-24-at-10.10.24.jpeg","contentUrl":"https:\/\/viajandocomtoledo.com.br\/loja\/wp-content\/uploads\/2024\/07\/WhatsApp-Image-2024-07-24-at-10.10.24.jpeg","width":1080,"height":1080},{"@type":"BreadcrumbList","@id":"https:\/\/viajandocomtoledo.com.br\/loja\/produto\/cachaca-viajando-com-toledo\/#breadcrumb","itemListElement":[{"@type":"ListItem","position":1,"name":"In\u00edcio","item":"https:\/\/viajandocomtoledo.com.br\/loja\/"},{"@type":"ListItem","position":2,"name":"Produtos","item":"https:\/\/viajandocomtoledo.com.br\/loja\/"},{"@type":"ListItem","position":3,"name":"Cacha\u00e7a Viajando com Toledo Edi\u00e7\u00e3o Limitada 750ml"}]},{"@type":"WebSite","@id":"https:\/\/viajandocomtoledo.com.br\/loja\/#website","url":"https:\/\/viajandocomtoledo.com.br\/loja\/","name":"Loja Viajando com Toledo","description":"Loja do site - Viajando com Toledo","publisher":{"@id":"https:\/\/viajandocomtoledo.com.br\/loja\/#organization"},"potentialAction":[{"@type":"SearchAction","target":{"@type":"EntryPoint","urlTemplate":"https:\/\/viajandocomtoledo.com.br\/loja\/?s={search_term_string}"},"query-input":{"@type":"PropertyValueSpecification","valueRequired":true,"valueName":"search_term_string"}}],"inLanguage":"pt-BR"},{"@type":"Organization","@id":"https:\/\/viajandocomtoledo.com.br\/loja\/#organization","name":"Loja Viajando com Toledo","url":"https:\/\/viajandocomtoledo.com.br\/loja\/","logo":{"@type":"ImageObject","inLanguage":"pt-BR","@id":"https:\/\/viajandocomtoledo.com.br\/loja\/#\/schema\/logo\/image\/","url":"https:\/\/viajandocomtoledo.com.br\/loja\/wp-content\/uploads\/2021\/07\/LOGO-VCT-e1626871875731.png","contentUrl":"https:\/\/viajandocomtoledo.com.br\/loja\/wp-content\/uploads\/2021\/07\/LOGO-VCT-e1626871875731.png","width":100,"height":46,"caption":"Loja Viajando com Toledo"},"image":{"@id":"https:\/\/viajandocomtoledo.com.br\/loja\/#\/schema\/logo\/image\/"},"sameAs":["https:\/\/web.facebook.com\/viajandocomtoledo","https:\/\/www.instagram.com\/viajandocomtoledo\/"]}]}},"_links":{"self":[{"href":"https:\/\/viajandocomtoledo.com.br\/loja\/wp-json\/wp\/v2\/product\/3585","targetHints":{"allow":["GET"]}}],"collection":[{"href":"https:\/\/viajandocomtoledo.com.br\/loja\/wp-json\/wp\/v2\/product"}],"about":[{"href":"https:\/\/viajandocomtoledo.com.br\/loja\/wp-json\/wp\/v2\/types\/product"}],"replies":[{"embeddable":true,"href":"https:\/\/viajandocomtoledo.com.br\/loja\/wp-json\/wp\/v2\/comments?post=3585"}],"wp:featuredmedia":[{"embeddable":true,"href":"https:\/\/viajandocomtoledo.com.br\/loja\/wp-json\/wp\/v2\/media\/3006"}],"wp:attachment":[{"href":"https:\/\/viajandocomtoledo.com.br\/loja\/wp-json\/wp\/v2\/media?parent=3585"}],"wp:term":[{"taxonomy":"product_cat","embeddable":true,"href":"https:\/\/viajandocomtoledo.com.br\/loja\/wp-json\/wp\/v2\/product_cat?post=3585"},{"taxonomy":"product_tag","embeddable":true,"href":"https:\/\/viajandocomtoledo.com.br\/loja\/wp-json\/wp\/v2\/product_tag?post=3585"}],"curies":[{"name":"wp","href":"https:\/\/api.w.org\/{rel}","templated":true}]}}