{"id":2923,"date":"2024-04-23T09:56:49","date_gmt":"2024-04-23T12:56:49","guid":{"rendered":"https:\/\/viajandocomtoledo.com.br\/loja\/?post_type=product&#038;p=2923"},"modified":"2026-03-12T10:41:20","modified_gmt":"2026-03-12T13:41:20","slug":"cachaca-toledo","status":"publish","type":"product","link":"https:\/\/viajandocomtoledo.com.br\/loja\/produto\/cachaca-toledo\/","title":{"rendered":"Cacha\u00e7a Alma do Tempo 750ml"},"content":{"rendered":"<p style=\"text-align: center;\">A Cacha\u00e7a Viajando com Toledo Alma do Tempo \u00e9 produzida artesanalmente em <strong>Congonhas, Minas Gerais<\/strong>, esta cacha\u00e7a \u00e9 a express\u00e3o m\u00e1xima da tradi\u00e7\u00e3o mineira aliada \u00e0 sofistica\u00e7\u00e3o dos grandes destilados. Esse blend \u00e9 envelhecida por <strong>4 anos em barris de carvalho americano e b\u00e1lsamo<\/strong>, entrega um perfil sensorial \u00fanico, resultado do encontro entre suavidade e intensidade. No <strong>nariz<\/strong>, revela notas finas de baunilha, mel e coco provenientes do carvalho, que se mesclam harmoniosamente a aromas herbais, especiados e de madeira nobre trazidos pelo b\u00e1lsamo. Na <strong>boca<\/strong>, encanta pelo equil\u00edbrio: aveludada e levemente adocicada, mas marcada pela presen\u00e7a resinosa e picante t\u00edpica do b\u00e1lsamo, que confere for\u00e7a e identidade brasileira ao blend. O <strong>retrogosto<\/strong> \u00e9 persistente, elegante e memor\u00e1vel, deixando nuances adocicadas e herbais que permanecem na mem\u00f3ria do apreciador. Com <strong>39% vol.<\/strong>, esta cacha\u00e7a foi <strong>aprovada pelos mais renomados sommeliers de cacha\u00e7a de Minas Gerais<\/strong>, sendo considerada uma obra-prima para degusta\u00e7\u00e3o pura.<\/p>\n<h2 style=\"text-align: center;\">CARACTER\u00cdSTICAS<\/h2>\n<ul>\n<li><strong>Regi\u00e3o:<\/strong> Congonhas\/Minas Gerais.<\/li>\n<li><strong>Amadurecimento:<\/strong>\u00a04 anos em<br \/>\nbarris de carvalho e b\u00e1lsamo.<\/li>\n<li><strong>Boca:<\/strong> equil\u00edbrio entre a suavidade e do\u00e7ura do carvalho com a intensidade resinosa, levemente amarga e picante do b\u00e1lsamo.<\/li>\n<li><strong>Nariz:<\/strong> abre com baunilha, mel e coco do carvalho, seguidos por notas de ervas, especiarias e madeira do b\u00e1lsamo.<\/li>\n<li><strong>Retrogosto:<\/strong> persistente, elegante, deixando mem\u00f3ria longa com toques adocicados e herbais.<\/li>\n<li><strong>Gradua\u00e7\u00e3o alco\u00f3lica:<\/strong> 39%\/vol.<\/li>\n<li>Aprovada pelos mais renomados\u2028sommelier de cacha\u00e7as de Minas Gerais.<br \/>\n<h2 style=\"text-align: center;\">PR\u00c9-VENDA<\/h2>\n<\/li>\n<li style=\"text-align: left;\">O produto ser\u00e1 enviado no dia do lan\u00e7amento em outubro, para todos que comprarem na pr\u00e9-venda.<\/li>\n<li>Pr\u00e9-venda com condi\u00e7\u00f5es especiais e frete gr\u00e1tis at\u00e9 30\/09\/2025.<\/li>\n<li>Compra garantida, receba o produto que est\u00e1 esperando ou devolvemos o dinheiro.<\/li>\n<\/ul>\n<h2 style=\"text-align: center;\"><strong>SUGEST\u00c3O DE CONSUMO\u00a0<\/strong><\/h2>\n<p style=\"text-align: center;\">\u00a0Leve \u00e0 geladeira antes de degustar, ela n\u00e3o congela e fica deliciosamente refrescante ou se preferir consuma em temperatura ambiente. Tudo\u00a0conforme sua prefer\u00eancia.<\/p>\n<h2 style=\"text-align: center;\">HIST\u00d3RIA VIAJANDO COM TOLEDO<\/h2>\n<p style=\"text-align: center;\">Em 2016 o jornalista Ot\u00e1vio di Toledo transformou suas viagens por mais de 600 cidades de Minas Gerais em conte\u00fado digital. Al\u00e9m de ser reconhecido por seu programa de turismo e cultura, &#8220;Via\u00e7\u00e3o Cip\u00f3&#8221;, e sua participa\u00e7\u00e3o como comentarista no programa esportivo &#8220;Alterosa Esporte&#8221;, ambos no SBT, Toledo se tornou uma figura influente no meio digital com o &#8220;Viajando com Toledo&#8221;, que possui mais de 470 mil seguidores em todas as redes sociais. Em 2021, fundou a Loja do Viajando com Toledo, visando promover os produtos de Minas Gerais em todo o Pa\u00eds. Com o sucesso da vendinha mineira, que j\u00e1 realizou mais de cinco mil pedidos, Toledo decidiu lan\u00e7ar a Cacha\u00e7a Viajando com Toledo, ap\u00f3s mais de seis meses de desenvolvimento minucioso, visando proporcionar uma experi\u00eancia \u00fanica aos mais exigentes paladares. A cacha\u00e7a \u00e9 um convite para vivenciar Minas Gerais atrav\u00e9s do seu sabor.<\/p>\n","protected":false},"excerpt":{"rendered":"<p>A Cacha\u00e7a Viajando com Toledo Alma do Tempo \u00e9 produzida artesanalmente em Congonhas, Minas Gerais, esta cacha\u00e7a \u00e9 a express\u00e3o m\u00e1xima da tradi\u00e7\u00e3o mineira aliada \u00e0 sofistica\u00e7\u00e3o dos grandes destilados. Esse blend \u00e9 envelhecida por 4 anos em barris de carvalho americano e b\u00e1lsamo, entrega um perfil sensorial \u00fanico, resultado do encontro entre suavidade e [&hellip;]<\/p>\n","protected":false},"featured_media":3708,"comment_status":"closed","ping_status":"closed","template":"","meta":{"_acf_changed":false,"_monsterinsights_skip_tracking":false,"_monsterinsights_sitenote_active":false,"_monsterinsights_sitenote_note":"","_monsterinsights_sitenote_category":0},"product_cat":[56,63,49],"product_tag":[],"class_list":{"0":"post-2923","1":"product","2":"type-product","3":"status-publish","4":"has-post-thumbnail","6":"product_cat-cachacas","7":"product_cat-central","8":"product_cat-destaque","9":"product_shipping_class-produtos-diversos","11":"first","12":"instock","13":"taxable","14":"shipping-taxable","15":"purchasable","16":"product-type-simple"},"acf":[],"aioseo_notices":[],"yoast_head":"<!-- This site is optimized with the Yoast SEO plugin v25.8 - https:\/\/yoast.com\/wordpress\/plugins\/seo\/ -->\n<title>Cacha\u00e7a Alma do Tempo 750ml<\/title>\n<meta name=\"description\" content=\"Cacha\u00e7a Alma do Tempo 750ml - 4 anos envelhecida em Barris de carvalho americano - Envio gr\u00e1tis para todo o Brasil - Parcele em 12x\" \/>\n<meta name=\"robots\" content=\"index, follow, max-snippet:-1, max-image-preview:large, max-video-preview:-1\" \/>\n<link rel=\"canonical\" href=\"https:\/\/viajandocomtoledo.com.br\/loja\/produto\/cachaca-toledo\/\" \/>\n<meta property=\"og:locale\" content=\"pt_BR\" \/>\n<meta property=\"og:type\" content=\"article\" \/>\n<meta property=\"og:title\" content=\"Cacha\u00e7a Alma do Tempo 750ml\" \/>\n<meta property=\"og:description\" content=\"Cacha\u00e7a Alma do Tempo 750ml - 4 anos envelhecida em Barris de carvalho americano - Envio gr\u00e1tis para todo o Brasil - Parcele em 12x\" \/>\n<meta property=\"og:url\" content=\"https:\/\/viajandocomtoledo.com.br\/loja\/produto\/cachaca-toledo\/\" \/>\n<meta property=\"og:site_name\" content=\"Loja Viajando com Toledo\" \/>\n<meta property=\"article:publisher\" content=\"https:\/\/web.facebook.com\/viajandocomtoledo\" \/>\n<meta property=\"article:modified_time\" content=\"2026-03-12T13:41:20+00:00\" \/>\n<meta property=\"og:image\" content=\"https:\/\/viajandocomtoledo.com.br\/loja\/wp-content\/uploads\/2024\/04\/Design-sem-nome-10.png\" \/>\n\t<meta property=\"og:image:width\" content=\"1080\" \/>\n\t<meta property=\"og:image:height\" content=\"1080\" \/>\n\t<meta property=\"og:image:type\" content=\"image\/png\" \/>\n<meta name=\"twitter:card\" content=\"summary_large_image\" \/>\n<meta name=\"twitter:label1\" content=\"Est. tempo de leitura\" \/>\n\t<meta name=\"twitter:data1\" content=\"3 minutos\" \/>\n<script type=\"application\/ld+json\" class=\"yoast-schema-graph\">{\"@context\":\"https:\/\/schema.org\",\"@graph\":[{\"@type\":\"WebPage\",\"@id\":\"https:\/\/viajandocomtoledo.com.br\/loja\/produto\/cachaca-toledo\/\",\"url\":\"https:\/\/viajandocomtoledo.com.br\/loja\/produto\/cachaca-toledo\/\",\"name\":\"Cacha\u00e7a Alma do Tempo 750ml\",\"isPartOf\":{\"@id\":\"https:\/\/viajandocomtoledo.com.br\/loja\/#website\"},\"primaryImageOfPage\":{\"@id\":\"https:\/\/viajandocomtoledo.com.br\/loja\/produto\/cachaca-toledo\/#primaryimage\"},\"image\":{\"@id\":\"https:\/\/viajandocomtoledo.com.br\/loja\/produto\/cachaca-toledo\/#primaryimage\"},\"thumbnailUrl\":\"https:\/\/viajandocomtoledo.com.br\/loja\/wp-content\/uploads\/2024\/04\/Design-sem-nome-10.png\",\"datePublished\":\"2024-04-23T12:56:49+00:00\",\"dateModified\":\"2026-03-12T13:41:20+00:00\",\"description\":\"Cacha\u00e7a Alma do Tempo 750ml - 4 anos envelhecida em Barris de carvalho americano - Envio gr\u00e1tis para todo o Brasil - Parcele em 12x\",\"breadcrumb\":{\"@id\":\"https:\/\/viajandocomtoledo.com.br\/loja\/produto\/cachaca-toledo\/#breadcrumb\"},\"inLanguage\":\"pt-BR\",\"potentialAction\":[{\"@type\":\"ReadAction\",\"target\":[\"https:\/\/viajandocomtoledo.com.br\/loja\/produto\/cachaca-toledo\/\"]}]},{\"@type\":\"ImageObject\",\"inLanguage\":\"pt-BR\",\"@id\":\"https:\/\/viajandocomtoledo.com.br\/loja\/produto\/cachaca-toledo\/#primaryimage\",\"url\":\"https:\/\/viajandocomtoledo.com.br\/loja\/wp-content\/uploads\/2024\/04\/Design-sem-nome-10.png\",\"contentUrl\":\"https:\/\/viajandocomtoledo.com.br\/loja\/wp-content\/uploads\/2024\/04\/Design-sem-nome-10.png\",\"width\":1080,\"height\":1080},{\"@type\":\"BreadcrumbList\",\"@id\":\"https:\/\/viajandocomtoledo.com.br\/loja\/produto\/cachaca-toledo\/#breadcrumb\",\"itemListElement\":[{\"@type\":\"ListItem\",\"position\":1,\"name\":\"In\u00edcio\",\"item\":\"https:\/\/viajandocomtoledo.com.br\/loja\/\"},{\"@type\":\"ListItem\",\"position\":2,\"name\":\"Produtos\",\"item\":\"https:\/\/viajandocomtoledo.com.br\/loja\/\"},{\"@type\":\"ListItem\",\"position\":3,\"name\":\"Cacha\u00e7a Alma do Tempo 750ml\"}]},{\"@type\":\"WebSite\",\"@id\":\"https:\/\/viajandocomtoledo.com.br\/loja\/#website\",\"url\":\"https:\/\/viajandocomtoledo.com.br\/loja\/\",\"name\":\"Loja Viajando com Toledo\",\"description\":\"Loja do site - Viajando com Toledo\",\"publisher\":{\"@id\":\"https:\/\/viajandocomtoledo.com.br\/loja\/#organization\"},\"potentialAction\":[{\"@type\":\"SearchAction\",\"target\":{\"@type\":\"EntryPoint\",\"urlTemplate\":\"https:\/\/viajandocomtoledo.com.br\/loja\/?s={search_term_string}\"},\"query-input\":{\"@type\":\"PropertyValueSpecification\",\"valueRequired\":true,\"valueName\":\"search_term_string\"}}],\"inLanguage\":\"pt-BR\"},{\"@type\":\"Organization\",\"@id\":\"https:\/\/viajandocomtoledo.com.br\/loja\/#organization\",\"name\":\"Loja Viajando com Toledo\",\"url\":\"https:\/\/viajandocomtoledo.com.br\/loja\/\",\"logo\":{\"@type\":\"ImageObject\",\"inLanguage\":\"pt-BR\",\"@id\":\"https:\/\/viajandocomtoledo.com.br\/loja\/#\/schema\/logo\/image\/\",\"url\":\"https:\/\/viajandocomtoledo.com.br\/loja\/wp-content\/uploads\/2021\/07\/LOGO-VCT-e1626871875731.png\",\"contentUrl\":\"https:\/\/viajandocomtoledo.com.br\/loja\/wp-content\/uploads\/2021\/07\/LOGO-VCT-e1626871875731.png\",\"width\":100,\"height\":46,\"caption\":\"Loja Viajando com Toledo\"},\"image\":{\"@id\":\"https:\/\/viajandocomtoledo.com.br\/loja\/#\/schema\/logo\/image\/\"},\"sameAs\":[\"https:\/\/web.facebook.com\/viajandocomtoledo\",\"https:\/\/www.instagram.com\/viajandocomtoledo\/\"]}]}<\/script>\n<!-- \/ Yoast SEO plugin. -->","yoast_head_json":{"title":"Cacha\u00e7a Alma do Tempo 750ml","description":"Cacha\u00e7a Alma do Tempo 750ml - 4 anos envelhecida em Barris de carvalho americano - Envio gr\u00e1tis para todo o Brasil - Parcele em 12x","robots":{"index":"index","follow":"follow","max-snippet":"max-snippet:-1","max-image-preview":"max-image-preview:large","max-video-preview":"max-video-preview:-1"},"canonical":"https:\/\/viajandocomtoledo.com.br\/loja\/produto\/cachaca-toledo\/","og_locale":"pt_BR","og_type":"article","og_title":"Cacha\u00e7a Alma do Tempo 750ml","og_description":"Cacha\u00e7a Alma do Tempo 750ml - 4 anos envelhecida em Barris de carvalho americano - Envio gr\u00e1tis para todo o Brasil - Parcele em 12x","og_url":"https:\/\/viajandocomtoledo.com.br\/loja\/produto\/cachaca-toledo\/","og_site_name":"Loja Viajando com Toledo","article_publisher":"https:\/\/web.facebook.com\/viajandocomtoledo","article_modified_time":"2026-03-12T13:41:20+00:00","og_image":[{"width":1080,"height":1080,"url":"https:\/\/viajandocomtoledo.com.br\/loja\/wp-content\/uploads\/2024\/04\/Design-sem-nome-10.png","type":"image\/png"}],"twitter_card":"summary_large_image","twitter_misc":{"Est. tempo de leitura":"3 minutos"},"schema":{"@context":"https:\/\/schema.org","@graph":[{"@type":"WebPage","@id":"https:\/\/viajandocomtoledo.com.br\/loja\/produto\/cachaca-toledo\/","url":"https:\/\/viajandocomtoledo.com.br\/loja\/produto\/cachaca-toledo\/","name":"Cacha\u00e7a Alma do Tempo 750ml","isPartOf":{"@id":"https:\/\/viajandocomtoledo.com.br\/loja\/#website"},"primaryImageOfPage":{"@id":"https:\/\/viajandocomtoledo.com.br\/loja\/produto\/cachaca-toledo\/#primaryimage"},"image":{"@id":"https:\/\/viajandocomtoledo.com.br\/loja\/produto\/cachaca-toledo\/#primaryimage"},"thumbnailUrl":"https:\/\/viajandocomtoledo.com.br\/loja\/wp-content\/uploads\/2024\/04\/Design-sem-nome-10.png","datePublished":"2024-04-23T12:56:49+00:00","dateModified":"2026-03-12T13:41:20+00:00","description":"Cacha\u00e7a Alma do Tempo 750ml - 4 anos envelhecida em Barris de carvalho americano - Envio gr\u00e1tis para todo o Brasil - Parcele em 12x","breadcrumb":{"@id":"https:\/\/viajandocomtoledo.com.br\/loja\/produto\/cachaca-toledo\/#breadcrumb"},"inLanguage":"pt-BR","potentialAction":[{"@type":"ReadAction","target":["https:\/\/viajandocomtoledo.com.br\/loja\/produto\/cachaca-toledo\/"]}]},{"@type":"ImageObject","inLanguage":"pt-BR","@id":"https:\/\/viajandocomtoledo.com.br\/loja\/produto\/cachaca-toledo\/#primaryimage","url":"https:\/\/viajandocomtoledo.com.br\/loja\/wp-content\/uploads\/2024\/04\/Design-sem-nome-10.png","contentUrl":"https:\/\/viajandocomtoledo.com.br\/loja\/wp-content\/uploads\/2024\/04\/Design-sem-nome-10.png","width":1080,"height":1080},{"@type":"BreadcrumbList","@id":"https:\/\/viajandocomtoledo.com.br\/loja\/produto\/cachaca-toledo\/#breadcrumb","itemListElement":[{"@type":"ListItem","position":1,"name":"In\u00edcio","item":"https:\/\/viajandocomtoledo.com.br\/loja\/"},{"@type":"ListItem","position":2,"name":"Produtos","item":"https:\/\/viajandocomtoledo.com.br\/loja\/"},{"@type":"ListItem","position":3,"name":"Cacha\u00e7a Alma do Tempo 750ml"}]},{"@type":"WebSite","@id":"https:\/\/viajandocomtoledo.com.br\/loja\/#website","url":"https:\/\/viajandocomtoledo.com.br\/loja\/","name":"Loja Viajando com Toledo","description":"Loja do site - Viajando com Toledo","publisher":{"@id":"https:\/\/viajandocomtoledo.com.br\/loja\/#organization"},"potentialAction":[{"@type":"SearchAction","target":{"@type":"EntryPoint","urlTemplate":"https:\/\/viajandocomtoledo.com.br\/loja\/?s={search_term_string}"},"query-input":{"@type":"PropertyValueSpecification","valueRequired":true,"valueName":"search_term_string"}}],"inLanguage":"pt-BR"},{"@type":"Organization","@id":"https:\/\/viajandocomtoledo.com.br\/loja\/#organization","name":"Loja Viajando com Toledo","url":"https:\/\/viajandocomtoledo.com.br\/loja\/","logo":{"@type":"ImageObject","inLanguage":"pt-BR","@id":"https:\/\/viajandocomtoledo.com.br\/loja\/#\/schema\/logo\/image\/","url":"https:\/\/viajandocomtoledo.com.br\/loja\/wp-content\/uploads\/2021\/07\/LOGO-VCT-e1626871875731.png","contentUrl":"https:\/\/viajandocomtoledo.com.br\/loja\/wp-content\/uploads\/2021\/07\/LOGO-VCT-e1626871875731.png","width":100,"height":46,"caption":"Loja Viajando com Toledo"},"image":{"@id":"https:\/\/viajandocomtoledo.com.br\/loja\/#\/schema\/logo\/image\/"},"sameAs":["https:\/\/web.facebook.com\/viajandocomtoledo","https:\/\/www.instagram.com\/viajandocomtoledo\/"]}]}},"_links":{"self":[{"href":"https:\/\/viajandocomtoledo.com.br\/loja\/wp-json\/wp\/v2\/product\/2923","targetHints":{"allow":["GET"]}}],"collection":[{"href":"https:\/\/viajandocomtoledo.com.br\/loja\/wp-json\/wp\/v2\/product"}],"about":[{"href":"https:\/\/viajandocomtoledo.com.br\/loja\/wp-json\/wp\/v2\/types\/product"}],"replies":[{"embeddable":true,"href":"https:\/\/viajandocomtoledo.com.br\/loja\/wp-json\/wp\/v2\/comments?post=2923"}],"wp:featuredmedia":[{"embeddable":true,"href":"https:\/\/viajandocomtoledo.com.br\/loja\/wp-json\/wp\/v2\/media\/3708"}],"wp:attachment":[{"href":"https:\/\/viajandocomtoledo.com.br\/loja\/wp-json\/wp\/v2\/media?parent=2923"}],"wp:term":[{"taxonomy":"product_cat","embeddable":true,"href":"https:\/\/viajandocomtoledo.com.br\/loja\/wp-json\/wp\/v2\/product_cat?post=2923"},{"taxonomy":"product_tag","embeddable":true,"href":"https:\/\/viajandocomtoledo.com.br\/loja\/wp-json\/wp\/v2\/product_tag?post=2923"}],"curies":[{"name":"wp","href":"https:\/\/api.w.org\/{rel}","templated":true}]}}