{"id":2755,"date":"2024-01-16T15:18:47","date_gmt":"2024-01-16T18:18:47","guid":{"rendered":"https:\/\/viajandocomtoledo.com.br\/loja\/?post_type=product&#038;p=2755"},"modified":"2025-12-15T18:51:03","modified_gmt":"2025-12-15T21:51:03","slug":"cachaca-monttero-amburana-700ml","status":"publish","type":"product","link":"https:\/\/viajandocomtoledo.com.br\/loja\/produto\/cachaca-monttero-amburana-700ml\/","title":{"rendered":"Cacha\u00e7a Monttero Amburana 700ml"},"content":{"rendered":"<p style=\"text-align: center;\">A Cacha\u00e7a Monttero Amburana 700ml \u00e9 produzida com o mais exigente n\u00edvel de qualidade, se tornando uma bebida incr\u00edvel de ser tomada. Envelhecida em barril de amburana, que confere \u00e0 bebida aromas e sabores suaves, aveludados que remetem a notas de am\u00eandoas e baunilha. Essa cacha\u00e7a \u00e9 perfeita para os apreciadores de uma boa bebida.<\/p>\n<h2 style=\"text-align: center;\">CARACTER\u00cdSTICAS<\/h2>\n<ul>\n<li><em><strong>Regi\u00e3o:<\/strong> Congonhas \/ Minas Gerais.<\/em><\/li>\n<li><em><strong>Ingredientes:<\/strong> Mosto fermentado do caldo de cana-de-a\u00e7\u00facar.<\/em><\/li>\n<li><em><strong>Aroma e <\/strong><\/em><em><strong>Sabor:<\/strong> bebida com aromas e sabores suaves, aveludados que remetem a notas de am\u00eandoas e baunilha.<\/em><\/li>\n<li><em><strong>Amadurecimento:<\/strong> 2 anos em barril de amburana.<\/em><\/li>\n<li><em><strong>Gradua\u00e7\u00e3o alc\u00f3olica:<\/strong> ABV: 39%.<\/em><\/li>\n<li><em><strong>Volume:<\/strong> 700mL.<\/em><\/li>\n<\/ul>\n<h2 style=\"text-align: center;\">SUGEST\u00c3O DE CONSUMO<\/h2>\n<p style=\"text-align: center;\">Experimente gelada.<\/p>\n<h2 style=\"text-align: center;\"><strong>ENTREGA<\/strong><\/h2>\n<ul>\n<li>Frete gr\u00e1tis nas compras acima de R$200,00.<\/li>\n<li>Compra garantida, receba o produto que est\u00e1 esperando ou devolvemos o dinheiro.<\/li>\n<\/ul>\n<h2 style=\"text-align: center;\">NOSSA MISS\u00c3O<\/h2>\n<p style=\"text-align: center;\">Buscando sempre mostrar o que h\u00e1 de melhor nos produtos ou nos lugares de Minas Gerais e do Brasil, o Viajando com Toledo tem a miss\u00e3o de levar at\u00e9 voc\u00ea uma experi\u00eancia adquirida em mais de 18 anos de estrada, por onde conhecemos a cultura, o turismo, o meio ambiente e as ra\u00edzes do nosso pa\u00eds. Compre em uma loja com produtos 100% brasileiros.<\/p>\n","protected":false},"excerpt":{"rendered":"<p style=\"text-align: center;\">A Cacha\u00e7a Monttero Amburana 700ml \u00e9 produzida com o mais exigente n\u00edvel de qualidade, se tornando uma bebida incr\u00edvel de ser tomada. Envelhecida em barril de amburana, que confere \u00e0 bebida aromas e sabores suaves, aveludados que remetem a notas de am\u00eandoas e baunilha. Essa cacha\u00e7a \u00e9 perfeita para os apreciadores de uma boa bebida.<\/p>\n<h2 style=\"text-align: center;\">CARACTER\u00cdSTICAS<\/h2>\n<ul>\n<li><em><strong>Regi\u00e3o:<\/strong> Congonhas \/ Minas Gerais.<\/em><\/li>\n<li><em><strong>Ingredientes:<\/strong> Mosto fermentado do caldo de cana-de-a\u00e7\u00facar.<\/em><\/li>\n<li><em><strong>Aroma e <\/strong><\/em><em><strong>Sabor:<\/strong> bebida com aromas e sabores suaves, aveludados que remetem a notas de am\u00eandoas e baunilha.<\/em><\/li>\n<li><em><strong>Amadurecimento:<\/strong> 2 anos em barril de amburana.<\/em><\/li>\n<li><em><strong>Gradua\u00e7\u00e3o alc\u00f3olica:<\/strong> ABV: 39%.<\/em><\/li>\n<li><em><strong>Volume:<\/strong> 700mL.<\/em><\/li>\n<\/ul>\n<h2 style=\"text-align: center;\">SUGEST\u00c3O DE CONSUMO<\/h2>\n<p style=\"text-align: center;\">Experimente gelada.<\/p>\n<h2 style=\"text-align: center;\"><strong>ENTREGA<\/strong><\/h2>\n<ul>\n<li>Frete gr\u00e1tis nas compras acima de R$200,00.<\/li>\n<li>Compra garantida, receba o produto que est\u00e1 esperando ou devolvemos o dinheiro.<\/li>\n<\/ul>\n<h2 style=\"text-align: center;\">NOSSA MISS\u00c3O<\/h2>\n<p style=\"text-align: center;\">Buscando sempre mostrar o que h\u00e1 de melhor nos produtos ou nos lugares de Minas Gerais e do Brasil, o Viajando com Toledo tem a miss\u00e3o de levar at\u00e9 voc\u00ea uma experi\u00eancia adquirida em mais de 18 anos de estrada, por onde conhecemos a cultura, o turismo, o meio ambiente e as ra\u00edzes do nosso pa\u00eds. Compre em uma loja com produtos 100% brasileiros.<\/p>\n","protected":false},"featured_media":2764,"comment_status":"closed","ping_status":"closed","template":"","meta":{"_acf_changed":false,"_monsterinsights_skip_tracking":false,"_monsterinsights_sitenote_active":false,"_monsterinsights_sitenote_note":"","_monsterinsights_sitenote_category":0},"product_cat":[56,63],"product_tag":[],"class_list":{"0":"post-2755","1":"product","2":"type-product","3":"status-publish","4":"has-post-thumbnail","6":"product_cat-cachacas","7":"product_cat-central","8":"product_shipping_class-produtos-diversos","10":"first","11":"instock","12":"taxable","13":"shipping-taxable","14":"purchasable","15":"product-type-simple"},"acf":[],"aioseo_notices":[],"yoast_head":"<!-- This site is optimized with the Yoast SEO plugin v25.8 - https:\/\/yoast.com\/wordpress\/plugins\/seo\/ -->\n<title>Cacha\u00e7a Monttero Amburana 700ml - Loja Viajando com Toledo<\/title>\n<meta name=\"description\" content=\"Cacha\u00e7a Monttero Amburana - Feita em Minas Gerais - Envio imediato para todo o Brasil - Em at\u00e9 3x sem juros\" \/>\n<meta name=\"robots\" content=\"index, follow, max-snippet:-1, max-image-preview:large, max-video-preview:-1\" \/>\n<link rel=\"canonical\" href=\"https:\/\/viajandocomtoledo.com.br\/loja\/produto\/cachaca-monttero-amburana-700ml\/\" \/>\n<meta property=\"og:locale\" content=\"pt_BR\" \/>\n<meta property=\"og:type\" content=\"article\" \/>\n<meta property=\"og:title\" content=\"Cacha\u00e7a Monttero Amburana 700ml - Loja Viajando com Toledo\" \/>\n<meta property=\"og:description\" content=\"Cacha\u00e7a Monttero Amburana - Feita em Minas Gerais - Envio imediato para todo o Brasil - Em at\u00e9 3x sem juros\" \/>\n<meta property=\"og:url\" content=\"https:\/\/viajandocomtoledo.com.br\/loja\/produto\/cachaca-monttero-amburana-700ml\/\" \/>\n<meta property=\"og:site_name\" content=\"Loja Viajando com Toledo\" \/>\n<meta property=\"article:publisher\" content=\"https:\/\/web.facebook.com\/viajandocomtoledo\" \/>\n<meta property=\"article:modified_time\" content=\"2025-12-15T21:51:03+00:00\" \/>\n<meta property=\"og:image\" content=\"https:\/\/viajandocomtoledo.com.br\/loja\/wp-content\/uploads\/2023\/08\/WhatsApp-Image-2023-08-21-at-10.42.55.jpeg\" \/>\n\t<meta property=\"og:image:width\" content=\"1600\" \/>\n\t<meta property=\"og:image:height\" content=\"1600\" \/>\n\t<meta property=\"og:image:type\" content=\"image\/jpeg\" \/>\n<meta name=\"twitter:card\" content=\"summary_large_image\" \/>\n<meta name=\"twitter:label1\" content=\"Est. tempo de leitura\" \/>\n\t<meta name=\"twitter:data1\" content=\"2 minutos\" \/>\n<script type=\"application\/ld+json\" class=\"yoast-schema-graph\">{\"@context\":\"https:\/\/schema.org\",\"@graph\":[{\"@type\":\"WebPage\",\"@id\":\"https:\/\/viajandocomtoledo.com.br\/loja\/produto\/cachaca-monttero-amburana-700ml\/\",\"url\":\"https:\/\/viajandocomtoledo.com.br\/loja\/produto\/cachaca-monttero-amburana-700ml\/\",\"name\":\"Cacha\u00e7a Monttero Amburana 700ml - Loja Viajando com Toledo\",\"isPartOf\":{\"@id\":\"https:\/\/viajandocomtoledo.com.br\/loja\/#website\"},\"primaryImageOfPage\":{\"@id\":\"https:\/\/viajandocomtoledo.com.br\/loja\/produto\/cachaca-monttero-amburana-700ml\/#primaryimage\"},\"image\":{\"@id\":\"https:\/\/viajandocomtoledo.com.br\/loja\/produto\/cachaca-monttero-amburana-700ml\/#primaryimage\"},\"thumbnailUrl\":\"https:\/\/viajandocomtoledo.com.br\/loja\/wp-content\/uploads\/2023\/08\/WhatsApp-Image-2023-08-21-at-10.42.55.jpeg\",\"datePublished\":\"2024-01-16T18:18:47+00:00\",\"dateModified\":\"2025-12-15T21:51:03+00:00\",\"description\":\"Cacha\u00e7a Monttero Amburana - Feita em Minas Gerais - Envio imediato para todo o Brasil - Em at\u00e9 3x sem juros\",\"breadcrumb\":{\"@id\":\"https:\/\/viajandocomtoledo.com.br\/loja\/produto\/cachaca-monttero-amburana-700ml\/#breadcrumb\"},\"inLanguage\":\"pt-BR\",\"potentialAction\":[{\"@type\":\"ReadAction\",\"target\":[\"https:\/\/viajandocomtoledo.com.br\/loja\/produto\/cachaca-monttero-amburana-700ml\/\"]}]},{\"@type\":\"ImageObject\",\"inLanguage\":\"pt-BR\",\"@id\":\"https:\/\/viajandocomtoledo.com.br\/loja\/produto\/cachaca-monttero-amburana-700ml\/#primaryimage\",\"url\":\"https:\/\/viajandocomtoledo.com.br\/loja\/wp-content\/uploads\/2023\/08\/WhatsApp-Image-2023-08-21-at-10.42.55.jpeg\",\"contentUrl\":\"https:\/\/viajandocomtoledo.com.br\/loja\/wp-content\/uploads\/2023\/08\/WhatsApp-Image-2023-08-21-at-10.42.55.jpeg\",\"width\":1600,\"height\":1600},{\"@type\":\"BreadcrumbList\",\"@id\":\"https:\/\/viajandocomtoledo.com.br\/loja\/produto\/cachaca-monttero-amburana-700ml\/#breadcrumb\",\"itemListElement\":[{\"@type\":\"ListItem\",\"position\":1,\"name\":\"In\u00edcio\",\"item\":\"https:\/\/viajandocomtoledo.com.br\/loja\/\"},{\"@type\":\"ListItem\",\"position\":2,\"name\":\"Produtos\",\"item\":\"https:\/\/viajandocomtoledo.com.br\/loja\/\"},{\"@type\":\"ListItem\",\"position\":3,\"name\":\"Cacha\u00e7a Monttero Amburana 700ml\"}]},{\"@type\":\"WebSite\",\"@id\":\"https:\/\/viajandocomtoledo.com.br\/loja\/#website\",\"url\":\"https:\/\/viajandocomtoledo.com.br\/loja\/\",\"name\":\"Loja Viajando com Toledo\",\"description\":\"Loja do site - Viajando com Toledo\",\"publisher\":{\"@id\":\"https:\/\/viajandocomtoledo.com.br\/loja\/#organization\"},\"potentialAction\":[{\"@type\":\"SearchAction\",\"target\":{\"@type\":\"EntryPoint\",\"urlTemplate\":\"https:\/\/viajandocomtoledo.com.br\/loja\/?s={search_term_string}\"},\"query-input\":{\"@type\":\"PropertyValueSpecification\",\"valueRequired\":true,\"valueName\":\"search_term_string\"}}],\"inLanguage\":\"pt-BR\"},{\"@type\":\"Organization\",\"@id\":\"https:\/\/viajandocomtoledo.com.br\/loja\/#organization\",\"name\":\"Loja Viajando com Toledo\",\"url\":\"https:\/\/viajandocomtoledo.com.br\/loja\/\",\"logo\":{\"@type\":\"ImageObject\",\"inLanguage\":\"pt-BR\",\"@id\":\"https:\/\/viajandocomtoledo.com.br\/loja\/#\/schema\/logo\/image\/\",\"url\":\"https:\/\/viajandocomtoledo.com.br\/loja\/wp-content\/uploads\/2021\/07\/LOGO-VCT-e1626871875731.png\",\"contentUrl\":\"https:\/\/viajandocomtoledo.com.br\/loja\/wp-content\/uploads\/2021\/07\/LOGO-VCT-e1626871875731.png\",\"width\":100,\"height\":46,\"caption\":\"Loja Viajando com Toledo\"},\"image\":{\"@id\":\"https:\/\/viajandocomtoledo.com.br\/loja\/#\/schema\/logo\/image\/\"},\"sameAs\":[\"https:\/\/web.facebook.com\/viajandocomtoledo\",\"https:\/\/www.instagram.com\/viajandocomtoledo\/\"]}]}<\/script>\n<!-- \/ Yoast SEO plugin. -->","yoast_head_json":{"title":"Cacha\u00e7a Monttero Amburana 700ml - Loja Viajando com Toledo","description":"Cacha\u00e7a Monttero Amburana - Feita em Minas Gerais - Envio imediato para todo o Brasil - Em at\u00e9 3x sem juros","robots":{"index":"index","follow":"follow","max-snippet":"max-snippet:-1","max-image-preview":"max-image-preview:large","max-video-preview":"max-video-preview:-1"},"canonical":"https:\/\/viajandocomtoledo.com.br\/loja\/produto\/cachaca-monttero-amburana-700ml\/","og_locale":"pt_BR","og_type":"article","og_title":"Cacha\u00e7a Monttero Amburana 700ml - Loja Viajando com Toledo","og_description":"Cacha\u00e7a Monttero Amburana - Feita em Minas Gerais - Envio imediato para todo o Brasil - Em at\u00e9 3x sem juros","og_url":"https:\/\/viajandocomtoledo.com.br\/loja\/produto\/cachaca-monttero-amburana-700ml\/","og_site_name":"Loja Viajando com Toledo","article_publisher":"https:\/\/web.facebook.com\/viajandocomtoledo","article_modified_time":"2025-12-15T21:51:03+00:00","og_image":[{"width":1600,"height":1600,"url":"https:\/\/viajandocomtoledo.com.br\/loja\/wp-content\/uploads\/2023\/08\/WhatsApp-Image-2023-08-21-at-10.42.55.jpeg","type":"image\/jpeg"}],"twitter_card":"summary_large_image","twitter_misc":{"Est. tempo de leitura":"2 minutos"},"schema":{"@context":"https:\/\/schema.org","@graph":[{"@type":"WebPage","@id":"https:\/\/viajandocomtoledo.com.br\/loja\/produto\/cachaca-monttero-amburana-700ml\/","url":"https:\/\/viajandocomtoledo.com.br\/loja\/produto\/cachaca-monttero-amburana-700ml\/","name":"Cacha\u00e7a Monttero Amburana 700ml - Loja Viajando com Toledo","isPartOf":{"@id":"https:\/\/viajandocomtoledo.com.br\/loja\/#website"},"primaryImageOfPage":{"@id":"https:\/\/viajandocomtoledo.com.br\/loja\/produto\/cachaca-monttero-amburana-700ml\/#primaryimage"},"image":{"@id":"https:\/\/viajandocomtoledo.com.br\/loja\/produto\/cachaca-monttero-amburana-700ml\/#primaryimage"},"thumbnailUrl":"https:\/\/viajandocomtoledo.com.br\/loja\/wp-content\/uploads\/2023\/08\/WhatsApp-Image-2023-08-21-at-10.42.55.jpeg","datePublished":"2024-01-16T18:18:47+00:00","dateModified":"2025-12-15T21:51:03+00:00","description":"Cacha\u00e7a Monttero Amburana - Feita em Minas Gerais - Envio imediato para todo o Brasil - Em at\u00e9 3x sem juros","breadcrumb":{"@id":"https:\/\/viajandocomtoledo.com.br\/loja\/produto\/cachaca-monttero-amburana-700ml\/#breadcrumb"},"inLanguage":"pt-BR","potentialAction":[{"@type":"ReadAction","target":["https:\/\/viajandocomtoledo.com.br\/loja\/produto\/cachaca-monttero-amburana-700ml\/"]}]},{"@type":"ImageObject","inLanguage":"pt-BR","@id":"https:\/\/viajandocomtoledo.com.br\/loja\/produto\/cachaca-monttero-amburana-700ml\/#primaryimage","url":"https:\/\/viajandocomtoledo.com.br\/loja\/wp-content\/uploads\/2023\/08\/WhatsApp-Image-2023-08-21-at-10.42.55.jpeg","contentUrl":"https:\/\/viajandocomtoledo.com.br\/loja\/wp-content\/uploads\/2023\/08\/WhatsApp-Image-2023-08-21-at-10.42.55.jpeg","width":1600,"height":1600},{"@type":"BreadcrumbList","@id":"https:\/\/viajandocomtoledo.com.br\/loja\/produto\/cachaca-monttero-amburana-700ml\/#breadcrumb","itemListElement":[{"@type":"ListItem","position":1,"name":"In\u00edcio","item":"https:\/\/viajandocomtoledo.com.br\/loja\/"},{"@type":"ListItem","position":2,"name":"Produtos","item":"https:\/\/viajandocomtoledo.com.br\/loja\/"},{"@type":"ListItem","position":3,"name":"Cacha\u00e7a Monttero Amburana 700ml"}]},{"@type":"WebSite","@id":"https:\/\/viajandocomtoledo.com.br\/loja\/#website","url":"https:\/\/viajandocomtoledo.com.br\/loja\/","name":"Loja Viajando com Toledo","description":"Loja do site - Viajando com Toledo","publisher":{"@id":"https:\/\/viajandocomtoledo.com.br\/loja\/#organization"},"potentialAction":[{"@type":"SearchAction","target":{"@type":"EntryPoint","urlTemplate":"https:\/\/viajandocomtoledo.com.br\/loja\/?s={search_term_string}"},"query-input":{"@type":"PropertyValueSpecification","valueRequired":true,"valueName":"search_term_string"}}],"inLanguage":"pt-BR"},{"@type":"Organization","@id":"https:\/\/viajandocomtoledo.com.br\/loja\/#organization","name":"Loja Viajando com Toledo","url":"https:\/\/viajandocomtoledo.com.br\/loja\/","logo":{"@type":"ImageObject","inLanguage":"pt-BR","@id":"https:\/\/viajandocomtoledo.com.br\/loja\/#\/schema\/logo\/image\/","url":"https:\/\/viajandocomtoledo.com.br\/loja\/wp-content\/uploads\/2021\/07\/LOGO-VCT-e1626871875731.png","contentUrl":"https:\/\/viajandocomtoledo.com.br\/loja\/wp-content\/uploads\/2021\/07\/LOGO-VCT-e1626871875731.png","width":100,"height":46,"caption":"Loja Viajando com Toledo"},"image":{"@id":"https:\/\/viajandocomtoledo.com.br\/loja\/#\/schema\/logo\/image\/"},"sameAs":["https:\/\/web.facebook.com\/viajandocomtoledo","https:\/\/www.instagram.com\/viajandocomtoledo\/"]}]}},"_links":{"self":[{"href":"https:\/\/viajandocomtoledo.com.br\/loja\/wp-json\/wp\/v2\/product\/2755","targetHints":{"allow":["GET"]}}],"collection":[{"href":"https:\/\/viajandocomtoledo.com.br\/loja\/wp-json\/wp\/v2\/product"}],"about":[{"href":"https:\/\/viajandocomtoledo.com.br\/loja\/wp-json\/wp\/v2\/types\/product"}],"replies":[{"embeddable":true,"href":"https:\/\/viajandocomtoledo.com.br\/loja\/wp-json\/wp\/v2\/comments?post=2755"}],"wp:featuredmedia":[{"embeddable":true,"href":"https:\/\/viajandocomtoledo.com.br\/loja\/wp-json\/wp\/v2\/media\/2764"}],"wp:attachment":[{"href":"https:\/\/viajandocomtoledo.com.br\/loja\/wp-json\/wp\/v2\/media?parent=2755"}],"wp:term":[{"taxonomy":"product_cat","embeddable":true,"href":"https:\/\/viajandocomtoledo.com.br\/loja\/wp-json\/wp\/v2\/product_cat?post=2755"},{"taxonomy":"product_tag","embeddable":true,"href":"https:\/\/viajandocomtoledo.com.br\/loja\/wp-json\/wp\/v2\/product_tag?post=2755"}],"curies":[{"name":"wp","href":"https:\/\/api.w.org\/{rel}","templated":true}]}}