{"id":2364,"date":"2023-01-25T10:48:01","date_gmt":"2023-01-25T13:48:01","guid":{"rendered":"https:\/\/viajandocomtoledo.com.br\/loja\/?post_type=product&#038;p=2364"},"modified":"2025-10-10T11:32:53","modified_gmt":"2025-10-10T14:32:53","slug":"rum-norma-cristal-750ml","status":"publish","type":"product","link":"https:\/\/viajandocomtoledo.com.br\/loja\/produto\/rum-norma-cristal-750ml\/","title":{"rendered":"Rum Apraz Cristal 750ml"},"content":{"rendered":"<h2 style=\"text-align: center;\">DESCRI\u00c7\u00c3O<\/h2>\n<p style=\"text-align: center;\">Apraz Cristal \u00e9 um rum cl\u00e1ssico. Armazenado em barris de carvalho americano e com filtragem em carv\u00e3o ativado, tornando-o incolor, seu sabor e aroma s\u00e3o sutis e equilibrados, com notas delicadamente adocicadas que remetem a baunilha e caramelo. Ideal para ser consumido em coquet\u00e9is de frutas e outros drinks.<\/p>\n<h2 style=\"text-align: center;\">Detalhes<\/h2>\n<ul>\n<li><em><strong>Regi\u00e3o:\u00a0<\/strong>Matozinhos \/ Minas Gerais.<\/em><\/li>\n<li><b><i>Grad. Alco\u00f3lica: <\/i><\/b><i>40%Vol.<\/i><\/li>\n<li><strong><em>Aroma:<\/em> <\/strong><em><span style=\"font-style: inherit; font-weight: 500;\">Baunilha, nozes, cacau e frutado doce<\/span><\/em><\/li>\n<li><em><strong>Sabor:<\/strong> Leve, adocicado e picante.<\/em><\/li>\n<li><em><strong>Amadurecimento: <span style=\"font-style: inherit; font-weight: 500;\">Barril de\u00a0 Carvalho americano<\/span><\/strong><\/em><\/li>\n<li><em><strong>Volume:<\/strong> 750mL.<\/em><\/li>\n<\/ul>\n<h2 style=\"text-align: center;\">Sugest\u00e3o de Consumo<\/h2>\n<p style=\"text-align: center;\"><i>Pode ser apreciado puro, com gelo, em Coquet\u00e9is ou conforme sua prefer\u00eancia.<\/i><\/p>\n<h2 style=\"text-align: center;\">SUA HIST\u00d3RIA<\/h2>\n<p style=\"text-align: center;\">Toda boa rela\u00e7\u00e3o precisa de tempo para ser constru\u00edda. E foi para ter mais tempo juntos que os irm\u00e3os Lamas levaram ao extremo a paix\u00e3o por um destilado: o rum. Estes encontros, verdadeiras sess\u00f5es de estudo em busca de sabores \u00fanicos, t\u00e9cnicas mais aprimoradas e novas receitas, unem a tradi\u00e7\u00e3o aos sabores que criaram em fam\u00edlia. A Lamas \u00e9 uma destilaria mineira que se destaca no mercado internacional com notas \u00fanicas e profundas. Nutrindo uma paix\u00e3o pelo processo, pela fazedura, pela elabora\u00e7\u00e3o de um sabor capaz de proporcionar experi\u00eancias singulares de prazer e qualidade.<\/p>\n","protected":false},"excerpt":{"rendered":"<h2 style=\"text-align: center;\">DESCRI\u00c7\u00c3O<\/h2>\n<p style=\"text-align: center;\">Apraz Cristal \u00e9 um rum cl\u00e1ssico. Armazenado em barris de carvalho americano e com filtragem em carv\u00e3o ativado, tornando-o incolor, seu sabor e aroma s\u00e3o sutis e equilibrados, com notas delicadamente adocicadas que remetem a baunilha e caramelo. Ideal para ser consumido em coquet\u00e9is de frutas e outros drinks.<\/p>\n<h2 style=\"text-align: center;\">Detalhes<\/h2>\n<ul>\n<li><em><strong>Regi\u00e3o:\u00a0<\/strong>Matozinhos \/ Minas Gerais.<\/em><\/li>\n<li><b><i>Grad. Alco\u00f3lica: <\/i><\/b><i>40%Vol.<\/i><\/li>\n<li><strong><em>Aroma:<\/em> <\/strong><em><span style=\"font-style: inherit; font-weight: 500;\">Baunilha, nozes, cacau e frutado doce<\/span><\/em><\/li>\n<li><em><strong>Sabor:<\/strong> Leve, adocicado e picante.<\/em><\/li>\n<li><em><strong>Amadurecimento: <span style=\"font-style: inherit; font-weight: 500;\">Barril de\u00a0 Carvalho americano<\/span><\/strong><\/em><\/li>\n<li><em><strong>Volume:<\/strong> 750mL.<\/em><\/li>\n<\/ul>\n<h2 style=\"text-align: center;\">Sugest\u00e3o de Consumo<\/h2>\n<p style=\"text-align: center;\"><i>Pode ser apreciado puro, com gelo, em Coquet\u00e9is ou conforme sua prefer\u00eancia.<\/i><\/p>\n<h2 style=\"text-align: center;\">SUA HIST\u00d3RIA<\/h2>\n<p style=\"text-align: center;\">Toda boa rela\u00e7\u00e3o precisa de tempo para ser constru\u00edda. E foi para ter mais tempo juntos que os irm\u00e3os Lamas levaram ao extremo a paix\u00e3o por um destilado: o rum. Estes encontros, verdadeiras sess\u00f5es de estudo em busca de sabores \u00fanicos, t\u00e9cnicas mais aprimoradas e novas receitas, unem a tradi\u00e7\u00e3o aos sabores que criaram em fam\u00edlia. A Lamas \u00e9 uma destilaria mineira que se destaca no mercado internacional com notas \u00fanicas e profundas. Nutrindo uma paix\u00e3o pelo processo, pela fazedura, pela elabora\u00e7\u00e3o de um sabor capaz de proporcionar experi\u00eancias singulares de prazer e qualidade.<\/p>\n","protected":false},"featured_media":3665,"comment_status":"closed","ping_status":"closed","template":"","meta":{"_acf_changed":false,"_monsterinsights_skip_tracking":false,"_monsterinsights_sitenote_active":false,"_monsterinsights_sitenote_note":"","_monsterinsights_sitenote_category":0},"product_cat":[46,63],"product_tag":[],"class_list":{"0":"post-2364","1":"product","2":"type-product","3":"status-publish","4":"has-post-thumbnail","6":"product_cat-bebidas","7":"product_cat-central","8":"product_shipping_class-produtos-diversos","10":"first","11":"instock","12":"taxable","13":"shipping-taxable","14":"purchasable","15":"product-type-simple"},"acf":[],"aioseo_notices":[],"yoast_head":"<!-- This site is optimized with the Yoast SEO plugin v25.8 - https:\/\/yoast.com\/wordpress\/plugins\/seo\/ -->\n<title>Rum Apraz Cristal 750ml - Loja Viajando com Toledo<\/title>\n<meta name=\"description\" content=\"Rum Apraz Cristal 750ml - Rum feito em Minas Gerais - Envio imediato para todo Brasil - Parcele em at\u00e9 3x sem juros\" \/>\n<meta name=\"robots\" content=\"index, follow, max-snippet:-1, max-image-preview:large, max-video-preview:-1\" \/>\n<link rel=\"canonical\" href=\"https:\/\/viajandocomtoledo.com.br\/loja\/produto\/rum-norma-cristal-750ml\/\" \/>\n<meta property=\"og:locale\" content=\"pt_BR\" \/>\n<meta property=\"og:type\" content=\"article\" \/>\n<meta property=\"og:title\" content=\"Rum Apraz Cristal 750ml - Loja Viajando com Toledo\" \/>\n<meta property=\"og:description\" content=\"Rum Apraz Cristal 750ml - Rum feito em Minas Gerais - Envio imediato para todo Brasil - Parcele em at\u00e9 3x sem juros\" \/>\n<meta property=\"og:url\" content=\"https:\/\/viajandocomtoledo.com.br\/loja\/produto\/rum-norma-cristal-750ml\/\" \/>\n<meta property=\"og:site_name\" content=\"Loja Viajando com Toledo\" \/>\n<meta property=\"article:publisher\" content=\"https:\/\/web.facebook.com\/viajandocomtoledo\" \/>\n<meta property=\"article:modified_time\" content=\"2025-10-10T14:32:53+00:00\" \/>\n<meta property=\"og:image\" content=\"https:\/\/viajandocomtoledo.com.br\/loja\/wp-content\/uploads\/2023\/01\/1-1.png\" \/>\n\t<meta property=\"og:image:width\" content=\"1080\" \/>\n\t<meta property=\"og:image:height\" content=\"1080\" \/>\n\t<meta property=\"og:image:type\" content=\"image\/png\" \/>\n<meta name=\"twitter:card\" content=\"summary_large_image\" \/>\n<meta name=\"twitter:label1\" content=\"Est. tempo de leitura\" \/>\n\t<meta name=\"twitter:data1\" content=\"2 minutos\" \/>\n<script type=\"application\/ld+json\" class=\"yoast-schema-graph\">{\"@context\":\"https:\/\/schema.org\",\"@graph\":[{\"@type\":\"WebPage\",\"@id\":\"https:\/\/viajandocomtoledo.com.br\/loja\/produto\/rum-norma-cristal-750ml\/\",\"url\":\"https:\/\/viajandocomtoledo.com.br\/loja\/produto\/rum-norma-cristal-750ml\/\",\"name\":\"Rum Apraz Cristal 750ml - Loja Viajando com Toledo\",\"isPartOf\":{\"@id\":\"https:\/\/viajandocomtoledo.com.br\/loja\/#website\"},\"primaryImageOfPage\":{\"@id\":\"https:\/\/viajandocomtoledo.com.br\/loja\/produto\/rum-norma-cristal-750ml\/#primaryimage\"},\"image\":{\"@id\":\"https:\/\/viajandocomtoledo.com.br\/loja\/produto\/rum-norma-cristal-750ml\/#primaryimage\"},\"thumbnailUrl\":\"https:\/\/viajandocomtoledo.com.br\/loja\/wp-content\/uploads\/2023\/01\/1-1.png\",\"datePublished\":\"2023-01-25T13:48:01+00:00\",\"dateModified\":\"2025-10-10T14:32:53+00:00\",\"description\":\"Rum Apraz Cristal 750ml - Rum feito em Minas Gerais - Envio imediato para todo Brasil - Parcele em at\u00e9 3x sem juros\",\"breadcrumb\":{\"@id\":\"https:\/\/viajandocomtoledo.com.br\/loja\/produto\/rum-norma-cristal-750ml\/#breadcrumb\"},\"inLanguage\":\"pt-BR\",\"potentialAction\":[{\"@type\":\"ReadAction\",\"target\":[\"https:\/\/viajandocomtoledo.com.br\/loja\/produto\/rum-norma-cristal-750ml\/\"]}]},{\"@type\":\"ImageObject\",\"inLanguage\":\"pt-BR\",\"@id\":\"https:\/\/viajandocomtoledo.com.br\/loja\/produto\/rum-norma-cristal-750ml\/#primaryimage\",\"url\":\"https:\/\/viajandocomtoledo.com.br\/loja\/wp-content\/uploads\/2023\/01\/1-1.png\",\"contentUrl\":\"https:\/\/viajandocomtoledo.com.br\/loja\/wp-content\/uploads\/2023\/01\/1-1.png\",\"width\":1080,\"height\":1080},{\"@type\":\"BreadcrumbList\",\"@id\":\"https:\/\/viajandocomtoledo.com.br\/loja\/produto\/rum-norma-cristal-750ml\/#breadcrumb\",\"itemListElement\":[{\"@type\":\"ListItem\",\"position\":1,\"name\":\"In\u00edcio\",\"item\":\"https:\/\/viajandocomtoledo.com.br\/loja\/\"},{\"@type\":\"ListItem\",\"position\":2,\"name\":\"Produtos\",\"item\":\"https:\/\/viajandocomtoledo.com.br\/loja\/\"},{\"@type\":\"ListItem\",\"position\":3,\"name\":\"Rum Apraz Cristal 750ml\"}]},{\"@type\":\"WebSite\",\"@id\":\"https:\/\/viajandocomtoledo.com.br\/loja\/#website\",\"url\":\"https:\/\/viajandocomtoledo.com.br\/loja\/\",\"name\":\"Loja Viajando com Toledo\",\"description\":\"Loja do site - Viajando com Toledo\",\"publisher\":{\"@id\":\"https:\/\/viajandocomtoledo.com.br\/loja\/#organization\"},\"potentialAction\":[{\"@type\":\"SearchAction\",\"target\":{\"@type\":\"EntryPoint\",\"urlTemplate\":\"https:\/\/viajandocomtoledo.com.br\/loja\/?s={search_term_string}\"},\"query-input\":{\"@type\":\"PropertyValueSpecification\",\"valueRequired\":true,\"valueName\":\"search_term_string\"}}],\"inLanguage\":\"pt-BR\"},{\"@type\":\"Organization\",\"@id\":\"https:\/\/viajandocomtoledo.com.br\/loja\/#organization\",\"name\":\"Loja Viajando com Toledo\",\"url\":\"https:\/\/viajandocomtoledo.com.br\/loja\/\",\"logo\":{\"@type\":\"ImageObject\",\"inLanguage\":\"pt-BR\",\"@id\":\"https:\/\/viajandocomtoledo.com.br\/loja\/#\/schema\/logo\/image\/\",\"url\":\"https:\/\/viajandocomtoledo.com.br\/loja\/wp-content\/uploads\/2021\/07\/LOGO-VCT-e1626871875731.png\",\"contentUrl\":\"https:\/\/viajandocomtoledo.com.br\/loja\/wp-content\/uploads\/2021\/07\/LOGO-VCT-e1626871875731.png\",\"width\":100,\"height\":46,\"caption\":\"Loja Viajando com Toledo\"},\"image\":{\"@id\":\"https:\/\/viajandocomtoledo.com.br\/loja\/#\/schema\/logo\/image\/\"},\"sameAs\":[\"https:\/\/web.facebook.com\/viajandocomtoledo\",\"https:\/\/www.instagram.com\/viajandocomtoledo\/\"]}]}<\/script>\n<!-- \/ Yoast SEO plugin. -->","yoast_head_json":{"title":"Rum Apraz Cristal 750ml - Loja Viajando com Toledo","description":"Rum Apraz Cristal 750ml - Rum feito em Minas Gerais - Envio imediato para todo Brasil - Parcele em at\u00e9 3x sem juros","robots":{"index":"index","follow":"follow","max-snippet":"max-snippet:-1","max-image-preview":"max-image-preview:large","max-video-preview":"max-video-preview:-1"},"canonical":"https:\/\/viajandocomtoledo.com.br\/loja\/produto\/rum-norma-cristal-750ml\/","og_locale":"pt_BR","og_type":"article","og_title":"Rum Apraz Cristal 750ml - Loja Viajando com Toledo","og_description":"Rum Apraz Cristal 750ml - Rum feito em Minas Gerais - Envio imediato para todo Brasil - Parcele em at\u00e9 3x sem juros","og_url":"https:\/\/viajandocomtoledo.com.br\/loja\/produto\/rum-norma-cristal-750ml\/","og_site_name":"Loja Viajando com Toledo","article_publisher":"https:\/\/web.facebook.com\/viajandocomtoledo","article_modified_time":"2025-10-10T14:32:53+00:00","og_image":[{"width":1080,"height":1080,"url":"https:\/\/viajandocomtoledo.com.br\/loja\/wp-content\/uploads\/2023\/01\/1-1.png","type":"image\/png"}],"twitter_card":"summary_large_image","twitter_misc":{"Est. tempo de leitura":"2 minutos"},"schema":{"@context":"https:\/\/schema.org","@graph":[{"@type":"WebPage","@id":"https:\/\/viajandocomtoledo.com.br\/loja\/produto\/rum-norma-cristal-750ml\/","url":"https:\/\/viajandocomtoledo.com.br\/loja\/produto\/rum-norma-cristal-750ml\/","name":"Rum Apraz Cristal 750ml - Loja Viajando com Toledo","isPartOf":{"@id":"https:\/\/viajandocomtoledo.com.br\/loja\/#website"},"primaryImageOfPage":{"@id":"https:\/\/viajandocomtoledo.com.br\/loja\/produto\/rum-norma-cristal-750ml\/#primaryimage"},"image":{"@id":"https:\/\/viajandocomtoledo.com.br\/loja\/produto\/rum-norma-cristal-750ml\/#primaryimage"},"thumbnailUrl":"https:\/\/viajandocomtoledo.com.br\/loja\/wp-content\/uploads\/2023\/01\/1-1.png","datePublished":"2023-01-25T13:48:01+00:00","dateModified":"2025-10-10T14:32:53+00:00","description":"Rum Apraz Cristal 750ml - Rum feito em Minas Gerais - Envio imediato para todo Brasil - Parcele em at\u00e9 3x sem juros","breadcrumb":{"@id":"https:\/\/viajandocomtoledo.com.br\/loja\/produto\/rum-norma-cristal-750ml\/#breadcrumb"},"inLanguage":"pt-BR","potentialAction":[{"@type":"ReadAction","target":["https:\/\/viajandocomtoledo.com.br\/loja\/produto\/rum-norma-cristal-750ml\/"]}]},{"@type":"ImageObject","inLanguage":"pt-BR","@id":"https:\/\/viajandocomtoledo.com.br\/loja\/produto\/rum-norma-cristal-750ml\/#primaryimage","url":"https:\/\/viajandocomtoledo.com.br\/loja\/wp-content\/uploads\/2023\/01\/1-1.png","contentUrl":"https:\/\/viajandocomtoledo.com.br\/loja\/wp-content\/uploads\/2023\/01\/1-1.png","width":1080,"height":1080},{"@type":"BreadcrumbList","@id":"https:\/\/viajandocomtoledo.com.br\/loja\/produto\/rum-norma-cristal-750ml\/#breadcrumb","itemListElement":[{"@type":"ListItem","position":1,"name":"In\u00edcio","item":"https:\/\/viajandocomtoledo.com.br\/loja\/"},{"@type":"ListItem","position":2,"name":"Produtos","item":"https:\/\/viajandocomtoledo.com.br\/loja\/"},{"@type":"ListItem","position":3,"name":"Rum Apraz Cristal 750ml"}]},{"@type":"WebSite","@id":"https:\/\/viajandocomtoledo.com.br\/loja\/#website","url":"https:\/\/viajandocomtoledo.com.br\/loja\/","name":"Loja Viajando com Toledo","description":"Loja do site - Viajando com Toledo","publisher":{"@id":"https:\/\/viajandocomtoledo.com.br\/loja\/#organization"},"potentialAction":[{"@type":"SearchAction","target":{"@type":"EntryPoint","urlTemplate":"https:\/\/viajandocomtoledo.com.br\/loja\/?s={search_term_string}"},"query-input":{"@type":"PropertyValueSpecification","valueRequired":true,"valueName":"search_term_string"}}],"inLanguage":"pt-BR"},{"@type":"Organization","@id":"https:\/\/viajandocomtoledo.com.br\/loja\/#organization","name":"Loja Viajando com Toledo","url":"https:\/\/viajandocomtoledo.com.br\/loja\/","logo":{"@type":"ImageObject","inLanguage":"pt-BR","@id":"https:\/\/viajandocomtoledo.com.br\/loja\/#\/schema\/logo\/image\/","url":"https:\/\/viajandocomtoledo.com.br\/loja\/wp-content\/uploads\/2021\/07\/LOGO-VCT-e1626871875731.png","contentUrl":"https:\/\/viajandocomtoledo.com.br\/loja\/wp-content\/uploads\/2021\/07\/LOGO-VCT-e1626871875731.png","width":100,"height":46,"caption":"Loja Viajando com Toledo"},"image":{"@id":"https:\/\/viajandocomtoledo.com.br\/loja\/#\/schema\/logo\/image\/"},"sameAs":["https:\/\/web.facebook.com\/viajandocomtoledo","https:\/\/www.instagram.com\/viajandocomtoledo\/"]}]}},"_links":{"self":[{"href":"https:\/\/viajandocomtoledo.com.br\/loja\/wp-json\/wp\/v2\/product\/2364","targetHints":{"allow":["GET"]}}],"collection":[{"href":"https:\/\/viajandocomtoledo.com.br\/loja\/wp-json\/wp\/v2\/product"}],"about":[{"href":"https:\/\/viajandocomtoledo.com.br\/loja\/wp-json\/wp\/v2\/types\/product"}],"replies":[{"embeddable":true,"href":"https:\/\/viajandocomtoledo.com.br\/loja\/wp-json\/wp\/v2\/comments?post=2364"}],"wp:featuredmedia":[{"embeddable":true,"href":"https:\/\/viajandocomtoledo.com.br\/loja\/wp-json\/wp\/v2\/media\/3665"}],"wp:attachment":[{"href":"https:\/\/viajandocomtoledo.com.br\/loja\/wp-json\/wp\/v2\/media?parent=2364"}],"wp:term":[{"taxonomy":"product_cat","embeddable":true,"href":"https:\/\/viajandocomtoledo.com.br\/loja\/wp-json\/wp\/v2\/product_cat?post=2364"},{"taxonomy":"product_tag","embeddable":true,"href":"https:\/\/viajandocomtoledo.com.br\/loja\/wp-json\/wp\/v2\/product_tag?post=2364"}],"curies":[{"name":"wp","href":"https:\/\/api.w.org\/{rel}","templated":true}]}}