{"id":2309,"date":"2022-11-27T15:27:09","date_gmt":"2022-11-27T18:27:09","guid":{"rendered":"https:\/\/viajandocomtoledo.com.br\/loja\/?post_type=product&#038;p=2309"},"modified":"2026-02-11T16:24:39","modified_gmt":"2026-02-11T19:24:39","slug":"doce-de-leite-com-cacau-700g","status":"publish","type":"product","link":"https:\/\/viajandocomtoledo.com.br\/loja\/produto\/doce-de-leite-com-cacau-700g\/","title":{"rendered":"Doce de leite com Cacau 700g"},"content":{"rendered":"","protected":false},"excerpt":{"rendered":"<ul>\n<li><strong><em>Regi\u00e3o:\u00a0<\/em><\/strong><em>Dores de Guanh\u00e3es \/ Minas Gerais.<\/em><\/li>\n<li><strong><em>Tradi\u00e7\u00e3o:\u00a0<\/em><\/strong><em>Doce de leite feito artesanalmente em quantidade limitada.<\/em><\/li>\n<li><strong><em>Material da embalagem:\u00a0<\/em><\/strong><em>Vidro.<\/em><\/li>\n<li><em>Provada e aprovada por Ot\u00e1vio di Toledo.<\/em><\/li>\n<\/ul>\n<h2 style=\"text-align: center;\">DETALHES<\/h2>\n<p style=\"text-align: center;\">O Doce de Leite com Cacau 700g \u00e9 um doce exclusivo da Loja Viajando com Toledo. \u00c9 feito com leite fresco, a\u00e7\u00facar e cacau. \u00c9 cozido lentamente em fogo baixo at\u00e9 atingir a consist\u00eancia perfeita. O resultado \u00e9 um doce cremoso e saboroso, com um toque de cacau que o torna \u00fanico. O Doce de Leite com Cacau \u00e9 um produto que certamente vai agradar a todos os paladares.<\/p>\n<h2 style=\"text-align: center;\">COMENT\u00c1RIOS<\/h2>\n<ol>\n<li>&#8220;O sabor do doce de leite \u00e9 muito cremoso e saboroso, e o cacau d\u00e1 um toque especial.&#8221;<\/li>\n<li>&#8220;\u00c9 o doce de leite com cacau mais saboroso que j\u00e1 comi.&#8221;<\/li>\n<li>&#8220;\u00c9 um doce de leite perfeito para acompanhar sobremesas ou para usar em receitas.&#8221;<\/li>\n<\/ol>\n<h2 style=\"text-align: center;\">Conserva\u00e7\u00e3o<\/h2>\n<p style=\"text-align: center;\">Ap\u00f3s aberto manter refrigerado e consumir em at\u00e9 7 dias.<\/p>\n<h2 style=\"text-align: center;\">SUA HIST\u00d3RIA<\/h2>\n<p style=\"text-align: center;\">O doce de leite da fazenda C\u00f3rrego Alto surgiu de uma reuni\u00e3o de amigos. O casal Lissa e Br\u00e1ulio (propriet\u00e1rios do doce), convidaram alguns amigos para um jantar na Fazenda, e para recepcionar esses amigos foi servido um delicioso doce de leite bem mineiro, receita do pr\u00f3prio casal, e o resultado foi um sucesso. Devido esse sucesso, resolveram levar algumas amostras para mais amigos e o sucesso s\u00f3 foi aumentando. A fazenda C\u00f3rrego Alto j\u00e1 tinha tradi\u00e7\u00e3o na pecu\u00e1ria leiteira e na produ\u00e7\u00e3o de leite e com a sucess\u00e3o familiar deu-se in\u00edcio a produ\u00e7\u00e3o do Doce de Leite C\u00f3rrego Alto. Um doce produzido diretamente da fazenda de forma artesanal, um doce sem conservantes e emulsificante, utilizando sua principal mat\u00e9ria prima, o leite, produzido na Fazenda C\u00f3rrego Alto. Em resumo podemos definir que o doce de leite junta a tradi\u00e7\u00e3o da pecu\u00e1ria leiteira com a ideia de valorizar o nosso principal produto, o leite. Um neg\u00f3cio com muito carinho envolvido e a satisfa\u00e7\u00e3o de produzir um produto com qualidade \u00fanica, tudo isso partindo do amor e da uni\u00e3o de um jovem casal.<\/p>\n","protected":false},"featured_media":2374,"comment_status":"open","ping_status":"closed","template":"","meta":{"_acf_changed":false,"_monsterinsights_skip_tracking":false,"_monsterinsights_sitenote_active":false,"_monsterinsights_sitenote_note":"","_monsterinsights_sitenote_category":0},"product_cat":[51,67],"product_tag":[],"class_list":{"0":"post-2309","1":"product","2":"type-product","3":"status-publish","4":"has-post-thumbnail","6":"product_cat-promocoes-exclusivas","7":"product_cat-rio-doce","8":"product_shipping_class-produtos-diversos","10":"first","11":"instock","12":"sale","13":"taxable","14":"shipping-taxable","15":"purchasable","16":"product-type-simple"},"acf":[],"aioseo_notices":[],"yoast_head":"<!-- This site is optimized with the Yoast SEO plugin v25.8 - https:\/\/yoast.com\/wordpress\/plugins\/seo\/ -->\n<title>Doce de leite com Cacau 700g - Loja Viajando com Toledo<\/title>\n<meta name=\"robots\" content=\"index, follow, max-snippet:-1, max-image-preview:large, max-video-preview:-1\" \/>\n<link rel=\"canonical\" href=\"https:\/\/viajandocomtoledo.com.br\/loja\/produto\/doce-de-leite-com-cacau-700g\/\" \/>\n<meta property=\"og:locale\" content=\"pt_BR\" \/>\n<meta property=\"og:type\" content=\"article\" \/>\n<meta property=\"og:title\" content=\"Doce de leite com Cacau 700g - Loja Viajando com Toledo\" \/>\n<meta property=\"og:description\" content=\"Regi\u00e3o:\u00a0Dores de Guanh\u00e3es \/ Minas Gerais.  Tradi\u00e7\u00e3o:\u00a0Doce de leite feito artesanalmente em quantidade limitada.  Material da embalagem:\u00a0Vidro.  Provada e aprovada por Ot\u00e1vio di Toledo.  DETALHES O Doce de Leite com Cacau 700g \u00e9 um doce exclusivo da Loja Viajando com Toledo. \u00c9 feito com leite fresco, a\u00e7\u00facar e cacau. \u00c9 cozido lentamente em fogo baixo at\u00e9 atingir a consist\u00eancia perfeita. O resultado \u00e9 um doce cremoso e saboroso, com um toque de cacau que o torna \u00fanico. O Doce de Leite com Cacau \u00e9 um produto que certamente vai agradar a todos os paladares.  COMENT\u00c1RIOS   &quot;O sabor do doce de leite \u00e9 muito cremoso e saboroso, e o cacau d\u00e1 um toque especial.&quot;  &quot;\u00c9 o doce de leite com cacau mais saboroso que j\u00e1 comi.&quot;  &quot;\u00c9 um doce de leite perfeito para acompanhar sobremesas ou para usar em receitas.&quot;  Conserva\u00e7\u00e3o Ap\u00f3s aberto manter refrigerado e consumir em at\u00e9 7 dias.  SUA HIST\u00d3RIA O doce de leite da fazenda C\u00f3rrego Alto surgiu de uma reuni\u00e3o de amigos. O casal Lissa e Br\u00e1ulio (propriet\u00e1rios do doce), convidaram alguns amigos para um jantar na Fazenda, e para recepcionar esses amigos foi servido um delicioso doce de leite bem mineiro, receita do pr\u00f3prio casal, e o resultado foi um sucesso. Devido esse sucesso, resolveram levar algumas amostras para mais amigos e o sucesso s\u00f3 foi aumentando. A fazenda C\u00f3rrego Alto j\u00e1 tinha tradi\u00e7\u00e3o na pecu\u00e1ria leiteira e na produ\u00e7\u00e3o de leite e com a sucess\u00e3o familiar deu-se in\u00edcio a produ\u00e7\u00e3o do Doce de Leite C\u00f3rrego Alto. Um doce produzido diretamente da fazenda de forma artesanal, um doce sem conservantes e emulsificante, utilizando sua principal mat\u00e9ria prima, o leite, produzido na Fazenda C\u00f3rrego Alto. Em resumo podemos definir que o doce de leite junta a tradi\u00e7\u00e3o da pecu\u00e1ria leiteira com a ideia de valorizar o nosso principal produto, o leite. Um neg\u00f3cio com muito carinho envolvido e a satisfa\u00e7\u00e3o de produzir um produto com qualidade \u00fanica, tudo isso partindo do amor e da uni\u00e3o de um jovem casal.\" \/>\n<meta property=\"og:url\" content=\"https:\/\/viajandocomtoledo.com.br\/loja\/produto\/doce-de-leite-com-cacau-700g\/\" \/>\n<meta property=\"og:site_name\" content=\"Loja Viajando com Toledo\" \/>\n<meta property=\"article:publisher\" content=\"https:\/\/web.facebook.com\/viajandocomtoledo\" \/>\n<meta property=\"article:modified_time\" content=\"2026-02-11T19:24:39+00:00\" \/>\n<meta property=\"og:image\" content=\"https:\/\/viajandocomtoledo.com.br\/loja\/wp-content\/uploads\/2022\/03\/oficial.jpeg\" \/>\n\t<meta property=\"og:image:width\" content=\"1080\" \/>\n\t<meta property=\"og:image:height\" content=\"1080\" \/>\n\t<meta property=\"og:image:type\" content=\"image\/jpeg\" \/>\n<meta name=\"twitter:card\" content=\"summary_large_image\" \/>\n<script type=\"application\/ld+json\" class=\"yoast-schema-graph\">{\"@context\":\"https:\/\/schema.org\",\"@graph\":[{\"@type\":\"WebPage\",\"@id\":\"https:\/\/viajandocomtoledo.com.br\/loja\/produto\/doce-de-leite-com-cacau-700g\/\",\"url\":\"https:\/\/viajandocomtoledo.com.br\/loja\/produto\/doce-de-leite-com-cacau-700g\/\",\"name\":\"Doce de leite com Cacau 700g - Loja Viajando com Toledo\",\"isPartOf\":{\"@id\":\"https:\/\/viajandocomtoledo.com.br\/loja\/#website\"},\"primaryImageOfPage\":{\"@id\":\"https:\/\/viajandocomtoledo.com.br\/loja\/produto\/doce-de-leite-com-cacau-700g\/#primaryimage\"},\"image\":{\"@id\":\"https:\/\/viajandocomtoledo.com.br\/loja\/produto\/doce-de-leite-com-cacau-700g\/#primaryimage\"},\"thumbnailUrl\":\"https:\/\/viajandocomtoledo.com.br\/loja\/wp-content\/uploads\/2022\/03\/oficial.jpeg\",\"datePublished\":\"2022-11-27T18:27:09+00:00\",\"dateModified\":\"2026-02-11T19:24:39+00:00\",\"breadcrumb\":{\"@id\":\"https:\/\/viajandocomtoledo.com.br\/loja\/produto\/doce-de-leite-com-cacau-700g\/#breadcrumb\"},\"inLanguage\":\"pt-BR\",\"potentialAction\":[{\"@type\":\"ReadAction\",\"target\":[\"https:\/\/viajandocomtoledo.com.br\/loja\/produto\/doce-de-leite-com-cacau-700g\/\"]}]},{\"@type\":\"ImageObject\",\"inLanguage\":\"pt-BR\",\"@id\":\"https:\/\/viajandocomtoledo.com.br\/loja\/produto\/doce-de-leite-com-cacau-700g\/#primaryimage\",\"url\":\"https:\/\/viajandocomtoledo.com.br\/loja\/wp-content\/uploads\/2022\/03\/oficial.jpeg\",\"contentUrl\":\"https:\/\/viajandocomtoledo.com.br\/loja\/wp-content\/uploads\/2022\/03\/oficial.jpeg\",\"width\":1080,\"height\":1080},{\"@type\":\"BreadcrumbList\",\"@id\":\"https:\/\/viajandocomtoledo.com.br\/loja\/produto\/doce-de-leite-com-cacau-700g\/#breadcrumb\",\"itemListElement\":[{\"@type\":\"ListItem\",\"position\":1,\"name\":\"In\u00edcio\",\"item\":\"https:\/\/viajandocomtoledo.com.br\/loja\/\"},{\"@type\":\"ListItem\",\"position\":2,\"name\":\"Produtos\",\"item\":\"https:\/\/viajandocomtoledo.com.br\/loja\/\"},{\"@type\":\"ListItem\",\"position\":3,\"name\":\"Doce de leite com Cacau 700g\"}]},{\"@type\":\"WebSite\",\"@id\":\"https:\/\/viajandocomtoledo.com.br\/loja\/#website\",\"url\":\"https:\/\/viajandocomtoledo.com.br\/loja\/\",\"name\":\"Loja Viajando com Toledo\",\"description\":\"Loja do site - Viajando com Toledo\",\"publisher\":{\"@id\":\"https:\/\/viajandocomtoledo.com.br\/loja\/#organization\"},\"potentialAction\":[{\"@type\":\"SearchAction\",\"target\":{\"@type\":\"EntryPoint\",\"urlTemplate\":\"https:\/\/viajandocomtoledo.com.br\/loja\/?s={search_term_string}\"},\"query-input\":{\"@type\":\"PropertyValueSpecification\",\"valueRequired\":true,\"valueName\":\"search_term_string\"}}],\"inLanguage\":\"pt-BR\"},{\"@type\":\"Organization\",\"@id\":\"https:\/\/viajandocomtoledo.com.br\/loja\/#organization\",\"name\":\"Loja Viajando com Toledo\",\"url\":\"https:\/\/viajandocomtoledo.com.br\/loja\/\",\"logo\":{\"@type\":\"ImageObject\",\"inLanguage\":\"pt-BR\",\"@id\":\"https:\/\/viajandocomtoledo.com.br\/loja\/#\/schema\/logo\/image\/\",\"url\":\"https:\/\/viajandocomtoledo.com.br\/loja\/wp-content\/uploads\/2021\/07\/LOGO-VCT-e1626871875731.png\",\"contentUrl\":\"https:\/\/viajandocomtoledo.com.br\/loja\/wp-content\/uploads\/2021\/07\/LOGO-VCT-e1626871875731.png\",\"width\":100,\"height\":46,\"caption\":\"Loja Viajando com Toledo\"},\"image\":{\"@id\":\"https:\/\/viajandocomtoledo.com.br\/loja\/#\/schema\/logo\/image\/\"},\"sameAs\":[\"https:\/\/web.facebook.com\/viajandocomtoledo\",\"https:\/\/www.instagram.com\/viajandocomtoledo\/\"]}]}<\/script>\n<!-- \/ Yoast SEO plugin. -->","yoast_head_json":{"title":"Doce de leite com Cacau 700g - Loja Viajando com Toledo","robots":{"index":"index","follow":"follow","max-snippet":"max-snippet:-1","max-image-preview":"max-image-preview:large","max-video-preview":"max-video-preview:-1"},"canonical":"https:\/\/viajandocomtoledo.com.br\/loja\/produto\/doce-de-leite-com-cacau-700g\/","og_locale":"pt_BR","og_type":"article","og_title":"Doce de leite com Cacau 700g - Loja Viajando com Toledo","og_description":"Regi\u00e3o:\u00a0Dores de Guanh\u00e3es \/ Minas Gerais.  Tradi\u00e7\u00e3o:\u00a0Doce de leite feito artesanalmente em quantidade limitada.  Material da embalagem:\u00a0Vidro.  Provada e aprovada por Ot\u00e1vio di Toledo.  DETALHES O Doce de Leite com Cacau 700g \u00e9 um doce exclusivo da Loja Viajando com Toledo. \u00c9 feito com leite fresco, a\u00e7\u00facar e cacau. \u00c9 cozido lentamente em fogo baixo at\u00e9 atingir a consist\u00eancia perfeita. O resultado \u00e9 um doce cremoso e saboroso, com um toque de cacau que o torna \u00fanico. O Doce de Leite com Cacau \u00e9 um produto que certamente vai agradar a todos os paladares.  COMENT\u00c1RIOS   \"O sabor do doce de leite \u00e9 muito cremoso e saboroso, e o cacau d\u00e1 um toque especial.\"  \"\u00c9 o doce de leite com cacau mais saboroso que j\u00e1 comi.\"  \"\u00c9 um doce de leite perfeito para acompanhar sobremesas ou para usar em receitas.\"  Conserva\u00e7\u00e3o Ap\u00f3s aberto manter refrigerado e consumir em at\u00e9 7 dias.  SUA HIST\u00d3RIA O doce de leite da fazenda C\u00f3rrego Alto surgiu de uma reuni\u00e3o de amigos. O casal Lissa e Br\u00e1ulio (propriet\u00e1rios do doce), convidaram alguns amigos para um jantar na Fazenda, e para recepcionar esses amigos foi servido um delicioso doce de leite bem mineiro, receita do pr\u00f3prio casal, e o resultado foi um sucesso. Devido esse sucesso, resolveram levar algumas amostras para mais amigos e o sucesso s\u00f3 foi aumentando. A fazenda C\u00f3rrego Alto j\u00e1 tinha tradi\u00e7\u00e3o na pecu\u00e1ria leiteira e na produ\u00e7\u00e3o de leite e com a sucess\u00e3o familiar deu-se in\u00edcio a produ\u00e7\u00e3o do Doce de Leite C\u00f3rrego Alto. Um doce produzido diretamente da fazenda de forma artesanal, um doce sem conservantes e emulsificante, utilizando sua principal mat\u00e9ria prima, o leite, produzido na Fazenda C\u00f3rrego Alto. Em resumo podemos definir que o doce de leite junta a tradi\u00e7\u00e3o da pecu\u00e1ria leiteira com a ideia de valorizar o nosso principal produto, o leite. Um neg\u00f3cio com muito carinho envolvido e a satisfa\u00e7\u00e3o de produzir um produto com qualidade \u00fanica, tudo isso partindo do amor e da uni\u00e3o de um jovem casal.","og_url":"https:\/\/viajandocomtoledo.com.br\/loja\/produto\/doce-de-leite-com-cacau-700g\/","og_site_name":"Loja Viajando com Toledo","article_publisher":"https:\/\/web.facebook.com\/viajandocomtoledo","article_modified_time":"2026-02-11T19:24:39+00:00","og_image":[{"width":1080,"height":1080,"url":"https:\/\/viajandocomtoledo.com.br\/loja\/wp-content\/uploads\/2022\/03\/oficial.jpeg","type":"image\/jpeg"}],"twitter_card":"summary_large_image","schema":{"@context":"https:\/\/schema.org","@graph":[{"@type":"WebPage","@id":"https:\/\/viajandocomtoledo.com.br\/loja\/produto\/doce-de-leite-com-cacau-700g\/","url":"https:\/\/viajandocomtoledo.com.br\/loja\/produto\/doce-de-leite-com-cacau-700g\/","name":"Doce de leite com Cacau 700g - Loja Viajando com Toledo","isPartOf":{"@id":"https:\/\/viajandocomtoledo.com.br\/loja\/#website"},"primaryImageOfPage":{"@id":"https:\/\/viajandocomtoledo.com.br\/loja\/produto\/doce-de-leite-com-cacau-700g\/#primaryimage"},"image":{"@id":"https:\/\/viajandocomtoledo.com.br\/loja\/produto\/doce-de-leite-com-cacau-700g\/#primaryimage"},"thumbnailUrl":"https:\/\/viajandocomtoledo.com.br\/loja\/wp-content\/uploads\/2022\/03\/oficial.jpeg","datePublished":"2022-11-27T18:27:09+00:00","dateModified":"2026-02-11T19:24:39+00:00","breadcrumb":{"@id":"https:\/\/viajandocomtoledo.com.br\/loja\/produto\/doce-de-leite-com-cacau-700g\/#breadcrumb"},"inLanguage":"pt-BR","potentialAction":[{"@type":"ReadAction","target":["https:\/\/viajandocomtoledo.com.br\/loja\/produto\/doce-de-leite-com-cacau-700g\/"]}]},{"@type":"ImageObject","inLanguage":"pt-BR","@id":"https:\/\/viajandocomtoledo.com.br\/loja\/produto\/doce-de-leite-com-cacau-700g\/#primaryimage","url":"https:\/\/viajandocomtoledo.com.br\/loja\/wp-content\/uploads\/2022\/03\/oficial.jpeg","contentUrl":"https:\/\/viajandocomtoledo.com.br\/loja\/wp-content\/uploads\/2022\/03\/oficial.jpeg","width":1080,"height":1080},{"@type":"BreadcrumbList","@id":"https:\/\/viajandocomtoledo.com.br\/loja\/produto\/doce-de-leite-com-cacau-700g\/#breadcrumb","itemListElement":[{"@type":"ListItem","position":1,"name":"In\u00edcio","item":"https:\/\/viajandocomtoledo.com.br\/loja\/"},{"@type":"ListItem","position":2,"name":"Produtos","item":"https:\/\/viajandocomtoledo.com.br\/loja\/"},{"@type":"ListItem","position":3,"name":"Doce de leite com Cacau 700g"}]},{"@type":"WebSite","@id":"https:\/\/viajandocomtoledo.com.br\/loja\/#website","url":"https:\/\/viajandocomtoledo.com.br\/loja\/","name":"Loja Viajando com Toledo","description":"Loja do site - Viajando com Toledo","publisher":{"@id":"https:\/\/viajandocomtoledo.com.br\/loja\/#organization"},"potentialAction":[{"@type":"SearchAction","target":{"@type":"EntryPoint","urlTemplate":"https:\/\/viajandocomtoledo.com.br\/loja\/?s={search_term_string}"},"query-input":{"@type":"PropertyValueSpecification","valueRequired":true,"valueName":"search_term_string"}}],"inLanguage":"pt-BR"},{"@type":"Organization","@id":"https:\/\/viajandocomtoledo.com.br\/loja\/#organization","name":"Loja Viajando com Toledo","url":"https:\/\/viajandocomtoledo.com.br\/loja\/","logo":{"@type":"ImageObject","inLanguage":"pt-BR","@id":"https:\/\/viajandocomtoledo.com.br\/loja\/#\/schema\/logo\/image\/","url":"https:\/\/viajandocomtoledo.com.br\/loja\/wp-content\/uploads\/2021\/07\/LOGO-VCT-e1626871875731.png","contentUrl":"https:\/\/viajandocomtoledo.com.br\/loja\/wp-content\/uploads\/2021\/07\/LOGO-VCT-e1626871875731.png","width":100,"height":46,"caption":"Loja Viajando com Toledo"},"image":{"@id":"https:\/\/viajandocomtoledo.com.br\/loja\/#\/schema\/logo\/image\/"},"sameAs":["https:\/\/web.facebook.com\/viajandocomtoledo","https:\/\/www.instagram.com\/viajandocomtoledo\/"]}]}},"_links":{"self":[{"href":"https:\/\/viajandocomtoledo.com.br\/loja\/wp-json\/wp\/v2\/product\/2309","targetHints":{"allow":["GET"]}}],"collection":[{"href":"https:\/\/viajandocomtoledo.com.br\/loja\/wp-json\/wp\/v2\/product"}],"about":[{"href":"https:\/\/viajandocomtoledo.com.br\/loja\/wp-json\/wp\/v2\/types\/product"}],"replies":[{"embeddable":true,"href":"https:\/\/viajandocomtoledo.com.br\/loja\/wp-json\/wp\/v2\/comments?post=2309"}],"wp:featuredmedia":[{"embeddable":true,"href":"https:\/\/viajandocomtoledo.com.br\/loja\/wp-json\/wp\/v2\/media\/2374"}],"wp:attachment":[{"href":"https:\/\/viajandocomtoledo.com.br\/loja\/wp-json\/wp\/v2\/media?parent=2309"}],"wp:term":[{"taxonomy":"product_cat","embeddable":true,"href":"https:\/\/viajandocomtoledo.com.br\/loja\/wp-json\/wp\/v2\/product_cat?post=2309"},{"taxonomy":"product_tag","embeddable":true,"href":"https:\/\/viajandocomtoledo.com.br\/loja\/wp-json\/wp\/v2\/product_tag?post=2309"}],"curies":[{"name":"wp","href":"https:\/\/api.w.org\/{rel}","templated":true}]}}