{"id":2259,"date":"2022-11-15T09:54:02","date_gmt":"2022-11-15T12:54:02","guid":{"rendered":"https:\/\/viajandocomtoledo.com.br\/loja\/?post_type=product&#038;p=2259"},"modified":"2025-07-03T20:52:28","modified_gmt":"2025-07-03T23:52:28","slug":"whisky-rarus-single-malt-barril-ex-rum-720ml","status":"publish","type":"product","link":"https:\/\/viajandocomtoledo.com.br\/loja\/produto\/whisky-rarus-single-malt-barril-ex-rum-720ml\/","title":{"rendered":"Whisky Rarus (Single malt &#8211; Barril Ex-Rum) 720ml"},"content":{"rendered":"<h2 style=\"text-align: center;\">DESCRI\u00c7\u00c3O<\/h2>\n<p style=\"text-align: center;\">Cor \u00e2mbar de brilho intenso, sem corante e sem filtragem a frio. O Rarus foi criado para surpreender. Com aroma marcante e encorpado, traz um floral intenso, amadeirado e suavemente adocicado que remete a nozes e cacau. Seu paladar \u00e9 equilibrado e potente, revelando grande complexidade de sabor. A matura\u00e7\u00e3o em barris de carvalho americano ex-Bourbon e a finaliza\u00e7\u00e3o em barris de carvalho americano previamente utilizados na matura\u00e7\u00e3o do Rum Norma (tamb\u00e9m fabricado pela Lamas Destilaria) proporciona um sensorial aveludado e rico. Rarus (do latim, \u201craro\u201d), um single malt incompar\u00e1vel com requinte extraordin\u00e1rio pela finaliza\u00e7\u00e3o em barril inusitado ex-rum ambos assinados por uma \u00fanica destilaria.<\/p>\n<h2 style=\"text-align: center;\">Caracter\u00edsticas<\/h2>\n<ul>\n<li><strong><em>Regi\u00e3o:<\/em><\/strong><em>\u00a0Matozinhos \/ Minas Gerais.<\/em><\/li>\n<li><strong><em>Ingredientes:<\/em><\/strong><em>\u00a0\u00c1gua pot\u00e1vel desmineralizada, malte whisky envelhecido e destilado alco\u00f3lico de cereais (n\u00e3o cont\u00e9m gl\u00faten).<\/em><\/li>\n<li><strong><em>Aroma:<\/em><\/strong><em> Marcante e encorpado, traz um floral intenso, amadeirado e suavemente adocicado que remete a nozes e cacau.<\/em><\/li>\n<li><strong><em>Sabor:<\/em><\/strong><em> Equilibrado e potente, revelando grande complexidade de sabor.<\/em><\/li>\n<li><strong><em>Malte:\u00a0<\/em><\/strong><em>Cevada.<\/em><\/li>\n<li><strong><em>Amadurecimento:<\/em><\/strong><em> Barril de carvalho americano e finaliza\u00e7\u00e3o em barris de carvalho americano previamente utilizados na matura\u00e7\u00e3o do Rum Norma.<\/em><\/li>\n<li><strong><em>Gradua\u00e7\u00e3o alc\u00f3olica:<\/em><\/strong><em>\u00a0ABV: 43%.<\/em><\/li>\n<li><strong><em>Volume:<\/em><\/strong><em>\u00a01000mL.<\/em><\/li>\n<\/ul>\n<h2 style=\"text-align: center;\">Sugest\u00e3o de consumo<\/h2>\n<p style=\"text-align: center;\">Pode ser apreciado puro, com gelo ou conforme sua prefer\u00eancia.<\/p>\n<h2 style=\"text-align: center;\">Sua hist\u00f3ria<\/h2>\n<p style=\"text-align: center;\">Toda boa rela\u00e7\u00e3o precisa de tempo para ser constru\u00edda. E foi para ter mais tempo juntos que os irm\u00e3os Lamas levaram ao extremo a paix\u00e3o por um destilado: o whisky. Estes encontros, verdadeiras sess\u00f5es de estudo em busca de sabores \u00fanicos, t\u00e9cnicas mais aprimoradas e novas receitas, unem a tradi\u00e7\u00e3o aos sabores que criaram em fam\u00edlia.\u00a0A Lamas \u00e9 uma destilaria mineira que se destaca no mercado internacional com notas \u00fanicas e profundas.\u00a0Nutrindo uma paix\u00e3o pelo processo, pela fazedura, pela elabora\u00e7\u00e3o de um sabor capaz de proporcionar experi\u00eancias singulares de prazer e qualidade.<\/p>\n","protected":false},"excerpt":{"rendered":"<p style=\"text-align: center;\">Cor \u00e2mbar de brilho intenso, sem corante e sem filtragem a frio. O Rarus foi criado para surpreender. Com aroma marcante e encorpado, traz um floral intenso, amadeirado e suavemente adocicado que remete a nozes e cacau. Seu paladar \u00e9 equilibrado e potente, revelando grande complexidade de sabor. A matura\u00e7\u00e3o em barris de carvalho americano ex-Bourbon e a finaliza\u00e7\u00e3o em barris de carvalho americano previamente utilizados na matura\u00e7\u00e3o do Rum Norma (tamb\u00e9m fabricado pela Lamas Destilaria) proporciona um sensorial aveludado e rico. Rarus (do latim, \u201craro\u201d), um single malt incompar\u00e1vel com requinte extraordin\u00e1rio pela finaliza\u00e7\u00e3o em barril inusitado ex-rum ambos assinados por uma \u00fanica destilaria.<\/p>\n<h2 style=\"text-align: center;\">Caracter\u00edsticas<\/h2>\n<ul>\n<li><strong><em>Regi\u00e3o:<\/em><\/strong><em>\u00a0Matozinhos \/ Minas Gerais.<\/em><\/li>\n<li><strong><em>Ingredientes:<\/em><\/strong><em>\u00a0\u00c1gua pot\u00e1vel desmineralizada, malte whisky envelhecido e destilado alco\u00f3lico de cereais (n\u00e3o cont\u00e9m gl\u00faten).<\/em><\/li>\n<li><strong><em>Aroma:<\/em><\/strong><em> Marcante e encorpado, traz um floral intenso, amadeirado e suavemente adocicado que remete a nozes e cacau.<\/em><\/li>\n<li><strong><em>Sabor:<\/em><\/strong><em> Equilibrado e potente, revelando grande complexidade de sabor.<\/em><\/li>\n<li><strong><em>Malte:\u00a0<\/em><\/strong><em>Cevada.<\/em><\/li>\n<li><strong><em>Amadurecimento:<\/em><\/strong><em> Barril de carvalho americano e finaliza\u00e7\u00e3o em barris de carvalho americano previamente utilizados na matura\u00e7\u00e3o do Rum Norma.<\/em><\/li>\n<li><strong><em>Gradua\u00e7\u00e3o alc\u00f3olica:<\/em><\/strong><em>\u00a0ABV: 43%.<\/em><\/li>\n<li><strong><em>Volume:<\/em><\/strong><em> 720ml.<\/em><\/li>\n<\/ul>\n<h2 style=\"text-align: center;\">Pr\u00eamios<\/h2>\n<p style=\"text-align: center;\">\u00a0 \u00a0 <img loading=\"lazy\" decoding=\"async\" class=\"alignnone wp-image-2262\" src=\"https:\/\/viajandocomtoledo.com.br\/loja\/wp-content\/uploads\/2022\/11\/BSA_PRATA_2022_page-0001-1-1-456x424.png\" alt=\"\" width=\"93\" height=\"87\" srcset=\"https:\/\/viajandocomtoledo.com.br\/loja\/wp-content\/uploads\/2022\/11\/BSA_PRATA_2022_page-0001-1-1-456x424.png 456w, https:\/\/viajandocomtoledo.com.br\/loja\/wp-content\/uploads\/2022\/11\/BSA_PRATA_2022_page-0001-1-1-1024x951.png 1024w, https:\/\/viajandocomtoledo.com.br\/loja\/wp-content\/uploads\/2022\/11\/BSA_PRATA_2022_page-0001-1-1-768x714.png 768w, https:\/\/viajandocomtoledo.com.br\/loja\/wp-content\/uploads\/2022\/11\/BSA_PRATA_2022_page-0001-1-1-500x465.png 500w, https:\/\/viajandocomtoledo.com.br\/loja\/wp-content\/uploads\/2022\/11\/BSA_PRATA_2022_page-0001-1-1.png 1241w\" sizes=\"auto, (max-width: 93px) 100vw, 93px\" \/> <img loading=\"lazy\" decoding=\"async\" class=\"alignnone wp-image-2263\" src=\"https:\/\/viajandocomtoledo.com.br\/loja\/wp-content\/uploads\/2022\/11\/BRONZE-ROBUSTUS-E-RARUS-3-1.png\" alt=\"\" width=\"82\" height=\"82\" srcset=\"https:\/\/viajandocomtoledo.com.br\/loja\/wp-content\/uploads\/2022\/11\/BRONZE-ROBUSTUS-E-RARUS-3-1.png 340w, https:\/\/viajandocomtoledo.com.br\/loja\/wp-content\/uploads\/2022\/11\/BRONZE-ROBUSTUS-E-RARUS-3-1-150x150.png 150w, https:\/\/viajandocomtoledo.com.br\/loja\/wp-content\/uploads\/2022\/11\/BRONZE-ROBUSTUS-E-RARUS-3-1-120x120.png 120w\" sizes=\"auto, (max-width: 82px) 100vw, 82px\" \/> <img loading=\"lazy\" decoding=\"async\" class=\"alignnone wp-image-2264\" src=\"https:\/\/viajandocomtoledo.com.br\/loja\/wp-content\/uploads\/2022\/11\/SELO-OURO-PNG-2-1-456x456.png\" alt=\"\" width=\"96\" height=\"96\" srcset=\"https:\/\/viajandocomtoledo.com.br\/loja\/wp-content\/uploads\/2022\/11\/SELO-OURO-PNG-2-1-456x456.png 456w, https:\/\/viajandocomtoledo.com.br\/loja\/wp-content\/uploads\/2022\/11\/SELO-OURO-PNG-2-1-150x150.png 150w, https:\/\/viajandocomtoledo.com.br\/loja\/wp-content\/uploads\/2022\/11\/SELO-OURO-PNG-2-1-120x120.png 120w, https:\/\/viajandocomtoledo.com.br\/loja\/wp-content\/uploads\/2022\/11\/SELO-OURO-PNG-2-1.png 462w\" sizes=\"auto, (max-width: 96px) 100vw, 96px\" \/><\/p>\n<h2 style=\"text-align: center;\">Sugest\u00e3o de consumo<\/h2>\n<p style=\"text-align: center;\">Pode ser apreciado puro, com gelo ou conforme sua prefer\u00eancia.<\/p>\n<h2 style=\"text-align: center;\">Sua hist\u00f3ria<\/h2>\n<p style=\"text-align: center;\">Toda boa rela\u00e7\u00e3o precisa de tempo para ser constru\u00edda. E foi para ter mais tempo juntos que os irm\u00e3os Lamas levaram ao extremo a paix\u00e3o por um destilado: o whisky. Estes encontros, verdadeiras sess\u00f5es de estudo em busca de sabores \u00fanicos, t\u00e9cnicas mais aprimoradas e novas receitas, unem a tradi\u00e7\u00e3o aos sabores que criaram em fam\u00edlia.\u00a0A Lamas \u00e9 uma destilaria mineira que se destaca no mercado internacional com notas \u00fanicas e profundas.\u00a0Nutrindo uma paix\u00e3o pelo processo, pela fazedura, pela elabora\u00e7\u00e3o de um sabor capaz de proporcionar experi\u00eancias singulares de prazer e qualidade.<\/p>\n","protected":false},"featured_media":2827,"comment_status":"closed","ping_status":"closed","template":"","meta":{"_acf_changed":false,"_monsterinsights_skip_tracking":false,"_monsterinsights_sitenote_active":false,"_monsterinsights_sitenote_note":"","_monsterinsights_sitenote_category":0},"product_cat":[63,55],"product_tag":[],"class_list":{"0":"post-2259","1":"product","2":"type-product","3":"status-publish","4":"has-post-thumbnail","6":"product_cat-central","7":"product_cat-whiskies","8":"product_shipping_class-produtos-diversos","10":"first","11":"instock","12":"taxable","13":"shipping-taxable","14":"purchasable","15":"product-type-simple"},"acf":[],"aioseo_notices":[],"yoast_head":"<!-- This site is optimized with the Yoast SEO plugin v25.8 - https:\/\/yoast.com\/wordpress\/plugins\/seo\/ -->\n<title>Whisky Rarus (Single malt - Barril Ex-Rum) 720ml - Loja Viajando com Toledo<\/title>\n<meta name=\"description\" content=\"Whisky Rarus (Single malt - Barril Ex-Rum) 720ml - Melhores whiskies nacionais - Envio imediato - Em at\u00e9 3x sem juros\" \/>\n<meta name=\"robots\" content=\"index, follow, max-snippet:-1, max-image-preview:large, max-video-preview:-1\" \/>\n<link rel=\"canonical\" href=\"https:\/\/viajandocomtoledo.com.br\/loja\/produto\/whisky-rarus-single-malt-barril-ex-rum-720ml\/\" \/>\n<meta property=\"og:locale\" content=\"pt_BR\" \/>\n<meta property=\"og:type\" content=\"article\" \/>\n<meta property=\"og:title\" content=\"Whisky Rarus (Single malt - Barril Ex-Rum) 720ml - Loja Viajando com Toledo\" \/>\n<meta property=\"og:description\" content=\"Whisky Rarus (Single malt - Barril Ex-Rum) 720ml - Melhores whiskies nacionais - Envio imediato - Em at\u00e9 3x sem juros\" \/>\n<meta property=\"og:url\" content=\"https:\/\/viajandocomtoledo.com.br\/loja\/produto\/whisky-rarus-single-malt-barril-ex-rum-720ml\/\" \/>\n<meta property=\"og:site_name\" content=\"Loja Viajando com Toledo\" \/>\n<meta property=\"article:publisher\" content=\"https:\/\/web.facebook.com\/viajandocomtoledo\" \/>\n<meta property=\"article:modified_time\" content=\"2025-07-03T23:52:28+00:00\" \/>\n<meta property=\"og:image\" content=\"https:\/\/viajandocomtoledo.com.br\/loja\/wp-content\/uploads\/2022\/11\/1.png\" \/>\n\t<meta property=\"og:image:width\" content=\"1080\" \/>\n\t<meta property=\"og:image:height\" content=\"1080\" \/>\n\t<meta property=\"og:image:type\" content=\"image\/png\" \/>\n<meta name=\"twitter:card\" content=\"summary_large_image\" \/>\n<meta name=\"twitter:label1\" content=\"Est. tempo de leitura\" \/>\n\t<meta name=\"twitter:data1\" content=\"2 minutos\" \/>\n<script type=\"application\/ld+json\" class=\"yoast-schema-graph\">{\"@context\":\"https:\/\/schema.org\",\"@graph\":[{\"@type\":\"WebPage\",\"@id\":\"https:\/\/viajandocomtoledo.com.br\/loja\/produto\/whisky-rarus-single-malt-barril-ex-rum-720ml\/\",\"url\":\"https:\/\/viajandocomtoledo.com.br\/loja\/produto\/whisky-rarus-single-malt-barril-ex-rum-720ml\/\",\"name\":\"Whisky Rarus (Single malt - Barril Ex-Rum) 720ml - Loja Viajando com Toledo\",\"isPartOf\":{\"@id\":\"https:\/\/viajandocomtoledo.com.br\/loja\/#website\"},\"primaryImageOfPage\":{\"@id\":\"https:\/\/viajandocomtoledo.com.br\/loja\/produto\/whisky-rarus-single-malt-barril-ex-rum-720ml\/#primaryimage\"},\"image\":{\"@id\":\"https:\/\/viajandocomtoledo.com.br\/loja\/produto\/whisky-rarus-single-malt-barril-ex-rum-720ml\/#primaryimage\"},\"thumbnailUrl\":\"https:\/\/viajandocomtoledo.com.br\/loja\/wp-content\/uploads\/2022\/11\/1.png\",\"datePublished\":\"2022-11-15T12:54:02+00:00\",\"dateModified\":\"2025-07-03T23:52:28+00:00\",\"description\":\"Whisky Rarus (Single malt - Barril Ex-Rum) 720ml - Melhores whiskies nacionais - Envio imediato - Em at\u00e9 3x sem juros\",\"breadcrumb\":{\"@id\":\"https:\/\/viajandocomtoledo.com.br\/loja\/produto\/whisky-rarus-single-malt-barril-ex-rum-720ml\/#breadcrumb\"},\"inLanguage\":\"pt-BR\",\"potentialAction\":[{\"@type\":\"ReadAction\",\"target\":[\"https:\/\/viajandocomtoledo.com.br\/loja\/produto\/whisky-rarus-single-malt-barril-ex-rum-720ml\/\"]}]},{\"@type\":\"ImageObject\",\"inLanguage\":\"pt-BR\",\"@id\":\"https:\/\/viajandocomtoledo.com.br\/loja\/produto\/whisky-rarus-single-malt-barril-ex-rum-720ml\/#primaryimage\",\"url\":\"https:\/\/viajandocomtoledo.com.br\/loja\/wp-content\/uploads\/2022\/11\/1.png\",\"contentUrl\":\"https:\/\/viajandocomtoledo.com.br\/loja\/wp-content\/uploads\/2022\/11\/1.png\",\"width\":1080,\"height\":1080},{\"@type\":\"BreadcrumbList\",\"@id\":\"https:\/\/viajandocomtoledo.com.br\/loja\/produto\/whisky-rarus-single-malt-barril-ex-rum-720ml\/#breadcrumb\",\"itemListElement\":[{\"@type\":\"ListItem\",\"position\":1,\"name\":\"In\u00edcio\",\"item\":\"https:\/\/viajandocomtoledo.com.br\/loja\/\"},{\"@type\":\"ListItem\",\"position\":2,\"name\":\"Produtos\",\"item\":\"https:\/\/viajandocomtoledo.com.br\/loja\/\"},{\"@type\":\"ListItem\",\"position\":3,\"name\":\"Whisky Rarus (Single malt &#8211; Barril Ex-Rum) 720ml\"}]},{\"@type\":\"WebSite\",\"@id\":\"https:\/\/viajandocomtoledo.com.br\/loja\/#website\",\"url\":\"https:\/\/viajandocomtoledo.com.br\/loja\/\",\"name\":\"Loja Viajando com Toledo\",\"description\":\"Loja do site - Viajando com Toledo\",\"publisher\":{\"@id\":\"https:\/\/viajandocomtoledo.com.br\/loja\/#organization\"},\"potentialAction\":[{\"@type\":\"SearchAction\",\"target\":{\"@type\":\"EntryPoint\",\"urlTemplate\":\"https:\/\/viajandocomtoledo.com.br\/loja\/?s={search_term_string}\"},\"query-input\":{\"@type\":\"PropertyValueSpecification\",\"valueRequired\":true,\"valueName\":\"search_term_string\"}}],\"inLanguage\":\"pt-BR\"},{\"@type\":\"Organization\",\"@id\":\"https:\/\/viajandocomtoledo.com.br\/loja\/#organization\",\"name\":\"Loja Viajando com Toledo\",\"url\":\"https:\/\/viajandocomtoledo.com.br\/loja\/\",\"logo\":{\"@type\":\"ImageObject\",\"inLanguage\":\"pt-BR\",\"@id\":\"https:\/\/viajandocomtoledo.com.br\/loja\/#\/schema\/logo\/image\/\",\"url\":\"https:\/\/viajandocomtoledo.com.br\/loja\/wp-content\/uploads\/2021\/07\/LOGO-VCT-e1626871875731.png\",\"contentUrl\":\"https:\/\/viajandocomtoledo.com.br\/loja\/wp-content\/uploads\/2021\/07\/LOGO-VCT-e1626871875731.png\",\"width\":100,\"height\":46,\"caption\":\"Loja Viajando com Toledo\"},\"image\":{\"@id\":\"https:\/\/viajandocomtoledo.com.br\/loja\/#\/schema\/logo\/image\/\"},\"sameAs\":[\"https:\/\/web.facebook.com\/viajandocomtoledo\",\"https:\/\/www.instagram.com\/viajandocomtoledo\/\"]}]}<\/script>\n<!-- \/ Yoast SEO plugin. -->","yoast_head_json":{"title":"Whisky Rarus (Single malt - Barril Ex-Rum) 720ml - Loja Viajando com Toledo","description":"Whisky Rarus (Single malt - Barril Ex-Rum) 720ml - Melhores whiskies nacionais - Envio imediato - Em at\u00e9 3x sem juros","robots":{"index":"index","follow":"follow","max-snippet":"max-snippet:-1","max-image-preview":"max-image-preview:large","max-video-preview":"max-video-preview:-1"},"canonical":"https:\/\/viajandocomtoledo.com.br\/loja\/produto\/whisky-rarus-single-malt-barril-ex-rum-720ml\/","og_locale":"pt_BR","og_type":"article","og_title":"Whisky Rarus (Single malt - Barril Ex-Rum) 720ml - Loja Viajando com Toledo","og_description":"Whisky Rarus (Single malt - Barril Ex-Rum) 720ml - Melhores whiskies nacionais - Envio imediato - Em at\u00e9 3x sem juros","og_url":"https:\/\/viajandocomtoledo.com.br\/loja\/produto\/whisky-rarus-single-malt-barril-ex-rum-720ml\/","og_site_name":"Loja Viajando com Toledo","article_publisher":"https:\/\/web.facebook.com\/viajandocomtoledo","article_modified_time":"2025-07-03T23:52:28+00:00","og_image":[{"width":1080,"height":1080,"url":"https:\/\/viajandocomtoledo.com.br\/loja\/wp-content\/uploads\/2022\/11\/1.png","type":"image\/png"}],"twitter_card":"summary_large_image","twitter_misc":{"Est. tempo de leitura":"2 minutos"},"schema":{"@context":"https:\/\/schema.org","@graph":[{"@type":"WebPage","@id":"https:\/\/viajandocomtoledo.com.br\/loja\/produto\/whisky-rarus-single-malt-barril-ex-rum-720ml\/","url":"https:\/\/viajandocomtoledo.com.br\/loja\/produto\/whisky-rarus-single-malt-barril-ex-rum-720ml\/","name":"Whisky Rarus (Single malt - Barril Ex-Rum) 720ml - Loja Viajando com Toledo","isPartOf":{"@id":"https:\/\/viajandocomtoledo.com.br\/loja\/#website"},"primaryImageOfPage":{"@id":"https:\/\/viajandocomtoledo.com.br\/loja\/produto\/whisky-rarus-single-malt-barril-ex-rum-720ml\/#primaryimage"},"image":{"@id":"https:\/\/viajandocomtoledo.com.br\/loja\/produto\/whisky-rarus-single-malt-barril-ex-rum-720ml\/#primaryimage"},"thumbnailUrl":"https:\/\/viajandocomtoledo.com.br\/loja\/wp-content\/uploads\/2022\/11\/1.png","datePublished":"2022-11-15T12:54:02+00:00","dateModified":"2025-07-03T23:52:28+00:00","description":"Whisky Rarus (Single malt - Barril Ex-Rum) 720ml - Melhores whiskies nacionais - Envio imediato - Em at\u00e9 3x sem juros","breadcrumb":{"@id":"https:\/\/viajandocomtoledo.com.br\/loja\/produto\/whisky-rarus-single-malt-barril-ex-rum-720ml\/#breadcrumb"},"inLanguage":"pt-BR","potentialAction":[{"@type":"ReadAction","target":["https:\/\/viajandocomtoledo.com.br\/loja\/produto\/whisky-rarus-single-malt-barril-ex-rum-720ml\/"]}]},{"@type":"ImageObject","inLanguage":"pt-BR","@id":"https:\/\/viajandocomtoledo.com.br\/loja\/produto\/whisky-rarus-single-malt-barril-ex-rum-720ml\/#primaryimage","url":"https:\/\/viajandocomtoledo.com.br\/loja\/wp-content\/uploads\/2022\/11\/1.png","contentUrl":"https:\/\/viajandocomtoledo.com.br\/loja\/wp-content\/uploads\/2022\/11\/1.png","width":1080,"height":1080},{"@type":"BreadcrumbList","@id":"https:\/\/viajandocomtoledo.com.br\/loja\/produto\/whisky-rarus-single-malt-barril-ex-rum-720ml\/#breadcrumb","itemListElement":[{"@type":"ListItem","position":1,"name":"In\u00edcio","item":"https:\/\/viajandocomtoledo.com.br\/loja\/"},{"@type":"ListItem","position":2,"name":"Produtos","item":"https:\/\/viajandocomtoledo.com.br\/loja\/"},{"@type":"ListItem","position":3,"name":"Whisky Rarus (Single malt &#8211; Barril Ex-Rum) 720ml"}]},{"@type":"WebSite","@id":"https:\/\/viajandocomtoledo.com.br\/loja\/#website","url":"https:\/\/viajandocomtoledo.com.br\/loja\/","name":"Loja Viajando com Toledo","description":"Loja do site - Viajando com Toledo","publisher":{"@id":"https:\/\/viajandocomtoledo.com.br\/loja\/#organization"},"potentialAction":[{"@type":"SearchAction","target":{"@type":"EntryPoint","urlTemplate":"https:\/\/viajandocomtoledo.com.br\/loja\/?s={search_term_string}"},"query-input":{"@type":"PropertyValueSpecification","valueRequired":true,"valueName":"search_term_string"}}],"inLanguage":"pt-BR"},{"@type":"Organization","@id":"https:\/\/viajandocomtoledo.com.br\/loja\/#organization","name":"Loja Viajando com Toledo","url":"https:\/\/viajandocomtoledo.com.br\/loja\/","logo":{"@type":"ImageObject","inLanguage":"pt-BR","@id":"https:\/\/viajandocomtoledo.com.br\/loja\/#\/schema\/logo\/image\/","url":"https:\/\/viajandocomtoledo.com.br\/loja\/wp-content\/uploads\/2021\/07\/LOGO-VCT-e1626871875731.png","contentUrl":"https:\/\/viajandocomtoledo.com.br\/loja\/wp-content\/uploads\/2021\/07\/LOGO-VCT-e1626871875731.png","width":100,"height":46,"caption":"Loja Viajando com Toledo"},"image":{"@id":"https:\/\/viajandocomtoledo.com.br\/loja\/#\/schema\/logo\/image\/"},"sameAs":["https:\/\/web.facebook.com\/viajandocomtoledo","https:\/\/www.instagram.com\/viajandocomtoledo\/"]}]}},"_links":{"self":[{"href":"https:\/\/viajandocomtoledo.com.br\/loja\/wp-json\/wp\/v2\/product\/2259","targetHints":{"allow":["GET"]}}],"collection":[{"href":"https:\/\/viajandocomtoledo.com.br\/loja\/wp-json\/wp\/v2\/product"}],"about":[{"href":"https:\/\/viajandocomtoledo.com.br\/loja\/wp-json\/wp\/v2\/types\/product"}],"replies":[{"embeddable":true,"href":"https:\/\/viajandocomtoledo.com.br\/loja\/wp-json\/wp\/v2\/comments?post=2259"}],"wp:featuredmedia":[{"embeddable":true,"href":"https:\/\/viajandocomtoledo.com.br\/loja\/wp-json\/wp\/v2\/media\/2827"}],"wp:attachment":[{"href":"https:\/\/viajandocomtoledo.com.br\/loja\/wp-json\/wp\/v2\/media?parent=2259"}],"wp:term":[{"taxonomy":"product_cat","embeddable":true,"href":"https:\/\/viajandocomtoledo.com.br\/loja\/wp-json\/wp\/v2\/product_cat?post=2259"},{"taxonomy":"product_tag","embeddable":true,"href":"https:\/\/viajandocomtoledo.com.br\/loja\/wp-json\/wp\/v2\/product_tag?post=2259"}],"curies":[{"name":"wp","href":"https:\/\/api.w.org\/{rel}","templated":true}]}}