{"id":2159,"date":"2022-11-03T14:23:41","date_gmt":"2022-11-03T17:23:41","guid":{"rendered":"https:\/\/viajandocomtoledo.com.br\/loja\/?post_type=product&#038;p=2159"},"modified":"2024-01-11T12:15:14","modified_gmt":"2024-01-11T15:15:14","slug":"nossa-senhora-da-conceicao-003","status":"publish","type":"product","link":"https:\/\/viajandocomtoledo.com.br\/loja\/produto\/nossa-senhora-da-conceicao-003\/","title":{"rendered":"Nossa Senhora da Concei\u00e7\u00e3o 003"},"content":{"rendered":"<div class=\"page\" title=\"Page 1\">\n<div class=\"section\">\n<div class=\"layoutArea\">\n<div class=\"column\">\n<div class=\"page\" title=\"Page 1\">\n<div class=\"section\">\n<div class=\"layoutArea\">\n<div class=\"column\">\n<p style=\"text-align: center;\">Imaculada Concei\u00e7\u00e3o, nasceu h\u00e1 mais de dois mil anos na zona da Palestina, Nossa Senhora teve como pais, S\u00e3o Joaquim e Sant\u2019Ana. Desde o in\u00edcio de sua vida a maior voca\u00e7\u00e3o era ser m\u00e3e do filho de Deus. A maternidade divina \u00e9 a origem do dogma Imaculada Concei\u00e7\u00e3o, Maria concebe a not\u00edcia enviada por Deus atrav\u00e9s do Arcanjo Gabriel que seria a m\u00e3e de Jesus. A imagem de Nossa Senhora da Concei\u00e7\u00e3o retrata o momento da concep\u00e7\u00e3o, Maria olha aos c\u00e9us coloca as m\u00e3os em seu peito e com olhar sereno e grande emo\u00e7\u00e3o agradece a Deus por esta divindade.<\/p>\n<\/div>\n<\/div>\n<\/div>\n<\/div>\n<\/div>\n<\/div>\n<\/div>\n<\/div>\n<h2 style=\"text-align: center;\">CARACTER\u00cdSTICAS<\/h2>\n<ul>\n<li><em><strong>Regi\u00e3o: <\/strong>Ponte Nova \/ Minas Gerais.<\/em><\/li>\n<li><em><strong>T\u00e9cnica: <\/strong><\/em><em>Escultura entalhe em madeira.<\/em><\/li>\n<li><em><strong>Material:<\/strong>\u00a0Cedro Rosa (madeira de lei).<\/em><\/li>\n<li><em><strong>Altura: <\/strong><\/em><em>30cm.<\/em><\/li>\n<li><em><strong>Largura: <\/strong>16cm.<\/em><\/li>\n<li><em><b>Artista: <\/b>Ant\u00f4nio In\u00e1cio.<\/em><\/li>\n<li><em><strong>Data festiva:<\/strong> 08 de dezembro.<\/em><\/li>\n<\/ul>\n<h2 style=\"text-align: center;\">O ARTES\u00c3O<\/h2>\n<div class=\"page\" title=\"Page 1\">\n<div class=\"section\">\n<div class=\"layoutArea\">\n<div class=\"column\">\n<p style=\"text-align: center;\">O artista pl\u00e1stico e artes\u00e3o Ant\u00f4nio In\u00e1cio, conhecido como Boneca, \u00e9 Mestre dos Saberes e Fazeres, reconhecido pelo Munic\u00edpio de Ponte Nova. Ant\u00f4nio, nasceu em Cajuri, Minas Gerais, em 3 de mar\u00e7o de 1950. Aos 12 anos de idade come\u00e7ou trabalhar em uma f\u00e1brica de pe\u00e7as em gesso, do Italiano Cesar Marques. O trabalho na f\u00e1brica despertou a voca\u00e7\u00e3o para as artes sacras, que mais tarde, passou a trabalhar com a madeira.<\/p>\n<\/div>\n<\/div>\n<\/div>\n<\/div>\n<h2 style=\"text-align: center;\">NOSSA MISS\u00c3O<\/h2>\n<p style=\"text-align: center;\">Buscando sempre mostrar o que h\u00e1 de melhor nos produtos ou nos lugares de Minas Gerais e do Brasil, o Viajando com Toledo tem a miss\u00e3o de levar at\u00e9 voc\u00ea uma experi\u00eancia adquirida em mais de 18 anos de estrada, por onde conhecemos a cultura, o turismo, o meio ambiente e as ra\u00edzes do nosso pa\u00eds. Compre em uma loja com produtos 100% brasileiros.<\/p>\n","protected":false},"excerpt":{"rendered":"<div class=\"page\" title=\"Page 1\">\n<div class=\"section\">\n<div class=\"layoutArea\">\n<div class=\"column\">\n<div class=\"page\" title=\"Page 1\">\n<div class=\"section\">\n<div class=\"layoutArea\">\n<div class=\"column\">\n<p style=\"text-align: center;\">Imaculada Concei\u00e7\u00e3o, nasceu h\u00e1 mais de dois mil anos na zona da Palestina, Nossa Senhora teve como pais, S\u00e3o Joaquim e Sant\u2019Ana. Desde o in\u00edcio de sua vida a maior voca\u00e7\u00e3o era ser m\u00e3e do filho de Deus. A maternidade divina \u00e9 a origem do dogma Imaculada Concei\u00e7\u00e3o, Maria concebe a not\u00edcia enviada por Deus atrav\u00e9s do Arcanjo Gabriel que seria a m\u00e3e de Jesus. A imagem de Nossa Senhora da Concei\u00e7\u00e3o retrata o momento da concep\u00e7\u00e3o, Maria olha aos c\u00e9us coloca as m\u00e3os em seu peito e com olhar sereno e grande emo\u00e7\u00e3o agradece a Deus por esta divindade.<\/p>\n<\/div>\n<\/div>\n<\/div>\n<\/div>\n<\/div>\n<\/div>\n<\/div>\n<\/div>\n<h2 style=\"text-align: center;\">CARACTER\u00cdSTICAS<\/h2>\n<ul>\n<li><em><strong>Regi\u00e3o: <\/strong>Ponte Nova \/ Minas Gerais.<\/em><\/li>\n<li><em><strong>T\u00e9cnica: <\/strong><\/em><em>Escultura entalhe em madeira.<\/em><\/li>\n<li><em><strong>Material:<\/strong>\u00a0Cedro Rosa (madeira de lei).<\/em><\/li>\n<li><em><strong>Altura: <\/strong><\/em><em>30cm.<\/em><\/li>\n<li><em><strong>Largura: <\/strong>16cm.<\/em><\/li>\n<li><em><b>Artista: <\/b>Ant\u00f4nio In\u00e1cio.<\/em><\/li>\n<li><em><strong>Data festiva:<\/strong> 08 de dezembro.<\/em><\/li>\n<\/ul>\n<h2 style=\"text-align: center;\">O ARTES\u00c3O<\/h2>\n<div class=\"page\" title=\"Page 1\">\n<div class=\"section\">\n<div class=\"layoutArea\">\n<div class=\"column\">\n<p style=\"text-align: center;\">O artista pl\u00e1stico e artes\u00e3o Ant\u00f4nio In\u00e1cio, conhecido como Boneca, \u00e9 Mestre dos Saberes e Fazeres, reconhecido pelo Munic\u00edpio de Ponte Nova. Ant\u00f4nio, nasceu em Cajuri, Minas Gerais, em 3 de mar\u00e7o de 1950. Aos 12 anos de idade come\u00e7ou trabalhar em uma f\u00e1brica de pe\u00e7as em gesso, do Italiano Cesar Marques. O trabalho na f\u00e1brica despertou a voca\u00e7\u00e3o para as artes sacras, que mais tarde, passou a trabalhar com a madeira.<\/p>\n<\/div>\n<\/div>\n<\/div>\n<\/div>\n<h2 style=\"text-align: center;\">NOSSA MISS\u00c3O<\/h2>\n<p style=\"text-align: center;\">Buscando sempre mostrar o que h\u00e1 de melhor nos produtos ou nos lugares de Minas Gerais e do Brasil, o Viajando com Toledo tem a miss\u00e3o de levar at\u00e9 voc\u00ea uma experi\u00eancia adquirida em mais de 18 anos de estrada, por onde conhecemos a cultura, o turismo, o meio ambiente e as ra\u00edzes do nosso pa\u00eds. Compre em uma loja com produtos 100% brasileiros.<\/p>\n","protected":false},"featured_media":2164,"comment_status":"closed","ping_status":"closed","template":"","meta":{"_acf_changed":false,"_monsterinsights_skip_tracking":false,"_monsterinsights_sitenote_active":false,"_monsterinsights_sitenote_note":"","_monsterinsights_sitenote_category":0},"product_cat":[69,66],"product_tag":[],"class_list":{"0":"post-2159","1":"product","2":"type-product","3":"status-publish","4":"has-post-thumbnail","6":"product_cat-artesanatos","7":"product_cat-mata","8":"product_shipping_class-produtos-diversos","10":"first","11":"instock","12":"taxable","13":"shipping-taxable","14":"purchasable","15":"product-type-simple"},"acf":[],"aioseo_notices":[],"yoast_head":"<!-- This site is optimized with the Yoast SEO plugin v25.8 - https:\/\/yoast.com\/wordpress\/plugins\/seo\/ -->\n<title>Nossa Senhora da Concei\u00e7\u00e3o 003 - Loja Viajando com Toledo<\/title>\n<meta name=\"description\" content=\"Artesanato em madeira de lei - Produzido em Ponte Nova\/MG - Envio imediato - Parcele em at\u00e9 3x sem juros\" \/>\n<meta name=\"robots\" content=\"index, follow, max-snippet:-1, max-image-preview:large, max-video-preview:-1\" \/>\n<link rel=\"canonical\" href=\"https:\/\/viajandocomtoledo.com.br\/loja\/produto\/nossa-senhora-da-conceicao-003\/\" \/>\n<meta property=\"og:locale\" content=\"pt_BR\" \/>\n<meta property=\"og:type\" content=\"article\" \/>\n<meta property=\"og:title\" content=\"Nossa Senhora da Concei\u00e7\u00e3o 003 - Loja Viajando com Toledo\" \/>\n<meta property=\"og:description\" content=\"Artesanato em madeira de lei - Produzido em Ponte Nova\/MG - Envio imediato - Parcele em at\u00e9 3x sem juros\" \/>\n<meta property=\"og:url\" content=\"https:\/\/viajandocomtoledo.com.br\/loja\/produto\/nossa-senhora-da-conceicao-003\/\" \/>\n<meta property=\"og:site_name\" content=\"Loja Viajando com Toledo\" \/>\n<meta property=\"article:publisher\" content=\"https:\/\/web.facebook.com\/viajandocomtoledo\" \/>\n<meta property=\"article:modified_time\" content=\"2024-01-11T15:15:14+00:00\" \/>\n<meta property=\"og:image\" content=\"https:\/\/viajandocomtoledo.com.br\/loja\/wp-content\/uploads\/2022\/11\/WhatsApp-Image-2022-11-14-at-15.09.40.jpeg\" \/>\n\t<meta property=\"og:image:width\" content=\"1024\" \/>\n\t<meta property=\"og:image:height\" content=\"1024\" \/>\n\t<meta property=\"og:image:type\" content=\"image\/jpeg\" \/>\n<meta name=\"twitter:card\" content=\"summary_large_image\" \/>\n<meta name=\"twitter:label1\" content=\"Est. tempo de leitura\" \/>\n\t<meta name=\"twitter:data1\" content=\"2 minutos\" \/>\n<script type=\"application\/ld+json\" class=\"yoast-schema-graph\">{\"@context\":\"https:\/\/schema.org\",\"@graph\":[{\"@type\":\"WebPage\",\"@id\":\"https:\/\/viajandocomtoledo.com.br\/loja\/produto\/nossa-senhora-da-conceicao-003\/\",\"url\":\"https:\/\/viajandocomtoledo.com.br\/loja\/produto\/nossa-senhora-da-conceicao-003\/\",\"name\":\"Nossa Senhora da Concei\u00e7\u00e3o 003 - Loja Viajando com Toledo\",\"isPartOf\":{\"@id\":\"https:\/\/viajandocomtoledo.com.br\/loja\/#website\"},\"primaryImageOfPage\":{\"@id\":\"https:\/\/viajandocomtoledo.com.br\/loja\/produto\/nossa-senhora-da-conceicao-003\/#primaryimage\"},\"image\":{\"@id\":\"https:\/\/viajandocomtoledo.com.br\/loja\/produto\/nossa-senhora-da-conceicao-003\/#primaryimage\"},\"thumbnailUrl\":\"https:\/\/viajandocomtoledo.com.br\/loja\/wp-content\/uploads\/2022\/11\/WhatsApp-Image-2022-11-14-at-15.09.40.jpeg\",\"datePublished\":\"2022-11-03T17:23:41+00:00\",\"dateModified\":\"2024-01-11T15:15:14+00:00\",\"description\":\"Artesanato em madeira de lei - Produzido em Ponte Nova\/MG - Envio imediato - Parcele em at\u00e9 3x sem juros\",\"breadcrumb\":{\"@id\":\"https:\/\/viajandocomtoledo.com.br\/loja\/produto\/nossa-senhora-da-conceicao-003\/#breadcrumb\"},\"inLanguage\":\"pt-BR\",\"potentialAction\":[{\"@type\":\"ReadAction\",\"target\":[\"https:\/\/viajandocomtoledo.com.br\/loja\/produto\/nossa-senhora-da-conceicao-003\/\"]}]},{\"@type\":\"ImageObject\",\"inLanguage\":\"pt-BR\",\"@id\":\"https:\/\/viajandocomtoledo.com.br\/loja\/produto\/nossa-senhora-da-conceicao-003\/#primaryimage\",\"url\":\"https:\/\/viajandocomtoledo.com.br\/loja\/wp-content\/uploads\/2022\/11\/WhatsApp-Image-2022-11-14-at-15.09.40.jpeg\",\"contentUrl\":\"https:\/\/viajandocomtoledo.com.br\/loja\/wp-content\/uploads\/2022\/11\/WhatsApp-Image-2022-11-14-at-15.09.40.jpeg\",\"width\":1024,\"height\":1024},{\"@type\":\"BreadcrumbList\",\"@id\":\"https:\/\/viajandocomtoledo.com.br\/loja\/produto\/nossa-senhora-da-conceicao-003\/#breadcrumb\",\"itemListElement\":[{\"@type\":\"ListItem\",\"position\":1,\"name\":\"In\u00edcio\",\"item\":\"https:\/\/viajandocomtoledo.com.br\/loja\/\"},{\"@type\":\"ListItem\",\"position\":2,\"name\":\"Produtos\",\"item\":\"https:\/\/viajandocomtoledo.com.br\/loja\/\"},{\"@type\":\"ListItem\",\"position\":3,\"name\":\"Nossa Senhora da Concei\u00e7\u00e3o 003\"}]},{\"@type\":\"WebSite\",\"@id\":\"https:\/\/viajandocomtoledo.com.br\/loja\/#website\",\"url\":\"https:\/\/viajandocomtoledo.com.br\/loja\/\",\"name\":\"Loja Viajando com Toledo\",\"description\":\"Loja do site - Viajando com Toledo\",\"publisher\":{\"@id\":\"https:\/\/viajandocomtoledo.com.br\/loja\/#organization\"},\"potentialAction\":[{\"@type\":\"SearchAction\",\"target\":{\"@type\":\"EntryPoint\",\"urlTemplate\":\"https:\/\/viajandocomtoledo.com.br\/loja\/?s={search_term_string}\"},\"query-input\":{\"@type\":\"PropertyValueSpecification\",\"valueRequired\":true,\"valueName\":\"search_term_string\"}}],\"inLanguage\":\"pt-BR\"},{\"@type\":\"Organization\",\"@id\":\"https:\/\/viajandocomtoledo.com.br\/loja\/#organization\",\"name\":\"Loja Viajando com Toledo\",\"url\":\"https:\/\/viajandocomtoledo.com.br\/loja\/\",\"logo\":{\"@type\":\"ImageObject\",\"inLanguage\":\"pt-BR\",\"@id\":\"https:\/\/viajandocomtoledo.com.br\/loja\/#\/schema\/logo\/image\/\",\"url\":\"https:\/\/viajandocomtoledo.com.br\/loja\/wp-content\/uploads\/2021\/07\/LOGO-VCT-e1626871875731.png\",\"contentUrl\":\"https:\/\/viajandocomtoledo.com.br\/loja\/wp-content\/uploads\/2021\/07\/LOGO-VCT-e1626871875731.png\",\"width\":100,\"height\":46,\"caption\":\"Loja Viajando com Toledo\"},\"image\":{\"@id\":\"https:\/\/viajandocomtoledo.com.br\/loja\/#\/schema\/logo\/image\/\"},\"sameAs\":[\"https:\/\/web.facebook.com\/viajandocomtoledo\",\"https:\/\/www.instagram.com\/viajandocomtoledo\/\"]}]}<\/script>\n<!-- \/ Yoast SEO plugin. -->","yoast_head_json":{"title":"Nossa Senhora da Concei\u00e7\u00e3o 003 - Loja Viajando com Toledo","description":"Artesanato em madeira de lei - Produzido em Ponte Nova\/MG - Envio imediato - Parcele em at\u00e9 3x sem juros","robots":{"index":"index","follow":"follow","max-snippet":"max-snippet:-1","max-image-preview":"max-image-preview:large","max-video-preview":"max-video-preview:-1"},"canonical":"https:\/\/viajandocomtoledo.com.br\/loja\/produto\/nossa-senhora-da-conceicao-003\/","og_locale":"pt_BR","og_type":"article","og_title":"Nossa Senhora da Concei\u00e7\u00e3o 003 - Loja Viajando com Toledo","og_description":"Artesanato em madeira de lei - Produzido em Ponte Nova\/MG - Envio imediato - Parcele em at\u00e9 3x sem juros","og_url":"https:\/\/viajandocomtoledo.com.br\/loja\/produto\/nossa-senhora-da-conceicao-003\/","og_site_name":"Loja Viajando com Toledo","article_publisher":"https:\/\/web.facebook.com\/viajandocomtoledo","article_modified_time":"2024-01-11T15:15:14+00:00","og_image":[{"width":1024,"height":1024,"url":"https:\/\/viajandocomtoledo.com.br\/loja\/wp-content\/uploads\/2022\/11\/WhatsApp-Image-2022-11-14-at-15.09.40.jpeg","type":"image\/jpeg"}],"twitter_card":"summary_large_image","twitter_misc":{"Est. tempo de leitura":"2 minutos"},"schema":{"@context":"https:\/\/schema.org","@graph":[{"@type":"WebPage","@id":"https:\/\/viajandocomtoledo.com.br\/loja\/produto\/nossa-senhora-da-conceicao-003\/","url":"https:\/\/viajandocomtoledo.com.br\/loja\/produto\/nossa-senhora-da-conceicao-003\/","name":"Nossa Senhora da Concei\u00e7\u00e3o 003 - Loja Viajando com Toledo","isPartOf":{"@id":"https:\/\/viajandocomtoledo.com.br\/loja\/#website"},"primaryImageOfPage":{"@id":"https:\/\/viajandocomtoledo.com.br\/loja\/produto\/nossa-senhora-da-conceicao-003\/#primaryimage"},"image":{"@id":"https:\/\/viajandocomtoledo.com.br\/loja\/produto\/nossa-senhora-da-conceicao-003\/#primaryimage"},"thumbnailUrl":"https:\/\/viajandocomtoledo.com.br\/loja\/wp-content\/uploads\/2022\/11\/WhatsApp-Image-2022-11-14-at-15.09.40.jpeg","datePublished":"2022-11-03T17:23:41+00:00","dateModified":"2024-01-11T15:15:14+00:00","description":"Artesanato em madeira de lei - Produzido em Ponte Nova\/MG - Envio imediato - Parcele em at\u00e9 3x sem juros","breadcrumb":{"@id":"https:\/\/viajandocomtoledo.com.br\/loja\/produto\/nossa-senhora-da-conceicao-003\/#breadcrumb"},"inLanguage":"pt-BR","potentialAction":[{"@type":"ReadAction","target":["https:\/\/viajandocomtoledo.com.br\/loja\/produto\/nossa-senhora-da-conceicao-003\/"]}]},{"@type":"ImageObject","inLanguage":"pt-BR","@id":"https:\/\/viajandocomtoledo.com.br\/loja\/produto\/nossa-senhora-da-conceicao-003\/#primaryimage","url":"https:\/\/viajandocomtoledo.com.br\/loja\/wp-content\/uploads\/2022\/11\/WhatsApp-Image-2022-11-14-at-15.09.40.jpeg","contentUrl":"https:\/\/viajandocomtoledo.com.br\/loja\/wp-content\/uploads\/2022\/11\/WhatsApp-Image-2022-11-14-at-15.09.40.jpeg","width":1024,"height":1024},{"@type":"BreadcrumbList","@id":"https:\/\/viajandocomtoledo.com.br\/loja\/produto\/nossa-senhora-da-conceicao-003\/#breadcrumb","itemListElement":[{"@type":"ListItem","position":1,"name":"In\u00edcio","item":"https:\/\/viajandocomtoledo.com.br\/loja\/"},{"@type":"ListItem","position":2,"name":"Produtos","item":"https:\/\/viajandocomtoledo.com.br\/loja\/"},{"@type":"ListItem","position":3,"name":"Nossa Senhora da Concei\u00e7\u00e3o 003"}]},{"@type":"WebSite","@id":"https:\/\/viajandocomtoledo.com.br\/loja\/#website","url":"https:\/\/viajandocomtoledo.com.br\/loja\/","name":"Loja Viajando com Toledo","description":"Loja do site - Viajando com Toledo","publisher":{"@id":"https:\/\/viajandocomtoledo.com.br\/loja\/#organization"},"potentialAction":[{"@type":"SearchAction","target":{"@type":"EntryPoint","urlTemplate":"https:\/\/viajandocomtoledo.com.br\/loja\/?s={search_term_string}"},"query-input":{"@type":"PropertyValueSpecification","valueRequired":true,"valueName":"search_term_string"}}],"inLanguage":"pt-BR"},{"@type":"Organization","@id":"https:\/\/viajandocomtoledo.com.br\/loja\/#organization","name":"Loja Viajando com Toledo","url":"https:\/\/viajandocomtoledo.com.br\/loja\/","logo":{"@type":"ImageObject","inLanguage":"pt-BR","@id":"https:\/\/viajandocomtoledo.com.br\/loja\/#\/schema\/logo\/image\/","url":"https:\/\/viajandocomtoledo.com.br\/loja\/wp-content\/uploads\/2021\/07\/LOGO-VCT-e1626871875731.png","contentUrl":"https:\/\/viajandocomtoledo.com.br\/loja\/wp-content\/uploads\/2021\/07\/LOGO-VCT-e1626871875731.png","width":100,"height":46,"caption":"Loja Viajando com Toledo"},"image":{"@id":"https:\/\/viajandocomtoledo.com.br\/loja\/#\/schema\/logo\/image\/"},"sameAs":["https:\/\/web.facebook.com\/viajandocomtoledo","https:\/\/www.instagram.com\/viajandocomtoledo\/"]}]}},"_links":{"self":[{"href":"https:\/\/viajandocomtoledo.com.br\/loja\/wp-json\/wp\/v2\/product\/2159","targetHints":{"allow":["GET"]}}],"collection":[{"href":"https:\/\/viajandocomtoledo.com.br\/loja\/wp-json\/wp\/v2\/product"}],"about":[{"href":"https:\/\/viajandocomtoledo.com.br\/loja\/wp-json\/wp\/v2\/types\/product"}],"replies":[{"embeddable":true,"href":"https:\/\/viajandocomtoledo.com.br\/loja\/wp-json\/wp\/v2\/comments?post=2159"}],"wp:featuredmedia":[{"embeddable":true,"href":"https:\/\/viajandocomtoledo.com.br\/loja\/wp-json\/wp\/v2\/media\/2164"}],"wp:attachment":[{"href":"https:\/\/viajandocomtoledo.com.br\/loja\/wp-json\/wp\/v2\/media?parent=2159"}],"wp:term":[{"taxonomy":"product_cat","embeddable":true,"href":"https:\/\/viajandocomtoledo.com.br\/loja\/wp-json\/wp\/v2\/product_cat?post=2159"},{"taxonomy":"product_tag","embeddable":true,"href":"https:\/\/viajandocomtoledo.com.br\/loja\/wp-json\/wp\/v2\/product_tag?post=2159"}],"curies":[{"name":"wp","href":"https:\/\/api.w.org\/{rel}","templated":true}]}}