{"id":2141,"date":"2022-11-04T11:01:18","date_gmt":"2022-11-04T14:01:18","guid":{"rendered":"https:\/\/viajandocomtoledo.com.br\/loja\/?post_type=product&#038;p=2141"},"modified":"2025-08-28T11:06:02","modified_gmt":"2025-08-28T14:06:02","slug":"nossa-senhora-aparecida","status":"publish","type":"product","link":"https:\/\/viajandocomtoledo.com.br\/loja\/produto\/nossa-senhora-aparecida\/","title":{"rendered":"Nossa Senhora Aparecida"},"content":{"rendered":"<div class=\"page\" title=\"Page 1\">\n<div class=\"section\">\n<div class=\"layoutArea\">\n<div class=\"column\">\n<p style=\"text-align: center;\">Nossa Senhora Aparecida, \u00e9 a forma como Nossa Senhora \u00e9 carinhosamente chamada no Brasil, pa\u00eds do qual \u00e9 padroeira. A hist\u00f3ria come\u00e7ou em outubro de 1717, quando o ent\u00e3o governador da Prov\u00edncia de S\u00e3o Paulo, foi homenageado com um banquete. Para isso, os pescadores Felipe Pedroso, Jo\u00e3o Alves e Domingos Garcia foram mandados pescar no Rio Parai\u0301ba do Sul. No princ\u00edpio, n\u00e3o conseguiram nada, at\u00e9 que depois de algum tempo, j\u00e1 cansados, lan\u00e7aram novamente as redes, e ao retir\u00e1-la da \u00e1gua viram que trazia parte do corpo de uma imagem. Lan\u00e7aram novamente a rede e est\u00e1 trouxe a cabe\u00e7a. Imediatamente, as redes ficaram abarrotadas de peixes. Come\u00e7ava ali a devo\u00e7\u00e3o a santa, as pessoas rezavam em louvor a Deus por ter presenteado aquela comunidade com a imagem. Hoje, a imagem encontra-se no Santu\u00e1rio Nacional de Aparecida, o maior templo do mundo dedicado \u00e0 Nossa Senhora, sagrado pelo Papa Jo\u00e3o Paulo II em 4 de julho de 1980.<\/p>\n<\/div>\n<\/div>\n<\/div>\n<\/div>\n<h2 style=\"text-align: center;\">CARACTER\u00cdSTICAS<\/h2>\n<ul>\n<li><em><strong>Regi\u00e3o: <\/strong>Ponte Nova \/ Minas Gerais.<\/em><\/li>\n<li><em><strong>T\u00e9cnica: <\/strong><\/em><em>Escultura entalhe em madeira com pintura em policromia manual.<\/em><\/li>\n<li><em><strong>Material:<\/strong>\u00a0Cedro Rosa (madeira de lei).<\/em><\/li>\n<li><em><strong>Altura: <\/strong>30cm.<\/em><\/li>\n<li><em><strong>Largura: <\/strong>8cm.<\/em><\/li>\n<li><em><b>Artista: <\/b>Ant\u00f4nio In\u00e1cio.<\/em><\/li>\n<li><em><strong>Data festiva:<\/strong> 12 de outubro.<\/em><\/li>\n<\/ul>\n<h2 style=\"text-align: center;\">O ARTES\u00c3O<\/h2>\n<div class=\"page\" title=\"Page 1\">\n<div class=\"section\">\n<div class=\"layoutArea\">\n<div class=\"column\">\n<p style=\"text-align: center;\">O artista pl\u00e1stico e artes\u00e3o Ant\u00f4nio In\u00e1cio, conhecido como Boneca, \u00e9 Mestre dos Saberes e Fazeres, reconhecido pelo Munic\u00edpio de Ponte Nova. Ant\u00f4nio, nasceu em Cajuri, Minas Gerais, em 3 de mar\u00e7o de 1950. Aos 12 anos de idade come\u00e7ou trabalhar em uma f\u00e1brica de pe\u00e7as em gesso, do Italiano Cesar Marques. O trabalho na f\u00e1brica despertou a voca\u00e7\u00e3o para as artes sacras, que mais tarde, passou a trabalhar com a madeira.<\/p>\n<\/div>\n<\/div>\n<\/div>\n<\/div>\n<h2 style=\"text-align: center;\">NOSSA MISS\u00c3O<\/h2>\n<p style=\"text-align: center;\">Buscando sempre mostrar o que h\u00e1 de melhor nos produtos ou nos lugares de Minas Gerais e do Brasil, o Viajando com Toledo tem a miss\u00e3o de levar at\u00e9 voc\u00ea uma experi\u00eancia adquirida em mais de 18 anos de estrada, por onde conhecemos a cultura, o turismo, o meio ambiente e as ra\u00edzes do nosso pa\u00eds. Compre em uma loja com produtos 100% brasileiros.<\/p>\n","protected":false},"excerpt":{"rendered":"<div class=\"page\" title=\"Page 1\">\n<div class=\"section\">\n<div class=\"layoutArea\">\n<div class=\"column\">\n<p style=\"text-align: center;\">Nossa Senhora Aparecida, \u00e9 a forma como Nossa Senhora \u00e9 carinhosamente chamada no Brasil, pa\u00eds do qual \u00e9 padroeira. A hist\u00f3ria come\u00e7ou em outubro de 1717, quando o ent\u00e3o governador da Prov\u00edncia de S\u00e3o Paulo, foi homenageado com um banquete. Para isso, os pescadores Felipe Pedroso, Jo\u00e3o Alves e Domingos Garcia foram mandados pescar no Rio Parai\u0301ba do Sul. No princ\u00edpio, n\u00e3o conseguiram nada, at\u00e9 que depois de algum tempo, j\u00e1 cansados, lan\u00e7aram novamente as redes, e ao retir\u00e1-la da \u00e1gua viram que trazia parte do corpo de uma imagem. Lan\u00e7aram novamente a rede e est\u00e1 trouxe a cabe\u00e7a. Imediatamente, as redes ficaram abarrotadas de peixes. Come\u00e7ava ali a devo\u00e7\u00e3o a santa, as pessoas rezavam em louvor a Deus por ter presenteado aquela comunidade com a imagem. Hoje, a imagem encontra-se no Santu\u00e1rio Nacional de Aparecida, o maior templo do mundo dedicado \u00e0 Nossa Senhora, sagrado pelo Papa Jo\u00e3o Paulo II em 4 de julho de 1980.<\/p>\n<\/div>\n<\/div>\n<\/div>\n<\/div>\n<h2 style=\"text-align: center;\">CARACTER\u00cdSTICAS<\/h2>\n<ul>\n<li><em><strong>Regi\u00e3o: <\/strong>Ponte Nova \/ Minas Gerais.<\/em><\/li>\n<li><em><strong>T\u00e9cnica: <\/strong><\/em><em>Escultura entalhe em madeira com pintura em policromia manual.<\/em><\/li>\n<li><em><strong>Material:<\/strong>\u00a0Cedro Rosa (madeira de lei).<\/em><\/li>\n<li><em><strong>Altura: <\/strong>30cm.<\/em><\/li>\n<li><em><strong>Largura: <\/strong>8cm.<\/em><\/li>\n<li><em><b>Artista: <\/b>Ant\u00f4nio In\u00e1cio.<\/em><\/li>\n<li><em><strong>Data festiva:<\/strong> 12 de outubro.<\/em><\/li>\n<\/ul>\n<h2 style=\"text-align: center;\">O ARTES\u00c3O<\/h2>\n<div class=\"page\" title=\"Page 1\">\n<div class=\"section\">\n<div class=\"layoutArea\">\n<div class=\"column\">\n<p style=\"text-align: center;\">O artista pl\u00e1stico e artes\u00e3o Ant\u00f4nio In\u00e1cio, conhecido como Boneca, \u00e9 Mestre dos Saberes e Fazeres, reconhecido pelo Munic\u00edpio de Ponte Nova. Ant\u00f4nio, nasceu em Cajuri, Minas Gerais, em 3 de mar\u00e7o de 1950. Aos 12 anos de idade come\u00e7ou trabalhar em uma f\u00e1brica de pe\u00e7as em gesso, do Italiano Cesar Marques. O trabalho na f\u00e1brica despertou a voca\u00e7\u00e3o para as artes sacras, que mais tarde, passou a trabalhar com a madeira.<\/p>\n<\/div>\n<\/div>\n<\/div>\n<\/div>\n<h2 style=\"text-align: center;\">NOSSA MISS\u00c3O<\/h2>\n<p style=\"text-align: center;\">Buscando sempre mostrar o que h\u00e1 de melhor nos produtos ou nos lugares de Minas Gerais e do Brasil, o Viajando com Toledo tem a miss\u00e3o de levar at\u00e9 voc\u00ea uma experi\u00eancia adquirida em mais de 18 anos de estrada, por onde conhecemos a cultura, o turismo, o meio ambiente e as ra\u00edzes do nosso pa\u00eds. Compre em uma loja com produtos 100% brasileiros.<\/p>\n","protected":false},"featured_media":2146,"comment_status":"closed","ping_status":"closed","template":"","meta":{"_acf_changed":false,"_monsterinsights_skip_tracking":false,"_monsterinsights_sitenote_active":false,"_monsterinsights_sitenote_note":"","_monsterinsights_sitenote_category":0},"product_cat":[69,49,66],"product_tag":[],"class_list":{"0":"post-2141","1":"product","2":"type-product","3":"status-publish","4":"has-post-thumbnail","6":"product_cat-artesanatos","7":"product_cat-destaque","8":"product_cat-mata","9":"product_shipping_class-produtos-diversos","11":"first","12":"instock","13":"taxable","14":"shipping-taxable","15":"purchasable","16":"product-type-simple"},"acf":[],"aioseo_notices":[],"yoast_head":"<!-- This site is optimized with the Yoast SEO plugin v25.8 - https:\/\/yoast.com\/wordpress\/plugins\/seo\/ -->\n<title>Nossa Senhora Aparecida - Loja Viajando com Toledo<\/title>\n<meta name=\"description\" content=\"Artesanato em madeira de lei - Produzido em Ponte Nova\/MG - Envio imediato - Parcele em at\u00e9 3x sem juros\" \/>\n<meta name=\"robots\" content=\"index, follow, max-snippet:-1, max-image-preview:large, max-video-preview:-1\" \/>\n<link rel=\"canonical\" href=\"https:\/\/viajandocomtoledo.com.br\/loja\/produto\/nossa-senhora-aparecida\/\" \/>\n<meta property=\"og:locale\" content=\"pt_BR\" \/>\n<meta property=\"og:type\" content=\"article\" \/>\n<meta property=\"og:title\" content=\"Nossa Senhora Aparecida - Loja Viajando com Toledo\" \/>\n<meta property=\"og:description\" content=\"Artesanato em madeira de lei - Produzido em Ponte Nova\/MG - Envio imediato - Parcele em at\u00e9 3x sem juros\" \/>\n<meta property=\"og:url\" content=\"https:\/\/viajandocomtoledo.com.br\/loja\/produto\/nossa-senhora-aparecida\/\" \/>\n<meta property=\"og:site_name\" content=\"Loja Viajando com Toledo\" \/>\n<meta property=\"article:publisher\" content=\"https:\/\/web.facebook.com\/viajandocomtoledo\" \/>\n<meta property=\"article:modified_time\" content=\"2025-08-28T14:06:02+00:00\" \/>\n<meta property=\"og:image\" content=\"https:\/\/viajandocomtoledo.com.br\/loja\/wp-content\/uploads\/2022\/11\/WhatsApp-Image-2022-11-14-at-14.33.35.jpeg\" \/>\n\t<meta property=\"og:image:width\" content=\"1024\" \/>\n\t<meta property=\"og:image:height\" content=\"1024\" \/>\n\t<meta property=\"og:image:type\" content=\"image\/jpeg\" \/>\n<meta name=\"twitter:card\" content=\"summary_large_image\" \/>\n<meta name=\"twitter:label1\" content=\"Est. tempo de leitura\" \/>\n\t<meta name=\"twitter:data1\" content=\"2 minutos\" \/>\n<script type=\"application\/ld+json\" class=\"yoast-schema-graph\">{\"@context\":\"https:\/\/schema.org\",\"@graph\":[{\"@type\":\"WebPage\",\"@id\":\"https:\/\/viajandocomtoledo.com.br\/loja\/produto\/nossa-senhora-aparecida\/\",\"url\":\"https:\/\/viajandocomtoledo.com.br\/loja\/produto\/nossa-senhora-aparecida\/\",\"name\":\"Nossa Senhora Aparecida - Loja Viajando com Toledo\",\"isPartOf\":{\"@id\":\"https:\/\/viajandocomtoledo.com.br\/loja\/#website\"},\"primaryImageOfPage\":{\"@id\":\"https:\/\/viajandocomtoledo.com.br\/loja\/produto\/nossa-senhora-aparecida\/#primaryimage\"},\"image\":{\"@id\":\"https:\/\/viajandocomtoledo.com.br\/loja\/produto\/nossa-senhora-aparecida\/#primaryimage\"},\"thumbnailUrl\":\"https:\/\/viajandocomtoledo.com.br\/loja\/wp-content\/uploads\/2022\/11\/WhatsApp-Image-2022-11-14-at-14.33.35.jpeg\",\"datePublished\":\"2022-11-04T14:01:18+00:00\",\"dateModified\":\"2025-08-28T14:06:02+00:00\",\"description\":\"Artesanato em madeira de lei - Produzido em Ponte Nova\/MG - Envio imediato - Parcele em at\u00e9 3x sem juros\",\"breadcrumb\":{\"@id\":\"https:\/\/viajandocomtoledo.com.br\/loja\/produto\/nossa-senhora-aparecida\/#breadcrumb\"},\"inLanguage\":\"pt-BR\",\"potentialAction\":[{\"@type\":\"ReadAction\",\"target\":[\"https:\/\/viajandocomtoledo.com.br\/loja\/produto\/nossa-senhora-aparecida\/\"]}]},{\"@type\":\"ImageObject\",\"inLanguage\":\"pt-BR\",\"@id\":\"https:\/\/viajandocomtoledo.com.br\/loja\/produto\/nossa-senhora-aparecida\/#primaryimage\",\"url\":\"https:\/\/viajandocomtoledo.com.br\/loja\/wp-content\/uploads\/2022\/11\/WhatsApp-Image-2022-11-14-at-14.33.35.jpeg\",\"contentUrl\":\"https:\/\/viajandocomtoledo.com.br\/loja\/wp-content\/uploads\/2022\/11\/WhatsApp-Image-2022-11-14-at-14.33.35.jpeg\",\"width\":1024,\"height\":1024},{\"@type\":\"BreadcrumbList\",\"@id\":\"https:\/\/viajandocomtoledo.com.br\/loja\/produto\/nossa-senhora-aparecida\/#breadcrumb\",\"itemListElement\":[{\"@type\":\"ListItem\",\"position\":1,\"name\":\"In\u00edcio\",\"item\":\"https:\/\/viajandocomtoledo.com.br\/loja\/\"},{\"@type\":\"ListItem\",\"position\":2,\"name\":\"Produtos\",\"item\":\"https:\/\/viajandocomtoledo.com.br\/loja\/\"},{\"@type\":\"ListItem\",\"position\":3,\"name\":\"Nossa Senhora Aparecida\"}]},{\"@type\":\"WebSite\",\"@id\":\"https:\/\/viajandocomtoledo.com.br\/loja\/#website\",\"url\":\"https:\/\/viajandocomtoledo.com.br\/loja\/\",\"name\":\"Loja Viajando com Toledo\",\"description\":\"Loja do site - Viajando com Toledo\",\"publisher\":{\"@id\":\"https:\/\/viajandocomtoledo.com.br\/loja\/#organization\"},\"potentialAction\":[{\"@type\":\"SearchAction\",\"target\":{\"@type\":\"EntryPoint\",\"urlTemplate\":\"https:\/\/viajandocomtoledo.com.br\/loja\/?s={search_term_string}\"},\"query-input\":{\"@type\":\"PropertyValueSpecification\",\"valueRequired\":true,\"valueName\":\"search_term_string\"}}],\"inLanguage\":\"pt-BR\"},{\"@type\":\"Organization\",\"@id\":\"https:\/\/viajandocomtoledo.com.br\/loja\/#organization\",\"name\":\"Loja Viajando com Toledo\",\"url\":\"https:\/\/viajandocomtoledo.com.br\/loja\/\",\"logo\":{\"@type\":\"ImageObject\",\"inLanguage\":\"pt-BR\",\"@id\":\"https:\/\/viajandocomtoledo.com.br\/loja\/#\/schema\/logo\/image\/\",\"url\":\"https:\/\/viajandocomtoledo.com.br\/loja\/wp-content\/uploads\/2021\/07\/LOGO-VCT-e1626871875731.png\",\"contentUrl\":\"https:\/\/viajandocomtoledo.com.br\/loja\/wp-content\/uploads\/2021\/07\/LOGO-VCT-e1626871875731.png\",\"width\":100,\"height\":46,\"caption\":\"Loja Viajando com Toledo\"},\"image\":{\"@id\":\"https:\/\/viajandocomtoledo.com.br\/loja\/#\/schema\/logo\/image\/\"},\"sameAs\":[\"https:\/\/web.facebook.com\/viajandocomtoledo\",\"https:\/\/www.instagram.com\/viajandocomtoledo\/\"]}]}<\/script>\n<!-- \/ Yoast SEO plugin. -->","yoast_head_json":{"title":"Nossa Senhora Aparecida - Loja Viajando com Toledo","description":"Artesanato em madeira de lei - Produzido em Ponte Nova\/MG - Envio imediato - Parcele em at\u00e9 3x sem juros","robots":{"index":"index","follow":"follow","max-snippet":"max-snippet:-1","max-image-preview":"max-image-preview:large","max-video-preview":"max-video-preview:-1"},"canonical":"https:\/\/viajandocomtoledo.com.br\/loja\/produto\/nossa-senhora-aparecida\/","og_locale":"pt_BR","og_type":"article","og_title":"Nossa Senhora Aparecida - Loja Viajando com Toledo","og_description":"Artesanato em madeira de lei - Produzido em Ponte Nova\/MG - Envio imediato - Parcele em at\u00e9 3x sem juros","og_url":"https:\/\/viajandocomtoledo.com.br\/loja\/produto\/nossa-senhora-aparecida\/","og_site_name":"Loja Viajando com Toledo","article_publisher":"https:\/\/web.facebook.com\/viajandocomtoledo","article_modified_time":"2025-08-28T14:06:02+00:00","og_image":[{"width":1024,"height":1024,"url":"https:\/\/viajandocomtoledo.com.br\/loja\/wp-content\/uploads\/2022\/11\/WhatsApp-Image-2022-11-14-at-14.33.35.jpeg","type":"image\/jpeg"}],"twitter_card":"summary_large_image","twitter_misc":{"Est. tempo de leitura":"2 minutos"},"schema":{"@context":"https:\/\/schema.org","@graph":[{"@type":"WebPage","@id":"https:\/\/viajandocomtoledo.com.br\/loja\/produto\/nossa-senhora-aparecida\/","url":"https:\/\/viajandocomtoledo.com.br\/loja\/produto\/nossa-senhora-aparecida\/","name":"Nossa Senhora Aparecida - Loja Viajando com Toledo","isPartOf":{"@id":"https:\/\/viajandocomtoledo.com.br\/loja\/#website"},"primaryImageOfPage":{"@id":"https:\/\/viajandocomtoledo.com.br\/loja\/produto\/nossa-senhora-aparecida\/#primaryimage"},"image":{"@id":"https:\/\/viajandocomtoledo.com.br\/loja\/produto\/nossa-senhora-aparecida\/#primaryimage"},"thumbnailUrl":"https:\/\/viajandocomtoledo.com.br\/loja\/wp-content\/uploads\/2022\/11\/WhatsApp-Image-2022-11-14-at-14.33.35.jpeg","datePublished":"2022-11-04T14:01:18+00:00","dateModified":"2025-08-28T14:06:02+00:00","description":"Artesanato em madeira de lei - Produzido em Ponte Nova\/MG - Envio imediato - Parcele em at\u00e9 3x sem juros","breadcrumb":{"@id":"https:\/\/viajandocomtoledo.com.br\/loja\/produto\/nossa-senhora-aparecida\/#breadcrumb"},"inLanguage":"pt-BR","potentialAction":[{"@type":"ReadAction","target":["https:\/\/viajandocomtoledo.com.br\/loja\/produto\/nossa-senhora-aparecida\/"]}]},{"@type":"ImageObject","inLanguage":"pt-BR","@id":"https:\/\/viajandocomtoledo.com.br\/loja\/produto\/nossa-senhora-aparecida\/#primaryimage","url":"https:\/\/viajandocomtoledo.com.br\/loja\/wp-content\/uploads\/2022\/11\/WhatsApp-Image-2022-11-14-at-14.33.35.jpeg","contentUrl":"https:\/\/viajandocomtoledo.com.br\/loja\/wp-content\/uploads\/2022\/11\/WhatsApp-Image-2022-11-14-at-14.33.35.jpeg","width":1024,"height":1024},{"@type":"BreadcrumbList","@id":"https:\/\/viajandocomtoledo.com.br\/loja\/produto\/nossa-senhora-aparecida\/#breadcrumb","itemListElement":[{"@type":"ListItem","position":1,"name":"In\u00edcio","item":"https:\/\/viajandocomtoledo.com.br\/loja\/"},{"@type":"ListItem","position":2,"name":"Produtos","item":"https:\/\/viajandocomtoledo.com.br\/loja\/"},{"@type":"ListItem","position":3,"name":"Nossa Senhora Aparecida"}]},{"@type":"WebSite","@id":"https:\/\/viajandocomtoledo.com.br\/loja\/#website","url":"https:\/\/viajandocomtoledo.com.br\/loja\/","name":"Loja Viajando com Toledo","description":"Loja do site - Viajando com Toledo","publisher":{"@id":"https:\/\/viajandocomtoledo.com.br\/loja\/#organization"},"potentialAction":[{"@type":"SearchAction","target":{"@type":"EntryPoint","urlTemplate":"https:\/\/viajandocomtoledo.com.br\/loja\/?s={search_term_string}"},"query-input":{"@type":"PropertyValueSpecification","valueRequired":true,"valueName":"search_term_string"}}],"inLanguage":"pt-BR"},{"@type":"Organization","@id":"https:\/\/viajandocomtoledo.com.br\/loja\/#organization","name":"Loja Viajando com Toledo","url":"https:\/\/viajandocomtoledo.com.br\/loja\/","logo":{"@type":"ImageObject","inLanguage":"pt-BR","@id":"https:\/\/viajandocomtoledo.com.br\/loja\/#\/schema\/logo\/image\/","url":"https:\/\/viajandocomtoledo.com.br\/loja\/wp-content\/uploads\/2021\/07\/LOGO-VCT-e1626871875731.png","contentUrl":"https:\/\/viajandocomtoledo.com.br\/loja\/wp-content\/uploads\/2021\/07\/LOGO-VCT-e1626871875731.png","width":100,"height":46,"caption":"Loja Viajando com Toledo"},"image":{"@id":"https:\/\/viajandocomtoledo.com.br\/loja\/#\/schema\/logo\/image\/"},"sameAs":["https:\/\/web.facebook.com\/viajandocomtoledo","https:\/\/www.instagram.com\/viajandocomtoledo\/"]}]}},"_links":{"self":[{"href":"https:\/\/viajandocomtoledo.com.br\/loja\/wp-json\/wp\/v2\/product\/2141","targetHints":{"allow":["GET"]}}],"collection":[{"href":"https:\/\/viajandocomtoledo.com.br\/loja\/wp-json\/wp\/v2\/product"}],"about":[{"href":"https:\/\/viajandocomtoledo.com.br\/loja\/wp-json\/wp\/v2\/types\/product"}],"replies":[{"embeddable":true,"href":"https:\/\/viajandocomtoledo.com.br\/loja\/wp-json\/wp\/v2\/comments?post=2141"}],"wp:featuredmedia":[{"embeddable":true,"href":"https:\/\/viajandocomtoledo.com.br\/loja\/wp-json\/wp\/v2\/media\/2146"}],"wp:attachment":[{"href":"https:\/\/viajandocomtoledo.com.br\/loja\/wp-json\/wp\/v2\/media?parent=2141"}],"wp:term":[{"taxonomy":"product_cat","embeddable":true,"href":"https:\/\/viajandocomtoledo.com.br\/loja\/wp-json\/wp\/v2\/product_cat?post=2141"},{"taxonomy":"product_tag","embeddable":true,"href":"https:\/\/viajandocomtoledo.com.br\/loja\/wp-json\/wp\/v2\/product_tag?post=2141"}],"curies":[{"name":"wp","href":"https:\/\/api.w.org\/{rel}","templated":true}]}}