{"id":2125,"date":"2023-09-11T14:47:16","date_gmt":"2023-09-11T17:47:16","guid":{"rendered":"https:\/\/viajandocomtoledo.com.br\/loja\/?post_type=product&#038;p=2125"},"modified":"2025-02-06T16:03:50","modified_gmt":"2025-02-06T19:03:50","slug":"vinho-tinto-seco-cadim-de-nois-750ml","status":"publish","type":"product","link":"https:\/\/viajandocomtoledo.com.br\/loja\/produto\/vinho-tinto-seco-cadim-de-nois-750ml\/","title":{"rendered":"Vinho Tinto Seco Cadim de N\u00f3is 750ml"},"content":{"rendered":"<p style=\"text-align: center;\">Vinho tinto seco 100% natural e artesanal, produzido no sitio S\u00e3o Domingos, na cidade de Toledo em Minas Gerais. O vinho tinto seco Cadim de N\u00f3is possui uma colora\u00e7\u00e3o vermelho vivo, com aroma intenso, sendo um vinho de paladar marcante e frutado.<\/p>\n<h2 style=\"text-align: center;\">CARACTER\u00cdSTICAS<\/h2>\n<ul>\n<li><em><strong>Regi\u00e3o:\u00a0<\/strong>Toledo \/ Minas Gerais.<\/em><\/li>\n<li><em><strong>Cor:<\/strong> Tinto.\u00a0<\/em><\/li>\n<li><em><strong>Corpo:<\/strong> M\u00e9dio. <\/em><\/li>\n<li><em><strong>Temperatura de consumo:<\/strong> 15\u00baC a 16\u00baC.<\/em><\/li>\n<li><em><strong>Gradua\u00e7\u00e3o alco\u00f3lica:<\/strong> 12%\/vol.<\/em><\/li>\n<li><em><strong>Volume:<\/strong> 750ml.<\/em><\/li>\n<li><em>Provada e aprovada por Ot\u00e1vio di Toledo.<\/em><\/li>\n<\/ul>\n<h2 style=\"text-align: center;\">SUGEST\u00c3O DE CONSUMO<\/h2>\n<p style=\"text-align: center;\">Bebida de f\u00e1cil harmoniza\u00e7\u00e3o com carnes vermelhas, massas e queijos.<\/p>\n<h2 style=\"text-align: center;\">NOSSA MISS\u00c3O<\/h2>\n<p style=\"text-align: center;\">Buscando sempre mostrar o que h\u00e1 de melhor dos produtos ou nos lugares de Minas Gerais e do Brasil, o Viajando com Toledo tem a miss\u00e3o de levar at\u00e9 voc\u00ea uma experi\u00eancia adquirida em quase 20 anos de estrada, por onde conhecemos a cultura, o turismo, o meio ambiente e as ra\u00edzes do nosso pa\u00eds. Compre em uma loja com produtos 100% brasileiros.<\/p>\n","protected":false},"excerpt":{"rendered":"<p style=\"text-align: center;\">Vinho tinto seco 100% natural e artesanal, produzido no sitio S\u00e3o Domingos, na cidade de Toledo em Minas Gerais. O vinho tinto seco Cadim de N\u00f3is possui uma colora\u00e7\u00e3o vermelho vivo, com aroma intenso, sendo um vinho de paladar marcante e frutado.<\/p>\n<h2 style=\"text-align: center;\">CARACTER\u00cdSTICAS<\/h2>\n<ul>\n<li><em><strong>Regi\u00e3o:\u00a0<\/strong>Toledo \/ Minas Gerais.<\/em><\/li>\n<li><em><strong>Cor:<\/strong> Tinto.\u00a0<\/em><\/li>\n<li><em><strong>Corpo:<\/strong> M\u00e9dio. <\/em><\/li>\n<li><em><strong>Temperatura de consumo:<\/strong> 15\u00baC a 16\u00baC.<\/em><\/li>\n<li><em><strong>Gradua\u00e7\u00e3o alco\u00f3lica:<\/strong> 12%\/vol.<\/em><\/li>\n<li><em><strong>Volume:<\/strong> 750ml.<\/em><\/li>\n<li><em>Provada e aprovada por Ot\u00e1vio di Toledo.<\/em><\/li>\n<\/ul>\n<h2 style=\"text-align: center;\">SUGEST\u00c3O DE CONSUMO<\/h2>\n<p style=\"text-align: center;\">Bebida de f\u00e1cil harmoniza\u00e7\u00e3o com carnes vermelhas, massas e queijos.<\/p>\n<h2 style=\"text-align: center;\">NOSSA MISS\u00c3O<\/h2>\n<p style=\"text-align: center;\">Buscando sempre mostrar o que h\u00e1 de melhor dos produtos ou nos lugares de Minas Gerais e do Brasil, o Viajando com Toledo tem a miss\u00e3o de levar at\u00e9 voc\u00ea uma experi\u00eancia adquirida em quase 20 anos de estrada, por onde conhecemos a cultura, o turismo, o meio ambiente e as ra\u00edzes do nosso pa\u00eds. Compre em uma loja com produtos 100% brasileiros.<\/p>\n","protected":false},"featured_media":2132,"comment_status":"closed","ping_status":"closed","template":"","meta":{"_acf_changed":false,"_monsterinsights_skip_tracking":false,"_monsterinsights_sitenote_active":false,"_monsterinsights_sitenote_note":"","_monsterinsights_sitenote_category":0},"product_cat":[46,65],"product_tag":[],"class_list":{"0":"post-2125","1":"product","2":"type-product","3":"status-publish","4":"has-post-thumbnail","6":"product_cat-bebidas","7":"product_cat-sul-de-minas","8":"product_shipping_class-produtos-diversos","10":"first","11":"instock","12":"taxable","13":"shipping-taxable","14":"purchasable","15":"product-type-simple"},"acf":[],"aioseo_notices":[],"yoast_head":"<!-- This site is optimized with the Yoast SEO plugin v25.8 - https:\/\/yoast.com\/wordpress\/plugins\/seo\/ -->\n<title>Vinho Tinto Seco Cadim de N\u00f3is 750ml - Loja Viajando com Toledo<\/title>\n<meta name=\"description\" content=\"Vinho Tinto de Minas Gerais - Produto artesanal - Envio imediato - Parcele em at\u00e9 3x sem juros\" \/>\n<meta name=\"robots\" content=\"index, follow, max-snippet:-1, max-image-preview:large, max-video-preview:-1\" \/>\n<link rel=\"canonical\" href=\"https:\/\/viajandocomtoledo.com.br\/loja\/produto\/vinho-tinto-seco-cadim-de-nois-750ml\/\" \/>\n<meta property=\"og:locale\" content=\"pt_BR\" \/>\n<meta property=\"og:type\" content=\"article\" \/>\n<meta property=\"og:title\" content=\"Vinho Tinto Seco Cadim de N\u00f3is 750ml - Loja Viajando com Toledo\" \/>\n<meta property=\"og:description\" content=\"Vinho Tinto de Minas Gerais - Produto artesanal - Envio imediato - Parcele em at\u00e9 3x sem juros\" \/>\n<meta property=\"og:url\" content=\"https:\/\/viajandocomtoledo.com.br\/loja\/produto\/vinho-tinto-seco-cadim-de-nois-750ml\/\" \/>\n<meta property=\"og:site_name\" content=\"Loja Viajando com Toledo\" \/>\n<meta property=\"article:publisher\" content=\"https:\/\/web.facebook.com\/viajandocomtoledo\" \/>\n<meta property=\"article:modified_time\" content=\"2025-02-06T19:03:50+00:00\" \/>\n<meta property=\"og:image\" content=\"https:\/\/viajandocomtoledo.com.br\/loja\/wp-content\/uploads\/2022\/11\/WhatsApp-Image-2022-11-03-at-14.54.31-1.jpeg\" \/>\n\t<meta property=\"og:image:width\" content=\"1024\" \/>\n\t<meta property=\"og:image:height\" content=\"1024\" \/>\n\t<meta property=\"og:image:type\" content=\"image\/jpeg\" \/>\n<meta name=\"twitter:card\" content=\"summary_large_image\" \/>\n<meta name=\"twitter:label1\" content=\"Est. tempo de leitura\" \/>\n\t<meta name=\"twitter:data1\" content=\"1 minuto\" \/>\n<script type=\"application\/ld+json\" class=\"yoast-schema-graph\">{\"@context\":\"https:\/\/schema.org\",\"@graph\":[{\"@type\":\"WebPage\",\"@id\":\"https:\/\/viajandocomtoledo.com.br\/loja\/produto\/vinho-tinto-seco-cadim-de-nois-750ml\/\",\"url\":\"https:\/\/viajandocomtoledo.com.br\/loja\/produto\/vinho-tinto-seco-cadim-de-nois-750ml\/\",\"name\":\"Vinho Tinto Seco Cadim de N\u00f3is 750ml - Loja Viajando com Toledo\",\"isPartOf\":{\"@id\":\"https:\/\/viajandocomtoledo.com.br\/loja\/#website\"},\"primaryImageOfPage\":{\"@id\":\"https:\/\/viajandocomtoledo.com.br\/loja\/produto\/vinho-tinto-seco-cadim-de-nois-750ml\/#primaryimage\"},\"image\":{\"@id\":\"https:\/\/viajandocomtoledo.com.br\/loja\/produto\/vinho-tinto-seco-cadim-de-nois-750ml\/#primaryimage\"},\"thumbnailUrl\":\"https:\/\/viajandocomtoledo.com.br\/loja\/wp-content\/uploads\/2022\/11\/WhatsApp-Image-2022-11-03-at-14.54.31-1.jpeg\",\"datePublished\":\"2023-09-11T17:47:16+00:00\",\"dateModified\":\"2025-02-06T19:03:50+00:00\",\"description\":\"Vinho Tinto de Minas Gerais - Produto artesanal - Envio imediato - Parcele em at\u00e9 3x sem juros\",\"breadcrumb\":{\"@id\":\"https:\/\/viajandocomtoledo.com.br\/loja\/produto\/vinho-tinto-seco-cadim-de-nois-750ml\/#breadcrumb\"},\"inLanguage\":\"pt-BR\",\"potentialAction\":[{\"@type\":\"ReadAction\",\"target\":[\"https:\/\/viajandocomtoledo.com.br\/loja\/produto\/vinho-tinto-seco-cadim-de-nois-750ml\/\"]}]},{\"@type\":\"ImageObject\",\"inLanguage\":\"pt-BR\",\"@id\":\"https:\/\/viajandocomtoledo.com.br\/loja\/produto\/vinho-tinto-seco-cadim-de-nois-750ml\/#primaryimage\",\"url\":\"https:\/\/viajandocomtoledo.com.br\/loja\/wp-content\/uploads\/2022\/11\/WhatsApp-Image-2022-11-03-at-14.54.31-1.jpeg\",\"contentUrl\":\"https:\/\/viajandocomtoledo.com.br\/loja\/wp-content\/uploads\/2022\/11\/WhatsApp-Image-2022-11-03-at-14.54.31-1.jpeg\",\"width\":1024,\"height\":1024},{\"@type\":\"BreadcrumbList\",\"@id\":\"https:\/\/viajandocomtoledo.com.br\/loja\/produto\/vinho-tinto-seco-cadim-de-nois-750ml\/#breadcrumb\",\"itemListElement\":[{\"@type\":\"ListItem\",\"position\":1,\"name\":\"In\u00edcio\",\"item\":\"https:\/\/viajandocomtoledo.com.br\/loja\/\"},{\"@type\":\"ListItem\",\"position\":2,\"name\":\"Produtos\",\"item\":\"https:\/\/viajandocomtoledo.com.br\/loja\/\"},{\"@type\":\"ListItem\",\"position\":3,\"name\":\"Vinho Tinto Seco Cadim de N\u00f3is 750ml\"}]},{\"@type\":\"WebSite\",\"@id\":\"https:\/\/viajandocomtoledo.com.br\/loja\/#website\",\"url\":\"https:\/\/viajandocomtoledo.com.br\/loja\/\",\"name\":\"Loja Viajando com Toledo\",\"description\":\"Loja do site - Viajando com Toledo\",\"publisher\":{\"@id\":\"https:\/\/viajandocomtoledo.com.br\/loja\/#organization\"},\"potentialAction\":[{\"@type\":\"SearchAction\",\"target\":{\"@type\":\"EntryPoint\",\"urlTemplate\":\"https:\/\/viajandocomtoledo.com.br\/loja\/?s={search_term_string}\"},\"query-input\":{\"@type\":\"PropertyValueSpecification\",\"valueRequired\":true,\"valueName\":\"search_term_string\"}}],\"inLanguage\":\"pt-BR\"},{\"@type\":\"Organization\",\"@id\":\"https:\/\/viajandocomtoledo.com.br\/loja\/#organization\",\"name\":\"Loja Viajando com Toledo\",\"url\":\"https:\/\/viajandocomtoledo.com.br\/loja\/\",\"logo\":{\"@type\":\"ImageObject\",\"inLanguage\":\"pt-BR\",\"@id\":\"https:\/\/viajandocomtoledo.com.br\/loja\/#\/schema\/logo\/image\/\",\"url\":\"https:\/\/viajandocomtoledo.com.br\/loja\/wp-content\/uploads\/2021\/07\/LOGO-VCT-e1626871875731.png\",\"contentUrl\":\"https:\/\/viajandocomtoledo.com.br\/loja\/wp-content\/uploads\/2021\/07\/LOGO-VCT-e1626871875731.png\",\"width\":100,\"height\":46,\"caption\":\"Loja Viajando com Toledo\"},\"image\":{\"@id\":\"https:\/\/viajandocomtoledo.com.br\/loja\/#\/schema\/logo\/image\/\"},\"sameAs\":[\"https:\/\/web.facebook.com\/viajandocomtoledo\",\"https:\/\/www.instagram.com\/viajandocomtoledo\/\"]}]}<\/script>\n<!-- \/ Yoast SEO plugin. -->","yoast_head_json":{"title":"Vinho Tinto Seco Cadim de N\u00f3is 750ml - Loja Viajando com Toledo","description":"Vinho Tinto de Minas Gerais - Produto artesanal - Envio imediato - Parcele em at\u00e9 3x sem juros","robots":{"index":"index","follow":"follow","max-snippet":"max-snippet:-1","max-image-preview":"max-image-preview:large","max-video-preview":"max-video-preview:-1"},"canonical":"https:\/\/viajandocomtoledo.com.br\/loja\/produto\/vinho-tinto-seco-cadim-de-nois-750ml\/","og_locale":"pt_BR","og_type":"article","og_title":"Vinho Tinto Seco Cadim de N\u00f3is 750ml - Loja Viajando com Toledo","og_description":"Vinho Tinto de Minas Gerais - Produto artesanal - Envio imediato - Parcele em at\u00e9 3x sem juros","og_url":"https:\/\/viajandocomtoledo.com.br\/loja\/produto\/vinho-tinto-seco-cadim-de-nois-750ml\/","og_site_name":"Loja Viajando com Toledo","article_publisher":"https:\/\/web.facebook.com\/viajandocomtoledo","article_modified_time":"2025-02-06T19:03:50+00:00","og_image":[{"width":1024,"height":1024,"url":"https:\/\/viajandocomtoledo.com.br\/loja\/wp-content\/uploads\/2022\/11\/WhatsApp-Image-2022-11-03-at-14.54.31-1.jpeg","type":"image\/jpeg"}],"twitter_card":"summary_large_image","twitter_misc":{"Est. tempo de leitura":"1 minuto"},"schema":{"@context":"https:\/\/schema.org","@graph":[{"@type":"WebPage","@id":"https:\/\/viajandocomtoledo.com.br\/loja\/produto\/vinho-tinto-seco-cadim-de-nois-750ml\/","url":"https:\/\/viajandocomtoledo.com.br\/loja\/produto\/vinho-tinto-seco-cadim-de-nois-750ml\/","name":"Vinho Tinto Seco Cadim de N\u00f3is 750ml - Loja Viajando com Toledo","isPartOf":{"@id":"https:\/\/viajandocomtoledo.com.br\/loja\/#website"},"primaryImageOfPage":{"@id":"https:\/\/viajandocomtoledo.com.br\/loja\/produto\/vinho-tinto-seco-cadim-de-nois-750ml\/#primaryimage"},"image":{"@id":"https:\/\/viajandocomtoledo.com.br\/loja\/produto\/vinho-tinto-seco-cadim-de-nois-750ml\/#primaryimage"},"thumbnailUrl":"https:\/\/viajandocomtoledo.com.br\/loja\/wp-content\/uploads\/2022\/11\/WhatsApp-Image-2022-11-03-at-14.54.31-1.jpeg","datePublished":"2023-09-11T17:47:16+00:00","dateModified":"2025-02-06T19:03:50+00:00","description":"Vinho Tinto de Minas Gerais - Produto artesanal - Envio imediato - Parcele em at\u00e9 3x sem juros","breadcrumb":{"@id":"https:\/\/viajandocomtoledo.com.br\/loja\/produto\/vinho-tinto-seco-cadim-de-nois-750ml\/#breadcrumb"},"inLanguage":"pt-BR","potentialAction":[{"@type":"ReadAction","target":["https:\/\/viajandocomtoledo.com.br\/loja\/produto\/vinho-tinto-seco-cadim-de-nois-750ml\/"]}]},{"@type":"ImageObject","inLanguage":"pt-BR","@id":"https:\/\/viajandocomtoledo.com.br\/loja\/produto\/vinho-tinto-seco-cadim-de-nois-750ml\/#primaryimage","url":"https:\/\/viajandocomtoledo.com.br\/loja\/wp-content\/uploads\/2022\/11\/WhatsApp-Image-2022-11-03-at-14.54.31-1.jpeg","contentUrl":"https:\/\/viajandocomtoledo.com.br\/loja\/wp-content\/uploads\/2022\/11\/WhatsApp-Image-2022-11-03-at-14.54.31-1.jpeg","width":1024,"height":1024},{"@type":"BreadcrumbList","@id":"https:\/\/viajandocomtoledo.com.br\/loja\/produto\/vinho-tinto-seco-cadim-de-nois-750ml\/#breadcrumb","itemListElement":[{"@type":"ListItem","position":1,"name":"In\u00edcio","item":"https:\/\/viajandocomtoledo.com.br\/loja\/"},{"@type":"ListItem","position":2,"name":"Produtos","item":"https:\/\/viajandocomtoledo.com.br\/loja\/"},{"@type":"ListItem","position":3,"name":"Vinho Tinto Seco Cadim de N\u00f3is 750ml"}]},{"@type":"WebSite","@id":"https:\/\/viajandocomtoledo.com.br\/loja\/#website","url":"https:\/\/viajandocomtoledo.com.br\/loja\/","name":"Loja Viajando com Toledo","description":"Loja do site - Viajando com Toledo","publisher":{"@id":"https:\/\/viajandocomtoledo.com.br\/loja\/#organization"},"potentialAction":[{"@type":"SearchAction","target":{"@type":"EntryPoint","urlTemplate":"https:\/\/viajandocomtoledo.com.br\/loja\/?s={search_term_string}"},"query-input":{"@type":"PropertyValueSpecification","valueRequired":true,"valueName":"search_term_string"}}],"inLanguage":"pt-BR"},{"@type":"Organization","@id":"https:\/\/viajandocomtoledo.com.br\/loja\/#organization","name":"Loja Viajando com Toledo","url":"https:\/\/viajandocomtoledo.com.br\/loja\/","logo":{"@type":"ImageObject","inLanguage":"pt-BR","@id":"https:\/\/viajandocomtoledo.com.br\/loja\/#\/schema\/logo\/image\/","url":"https:\/\/viajandocomtoledo.com.br\/loja\/wp-content\/uploads\/2021\/07\/LOGO-VCT-e1626871875731.png","contentUrl":"https:\/\/viajandocomtoledo.com.br\/loja\/wp-content\/uploads\/2021\/07\/LOGO-VCT-e1626871875731.png","width":100,"height":46,"caption":"Loja Viajando com Toledo"},"image":{"@id":"https:\/\/viajandocomtoledo.com.br\/loja\/#\/schema\/logo\/image\/"},"sameAs":["https:\/\/web.facebook.com\/viajandocomtoledo","https:\/\/www.instagram.com\/viajandocomtoledo\/"]}]}},"_links":{"self":[{"href":"https:\/\/viajandocomtoledo.com.br\/loja\/wp-json\/wp\/v2\/product\/2125","targetHints":{"allow":["GET"]}}],"collection":[{"href":"https:\/\/viajandocomtoledo.com.br\/loja\/wp-json\/wp\/v2\/product"}],"about":[{"href":"https:\/\/viajandocomtoledo.com.br\/loja\/wp-json\/wp\/v2\/types\/product"}],"replies":[{"embeddable":true,"href":"https:\/\/viajandocomtoledo.com.br\/loja\/wp-json\/wp\/v2\/comments?post=2125"}],"wp:featuredmedia":[{"embeddable":true,"href":"https:\/\/viajandocomtoledo.com.br\/loja\/wp-json\/wp\/v2\/media\/2132"}],"wp:attachment":[{"href":"https:\/\/viajandocomtoledo.com.br\/loja\/wp-json\/wp\/v2\/media?parent=2125"}],"wp:term":[{"taxonomy":"product_cat","embeddable":true,"href":"https:\/\/viajandocomtoledo.com.br\/loja\/wp-json\/wp\/v2\/product_cat?post=2125"},{"taxonomy":"product_tag","embeddable":true,"href":"https:\/\/viajandocomtoledo.com.br\/loja\/wp-json\/wp\/v2\/product_tag?post=2125"}],"curies":[{"name":"wp","href":"https:\/\/api.w.org\/{rel}","templated":true}]}}