{"id":1943,"date":"2024-01-16T17:20:08","date_gmt":"2024-01-16T20:20:08","guid":{"rendered":"https:\/\/viajandocomtoledo.com.br\/loja\/?post_type=product&#038;p=1943"},"modified":"2025-01-01T21:18:56","modified_gmt":"2025-01-02T00:18:56","slug":"cachaca-mineiriana-classica-500ml","status":"publish","type":"product","link":"https:\/\/viajandocomtoledo.com.br\/loja\/produto\/cachaca-mineiriana-classica-500ml\/","title":{"rendered":"Cacha\u00e7a Mineiriana Cl\u00e1ssica 500ml"},"content":{"rendered":"<p style=\"text-align: center;\">A Cacha\u00e7a Mineiriana Cl\u00e1ssica \u00e9 armazenada em barris de inox. Uma bebida com aromas sutis de flores brancas e frescor que lembram suavidade da brisa das cachoeiras da regia\u0303o. Uma bebida suave e de bebida simples.<\/p>\n<h2 style=\"text-align: center;\">CARACTER\u00cdSTICAS<\/h2>\n<ul>\n<li><em><strong>Regi\u00e3o:\u00a0<\/strong>Ipoema \/ Minas Gerais.<\/em><\/li>\n<li><em><strong>Amadurecimento: <\/strong>Em barris de inox.<\/em><\/li>\n<li><em><strong>Sabor:<\/strong> Aromas sutis de flores brancas e frescor que lembram suavidade da brisa das cachoeiras.<\/em><\/li>\n<li><em><strong>Gradua\u00e7\u00e3o alco\u00f3lica:<\/strong>\u00a040%\/vol.<\/em><\/li>\n<li><em>Provada e aprovada por Ot\u00e1vio di Toledo.<\/em><\/li>\n<\/ul>\n<h2 style=\"text-align: center;\">SUGEST\u00c3O DE CONSUMO<\/h2>\n<p style=\"text-align: center;\">Tradicionalmente a maneira de se consumir a Cacha\u00e7a Mineiriana Cl\u00e1ssica \u00e9 totalmente pura, em copinho de dose ou em drinks. Experiente levar \u00e0 geladeira antes de degustar e sinta a recresc\u00eancia de cada sabor. Tudo conforme sua prefer\u00eancia.<\/p>\n<h2 style=\"text-align: center;\">SUA HIST\u00d3RIA<\/h2>\n<p style=\"text-align: center;\">A Mineiriana \u00e9 produzida em alambiques de cobre, entre as montanhas de Itabira, no buc\u00f3lico distrito de Ipoema, interior de Minas. Uma pequena produ\u00e7\u00e3o feita com muito carinho para que, voc\u00ea sinta tudo o que a Mineiriana carrega do lugar e das pessoas que a produzem. A Cacha\u00e7a \u00e9 produzida por Ana Marta S\u00e1tyro, experiente e reconhecida no universo da cacha\u00e7a mineira, al\u00e9m de produtora dessa maravilhosa cacha\u00e7a, Ana Marta tamb\u00e9m \u00e9 respons\u00e1vel t\u00e9cnica em diversos alambiques mineiros. A Cacha\u00e7a Mineiriana \u00e9 forte, saborosa e, ao mesmo tempo, suave, calorosa e harmoniosa. A Mineiriana representa a leg\u00edtima bebida consumida no interior de Minas Gerais! Uma cacha\u00e7a artesanal que segue rigorosos padr\u00f5es de qualidade.<\/p>\n","protected":false},"excerpt":{"rendered":"<p style=\"text-align: center;\">A Cacha\u00e7a Mineiriana Cl\u00e1ssica \u00e9 armazenada em barris de inox. Uma bebida com aromas sutis de flores brancas e frescor que lembram suavidade da brisa das cachoeiras da regia\u0303o. Uma bebida suave e de bebida simples.<\/p>\n<h2 style=\"text-align: center;\">CARACTER\u00cdSTICAS<\/h2>\n<ul>\n<li><em><strong>Regi\u00e3o:\u00a0<\/strong>Ipoema \/ Minas Gerais.<\/em><\/li>\n<li><em><em><strong>Amadurecimento: <\/strong><\/em>Em barris de inox.<\/em><\/li>\n<li><em><strong>Sabor:<\/strong> Aromas sutis de flores brancas e frescor que lembram suavidade da brisa das cachoeiras.<\/em><\/li>\n<li><em><strong>Gradua\u00e7\u00e3o alco\u00f3lica:<\/strong>\u00a040%\/vol.<\/em><\/li>\n<li><em>Provada e aprovada por Ot\u00e1vio di Toledo.<\/em><\/li>\n<\/ul>\n<h2 style=\"text-align: center;\">SUGEST\u00c3O DE CONSUMO<\/h2>\n<p style=\"text-align: center;\">Tradicionalmente a maneira de se consumir a Cacha\u00e7a Mineiriana Cl\u00e1ssica \u00e9 totalmente pura, em copinho de dose ou em drinks. Experiente levar \u00e0 geladeira antes de degustar e sinta a recresc\u00eancia de cada sabor. Tudo conforme sua prefer\u00eancia.<\/p>\n<h2 style=\"text-align: center;\">SUA HIST\u00d3RIA<\/h2>\n<p style=\"text-align: center;\">A Mineiriana \u00e9 produzida em alambiques de cobre, entre as montanhas de Itabira, no buc\u00f3lico distrito de Ipoema, interior de Minas. Uma pequena produ\u00e7\u00e3o feita com muito carinho para que, voc\u00ea sinta tudo o que a Mineiriana carrega do lugar e das pessoas que a produzem. A Cacha\u00e7a \u00e9 produzida por Ana Marta S\u00e1tyro, experiente e reconhecida no universo da cacha\u00e7a mineira, al\u00e9m de produtora dessa maravilhosa cacha\u00e7a, Ana Marta tamb\u00e9m \u00e9 respons\u00e1vel t\u00e9cnica em diversos alambiques mineiros. A Cacha\u00e7a Mineiriana \u00e9 forte, saborosa e, ao mesmo tempo, suave, calorosa e harmoniosa. A Mineiriana representa a leg\u00edtima bebida consumida no interior de Minas Gerais! Uma cacha\u00e7a artesanal que segue rigorosos padr\u00f5es de qualidade.<\/p>\n","protected":false},"featured_media":1946,"comment_status":"closed","ping_status":"closed","template":"","meta":{"_acf_changed":false,"_monsterinsights_skip_tracking":false,"_monsterinsights_sitenote_active":false,"_monsterinsights_sitenote_note":"","_monsterinsights_sitenote_category":0},"product_cat":[56,63],"product_tag":[],"class_list":{"0":"post-1943","1":"product","2":"type-product","3":"status-publish","4":"has-post-thumbnail","6":"product_cat-cachacas","7":"product_cat-central","8":"product_shipping_class-produtos-diversos","10":"first","11":"instock","12":"taxable","13":"shipping-taxable","14":"purchasable","15":"product-type-simple"},"acf":[],"aioseo_notices":[],"yoast_head":"<!-- This site is optimized with the Yoast SEO plugin v25.8 - https:\/\/yoast.com\/wordpress\/plugins\/seo\/ -->\n<title>Cacha\u00e7a Mineiriana Cl\u00e1ssica 500ml - Loja Viajando com Toledo<\/title>\n<meta name=\"description\" content=\"Cacha\u00e7a Mineiriana Cl\u00e1ssica - T\u00edpica cacha\u00e7a mineira - Envio imediato - Em at\u00e9 3x sem juros\" \/>\n<meta name=\"robots\" content=\"index, follow, max-snippet:-1, max-image-preview:large, max-video-preview:-1\" \/>\n<link rel=\"canonical\" href=\"https:\/\/viajandocomtoledo.com.br\/loja\/produto\/cachaca-mineiriana-classica-500ml\/\" \/>\n<meta property=\"og:locale\" content=\"pt_BR\" \/>\n<meta property=\"og:type\" content=\"article\" \/>\n<meta property=\"og:title\" content=\"Cacha\u00e7a Mineiriana Cl\u00e1ssica 500ml - Loja Viajando com Toledo\" \/>\n<meta property=\"og:description\" content=\"Cacha\u00e7a Mineiriana Cl\u00e1ssica - T\u00edpica cacha\u00e7a mineira - Envio imediato - Em at\u00e9 3x sem juros\" \/>\n<meta property=\"og:url\" content=\"https:\/\/viajandocomtoledo.com.br\/loja\/produto\/cachaca-mineiriana-classica-500ml\/\" \/>\n<meta property=\"og:site_name\" content=\"Loja Viajando com Toledo\" \/>\n<meta property=\"article:publisher\" content=\"https:\/\/web.facebook.com\/viajandocomtoledo\" \/>\n<meta property=\"article:modified_time\" content=\"2025-01-02T00:18:56+00:00\" \/>\n<meta property=\"og:image\" content=\"https:\/\/viajandocomtoledo.com.br\/loja\/wp-content\/uploads\/2022\/08\/Mineriana-Cla\u0301ssica.jpg\" \/>\n\t<meta property=\"og:image:width\" content=\"473\" \/>\n\t<meta property=\"og:image:height\" content=\"473\" \/>\n\t<meta property=\"og:image:type\" content=\"image\/jpeg\" \/>\n<meta name=\"twitter:card\" content=\"summary_large_image\" \/>\n<meta name=\"twitter:label1\" content=\"Est. tempo de leitura\" \/>\n\t<meta name=\"twitter:data1\" content=\"2 minutos\" \/>\n<script type=\"application\/ld+json\" class=\"yoast-schema-graph\">{\"@context\":\"https:\/\/schema.org\",\"@graph\":[{\"@type\":\"WebPage\",\"@id\":\"https:\/\/viajandocomtoledo.com.br\/loja\/produto\/cachaca-mineiriana-classica-500ml\/\",\"url\":\"https:\/\/viajandocomtoledo.com.br\/loja\/produto\/cachaca-mineiriana-classica-500ml\/\",\"name\":\"Cacha\u00e7a Mineiriana Cl\u00e1ssica 500ml - Loja Viajando com Toledo\",\"isPartOf\":{\"@id\":\"https:\/\/viajandocomtoledo.com.br\/loja\/#website\"},\"primaryImageOfPage\":{\"@id\":\"https:\/\/viajandocomtoledo.com.br\/loja\/produto\/cachaca-mineiriana-classica-500ml\/#primaryimage\"},\"image\":{\"@id\":\"https:\/\/viajandocomtoledo.com.br\/loja\/produto\/cachaca-mineiriana-classica-500ml\/#primaryimage\"},\"thumbnailUrl\":\"https:\/\/viajandocomtoledo.com.br\/loja\/wp-content\/uploads\/2022\/08\/Mineriana-Cla\u0301ssica.jpg\",\"datePublished\":\"2024-01-16T20:20:08+00:00\",\"dateModified\":\"2025-01-02T00:18:56+00:00\",\"description\":\"Cacha\u00e7a Mineiriana Cl\u00e1ssica - T\u00edpica cacha\u00e7a mineira - Envio imediato - Em at\u00e9 3x sem juros\",\"breadcrumb\":{\"@id\":\"https:\/\/viajandocomtoledo.com.br\/loja\/produto\/cachaca-mineiriana-classica-500ml\/#breadcrumb\"},\"inLanguage\":\"pt-BR\",\"potentialAction\":[{\"@type\":\"ReadAction\",\"target\":[\"https:\/\/viajandocomtoledo.com.br\/loja\/produto\/cachaca-mineiriana-classica-500ml\/\"]}]},{\"@type\":\"ImageObject\",\"inLanguage\":\"pt-BR\",\"@id\":\"https:\/\/viajandocomtoledo.com.br\/loja\/produto\/cachaca-mineiriana-classica-500ml\/#primaryimage\",\"url\":\"https:\/\/viajandocomtoledo.com.br\/loja\/wp-content\/uploads\/2022\/08\/Mineriana-Cla\u0301ssica.jpg\",\"contentUrl\":\"https:\/\/viajandocomtoledo.com.br\/loja\/wp-content\/uploads\/2022\/08\/Mineriana-Cla\u0301ssica.jpg\",\"width\":473,\"height\":473},{\"@type\":\"BreadcrumbList\",\"@id\":\"https:\/\/viajandocomtoledo.com.br\/loja\/produto\/cachaca-mineiriana-classica-500ml\/#breadcrumb\",\"itemListElement\":[{\"@type\":\"ListItem\",\"position\":1,\"name\":\"In\u00edcio\",\"item\":\"https:\/\/viajandocomtoledo.com.br\/loja\/\"},{\"@type\":\"ListItem\",\"position\":2,\"name\":\"Produtos\",\"item\":\"https:\/\/viajandocomtoledo.com.br\/loja\/\"},{\"@type\":\"ListItem\",\"position\":3,\"name\":\"Cacha\u00e7a Mineiriana Cl\u00e1ssica 500ml\"}]},{\"@type\":\"WebSite\",\"@id\":\"https:\/\/viajandocomtoledo.com.br\/loja\/#website\",\"url\":\"https:\/\/viajandocomtoledo.com.br\/loja\/\",\"name\":\"Loja Viajando com Toledo\",\"description\":\"Loja do site - Viajando com Toledo\",\"publisher\":{\"@id\":\"https:\/\/viajandocomtoledo.com.br\/loja\/#organization\"},\"potentialAction\":[{\"@type\":\"SearchAction\",\"target\":{\"@type\":\"EntryPoint\",\"urlTemplate\":\"https:\/\/viajandocomtoledo.com.br\/loja\/?s={search_term_string}\"},\"query-input\":{\"@type\":\"PropertyValueSpecification\",\"valueRequired\":true,\"valueName\":\"search_term_string\"}}],\"inLanguage\":\"pt-BR\"},{\"@type\":\"Organization\",\"@id\":\"https:\/\/viajandocomtoledo.com.br\/loja\/#organization\",\"name\":\"Loja Viajando com Toledo\",\"url\":\"https:\/\/viajandocomtoledo.com.br\/loja\/\",\"logo\":{\"@type\":\"ImageObject\",\"inLanguage\":\"pt-BR\",\"@id\":\"https:\/\/viajandocomtoledo.com.br\/loja\/#\/schema\/logo\/image\/\",\"url\":\"https:\/\/viajandocomtoledo.com.br\/loja\/wp-content\/uploads\/2021\/07\/LOGO-VCT-e1626871875731.png\",\"contentUrl\":\"https:\/\/viajandocomtoledo.com.br\/loja\/wp-content\/uploads\/2021\/07\/LOGO-VCT-e1626871875731.png\",\"width\":100,\"height\":46,\"caption\":\"Loja Viajando com Toledo\"},\"image\":{\"@id\":\"https:\/\/viajandocomtoledo.com.br\/loja\/#\/schema\/logo\/image\/\"},\"sameAs\":[\"https:\/\/web.facebook.com\/viajandocomtoledo\",\"https:\/\/www.instagram.com\/viajandocomtoledo\/\"]}]}<\/script>\n<!-- \/ Yoast SEO plugin. -->","yoast_head_json":{"title":"Cacha\u00e7a Mineiriana Cl\u00e1ssica 500ml - Loja Viajando com Toledo","description":"Cacha\u00e7a Mineiriana Cl\u00e1ssica - T\u00edpica cacha\u00e7a mineira - Envio imediato - Em at\u00e9 3x sem juros","robots":{"index":"index","follow":"follow","max-snippet":"max-snippet:-1","max-image-preview":"max-image-preview:large","max-video-preview":"max-video-preview:-1"},"canonical":"https:\/\/viajandocomtoledo.com.br\/loja\/produto\/cachaca-mineiriana-classica-500ml\/","og_locale":"pt_BR","og_type":"article","og_title":"Cacha\u00e7a Mineiriana Cl\u00e1ssica 500ml - Loja Viajando com Toledo","og_description":"Cacha\u00e7a Mineiriana Cl\u00e1ssica - T\u00edpica cacha\u00e7a mineira - Envio imediato - Em at\u00e9 3x sem juros","og_url":"https:\/\/viajandocomtoledo.com.br\/loja\/produto\/cachaca-mineiriana-classica-500ml\/","og_site_name":"Loja Viajando com Toledo","article_publisher":"https:\/\/web.facebook.com\/viajandocomtoledo","article_modified_time":"2025-01-02T00:18:56+00:00","og_image":[{"width":473,"height":473,"url":"https:\/\/viajandocomtoledo.com.br\/loja\/wp-content\/uploads\/2022\/08\/Mineriana-Cla\u0301ssica.jpg","type":"image\/jpeg"}],"twitter_card":"summary_large_image","twitter_misc":{"Est. tempo de leitura":"2 minutos"},"schema":{"@context":"https:\/\/schema.org","@graph":[{"@type":"WebPage","@id":"https:\/\/viajandocomtoledo.com.br\/loja\/produto\/cachaca-mineiriana-classica-500ml\/","url":"https:\/\/viajandocomtoledo.com.br\/loja\/produto\/cachaca-mineiriana-classica-500ml\/","name":"Cacha\u00e7a Mineiriana Cl\u00e1ssica 500ml - Loja Viajando com Toledo","isPartOf":{"@id":"https:\/\/viajandocomtoledo.com.br\/loja\/#website"},"primaryImageOfPage":{"@id":"https:\/\/viajandocomtoledo.com.br\/loja\/produto\/cachaca-mineiriana-classica-500ml\/#primaryimage"},"image":{"@id":"https:\/\/viajandocomtoledo.com.br\/loja\/produto\/cachaca-mineiriana-classica-500ml\/#primaryimage"},"thumbnailUrl":"https:\/\/viajandocomtoledo.com.br\/loja\/wp-content\/uploads\/2022\/08\/Mineriana-Cla\u0301ssica.jpg","datePublished":"2024-01-16T20:20:08+00:00","dateModified":"2025-01-02T00:18:56+00:00","description":"Cacha\u00e7a Mineiriana Cl\u00e1ssica - T\u00edpica cacha\u00e7a mineira - Envio imediato - Em at\u00e9 3x sem juros","breadcrumb":{"@id":"https:\/\/viajandocomtoledo.com.br\/loja\/produto\/cachaca-mineiriana-classica-500ml\/#breadcrumb"},"inLanguage":"pt-BR","potentialAction":[{"@type":"ReadAction","target":["https:\/\/viajandocomtoledo.com.br\/loja\/produto\/cachaca-mineiriana-classica-500ml\/"]}]},{"@type":"ImageObject","inLanguage":"pt-BR","@id":"https:\/\/viajandocomtoledo.com.br\/loja\/produto\/cachaca-mineiriana-classica-500ml\/#primaryimage","url":"https:\/\/viajandocomtoledo.com.br\/loja\/wp-content\/uploads\/2022\/08\/Mineriana-Cla\u0301ssica.jpg","contentUrl":"https:\/\/viajandocomtoledo.com.br\/loja\/wp-content\/uploads\/2022\/08\/Mineriana-Cla\u0301ssica.jpg","width":473,"height":473},{"@type":"BreadcrumbList","@id":"https:\/\/viajandocomtoledo.com.br\/loja\/produto\/cachaca-mineiriana-classica-500ml\/#breadcrumb","itemListElement":[{"@type":"ListItem","position":1,"name":"In\u00edcio","item":"https:\/\/viajandocomtoledo.com.br\/loja\/"},{"@type":"ListItem","position":2,"name":"Produtos","item":"https:\/\/viajandocomtoledo.com.br\/loja\/"},{"@type":"ListItem","position":3,"name":"Cacha\u00e7a Mineiriana Cl\u00e1ssica 500ml"}]},{"@type":"WebSite","@id":"https:\/\/viajandocomtoledo.com.br\/loja\/#website","url":"https:\/\/viajandocomtoledo.com.br\/loja\/","name":"Loja Viajando com Toledo","description":"Loja do site - Viajando com Toledo","publisher":{"@id":"https:\/\/viajandocomtoledo.com.br\/loja\/#organization"},"potentialAction":[{"@type":"SearchAction","target":{"@type":"EntryPoint","urlTemplate":"https:\/\/viajandocomtoledo.com.br\/loja\/?s={search_term_string}"},"query-input":{"@type":"PropertyValueSpecification","valueRequired":true,"valueName":"search_term_string"}}],"inLanguage":"pt-BR"},{"@type":"Organization","@id":"https:\/\/viajandocomtoledo.com.br\/loja\/#organization","name":"Loja Viajando com Toledo","url":"https:\/\/viajandocomtoledo.com.br\/loja\/","logo":{"@type":"ImageObject","inLanguage":"pt-BR","@id":"https:\/\/viajandocomtoledo.com.br\/loja\/#\/schema\/logo\/image\/","url":"https:\/\/viajandocomtoledo.com.br\/loja\/wp-content\/uploads\/2021\/07\/LOGO-VCT-e1626871875731.png","contentUrl":"https:\/\/viajandocomtoledo.com.br\/loja\/wp-content\/uploads\/2021\/07\/LOGO-VCT-e1626871875731.png","width":100,"height":46,"caption":"Loja Viajando com Toledo"},"image":{"@id":"https:\/\/viajandocomtoledo.com.br\/loja\/#\/schema\/logo\/image\/"},"sameAs":["https:\/\/web.facebook.com\/viajandocomtoledo","https:\/\/www.instagram.com\/viajandocomtoledo\/"]}]}},"_links":{"self":[{"href":"https:\/\/viajandocomtoledo.com.br\/loja\/wp-json\/wp\/v2\/product\/1943","targetHints":{"allow":["GET"]}}],"collection":[{"href":"https:\/\/viajandocomtoledo.com.br\/loja\/wp-json\/wp\/v2\/product"}],"about":[{"href":"https:\/\/viajandocomtoledo.com.br\/loja\/wp-json\/wp\/v2\/types\/product"}],"replies":[{"embeddable":true,"href":"https:\/\/viajandocomtoledo.com.br\/loja\/wp-json\/wp\/v2\/comments?post=1943"}],"wp:featuredmedia":[{"embeddable":true,"href":"https:\/\/viajandocomtoledo.com.br\/loja\/wp-json\/wp\/v2\/media\/1946"}],"wp:attachment":[{"href":"https:\/\/viajandocomtoledo.com.br\/loja\/wp-json\/wp\/v2\/media?parent=1943"}],"wp:term":[{"taxonomy":"product_cat","embeddable":true,"href":"https:\/\/viajandocomtoledo.com.br\/loja\/wp-json\/wp\/v2\/product_cat?post=1943"},{"taxonomy":"product_tag","embeddable":true,"href":"https:\/\/viajandocomtoledo.com.br\/loja\/wp-json\/wp\/v2\/product_tag?post=1943"}],"curies":[{"name":"wp","href":"https:\/\/api.w.org\/{rel}","templated":true}]}}