{"id":1778,"date":"2024-01-16T14:58:18","date_gmt":"2024-01-16T17:58:18","guid":{"rendered":"https:\/\/viajandocomtoledo.com.br\/loja\/?post_type=product&#038;p=1778"},"modified":"2025-09-15T14:56:55","modified_gmt":"2025-09-15T17:56:55","slug":"cantil-inox-210ml","status":"publish","type":"product","link":"https:\/\/viajandocomtoledo.com.br\/loja\/produto\/cantil-inox-210ml\/","title":{"rendered":"Cantil Inox 210ml"},"content":{"rendered":"","protected":false},"excerpt":{"rendered":"<p style=\"text-align: center;\">Estamos sempre trazendo para os clientes do Viajando com Toledo produtos personalizados e produzidos com um alto padr\u00e3o de qualidade. Desta vez temos um cantil de inox personalizado com a nossa marca, que mais representa as tradi\u00e7\u00f5es e riquezas do nosso pa\u00eds. Um produto sofisticado e perfeito para presentear quem voc\u00ea ama, possui 210ml, o tamanho ideal para preservar a bebida de sua prefer\u00eancia.<\/p>\n<h2 style=\"text-align: center;\">VANTAGENS E CONDI\u00c7\u00d5ES<\/h2>\n<ol>\n<li>Aceitamos pagamentos via, pix, boleto, cart\u00e3o de d\u00e9bito e cart\u00e3o de cr\u00e9dito em at\u00e9 3x sem juros.<\/li>\n<li>Frete gr\u00e1tis em compras acima de R$200,00.<\/li>\n<li>Compra garantida, receba o produto que est\u00e1 esperando ou devolvemos o dinheiro.<\/li>\n<li>\u00a0Site 100% seguro, seus dados est\u00e3o protegidos.<\/li>\n<li>Atendimento humano 7 dias por semana.<\/li>\n<li>Produtos 100% brasileiros.<\/li>\n<\/ol>\n<h2 style=\"text-align: center;\">NOSSA MISS\u00c3O<\/h2>\n<p style=\"text-align: center;\">Buscando sempre mostrar o que h\u00e1 de melhor nos produtos ou nos lugares de Minas Gerais e do Brasil, o Viajando com Toledo tem a miss\u00e3o de levar at\u00e9 voc\u00ea uma experi\u00eancia adquirida em mais de 18 anos de estrada, por onde conhecemos a cultura, o turismo, o meio ambiente e as ra\u00edzes do nosso pa\u00eds. Compre em uma loja com produtos 100% brasileiros.<\/p>\n","protected":false},"featured_media":1766,"comment_status":"closed","ping_status":"closed","template":"","meta":{"_acf_changed":false,"_monsterinsights_skip_tracking":false,"_monsterinsights_sitenote_active":false,"_monsterinsights_sitenote_note":"","_monsterinsights_sitenote_category":0},"product_cat":[49],"product_tag":[],"class_list":{"0":"post-1778","1":"product","2":"type-product","3":"status-publish","4":"has-post-thumbnail","6":"product_cat-destaque","7":"product_shipping_class-produtos-diversos","9":"first","10":"instock","11":"taxable","12":"shipping-taxable","13":"purchasable","14":"product-type-simple"},"acf":[],"aioseo_notices":[],"yoast_head":"<!-- This site is optimized with the Yoast SEO plugin v25.8 - https:\/\/yoast.com\/wordpress\/plugins\/seo\/ -->\n<title>Cantil Inox 210ml - Loja Viajando com Toledo<\/title>\n<meta name=\"robots\" content=\"index, follow, max-snippet:-1, max-image-preview:large, max-video-preview:-1\" \/>\n<link rel=\"canonical\" href=\"https:\/\/viajandocomtoledo.com.br\/loja\/produto\/cantil-inox-210ml\/\" \/>\n<meta property=\"og:locale\" content=\"pt_BR\" \/>\n<meta property=\"og:type\" content=\"article\" \/>\n<meta property=\"og:title\" content=\"Cantil Inox 210ml - Loja Viajando com Toledo\" \/>\n<meta property=\"og:description\" content=\"Estamos sempre trazendo para os clientes do Viajando com Toledo produtos personalizados e produzidos com um alto padr\u00e3o de qualidade. Desta vez temos um cantil de inox personalizado com a nossa marca, que mais representa as tradi\u00e7\u00f5es e riquezas do nosso pa\u00eds. Um produto sofisticado e perfeito para presentear quem voc\u00ea ama, possui 210ml, o tamanho ideal para preservar a bebida de sua prefer\u00eancia.  VANTAGENS E CONDI\u00c7\u00d5ES   Aceitamos pagamentos via, pix, boleto, cart\u00e3o de d\u00e9bito e cart\u00e3o de cr\u00e9dito em at\u00e9 3x sem juros.  Frete gr\u00e1tis em compras acima de R$200,00.  Compra garantida, receba o produto que est\u00e1 esperando ou devolvemos o dinheiro.  \u00a0Site 100% seguro, seus dados est\u00e3o protegidos.  Atendimento humano 7 dias por semana.  Produtos 100% brasileiros.  NOSSA MISS\u00c3O Buscando sempre mostrar o que h\u00e1 de melhor nos produtos ou nos lugares de Minas Gerais e do Brasil, o Viajando com Toledo tem a miss\u00e3o de levar at\u00e9 voc\u00ea uma experi\u00eancia adquirida em mais de 18 anos de estrada, por onde conhecemos a cultura, o turismo, o meio ambiente e as ra\u00edzes do nosso pa\u00eds. Compre em uma loja com produtos 100% brasileiros.\" \/>\n<meta property=\"og:url\" content=\"https:\/\/viajandocomtoledo.com.br\/loja\/produto\/cantil-inox-210ml\/\" \/>\n<meta property=\"og:site_name\" content=\"Loja Viajando com Toledo\" \/>\n<meta property=\"article:publisher\" content=\"https:\/\/web.facebook.com\/viajandocomtoledo\" \/>\n<meta property=\"article:modified_time\" content=\"2025-09-15T17:56:55+00:00\" \/>\n<meta property=\"og:image\" content=\"https:\/\/viajandocomtoledo.com.br\/loja\/wp-content\/uploads\/2022\/07\/DSC00096.png\" \/>\n\t<meta property=\"og:image:width\" content=\"617\" \/>\n\t<meta property=\"og:image:height\" content=\"617\" \/>\n\t<meta property=\"og:image:type\" content=\"image\/png\" \/>\n<meta name=\"twitter:card\" content=\"summary_large_image\" \/>\n<script type=\"application\/ld+json\" class=\"yoast-schema-graph\">{\"@context\":\"https:\/\/schema.org\",\"@graph\":[{\"@type\":\"WebPage\",\"@id\":\"https:\/\/viajandocomtoledo.com.br\/loja\/produto\/cantil-inox-210ml\/\",\"url\":\"https:\/\/viajandocomtoledo.com.br\/loja\/produto\/cantil-inox-210ml\/\",\"name\":\"Cantil Inox 210ml - Loja Viajando com Toledo\",\"isPartOf\":{\"@id\":\"https:\/\/viajandocomtoledo.com.br\/loja\/#website\"},\"primaryImageOfPage\":{\"@id\":\"https:\/\/viajandocomtoledo.com.br\/loja\/produto\/cantil-inox-210ml\/#primaryimage\"},\"image\":{\"@id\":\"https:\/\/viajandocomtoledo.com.br\/loja\/produto\/cantil-inox-210ml\/#primaryimage\"},\"thumbnailUrl\":\"https:\/\/viajandocomtoledo.com.br\/loja\/wp-content\/uploads\/2022\/07\/DSC00096.png\",\"datePublished\":\"2024-01-16T17:58:18+00:00\",\"dateModified\":\"2025-09-15T17:56:55+00:00\",\"breadcrumb\":{\"@id\":\"https:\/\/viajandocomtoledo.com.br\/loja\/produto\/cantil-inox-210ml\/#breadcrumb\"},\"inLanguage\":\"pt-BR\",\"potentialAction\":[{\"@type\":\"ReadAction\",\"target\":[\"https:\/\/viajandocomtoledo.com.br\/loja\/produto\/cantil-inox-210ml\/\"]}]},{\"@type\":\"ImageObject\",\"inLanguage\":\"pt-BR\",\"@id\":\"https:\/\/viajandocomtoledo.com.br\/loja\/produto\/cantil-inox-210ml\/#primaryimage\",\"url\":\"https:\/\/viajandocomtoledo.com.br\/loja\/wp-content\/uploads\/2022\/07\/DSC00096.png\",\"contentUrl\":\"https:\/\/viajandocomtoledo.com.br\/loja\/wp-content\/uploads\/2022\/07\/DSC00096.png\",\"width\":617,\"height\":617},{\"@type\":\"BreadcrumbList\",\"@id\":\"https:\/\/viajandocomtoledo.com.br\/loja\/produto\/cantil-inox-210ml\/#breadcrumb\",\"itemListElement\":[{\"@type\":\"ListItem\",\"position\":1,\"name\":\"In\u00edcio\",\"item\":\"https:\/\/viajandocomtoledo.com.br\/loja\/\"},{\"@type\":\"ListItem\",\"position\":2,\"name\":\"Produtos\",\"item\":\"https:\/\/viajandocomtoledo.com.br\/loja\/\"},{\"@type\":\"ListItem\",\"position\":3,\"name\":\"Cantil Inox 210ml\"}]},{\"@type\":\"WebSite\",\"@id\":\"https:\/\/viajandocomtoledo.com.br\/loja\/#website\",\"url\":\"https:\/\/viajandocomtoledo.com.br\/loja\/\",\"name\":\"Loja Viajando com Toledo\",\"description\":\"Loja do site - Viajando com Toledo\",\"publisher\":{\"@id\":\"https:\/\/viajandocomtoledo.com.br\/loja\/#organization\"},\"potentialAction\":[{\"@type\":\"SearchAction\",\"target\":{\"@type\":\"EntryPoint\",\"urlTemplate\":\"https:\/\/viajandocomtoledo.com.br\/loja\/?s={search_term_string}\"},\"query-input\":{\"@type\":\"PropertyValueSpecification\",\"valueRequired\":true,\"valueName\":\"search_term_string\"}}],\"inLanguage\":\"pt-BR\"},{\"@type\":\"Organization\",\"@id\":\"https:\/\/viajandocomtoledo.com.br\/loja\/#organization\",\"name\":\"Loja Viajando com Toledo\",\"url\":\"https:\/\/viajandocomtoledo.com.br\/loja\/\",\"logo\":{\"@type\":\"ImageObject\",\"inLanguage\":\"pt-BR\",\"@id\":\"https:\/\/viajandocomtoledo.com.br\/loja\/#\/schema\/logo\/image\/\",\"url\":\"https:\/\/viajandocomtoledo.com.br\/loja\/wp-content\/uploads\/2021\/07\/LOGO-VCT-e1626871875731.png\",\"contentUrl\":\"https:\/\/viajandocomtoledo.com.br\/loja\/wp-content\/uploads\/2021\/07\/LOGO-VCT-e1626871875731.png\",\"width\":100,\"height\":46,\"caption\":\"Loja Viajando com Toledo\"},\"image\":{\"@id\":\"https:\/\/viajandocomtoledo.com.br\/loja\/#\/schema\/logo\/image\/\"},\"sameAs\":[\"https:\/\/web.facebook.com\/viajandocomtoledo\",\"https:\/\/www.instagram.com\/viajandocomtoledo\/\"]}]}<\/script>\n<!-- \/ Yoast SEO plugin. -->","yoast_head_json":{"title":"Cantil Inox 210ml - Loja Viajando com Toledo","robots":{"index":"index","follow":"follow","max-snippet":"max-snippet:-1","max-image-preview":"max-image-preview:large","max-video-preview":"max-video-preview:-1"},"canonical":"https:\/\/viajandocomtoledo.com.br\/loja\/produto\/cantil-inox-210ml\/","og_locale":"pt_BR","og_type":"article","og_title":"Cantil Inox 210ml - Loja Viajando com Toledo","og_description":"Estamos sempre trazendo para os clientes do Viajando com Toledo produtos personalizados e produzidos com um alto padr\u00e3o de qualidade. Desta vez temos um cantil de inox personalizado com a nossa marca, que mais representa as tradi\u00e7\u00f5es e riquezas do nosso pa\u00eds. Um produto sofisticado e perfeito para presentear quem voc\u00ea ama, possui 210ml, o tamanho ideal para preservar a bebida de sua prefer\u00eancia.  VANTAGENS E CONDI\u00c7\u00d5ES   Aceitamos pagamentos via, pix, boleto, cart\u00e3o de d\u00e9bito e cart\u00e3o de cr\u00e9dito em at\u00e9 3x sem juros.  Frete gr\u00e1tis em compras acima de R$200,00.  Compra garantida, receba o produto que est\u00e1 esperando ou devolvemos o dinheiro.  \u00a0Site 100% seguro, seus dados est\u00e3o protegidos.  Atendimento humano 7 dias por semana.  Produtos 100% brasileiros.  NOSSA MISS\u00c3O Buscando sempre mostrar o que h\u00e1 de melhor nos produtos ou nos lugares de Minas Gerais e do Brasil, o Viajando com Toledo tem a miss\u00e3o de levar at\u00e9 voc\u00ea uma experi\u00eancia adquirida em mais de 18 anos de estrada, por onde conhecemos a cultura, o turismo, o meio ambiente e as ra\u00edzes do nosso pa\u00eds. Compre em uma loja com produtos 100% brasileiros.","og_url":"https:\/\/viajandocomtoledo.com.br\/loja\/produto\/cantil-inox-210ml\/","og_site_name":"Loja Viajando com Toledo","article_publisher":"https:\/\/web.facebook.com\/viajandocomtoledo","article_modified_time":"2025-09-15T17:56:55+00:00","og_image":[{"width":617,"height":617,"url":"https:\/\/viajandocomtoledo.com.br\/loja\/wp-content\/uploads\/2022\/07\/DSC00096.png","type":"image\/png"}],"twitter_card":"summary_large_image","schema":{"@context":"https:\/\/schema.org","@graph":[{"@type":"WebPage","@id":"https:\/\/viajandocomtoledo.com.br\/loja\/produto\/cantil-inox-210ml\/","url":"https:\/\/viajandocomtoledo.com.br\/loja\/produto\/cantil-inox-210ml\/","name":"Cantil Inox 210ml - Loja Viajando com Toledo","isPartOf":{"@id":"https:\/\/viajandocomtoledo.com.br\/loja\/#website"},"primaryImageOfPage":{"@id":"https:\/\/viajandocomtoledo.com.br\/loja\/produto\/cantil-inox-210ml\/#primaryimage"},"image":{"@id":"https:\/\/viajandocomtoledo.com.br\/loja\/produto\/cantil-inox-210ml\/#primaryimage"},"thumbnailUrl":"https:\/\/viajandocomtoledo.com.br\/loja\/wp-content\/uploads\/2022\/07\/DSC00096.png","datePublished":"2024-01-16T17:58:18+00:00","dateModified":"2025-09-15T17:56:55+00:00","breadcrumb":{"@id":"https:\/\/viajandocomtoledo.com.br\/loja\/produto\/cantil-inox-210ml\/#breadcrumb"},"inLanguage":"pt-BR","potentialAction":[{"@type":"ReadAction","target":["https:\/\/viajandocomtoledo.com.br\/loja\/produto\/cantil-inox-210ml\/"]}]},{"@type":"ImageObject","inLanguage":"pt-BR","@id":"https:\/\/viajandocomtoledo.com.br\/loja\/produto\/cantil-inox-210ml\/#primaryimage","url":"https:\/\/viajandocomtoledo.com.br\/loja\/wp-content\/uploads\/2022\/07\/DSC00096.png","contentUrl":"https:\/\/viajandocomtoledo.com.br\/loja\/wp-content\/uploads\/2022\/07\/DSC00096.png","width":617,"height":617},{"@type":"BreadcrumbList","@id":"https:\/\/viajandocomtoledo.com.br\/loja\/produto\/cantil-inox-210ml\/#breadcrumb","itemListElement":[{"@type":"ListItem","position":1,"name":"In\u00edcio","item":"https:\/\/viajandocomtoledo.com.br\/loja\/"},{"@type":"ListItem","position":2,"name":"Produtos","item":"https:\/\/viajandocomtoledo.com.br\/loja\/"},{"@type":"ListItem","position":3,"name":"Cantil Inox 210ml"}]},{"@type":"WebSite","@id":"https:\/\/viajandocomtoledo.com.br\/loja\/#website","url":"https:\/\/viajandocomtoledo.com.br\/loja\/","name":"Loja Viajando com Toledo","description":"Loja do site - Viajando com Toledo","publisher":{"@id":"https:\/\/viajandocomtoledo.com.br\/loja\/#organization"},"potentialAction":[{"@type":"SearchAction","target":{"@type":"EntryPoint","urlTemplate":"https:\/\/viajandocomtoledo.com.br\/loja\/?s={search_term_string}"},"query-input":{"@type":"PropertyValueSpecification","valueRequired":true,"valueName":"search_term_string"}}],"inLanguage":"pt-BR"},{"@type":"Organization","@id":"https:\/\/viajandocomtoledo.com.br\/loja\/#organization","name":"Loja Viajando com Toledo","url":"https:\/\/viajandocomtoledo.com.br\/loja\/","logo":{"@type":"ImageObject","inLanguage":"pt-BR","@id":"https:\/\/viajandocomtoledo.com.br\/loja\/#\/schema\/logo\/image\/","url":"https:\/\/viajandocomtoledo.com.br\/loja\/wp-content\/uploads\/2021\/07\/LOGO-VCT-e1626871875731.png","contentUrl":"https:\/\/viajandocomtoledo.com.br\/loja\/wp-content\/uploads\/2021\/07\/LOGO-VCT-e1626871875731.png","width":100,"height":46,"caption":"Loja Viajando com Toledo"},"image":{"@id":"https:\/\/viajandocomtoledo.com.br\/loja\/#\/schema\/logo\/image\/"},"sameAs":["https:\/\/web.facebook.com\/viajandocomtoledo","https:\/\/www.instagram.com\/viajandocomtoledo\/"]}]}},"_links":{"self":[{"href":"https:\/\/viajandocomtoledo.com.br\/loja\/wp-json\/wp\/v2\/product\/1778","targetHints":{"allow":["GET"]}}],"collection":[{"href":"https:\/\/viajandocomtoledo.com.br\/loja\/wp-json\/wp\/v2\/product"}],"about":[{"href":"https:\/\/viajandocomtoledo.com.br\/loja\/wp-json\/wp\/v2\/types\/product"}],"replies":[{"embeddable":true,"href":"https:\/\/viajandocomtoledo.com.br\/loja\/wp-json\/wp\/v2\/comments?post=1778"}],"wp:featuredmedia":[{"embeddable":true,"href":"https:\/\/viajandocomtoledo.com.br\/loja\/wp-json\/wp\/v2\/media\/1766"}],"wp:attachment":[{"href":"https:\/\/viajandocomtoledo.com.br\/loja\/wp-json\/wp\/v2\/media?parent=1778"}],"wp:term":[{"taxonomy":"product_cat","embeddable":true,"href":"https:\/\/viajandocomtoledo.com.br\/loja\/wp-json\/wp\/v2\/product_cat?post=1778"},{"taxonomy":"product_tag","embeddable":true,"href":"https:\/\/viajandocomtoledo.com.br\/loja\/wp-json\/wp\/v2\/product_tag?post=1778"}],"curies":[{"name":"wp","href":"https:\/\/api.w.org\/{rel}","templated":true}]}}