{"id":1739,"date":"2023-09-11T15:55:12","date_gmt":"2023-09-11T18:55:12","guid":{"rendered":"https:\/\/viajandocomtoledo.com.br\/loja\/?post_type=product&#038;p=1739"},"modified":"2025-11-05T18:14:15","modified_gmt":"2025-11-05T21:14:15","slug":"gelatina-de-cachaca-100g","status":"publish","type":"product","link":"https:\/\/viajandocomtoledo.com.br\/loja\/produto\/gelatina-de-cachaca-100g\/","title":{"rendered":"Gelatina de Cacha\u00e7a 100g"},"content":{"rendered":"","protected":false},"excerpt":{"rendered":"<p style=\"text-align: center;\">Elaborada com os mesmos ingredientes desde o in\u00edcio da Fazenda Vale Verde, a gelatina de cacha\u00e7a \u00e9 famosa pelo sabor ex\u00f3tico e aroma suave. Sua receita tradicional conquistou gera\u00e7\u00f5es e tem tudo para cair tamb\u00e9m no seu gosto. Uma lembran\u00e7a da sobremesa preparada pela av\u00f3 do fundador do Grupo Vale Verde, em Itabirito, Minas Gerais.<\/p>\n<h2 style=\"text-align: center;\">CARACTER\u00cdSTICAS<\/h2>\n<ul>\n<li><em><strong>Regi\u00e3o:<\/strong> Betim \/ Minas Gerais.<\/em><\/li>\n<li><em><strong>Ingredientes:<\/strong> A\u00e7\u00facar, cacha\u00e7a, gelatina, aromatizante de abacaxi, corante artificial (INS 123).<\/em><\/li>\n<li><em><strong>Aroma:<\/strong>\u00a0Suave.<\/em><\/li>\n<li><em><strong>Sabor:<\/strong>\u00a0Adocicado, c\u00edtrico e ex\u00f3tico.<\/em><\/li>\n<li><em><strong>Volume:<\/strong> 100g.<\/em><\/li>\n<\/ul>\n<h2 style=\"text-align: center;\">SUA HIST\u00d3RIA<\/h2>\n<p style=\"text-align: center;\">A paix\u00e3o pelo que faz e a incans\u00e1vel busca pela qualidade definem a t\u00f4nica idealizadora do Grupo Vale Verde. Em meados dos anos 80, seu fundador, Luiz Ot\u00e1vio P\u00f4ssas Gon\u00e7alves, conhecido empres\u00e1rio criador da cerveja Kaiser buscou na Europa t\u00e9cnicas para aprimorar a fermenta\u00e7\u00e3o e destila\u00e7\u00e3o, assimilando tecnologias usadas na fabrica\u00e7\u00e3o de u\u00edsques finos. Em 1985, nasce ent\u00e3o a Vale Verde.<\/p>\n","protected":false},"featured_media":3604,"comment_status":"closed","ping_status":"closed","template":"","meta":{"_acf_changed":false,"_monsterinsights_skip_tracking":false,"_monsterinsights_sitenote_active":false,"_monsterinsights_sitenote_note":"","_monsterinsights_sitenote_category":0},"product_cat":[63,49,53],"product_tag":[],"class_list":{"0":"post-1739","1":"product","2":"type-product","3":"status-publish","4":"has-post-thumbnail","6":"product_cat-central","7":"product_cat-destaque","8":"product_cat-doces","9":"product_shipping_class-produtos-diversos","11":"first","12":"instock","13":"taxable","14":"shipping-taxable","15":"purchasable","16":"product-type-simple"},"acf":[],"aioseo_notices":[],"yoast_head":"<!-- This site is optimized with the Yoast SEO plugin v25.8 - https:\/\/yoast.com\/wordpress\/plugins\/seo\/ -->\n<title>Gelatina de Cacha\u00e7a 100g - Loja Viajando com Toledo<\/title>\n<meta name=\"robots\" content=\"index, follow, max-snippet:-1, max-image-preview:large, max-video-preview:-1\" \/>\n<link rel=\"canonical\" href=\"https:\/\/viajandocomtoledo.com.br\/loja\/produto\/gelatina-de-cachaca-100g\/\" \/>\n<meta property=\"og:locale\" content=\"pt_BR\" \/>\n<meta property=\"og:type\" content=\"article\" \/>\n<meta property=\"og:title\" content=\"Gelatina de Cacha\u00e7a 100g - Loja Viajando com Toledo\" \/>\n<meta property=\"og:description\" content=\"Elaborada com os mesmos ingredientes desde o in\u00edcio da Fazenda Vale Verde, a gelatina de cacha\u00e7a \u00e9 famosa pelo sabor ex\u00f3tico e aroma suave. Sua receita tradicional conquistou gera\u00e7\u00f5es e tem tudo para cair tamb\u00e9m no seu gosto. Uma lembran\u00e7a da sobremesa preparada pela av\u00f3 do fundador do Grupo Vale Verde, em Itabirito, Minas Gerais.  CARACTER\u00cdSTICAS   Regi\u00e3o: Betim \/ Minas Gerais.  Ingredientes: A\u00e7\u00facar, cacha\u00e7a, gelatina, aromatizante de abacaxi, corante artificial (INS 123).  Aroma:\u00a0Suave.  Sabor:\u00a0Adocicado, c\u00edtrico e ex\u00f3tico.  Volume: 100g.  SUA HIST\u00d3RIA A paix\u00e3o pelo que faz e a incans\u00e1vel busca pela qualidade definem a t\u00f4nica idealizadora do Grupo Vale Verde. Em meados dos anos 80, seu fundador, Luiz Ot\u00e1vio P\u00f4ssas Gon\u00e7alves, conhecido empres\u00e1rio criador da cerveja Kaiser buscou na Europa t\u00e9cnicas para aprimorar a fermenta\u00e7\u00e3o e destila\u00e7\u00e3o, assimilando tecnologias usadas na fabrica\u00e7\u00e3o de u\u00edsques finos. Em 1985, nasce ent\u00e3o a Vale Verde.\" \/>\n<meta property=\"og:url\" content=\"https:\/\/viajandocomtoledo.com.br\/loja\/produto\/gelatina-de-cachaca-100g\/\" \/>\n<meta property=\"og:site_name\" content=\"Loja Viajando com Toledo\" \/>\n<meta property=\"article:publisher\" content=\"https:\/\/web.facebook.com\/viajandocomtoledo\" \/>\n<meta property=\"article:modified_time\" content=\"2025-11-05T21:14:15+00:00\" \/>\n<meta property=\"og:image\" content=\"https:\/\/viajandocomtoledo.com.br\/loja\/wp-content\/uploads\/2022\/05\/Design-sem-nome-4.png\" \/>\n\t<meta property=\"og:image:width\" content=\"1080\" \/>\n\t<meta property=\"og:image:height\" content=\"1080\" \/>\n\t<meta property=\"og:image:type\" content=\"image\/png\" \/>\n<meta name=\"twitter:card\" content=\"summary_large_image\" \/>\n<meta name=\"twitter:label1\" content=\"Est. tempo de leitura\" \/>\n\t<meta name=\"twitter:data1\" content=\"1 minuto\" \/>\n<script type=\"application\/ld+json\" class=\"yoast-schema-graph\">{\"@context\":\"https:\/\/schema.org\",\"@graph\":[{\"@type\":\"WebPage\",\"@id\":\"https:\/\/viajandocomtoledo.com.br\/loja\/produto\/gelatina-de-cachaca-100g\/\",\"url\":\"https:\/\/viajandocomtoledo.com.br\/loja\/produto\/gelatina-de-cachaca-100g\/\",\"name\":\"Gelatina de Cacha\u00e7a 100g - Loja Viajando com Toledo\",\"isPartOf\":{\"@id\":\"https:\/\/viajandocomtoledo.com.br\/loja\/#website\"},\"primaryImageOfPage\":{\"@id\":\"https:\/\/viajandocomtoledo.com.br\/loja\/produto\/gelatina-de-cachaca-100g\/#primaryimage\"},\"image\":{\"@id\":\"https:\/\/viajandocomtoledo.com.br\/loja\/produto\/gelatina-de-cachaca-100g\/#primaryimage\"},\"thumbnailUrl\":\"https:\/\/viajandocomtoledo.com.br\/loja\/wp-content\/uploads\/2022\/05\/Design-sem-nome-4.png\",\"datePublished\":\"2023-09-11T18:55:12+00:00\",\"dateModified\":\"2025-11-05T21:14:15+00:00\",\"breadcrumb\":{\"@id\":\"https:\/\/viajandocomtoledo.com.br\/loja\/produto\/gelatina-de-cachaca-100g\/#breadcrumb\"},\"inLanguage\":\"pt-BR\",\"potentialAction\":[{\"@type\":\"ReadAction\",\"target\":[\"https:\/\/viajandocomtoledo.com.br\/loja\/produto\/gelatina-de-cachaca-100g\/\"]}]},{\"@type\":\"ImageObject\",\"inLanguage\":\"pt-BR\",\"@id\":\"https:\/\/viajandocomtoledo.com.br\/loja\/produto\/gelatina-de-cachaca-100g\/#primaryimage\",\"url\":\"https:\/\/viajandocomtoledo.com.br\/loja\/wp-content\/uploads\/2022\/05\/Design-sem-nome-4.png\",\"contentUrl\":\"https:\/\/viajandocomtoledo.com.br\/loja\/wp-content\/uploads\/2022\/05\/Design-sem-nome-4.png\",\"width\":1080,\"height\":1080},{\"@type\":\"BreadcrumbList\",\"@id\":\"https:\/\/viajandocomtoledo.com.br\/loja\/produto\/gelatina-de-cachaca-100g\/#breadcrumb\",\"itemListElement\":[{\"@type\":\"ListItem\",\"position\":1,\"name\":\"In\u00edcio\",\"item\":\"https:\/\/viajandocomtoledo.com.br\/loja\/\"},{\"@type\":\"ListItem\",\"position\":2,\"name\":\"Produtos\",\"item\":\"https:\/\/viajandocomtoledo.com.br\/loja\/\"},{\"@type\":\"ListItem\",\"position\":3,\"name\":\"Gelatina de Cacha\u00e7a 100g\"}]},{\"@type\":\"WebSite\",\"@id\":\"https:\/\/viajandocomtoledo.com.br\/loja\/#website\",\"url\":\"https:\/\/viajandocomtoledo.com.br\/loja\/\",\"name\":\"Loja Viajando com Toledo\",\"description\":\"Loja do site - Viajando com Toledo\",\"publisher\":{\"@id\":\"https:\/\/viajandocomtoledo.com.br\/loja\/#organization\"},\"potentialAction\":[{\"@type\":\"SearchAction\",\"target\":{\"@type\":\"EntryPoint\",\"urlTemplate\":\"https:\/\/viajandocomtoledo.com.br\/loja\/?s={search_term_string}\"},\"query-input\":{\"@type\":\"PropertyValueSpecification\",\"valueRequired\":true,\"valueName\":\"search_term_string\"}}],\"inLanguage\":\"pt-BR\"},{\"@type\":\"Organization\",\"@id\":\"https:\/\/viajandocomtoledo.com.br\/loja\/#organization\",\"name\":\"Loja Viajando com Toledo\",\"url\":\"https:\/\/viajandocomtoledo.com.br\/loja\/\",\"logo\":{\"@type\":\"ImageObject\",\"inLanguage\":\"pt-BR\",\"@id\":\"https:\/\/viajandocomtoledo.com.br\/loja\/#\/schema\/logo\/image\/\",\"url\":\"https:\/\/viajandocomtoledo.com.br\/loja\/wp-content\/uploads\/2021\/07\/LOGO-VCT-e1626871875731.png\",\"contentUrl\":\"https:\/\/viajandocomtoledo.com.br\/loja\/wp-content\/uploads\/2021\/07\/LOGO-VCT-e1626871875731.png\",\"width\":100,\"height\":46,\"caption\":\"Loja Viajando com Toledo\"},\"image\":{\"@id\":\"https:\/\/viajandocomtoledo.com.br\/loja\/#\/schema\/logo\/image\/\"},\"sameAs\":[\"https:\/\/web.facebook.com\/viajandocomtoledo\",\"https:\/\/www.instagram.com\/viajandocomtoledo\/\"]}]}<\/script>\n<!-- \/ Yoast SEO plugin. -->","yoast_head_json":{"title":"Gelatina de Cacha\u00e7a 100g - Loja Viajando com Toledo","robots":{"index":"index","follow":"follow","max-snippet":"max-snippet:-1","max-image-preview":"max-image-preview:large","max-video-preview":"max-video-preview:-1"},"canonical":"https:\/\/viajandocomtoledo.com.br\/loja\/produto\/gelatina-de-cachaca-100g\/","og_locale":"pt_BR","og_type":"article","og_title":"Gelatina de Cacha\u00e7a 100g - Loja Viajando com Toledo","og_description":"Elaborada com os mesmos ingredientes desde o in\u00edcio da Fazenda Vale Verde, a gelatina de cacha\u00e7a \u00e9 famosa pelo sabor ex\u00f3tico e aroma suave. Sua receita tradicional conquistou gera\u00e7\u00f5es e tem tudo para cair tamb\u00e9m no seu gosto. Uma lembran\u00e7a da sobremesa preparada pela av\u00f3 do fundador do Grupo Vale Verde, em Itabirito, Minas Gerais.  CARACTER\u00cdSTICAS   Regi\u00e3o: Betim \/ Minas Gerais.  Ingredientes: A\u00e7\u00facar, cacha\u00e7a, gelatina, aromatizante de abacaxi, corante artificial (INS 123).  Aroma:\u00a0Suave.  Sabor:\u00a0Adocicado, c\u00edtrico e ex\u00f3tico.  Volume: 100g.  SUA HIST\u00d3RIA A paix\u00e3o pelo que faz e a incans\u00e1vel busca pela qualidade definem a t\u00f4nica idealizadora do Grupo Vale Verde. Em meados dos anos 80, seu fundador, Luiz Ot\u00e1vio P\u00f4ssas Gon\u00e7alves, conhecido empres\u00e1rio criador da cerveja Kaiser buscou na Europa t\u00e9cnicas para aprimorar a fermenta\u00e7\u00e3o e destila\u00e7\u00e3o, assimilando tecnologias usadas na fabrica\u00e7\u00e3o de u\u00edsques finos. Em 1985, nasce ent\u00e3o a Vale Verde.","og_url":"https:\/\/viajandocomtoledo.com.br\/loja\/produto\/gelatina-de-cachaca-100g\/","og_site_name":"Loja Viajando com Toledo","article_publisher":"https:\/\/web.facebook.com\/viajandocomtoledo","article_modified_time":"2025-11-05T21:14:15+00:00","og_image":[{"width":1080,"height":1080,"url":"https:\/\/viajandocomtoledo.com.br\/loja\/wp-content\/uploads\/2022\/05\/Design-sem-nome-4.png","type":"image\/png"}],"twitter_card":"summary_large_image","twitter_misc":{"Est. tempo de leitura":"1 minuto"},"schema":{"@context":"https:\/\/schema.org","@graph":[{"@type":"WebPage","@id":"https:\/\/viajandocomtoledo.com.br\/loja\/produto\/gelatina-de-cachaca-100g\/","url":"https:\/\/viajandocomtoledo.com.br\/loja\/produto\/gelatina-de-cachaca-100g\/","name":"Gelatina de Cacha\u00e7a 100g - Loja Viajando com Toledo","isPartOf":{"@id":"https:\/\/viajandocomtoledo.com.br\/loja\/#website"},"primaryImageOfPage":{"@id":"https:\/\/viajandocomtoledo.com.br\/loja\/produto\/gelatina-de-cachaca-100g\/#primaryimage"},"image":{"@id":"https:\/\/viajandocomtoledo.com.br\/loja\/produto\/gelatina-de-cachaca-100g\/#primaryimage"},"thumbnailUrl":"https:\/\/viajandocomtoledo.com.br\/loja\/wp-content\/uploads\/2022\/05\/Design-sem-nome-4.png","datePublished":"2023-09-11T18:55:12+00:00","dateModified":"2025-11-05T21:14:15+00:00","breadcrumb":{"@id":"https:\/\/viajandocomtoledo.com.br\/loja\/produto\/gelatina-de-cachaca-100g\/#breadcrumb"},"inLanguage":"pt-BR","potentialAction":[{"@type":"ReadAction","target":["https:\/\/viajandocomtoledo.com.br\/loja\/produto\/gelatina-de-cachaca-100g\/"]}]},{"@type":"ImageObject","inLanguage":"pt-BR","@id":"https:\/\/viajandocomtoledo.com.br\/loja\/produto\/gelatina-de-cachaca-100g\/#primaryimage","url":"https:\/\/viajandocomtoledo.com.br\/loja\/wp-content\/uploads\/2022\/05\/Design-sem-nome-4.png","contentUrl":"https:\/\/viajandocomtoledo.com.br\/loja\/wp-content\/uploads\/2022\/05\/Design-sem-nome-4.png","width":1080,"height":1080},{"@type":"BreadcrumbList","@id":"https:\/\/viajandocomtoledo.com.br\/loja\/produto\/gelatina-de-cachaca-100g\/#breadcrumb","itemListElement":[{"@type":"ListItem","position":1,"name":"In\u00edcio","item":"https:\/\/viajandocomtoledo.com.br\/loja\/"},{"@type":"ListItem","position":2,"name":"Produtos","item":"https:\/\/viajandocomtoledo.com.br\/loja\/"},{"@type":"ListItem","position":3,"name":"Gelatina de Cacha\u00e7a 100g"}]},{"@type":"WebSite","@id":"https:\/\/viajandocomtoledo.com.br\/loja\/#website","url":"https:\/\/viajandocomtoledo.com.br\/loja\/","name":"Loja Viajando com Toledo","description":"Loja do site - Viajando com Toledo","publisher":{"@id":"https:\/\/viajandocomtoledo.com.br\/loja\/#organization"},"potentialAction":[{"@type":"SearchAction","target":{"@type":"EntryPoint","urlTemplate":"https:\/\/viajandocomtoledo.com.br\/loja\/?s={search_term_string}"},"query-input":{"@type":"PropertyValueSpecification","valueRequired":true,"valueName":"search_term_string"}}],"inLanguage":"pt-BR"},{"@type":"Organization","@id":"https:\/\/viajandocomtoledo.com.br\/loja\/#organization","name":"Loja Viajando com Toledo","url":"https:\/\/viajandocomtoledo.com.br\/loja\/","logo":{"@type":"ImageObject","inLanguage":"pt-BR","@id":"https:\/\/viajandocomtoledo.com.br\/loja\/#\/schema\/logo\/image\/","url":"https:\/\/viajandocomtoledo.com.br\/loja\/wp-content\/uploads\/2021\/07\/LOGO-VCT-e1626871875731.png","contentUrl":"https:\/\/viajandocomtoledo.com.br\/loja\/wp-content\/uploads\/2021\/07\/LOGO-VCT-e1626871875731.png","width":100,"height":46,"caption":"Loja Viajando com Toledo"},"image":{"@id":"https:\/\/viajandocomtoledo.com.br\/loja\/#\/schema\/logo\/image\/"},"sameAs":["https:\/\/web.facebook.com\/viajandocomtoledo","https:\/\/www.instagram.com\/viajandocomtoledo\/"]}]}},"_links":{"self":[{"href":"https:\/\/viajandocomtoledo.com.br\/loja\/wp-json\/wp\/v2\/product\/1739","targetHints":{"allow":["GET"]}}],"collection":[{"href":"https:\/\/viajandocomtoledo.com.br\/loja\/wp-json\/wp\/v2\/product"}],"about":[{"href":"https:\/\/viajandocomtoledo.com.br\/loja\/wp-json\/wp\/v2\/types\/product"}],"replies":[{"embeddable":true,"href":"https:\/\/viajandocomtoledo.com.br\/loja\/wp-json\/wp\/v2\/comments?post=1739"}],"wp:featuredmedia":[{"embeddable":true,"href":"https:\/\/viajandocomtoledo.com.br\/loja\/wp-json\/wp\/v2\/media\/3604"}],"wp:attachment":[{"href":"https:\/\/viajandocomtoledo.com.br\/loja\/wp-json\/wp\/v2\/media?parent=1739"}],"wp:term":[{"taxonomy":"product_cat","embeddable":true,"href":"https:\/\/viajandocomtoledo.com.br\/loja\/wp-json\/wp\/v2\/product_cat?post=1739"},{"taxonomy":"product_tag","embeddable":true,"href":"https:\/\/viajandocomtoledo.com.br\/loja\/wp-json\/wp\/v2\/product_tag?post=1739"}],"curies":[{"name":"wp","href":"https:\/\/api.w.org\/{rel}","templated":true}]}}