{"id":1738,"date":"2024-01-16T15:53:48","date_gmt":"2024-01-16T18:53:48","guid":{"rendered":"https:\/\/viajandocomtoledo.com.br\/loja\/?post_type=product&#038;p=1738"},"modified":"2025-01-01T21:26:01","modified_gmt":"2025-01-02T00:26:01","slug":"cachaca-vale-verde-12-anos-700ml","status":"publish","type":"product","link":"https:\/\/viajandocomtoledo.com.br\/loja\/produto\/cachaca-vale-verde-12-anos-700ml\/","title":{"rendered":"Cacha\u00e7a Vale Verde 12 anos Edi\u00e7\u00e3o Presente 700ml"},"content":{"rendered":"<p style=\"text-align: center;\">A Vale Verde completou 30 anos de hist\u00f3ria em 2015, e para comemorar lan\u00e7ou uma nova vers\u00e3o da Vale Verde 12 Anos Edi\u00e7\u00e3o Presente. Nova embalagem com garrafa francesa e rolha portuguesa, al\u00e9m do r\u00f3tulo em serigrafia, que tornam o produto mais elegante e sofisticado. A Vale Verde 12 Anos que tem seu processo de produ\u00e7\u00e3o sustent\u00e1vel e artesanal, tornou-se objeto de desejo para colecionadores e apreciadores da boa cacha\u00e7a. A vers\u00e3o conta ainda com uma caixa presente que agrega ainda mais valor e requinte ao produto.<\/p>\n<h2 style=\"text-align: center;\">CARACTER\u00cdSTICAS<\/h2>\n<ul>\n<li><em><strong>Regi\u00e3o:<\/strong> Betim \/ Minas Gerais.<\/em><\/li>\n<li><em><strong>Ingredientes:<\/strong> Mosto fermentado do caldo de cana-de-a\u00e7\u00facar.<\/em><\/li>\n<li><em><strong>Aroma:<\/strong> Tra\u00e7os sutis do adocicado da cana-de-a\u00e7\u00facar.<\/em><\/li>\n<li><em><strong>Sabor:<\/strong> Possui acidez no ponto certo, proporcionando um sabor \u00fanico.<\/em><\/li>\n<li><em><strong>Amadurecimento:<\/strong> 12 anos em barril de carvalho europeu.<\/em><\/li>\n<li><em><strong>Gradua\u00e7\u00e3o alc\u00f3olica:<\/strong> ABV: 40%.<\/em><\/li>\n<li><em><strong>Volume:<\/strong>\u00a0700mL.<\/em><\/li>\n<\/ul>\n<p><strong><em>Foi eleita a melhor cacha\u00e7a do mundo em 2014!<\/em><\/strong><\/p>\n<h2 style=\"text-align: center;\">SUGEST\u00c3O DE CONSUMO<\/h2>\n<p style=\"text-align: center;\">Perfeita para celebrar os grandes momentos.<\/p>\n<h2 style=\"text-align: center;\">SUA HIST\u00d3RIA<\/h2>\n<p style=\"text-align: center;\">A paix\u00e3o pelo que faz e a incans\u00e1vel busca pela qualidade definem a t\u00f4nica idealizadora do Grupo Vale Verde. Em meados dos anos 80, seu fundador, Luiz Ot\u00e1vio P\u00f4ssas Gon\u00e7alves, conhecido empres\u00e1rio criador da cerveja Kaiser buscou na Europa t\u00e9cnicas para aprimorar a fermenta\u00e7\u00e3o e destila\u00e7\u00e3o, assimilando tecnologias usadas na fabrica\u00e7\u00e3o de u\u00edsques finos. Em 1985, nasce ent\u00e3o a Vale Verde.<\/p>\n<p>Aprecie com modera\u00e7\u00e3o! N\u00e3o compartilhe com menores de 18 anos.<\/p>\n","protected":false},"excerpt":{"rendered":"<p style=\"text-align: center;\">A Vale Verde completou 30 anos de hist\u00f3ria em 2015, e para comemorar lan\u00e7ou uma nova vers\u00e3o da Vale Verde 12 Anos Edi\u00e7\u00e3o Presente. Nova embalagem com garrafa francesa e rolha portuguesa, al\u00e9m do r\u00f3tulo em serigrafia, que tornam o produto mais elegante e sofisticado. A Vale Verde 12 Anos que tem seu processo de produ\u00e7\u00e3o sustent\u00e1vel e artesanal, tornou-se objeto de desejo para colecionadores e apreciadores da boa cacha\u00e7a. A vers\u00e3o conta ainda com uma caixa presente que agrega ainda mais valor e requinte ao produto.<\/p>\n<h2 style=\"text-align: center;\">CARACTER\u00cdSTICAS<\/h2>\n<ul>\n<li><em><strong>Regi\u00e3o:<\/strong> Betim \/ Minas Gerais.<\/em><\/li>\n<li><em><strong>Ingredientes:<\/strong> Mosto fermentado do caldo de cana-de-a\u00e7\u00facar.<\/em><\/li>\n<li><em><strong>Aroma:<\/strong> Tra\u00e7os sutis do adocicado da cana-de-a\u00e7\u00facar.<\/em><\/li>\n<li><em><strong>Sabor:<\/strong> Possui acidez no ponto certo, proporcionando um sabor \u00fanico.<\/em><\/li>\n<li><em><strong>Amadurecimento:<\/strong> 12 anos em barril de carvalho europeu.<\/em><\/li>\n<li><em><strong>Gradua\u00e7\u00e3o alc\u00f3olica:<\/strong> ABV: 40%.<\/em><\/li>\n<li><em><strong>Volume:<\/strong>\u00a0700mL.<\/em><\/li>\n<\/ul>\n<p><strong><em>Foi eleita a melhor cacha\u00e7a do mundo em 2014!<\/em><\/strong><\/p>\n<h2 style=\"text-align: center;\">SUGEST\u00c3O DE CONSUMO<\/h2>\n<p style=\"text-align: center;\">Perfeita para celebrar os grandes momentos.<\/p>\n<h2 style=\"text-align: center;\">SUA HIST\u00d3RIA<\/h2>\n<p style=\"text-align: center;\">A paix\u00e3o pelo que faz e a incans\u00e1vel busca pela qualidade definem a t\u00f4nica idealizadora do Grupo Vale Verde. Em meados dos anos 80, seu fundador, Luiz Ot\u00e1vio P\u00f4ssas Gon\u00e7alves, conhecido empres\u00e1rio criador da cerveja Kaiser buscou na Europa t\u00e9cnicas para aprimorar a fermenta\u00e7\u00e3o e destila\u00e7\u00e3o, assimilando tecnologias usadas na fabrica\u00e7\u00e3o de u\u00edsques finos. Em 1985, nasce ent\u00e3o a Vale Verde.<\/p>\n<p>Aprecie com modera\u00e7\u00e3o! N\u00e3o compartilhe com menores de 18 anos.<\/p>\n","protected":false},"featured_media":1769,"comment_status":"closed","ping_status":"closed","template":"","meta":{"_acf_changed":false,"_monsterinsights_skip_tracking":false,"_monsterinsights_sitenote_active":false,"_monsterinsights_sitenote_note":"","_monsterinsights_sitenote_category":0},"product_cat":[56,63],"product_tag":[],"class_list":{"0":"post-1738","1":"product","2":"type-product","3":"status-publish","4":"has-post-thumbnail","6":"product_cat-cachacas","7":"product_cat-central","8":"product_shipping_class-produtos-diversos","10":"first","11":"instock","12":"taxable","13":"shipping-taxable","14":"purchasable","15":"product-type-simple"},"acf":[],"aioseo_notices":[],"yoast_head":"<!-- This site is optimized with the Yoast SEO plugin v25.8 - https:\/\/yoast.com\/wordpress\/plugins\/seo\/ -->\n<title>Cacha\u00e7a Vale Verde 12 anos Edi\u00e7\u00e3o Presente 700ml - Loja Viajando com Toledo<\/title>\n<meta name=\"description\" content=\"Cacha\u00e7a Vale Verde 12 anos - Edi\u00e7\u00e3o presente - Envio imediato para todo o Brasil - Parcele em at\u00e9 3x sem juros\" \/>\n<meta name=\"robots\" content=\"index, follow, max-snippet:-1, max-image-preview:large, max-video-preview:-1\" \/>\n<link rel=\"canonical\" href=\"https:\/\/viajandocomtoledo.com.br\/loja\/produto\/cachaca-vale-verde-12-anos-700ml\/\" \/>\n<meta property=\"og:locale\" content=\"pt_BR\" \/>\n<meta property=\"og:type\" content=\"article\" \/>\n<meta property=\"og:title\" content=\"Cacha\u00e7a Vale Verde 12 anos Edi\u00e7\u00e3o Presente 700ml - Loja Viajando com Toledo\" \/>\n<meta property=\"og:description\" content=\"Cacha\u00e7a Vale Verde 12 anos - Edi\u00e7\u00e3o presente - Envio imediato para todo o Brasil - Parcele em at\u00e9 3x sem juros\" \/>\n<meta property=\"og:url\" content=\"https:\/\/viajandocomtoledo.com.br\/loja\/produto\/cachaca-vale-verde-12-anos-700ml\/\" \/>\n<meta property=\"og:site_name\" content=\"Loja Viajando com Toledo\" \/>\n<meta property=\"article:publisher\" content=\"https:\/\/web.facebook.com\/viajandocomtoledo\" \/>\n<meta property=\"article:modified_time\" content=\"2025-01-02T00:26:01+00:00\" \/>\n<meta property=\"og:image\" content=\"https:\/\/viajandocomtoledo.com.br\/loja\/wp-content\/uploads\/2022\/07\/DSC00109.png\" \/>\n\t<meta property=\"og:image:width\" content=\"617\" \/>\n\t<meta property=\"og:image:height\" content=\"617\" \/>\n\t<meta property=\"og:image:type\" content=\"image\/png\" \/>\n<meta name=\"twitter:card\" content=\"summary_large_image\" \/>\n<meta name=\"twitter:label1\" content=\"Est. tempo de leitura\" \/>\n\t<meta name=\"twitter:data1\" content=\"2 minutos\" \/>\n<script type=\"application\/ld+json\" class=\"yoast-schema-graph\">{\"@context\":\"https:\/\/schema.org\",\"@graph\":[{\"@type\":\"WebPage\",\"@id\":\"https:\/\/viajandocomtoledo.com.br\/loja\/produto\/cachaca-vale-verde-12-anos-700ml\/\",\"url\":\"https:\/\/viajandocomtoledo.com.br\/loja\/produto\/cachaca-vale-verde-12-anos-700ml\/\",\"name\":\"Cacha\u00e7a Vale Verde 12 anos Edi\u00e7\u00e3o Presente 700ml - Loja Viajando com Toledo\",\"isPartOf\":{\"@id\":\"https:\/\/viajandocomtoledo.com.br\/loja\/#website\"},\"primaryImageOfPage\":{\"@id\":\"https:\/\/viajandocomtoledo.com.br\/loja\/produto\/cachaca-vale-verde-12-anos-700ml\/#primaryimage\"},\"image\":{\"@id\":\"https:\/\/viajandocomtoledo.com.br\/loja\/produto\/cachaca-vale-verde-12-anos-700ml\/#primaryimage\"},\"thumbnailUrl\":\"https:\/\/viajandocomtoledo.com.br\/loja\/wp-content\/uploads\/2022\/07\/DSC00109.png\",\"datePublished\":\"2024-01-16T18:53:48+00:00\",\"dateModified\":\"2025-01-02T00:26:01+00:00\",\"description\":\"Cacha\u00e7a Vale Verde 12 anos - Edi\u00e7\u00e3o presente - Envio imediato para todo o Brasil - Parcele em at\u00e9 3x sem juros\",\"breadcrumb\":{\"@id\":\"https:\/\/viajandocomtoledo.com.br\/loja\/produto\/cachaca-vale-verde-12-anos-700ml\/#breadcrumb\"},\"inLanguage\":\"pt-BR\",\"potentialAction\":[{\"@type\":\"ReadAction\",\"target\":[\"https:\/\/viajandocomtoledo.com.br\/loja\/produto\/cachaca-vale-verde-12-anos-700ml\/\"]}]},{\"@type\":\"ImageObject\",\"inLanguage\":\"pt-BR\",\"@id\":\"https:\/\/viajandocomtoledo.com.br\/loja\/produto\/cachaca-vale-verde-12-anos-700ml\/#primaryimage\",\"url\":\"https:\/\/viajandocomtoledo.com.br\/loja\/wp-content\/uploads\/2022\/07\/DSC00109.png\",\"contentUrl\":\"https:\/\/viajandocomtoledo.com.br\/loja\/wp-content\/uploads\/2022\/07\/DSC00109.png\",\"width\":617,\"height\":617},{\"@type\":\"BreadcrumbList\",\"@id\":\"https:\/\/viajandocomtoledo.com.br\/loja\/produto\/cachaca-vale-verde-12-anos-700ml\/#breadcrumb\",\"itemListElement\":[{\"@type\":\"ListItem\",\"position\":1,\"name\":\"In\u00edcio\",\"item\":\"https:\/\/viajandocomtoledo.com.br\/loja\/\"},{\"@type\":\"ListItem\",\"position\":2,\"name\":\"Produtos\",\"item\":\"https:\/\/viajandocomtoledo.com.br\/loja\/\"},{\"@type\":\"ListItem\",\"position\":3,\"name\":\"Cacha\u00e7a Vale Verde 12 anos Edi\u00e7\u00e3o Presente 700ml\"}]},{\"@type\":\"WebSite\",\"@id\":\"https:\/\/viajandocomtoledo.com.br\/loja\/#website\",\"url\":\"https:\/\/viajandocomtoledo.com.br\/loja\/\",\"name\":\"Loja Viajando com Toledo\",\"description\":\"Loja do site - Viajando com Toledo\",\"publisher\":{\"@id\":\"https:\/\/viajandocomtoledo.com.br\/loja\/#organization\"},\"potentialAction\":[{\"@type\":\"SearchAction\",\"target\":{\"@type\":\"EntryPoint\",\"urlTemplate\":\"https:\/\/viajandocomtoledo.com.br\/loja\/?s={search_term_string}\"},\"query-input\":{\"@type\":\"PropertyValueSpecification\",\"valueRequired\":true,\"valueName\":\"search_term_string\"}}],\"inLanguage\":\"pt-BR\"},{\"@type\":\"Organization\",\"@id\":\"https:\/\/viajandocomtoledo.com.br\/loja\/#organization\",\"name\":\"Loja Viajando com Toledo\",\"url\":\"https:\/\/viajandocomtoledo.com.br\/loja\/\",\"logo\":{\"@type\":\"ImageObject\",\"inLanguage\":\"pt-BR\",\"@id\":\"https:\/\/viajandocomtoledo.com.br\/loja\/#\/schema\/logo\/image\/\",\"url\":\"https:\/\/viajandocomtoledo.com.br\/loja\/wp-content\/uploads\/2021\/07\/LOGO-VCT-e1626871875731.png\",\"contentUrl\":\"https:\/\/viajandocomtoledo.com.br\/loja\/wp-content\/uploads\/2021\/07\/LOGO-VCT-e1626871875731.png\",\"width\":100,\"height\":46,\"caption\":\"Loja Viajando com Toledo\"},\"image\":{\"@id\":\"https:\/\/viajandocomtoledo.com.br\/loja\/#\/schema\/logo\/image\/\"},\"sameAs\":[\"https:\/\/web.facebook.com\/viajandocomtoledo\",\"https:\/\/www.instagram.com\/viajandocomtoledo\/\"]}]}<\/script>\n<!-- \/ Yoast SEO plugin. -->","yoast_head_json":{"title":"Cacha\u00e7a Vale Verde 12 anos Edi\u00e7\u00e3o Presente 700ml - Loja Viajando com Toledo","description":"Cacha\u00e7a Vale Verde 12 anos - Edi\u00e7\u00e3o presente - Envio imediato para todo o Brasil - Parcele em at\u00e9 3x sem juros","robots":{"index":"index","follow":"follow","max-snippet":"max-snippet:-1","max-image-preview":"max-image-preview:large","max-video-preview":"max-video-preview:-1"},"canonical":"https:\/\/viajandocomtoledo.com.br\/loja\/produto\/cachaca-vale-verde-12-anos-700ml\/","og_locale":"pt_BR","og_type":"article","og_title":"Cacha\u00e7a Vale Verde 12 anos Edi\u00e7\u00e3o Presente 700ml - Loja Viajando com Toledo","og_description":"Cacha\u00e7a Vale Verde 12 anos - Edi\u00e7\u00e3o presente - Envio imediato para todo o Brasil - Parcele em at\u00e9 3x sem juros","og_url":"https:\/\/viajandocomtoledo.com.br\/loja\/produto\/cachaca-vale-verde-12-anos-700ml\/","og_site_name":"Loja Viajando com Toledo","article_publisher":"https:\/\/web.facebook.com\/viajandocomtoledo","article_modified_time":"2025-01-02T00:26:01+00:00","og_image":[{"width":617,"height":617,"url":"https:\/\/viajandocomtoledo.com.br\/loja\/wp-content\/uploads\/2022\/07\/DSC00109.png","type":"image\/png"}],"twitter_card":"summary_large_image","twitter_misc":{"Est. tempo de leitura":"2 minutos"},"schema":{"@context":"https:\/\/schema.org","@graph":[{"@type":"WebPage","@id":"https:\/\/viajandocomtoledo.com.br\/loja\/produto\/cachaca-vale-verde-12-anos-700ml\/","url":"https:\/\/viajandocomtoledo.com.br\/loja\/produto\/cachaca-vale-verde-12-anos-700ml\/","name":"Cacha\u00e7a Vale Verde 12 anos Edi\u00e7\u00e3o Presente 700ml - Loja Viajando com Toledo","isPartOf":{"@id":"https:\/\/viajandocomtoledo.com.br\/loja\/#website"},"primaryImageOfPage":{"@id":"https:\/\/viajandocomtoledo.com.br\/loja\/produto\/cachaca-vale-verde-12-anos-700ml\/#primaryimage"},"image":{"@id":"https:\/\/viajandocomtoledo.com.br\/loja\/produto\/cachaca-vale-verde-12-anos-700ml\/#primaryimage"},"thumbnailUrl":"https:\/\/viajandocomtoledo.com.br\/loja\/wp-content\/uploads\/2022\/07\/DSC00109.png","datePublished":"2024-01-16T18:53:48+00:00","dateModified":"2025-01-02T00:26:01+00:00","description":"Cacha\u00e7a Vale Verde 12 anos - Edi\u00e7\u00e3o presente - Envio imediato para todo o Brasil - Parcele em at\u00e9 3x sem juros","breadcrumb":{"@id":"https:\/\/viajandocomtoledo.com.br\/loja\/produto\/cachaca-vale-verde-12-anos-700ml\/#breadcrumb"},"inLanguage":"pt-BR","potentialAction":[{"@type":"ReadAction","target":["https:\/\/viajandocomtoledo.com.br\/loja\/produto\/cachaca-vale-verde-12-anos-700ml\/"]}]},{"@type":"ImageObject","inLanguage":"pt-BR","@id":"https:\/\/viajandocomtoledo.com.br\/loja\/produto\/cachaca-vale-verde-12-anos-700ml\/#primaryimage","url":"https:\/\/viajandocomtoledo.com.br\/loja\/wp-content\/uploads\/2022\/07\/DSC00109.png","contentUrl":"https:\/\/viajandocomtoledo.com.br\/loja\/wp-content\/uploads\/2022\/07\/DSC00109.png","width":617,"height":617},{"@type":"BreadcrumbList","@id":"https:\/\/viajandocomtoledo.com.br\/loja\/produto\/cachaca-vale-verde-12-anos-700ml\/#breadcrumb","itemListElement":[{"@type":"ListItem","position":1,"name":"In\u00edcio","item":"https:\/\/viajandocomtoledo.com.br\/loja\/"},{"@type":"ListItem","position":2,"name":"Produtos","item":"https:\/\/viajandocomtoledo.com.br\/loja\/"},{"@type":"ListItem","position":3,"name":"Cacha\u00e7a Vale Verde 12 anos Edi\u00e7\u00e3o Presente 700ml"}]},{"@type":"WebSite","@id":"https:\/\/viajandocomtoledo.com.br\/loja\/#website","url":"https:\/\/viajandocomtoledo.com.br\/loja\/","name":"Loja Viajando com Toledo","description":"Loja do site - Viajando com Toledo","publisher":{"@id":"https:\/\/viajandocomtoledo.com.br\/loja\/#organization"},"potentialAction":[{"@type":"SearchAction","target":{"@type":"EntryPoint","urlTemplate":"https:\/\/viajandocomtoledo.com.br\/loja\/?s={search_term_string}"},"query-input":{"@type":"PropertyValueSpecification","valueRequired":true,"valueName":"search_term_string"}}],"inLanguage":"pt-BR"},{"@type":"Organization","@id":"https:\/\/viajandocomtoledo.com.br\/loja\/#organization","name":"Loja Viajando com Toledo","url":"https:\/\/viajandocomtoledo.com.br\/loja\/","logo":{"@type":"ImageObject","inLanguage":"pt-BR","@id":"https:\/\/viajandocomtoledo.com.br\/loja\/#\/schema\/logo\/image\/","url":"https:\/\/viajandocomtoledo.com.br\/loja\/wp-content\/uploads\/2021\/07\/LOGO-VCT-e1626871875731.png","contentUrl":"https:\/\/viajandocomtoledo.com.br\/loja\/wp-content\/uploads\/2021\/07\/LOGO-VCT-e1626871875731.png","width":100,"height":46,"caption":"Loja Viajando com Toledo"},"image":{"@id":"https:\/\/viajandocomtoledo.com.br\/loja\/#\/schema\/logo\/image\/"},"sameAs":["https:\/\/web.facebook.com\/viajandocomtoledo","https:\/\/www.instagram.com\/viajandocomtoledo\/"]}]}},"_links":{"self":[{"href":"https:\/\/viajandocomtoledo.com.br\/loja\/wp-json\/wp\/v2\/product\/1738","targetHints":{"allow":["GET"]}}],"collection":[{"href":"https:\/\/viajandocomtoledo.com.br\/loja\/wp-json\/wp\/v2\/product"}],"about":[{"href":"https:\/\/viajandocomtoledo.com.br\/loja\/wp-json\/wp\/v2\/types\/product"}],"replies":[{"embeddable":true,"href":"https:\/\/viajandocomtoledo.com.br\/loja\/wp-json\/wp\/v2\/comments?post=1738"}],"wp:featuredmedia":[{"embeddable":true,"href":"https:\/\/viajandocomtoledo.com.br\/loja\/wp-json\/wp\/v2\/media\/1769"}],"wp:attachment":[{"href":"https:\/\/viajandocomtoledo.com.br\/loja\/wp-json\/wp\/v2\/media?parent=1738"}],"wp:term":[{"taxonomy":"product_cat","embeddable":true,"href":"https:\/\/viajandocomtoledo.com.br\/loja\/wp-json\/wp\/v2\/product_cat?post=1738"},{"taxonomy":"product_tag","embeddable":true,"href":"https:\/\/viajandocomtoledo.com.br\/loja\/wp-json\/wp\/v2\/product_tag?post=1738"}],"curies":[{"name":"wp","href":"https:\/\/api.w.org\/{rel}","templated":true}]}}