{"id":1732,"date":"2024-01-16T15:26:10","date_gmt":"2024-01-16T18:26:10","guid":{"rendered":"https:\/\/viajandocomtoledo.com.br\/loja\/?post_type=product&#038;p=1732"},"modified":"2025-01-16T13:17:03","modified_gmt":"2025-01-16T16:17:03","slug":"cachaca-vale-verde-prata-1l","status":"publish","type":"product","link":"https:\/\/viajandocomtoledo.com.br\/loja\/produto\/cachaca-vale-verde-prata-1l\/","title":{"rendered":"Cacha\u00e7a Vale Verde Prata 1L"},"content":{"rendered":"","protected":false},"excerpt":{"rendered":"<p style=\"text-align: center;\">A Vale Verde Prata mant\u00e9m a tradi\u00e7\u00e3o e qualidade das cacha\u00e7as produzidas em Betim desde 1985. A bebida tem um sabor genu\u00edno, teor alco\u00f3lico de 40\u00ba e colora\u00e7\u00e3o natural, por isso \u00e9 chamada de prata, contudo, tamb\u00e9m \u00e9 popularmente conhecida como branquinha. O diferencial da Vale Verde Prata est\u00e1 sua produ\u00e7\u00e3o: a bebida n\u00e3o fica armazenada ou passa pelo processo de envelhecimento, ap\u00f3s a destila\u00e7\u00e3o ela j\u00e1 \u00e9 envasada, ou seja, j\u00e1 est\u00e1 pronta para o consumo.\u00a0 seu sabor suave \u00e9 ideal para harmoniza\u00e7\u00e3o com ingredientes diferentes, sejam eles frutas, ervas ou sucos. A leveza \u00e9 uma das caracter\u00edsticas que agrada tamb\u00e9m o p\u00fablico feminino, que tem se tornado cada vez mais apreciador de boas cacha\u00e7as.<\/p>\n<h2 style=\"text-align: center;\">CARACTER\u00cdSTICAS<\/h2>\n<ul>\n<li><em><strong>Regi\u00e3o:<\/strong> Betim \/ Minas Gerais.<\/em><\/li>\n<li><em><strong>Ingredientes:<\/strong> Mosto fermentado do caldo de cana-de-a\u00e7\u00facar.<\/em><\/li>\n<li><em><strong>Aroma:<\/strong>\u00a0Possui uma mescla de aromas adocicados, frutados e florais.<\/em><\/li>\n<li><em><strong>Sabor:<\/strong>\u00a0Um tom aveludado, levemente picante na boca e com um retrogosto bem leve.<\/em><\/li>\n<li><em><strong>Amadurecimento:<\/strong> Barril de inox.<\/em><\/li>\n<li><em><strong>Gradua\u00e7\u00e3o alc\u00f3olica:<\/strong> ABV: 40%.<\/em><\/li>\n<li><em><strong>Volume:<\/strong>\u00a01000mL.<\/em><\/li>\n<\/ul>\n<p>Aprecie com modera\u00e7\u00e3o! N\u00e3o compartilhe com menores de 18 anos.<\/p>\n<h2 style=\"text-align: center;\">SUGEST\u00c3O DE CONSUMO<\/h2>\n<p style=\"text-align: center;\">A bebida \u00e9 perfeita para a elabora\u00e7\u00e3o de drinques.<\/p>\n<h2 style=\"text-align: center;\">SUA HIST\u00d3RIA<\/h2>\n<p style=\"text-align: center;\">A paix\u00e3o pelo que faz e a incans\u00e1vel busca pela qualidade definem a t\u00f4nica idealizadora do Grupo Vale Verde. Em meados dos anos 80, seu fundador, Luiz Ot\u00e1vio P\u00f4ssas Gon\u00e7alves, conhecido empres\u00e1rio criador da cerveja Kaiser buscou na Europa t\u00e9cnicas para aprimorar a fermenta\u00e7\u00e3o e destila\u00e7\u00e3o, assimilando tecnologias usadas na fabrica\u00e7\u00e3o de u\u00edsques finos. Em 1985, nasce ent\u00e3o a Vale Verde.<\/p>\n","protected":false},"featured_media":1759,"comment_status":"closed","ping_status":"closed","template":"","meta":{"_acf_changed":false,"_monsterinsights_skip_tracking":false,"_monsterinsights_sitenote_active":false,"_monsterinsights_sitenote_note":"","_monsterinsights_sitenote_category":0},"product_cat":[56,63],"product_tag":[],"class_list":{"0":"post-1732","1":"product","2":"type-product","3":"status-publish","4":"has-post-thumbnail","6":"product_cat-cachacas","7":"product_cat-central","8":"product_shipping_class-produtos-diversos","10":"first","11":"instock","12":"taxable","13":"shipping-taxable","14":"purchasable","15":"product-type-simple"},"acf":[],"aioseo_notices":[],"yoast_head":"<!-- This site is optimized with the Yoast SEO plugin v25.8 - https:\/\/yoast.com\/wordpress\/plugins\/seo\/ -->\n<title>Cacha\u00e7a Vale Verde Prata 1L - Loja Viajando com Toledo<\/title>\n<meta name=\"robots\" content=\"index, follow, max-snippet:-1, max-image-preview:large, max-video-preview:-1\" \/>\n<link rel=\"canonical\" href=\"https:\/\/viajandocomtoledo.com.br\/loja\/produto\/cachaca-vale-verde-prata-1l\/\" \/>\n<meta property=\"og:locale\" content=\"pt_BR\" \/>\n<meta property=\"og:type\" content=\"article\" \/>\n<meta property=\"og:title\" content=\"Cacha\u00e7a Vale Verde Prata 1L - Loja Viajando com Toledo\" \/>\n<meta property=\"og:description\" content=\"A Vale Verde Prata mant\u00e9m a tradi\u00e7\u00e3o e qualidade das cacha\u00e7as produzidas em Betim desde 1985. A bebida tem um sabor genu\u00edno, teor alco\u00f3lico de 40\u00ba e colora\u00e7\u00e3o natural, por isso \u00e9 chamada de prata, contudo, tamb\u00e9m \u00e9 popularmente conhecida como branquinha. O diferencial da Vale Verde Prata est\u00e1 sua produ\u00e7\u00e3o: a bebida n\u00e3o fica armazenada ou passa pelo processo de envelhecimento, ap\u00f3s a destila\u00e7\u00e3o ela j\u00e1 \u00e9 envasada, ou seja, j\u00e1 est\u00e1 pronta para o consumo.\u00a0 seu sabor suave \u00e9 ideal para harmoniza\u00e7\u00e3o com ingredientes diferentes, sejam eles frutas, ervas ou sucos. A leveza \u00e9 uma das caracter\u00edsticas que agrada tamb\u00e9m o p\u00fablico feminino, que tem se tornado cada vez mais apreciador de boas cacha\u00e7as.  CARACTER\u00cdSTICAS   Regi\u00e3o: Betim \/ Minas Gerais.  Ingredientes: Mosto fermentado do caldo de cana-de-a\u00e7\u00facar.  Aroma:\u00a0Possui uma mescla de aromas adocicados, frutados e florais.  Sabor:\u00a0Um tom aveludado, levemente picante na boca e com um retrogosto bem leve.  Amadurecimento: Barril de inox.  Gradua\u00e7\u00e3o alc\u00f3olica: ABV: 40%.  Volume:\u00a01000mL.  Aprecie com modera\u00e7\u00e3o! N\u00e3o compartilhe com menores de 18 anos. SUGEST\u00c3O DE CONSUMO A bebida \u00e9 perfeita para a elabora\u00e7\u00e3o de drinques.  SUA HIST\u00d3RIA A paix\u00e3o pelo que faz e a incans\u00e1vel busca pela qualidade definem a t\u00f4nica idealizadora do Grupo Vale Verde. Em meados dos anos 80, seu fundador, Luiz Ot\u00e1vio P\u00f4ssas Gon\u00e7alves, conhecido empres\u00e1rio criador da cerveja Kaiser buscou na Europa t\u00e9cnicas para aprimorar a fermenta\u00e7\u00e3o e destila\u00e7\u00e3o, assimilando tecnologias usadas na fabrica\u00e7\u00e3o de u\u00edsques finos. Em 1985, nasce ent\u00e3o a Vale Verde.\" \/>\n<meta property=\"og:url\" content=\"https:\/\/viajandocomtoledo.com.br\/loja\/produto\/cachaca-vale-verde-prata-1l\/\" \/>\n<meta property=\"og:site_name\" content=\"Loja Viajando com Toledo\" \/>\n<meta property=\"article:publisher\" content=\"https:\/\/web.facebook.com\/viajandocomtoledo\" \/>\n<meta property=\"article:modified_time\" content=\"2025-01-16T16:17:03+00:00\" \/>\n<meta property=\"og:image\" content=\"https:\/\/viajandocomtoledo.com.br\/loja\/wp-content\/uploads\/2022\/07\/DSC00076.png\" \/>\n\t<meta property=\"og:image:width\" content=\"545\" \/>\n\t<meta property=\"og:image:height\" content=\"545\" \/>\n\t<meta property=\"og:image:type\" content=\"image\/png\" \/>\n<meta name=\"twitter:card\" content=\"summary_large_image\" \/>\n<script type=\"application\/ld+json\" class=\"yoast-schema-graph\">{\"@context\":\"https:\/\/schema.org\",\"@graph\":[{\"@type\":\"WebPage\",\"@id\":\"https:\/\/viajandocomtoledo.com.br\/loja\/produto\/cachaca-vale-verde-prata-1l\/\",\"url\":\"https:\/\/viajandocomtoledo.com.br\/loja\/produto\/cachaca-vale-verde-prata-1l\/\",\"name\":\"Cacha\u00e7a Vale Verde Prata 1L - Loja Viajando com Toledo\",\"isPartOf\":{\"@id\":\"https:\/\/viajandocomtoledo.com.br\/loja\/#website\"},\"primaryImageOfPage\":{\"@id\":\"https:\/\/viajandocomtoledo.com.br\/loja\/produto\/cachaca-vale-verde-prata-1l\/#primaryimage\"},\"image\":{\"@id\":\"https:\/\/viajandocomtoledo.com.br\/loja\/produto\/cachaca-vale-verde-prata-1l\/#primaryimage\"},\"thumbnailUrl\":\"https:\/\/viajandocomtoledo.com.br\/loja\/wp-content\/uploads\/2022\/07\/DSC00076.png\",\"datePublished\":\"2024-01-16T18:26:10+00:00\",\"dateModified\":\"2025-01-16T16:17:03+00:00\",\"breadcrumb\":{\"@id\":\"https:\/\/viajandocomtoledo.com.br\/loja\/produto\/cachaca-vale-verde-prata-1l\/#breadcrumb\"},\"inLanguage\":\"pt-BR\",\"potentialAction\":[{\"@type\":\"ReadAction\",\"target\":[\"https:\/\/viajandocomtoledo.com.br\/loja\/produto\/cachaca-vale-verde-prata-1l\/\"]}]},{\"@type\":\"ImageObject\",\"inLanguage\":\"pt-BR\",\"@id\":\"https:\/\/viajandocomtoledo.com.br\/loja\/produto\/cachaca-vale-verde-prata-1l\/#primaryimage\",\"url\":\"https:\/\/viajandocomtoledo.com.br\/loja\/wp-content\/uploads\/2022\/07\/DSC00076.png\",\"contentUrl\":\"https:\/\/viajandocomtoledo.com.br\/loja\/wp-content\/uploads\/2022\/07\/DSC00076.png\",\"width\":545,\"height\":545},{\"@type\":\"BreadcrumbList\",\"@id\":\"https:\/\/viajandocomtoledo.com.br\/loja\/produto\/cachaca-vale-verde-prata-1l\/#breadcrumb\",\"itemListElement\":[{\"@type\":\"ListItem\",\"position\":1,\"name\":\"In\u00edcio\",\"item\":\"https:\/\/viajandocomtoledo.com.br\/loja\/\"},{\"@type\":\"ListItem\",\"position\":2,\"name\":\"Produtos\",\"item\":\"https:\/\/viajandocomtoledo.com.br\/loja\/\"},{\"@type\":\"ListItem\",\"position\":3,\"name\":\"Cacha\u00e7a Vale Verde Prata 1L\"}]},{\"@type\":\"WebSite\",\"@id\":\"https:\/\/viajandocomtoledo.com.br\/loja\/#website\",\"url\":\"https:\/\/viajandocomtoledo.com.br\/loja\/\",\"name\":\"Loja Viajando com Toledo\",\"description\":\"Loja do site - Viajando com Toledo\",\"publisher\":{\"@id\":\"https:\/\/viajandocomtoledo.com.br\/loja\/#organization\"},\"potentialAction\":[{\"@type\":\"SearchAction\",\"target\":{\"@type\":\"EntryPoint\",\"urlTemplate\":\"https:\/\/viajandocomtoledo.com.br\/loja\/?s={search_term_string}\"},\"query-input\":{\"@type\":\"PropertyValueSpecification\",\"valueRequired\":true,\"valueName\":\"search_term_string\"}}],\"inLanguage\":\"pt-BR\"},{\"@type\":\"Organization\",\"@id\":\"https:\/\/viajandocomtoledo.com.br\/loja\/#organization\",\"name\":\"Loja Viajando com Toledo\",\"url\":\"https:\/\/viajandocomtoledo.com.br\/loja\/\",\"logo\":{\"@type\":\"ImageObject\",\"inLanguage\":\"pt-BR\",\"@id\":\"https:\/\/viajandocomtoledo.com.br\/loja\/#\/schema\/logo\/image\/\",\"url\":\"https:\/\/viajandocomtoledo.com.br\/loja\/wp-content\/uploads\/2021\/07\/LOGO-VCT-e1626871875731.png\",\"contentUrl\":\"https:\/\/viajandocomtoledo.com.br\/loja\/wp-content\/uploads\/2021\/07\/LOGO-VCT-e1626871875731.png\",\"width\":100,\"height\":46,\"caption\":\"Loja Viajando com Toledo\"},\"image\":{\"@id\":\"https:\/\/viajandocomtoledo.com.br\/loja\/#\/schema\/logo\/image\/\"},\"sameAs\":[\"https:\/\/web.facebook.com\/viajandocomtoledo\",\"https:\/\/www.instagram.com\/viajandocomtoledo\/\"]}]}<\/script>\n<!-- \/ Yoast SEO plugin. -->","yoast_head_json":{"title":"Cacha\u00e7a Vale Verde Prata 1L - Loja Viajando com Toledo","robots":{"index":"index","follow":"follow","max-snippet":"max-snippet:-1","max-image-preview":"max-image-preview:large","max-video-preview":"max-video-preview:-1"},"canonical":"https:\/\/viajandocomtoledo.com.br\/loja\/produto\/cachaca-vale-verde-prata-1l\/","og_locale":"pt_BR","og_type":"article","og_title":"Cacha\u00e7a Vale Verde Prata 1L - Loja Viajando com Toledo","og_description":"A Vale Verde Prata mant\u00e9m a tradi\u00e7\u00e3o e qualidade das cacha\u00e7as produzidas em Betim desde 1985. A bebida tem um sabor genu\u00edno, teor alco\u00f3lico de 40\u00ba e colora\u00e7\u00e3o natural, por isso \u00e9 chamada de prata, contudo, tamb\u00e9m \u00e9 popularmente conhecida como branquinha. O diferencial da Vale Verde Prata est\u00e1 sua produ\u00e7\u00e3o: a bebida n\u00e3o fica armazenada ou passa pelo processo de envelhecimento, ap\u00f3s a destila\u00e7\u00e3o ela j\u00e1 \u00e9 envasada, ou seja, j\u00e1 est\u00e1 pronta para o consumo.\u00a0 seu sabor suave \u00e9 ideal para harmoniza\u00e7\u00e3o com ingredientes diferentes, sejam eles frutas, ervas ou sucos. A leveza \u00e9 uma das caracter\u00edsticas que agrada tamb\u00e9m o p\u00fablico feminino, que tem se tornado cada vez mais apreciador de boas cacha\u00e7as.  CARACTER\u00cdSTICAS   Regi\u00e3o: Betim \/ Minas Gerais.  Ingredientes: Mosto fermentado do caldo de cana-de-a\u00e7\u00facar.  Aroma:\u00a0Possui uma mescla de aromas adocicados, frutados e florais.  Sabor:\u00a0Um tom aveludado, levemente picante na boca e com um retrogosto bem leve.  Amadurecimento: Barril de inox.  Gradua\u00e7\u00e3o alc\u00f3olica: ABV: 40%.  Volume:\u00a01000mL.  Aprecie com modera\u00e7\u00e3o! N\u00e3o compartilhe com menores de 18 anos. SUGEST\u00c3O DE CONSUMO A bebida \u00e9 perfeita para a elabora\u00e7\u00e3o de drinques.  SUA HIST\u00d3RIA A paix\u00e3o pelo que faz e a incans\u00e1vel busca pela qualidade definem a t\u00f4nica idealizadora do Grupo Vale Verde. Em meados dos anos 80, seu fundador, Luiz Ot\u00e1vio P\u00f4ssas Gon\u00e7alves, conhecido empres\u00e1rio criador da cerveja Kaiser buscou na Europa t\u00e9cnicas para aprimorar a fermenta\u00e7\u00e3o e destila\u00e7\u00e3o, assimilando tecnologias usadas na fabrica\u00e7\u00e3o de u\u00edsques finos. Em 1985, nasce ent\u00e3o a Vale Verde.","og_url":"https:\/\/viajandocomtoledo.com.br\/loja\/produto\/cachaca-vale-verde-prata-1l\/","og_site_name":"Loja Viajando com Toledo","article_publisher":"https:\/\/web.facebook.com\/viajandocomtoledo","article_modified_time":"2025-01-16T16:17:03+00:00","og_image":[{"width":545,"height":545,"url":"https:\/\/viajandocomtoledo.com.br\/loja\/wp-content\/uploads\/2022\/07\/DSC00076.png","type":"image\/png"}],"twitter_card":"summary_large_image","schema":{"@context":"https:\/\/schema.org","@graph":[{"@type":"WebPage","@id":"https:\/\/viajandocomtoledo.com.br\/loja\/produto\/cachaca-vale-verde-prata-1l\/","url":"https:\/\/viajandocomtoledo.com.br\/loja\/produto\/cachaca-vale-verde-prata-1l\/","name":"Cacha\u00e7a Vale Verde Prata 1L - Loja Viajando com Toledo","isPartOf":{"@id":"https:\/\/viajandocomtoledo.com.br\/loja\/#website"},"primaryImageOfPage":{"@id":"https:\/\/viajandocomtoledo.com.br\/loja\/produto\/cachaca-vale-verde-prata-1l\/#primaryimage"},"image":{"@id":"https:\/\/viajandocomtoledo.com.br\/loja\/produto\/cachaca-vale-verde-prata-1l\/#primaryimage"},"thumbnailUrl":"https:\/\/viajandocomtoledo.com.br\/loja\/wp-content\/uploads\/2022\/07\/DSC00076.png","datePublished":"2024-01-16T18:26:10+00:00","dateModified":"2025-01-16T16:17:03+00:00","breadcrumb":{"@id":"https:\/\/viajandocomtoledo.com.br\/loja\/produto\/cachaca-vale-verde-prata-1l\/#breadcrumb"},"inLanguage":"pt-BR","potentialAction":[{"@type":"ReadAction","target":["https:\/\/viajandocomtoledo.com.br\/loja\/produto\/cachaca-vale-verde-prata-1l\/"]}]},{"@type":"ImageObject","inLanguage":"pt-BR","@id":"https:\/\/viajandocomtoledo.com.br\/loja\/produto\/cachaca-vale-verde-prata-1l\/#primaryimage","url":"https:\/\/viajandocomtoledo.com.br\/loja\/wp-content\/uploads\/2022\/07\/DSC00076.png","contentUrl":"https:\/\/viajandocomtoledo.com.br\/loja\/wp-content\/uploads\/2022\/07\/DSC00076.png","width":545,"height":545},{"@type":"BreadcrumbList","@id":"https:\/\/viajandocomtoledo.com.br\/loja\/produto\/cachaca-vale-verde-prata-1l\/#breadcrumb","itemListElement":[{"@type":"ListItem","position":1,"name":"In\u00edcio","item":"https:\/\/viajandocomtoledo.com.br\/loja\/"},{"@type":"ListItem","position":2,"name":"Produtos","item":"https:\/\/viajandocomtoledo.com.br\/loja\/"},{"@type":"ListItem","position":3,"name":"Cacha\u00e7a Vale Verde Prata 1L"}]},{"@type":"WebSite","@id":"https:\/\/viajandocomtoledo.com.br\/loja\/#website","url":"https:\/\/viajandocomtoledo.com.br\/loja\/","name":"Loja Viajando com Toledo","description":"Loja do site - Viajando com Toledo","publisher":{"@id":"https:\/\/viajandocomtoledo.com.br\/loja\/#organization"},"potentialAction":[{"@type":"SearchAction","target":{"@type":"EntryPoint","urlTemplate":"https:\/\/viajandocomtoledo.com.br\/loja\/?s={search_term_string}"},"query-input":{"@type":"PropertyValueSpecification","valueRequired":true,"valueName":"search_term_string"}}],"inLanguage":"pt-BR"},{"@type":"Organization","@id":"https:\/\/viajandocomtoledo.com.br\/loja\/#organization","name":"Loja Viajando com Toledo","url":"https:\/\/viajandocomtoledo.com.br\/loja\/","logo":{"@type":"ImageObject","inLanguage":"pt-BR","@id":"https:\/\/viajandocomtoledo.com.br\/loja\/#\/schema\/logo\/image\/","url":"https:\/\/viajandocomtoledo.com.br\/loja\/wp-content\/uploads\/2021\/07\/LOGO-VCT-e1626871875731.png","contentUrl":"https:\/\/viajandocomtoledo.com.br\/loja\/wp-content\/uploads\/2021\/07\/LOGO-VCT-e1626871875731.png","width":100,"height":46,"caption":"Loja Viajando com Toledo"},"image":{"@id":"https:\/\/viajandocomtoledo.com.br\/loja\/#\/schema\/logo\/image\/"},"sameAs":["https:\/\/web.facebook.com\/viajandocomtoledo","https:\/\/www.instagram.com\/viajandocomtoledo\/"]}]}},"_links":{"self":[{"href":"https:\/\/viajandocomtoledo.com.br\/loja\/wp-json\/wp\/v2\/product\/1732","targetHints":{"allow":["GET"]}}],"collection":[{"href":"https:\/\/viajandocomtoledo.com.br\/loja\/wp-json\/wp\/v2\/product"}],"about":[{"href":"https:\/\/viajandocomtoledo.com.br\/loja\/wp-json\/wp\/v2\/types\/product"}],"replies":[{"embeddable":true,"href":"https:\/\/viajandocomtoledo.com.br\/loja\/wp-json\/wp\/v2\/comments?post=1732"}],"wp:featuredmedia":[{"embeddable":true,"href":"https:\/\/viajandocomtoledo.com.br\/loja\/wp-json\/wp\/v2\/media\/1759"}],"wp:attachment":[{"href":"https:\/\/viajandocomtoledo.com.br\/loja\/wp-json\/wp\/v2\/media?parent=1732"}],"wp:term":[{"taxonomy":"product_cat","embeddable":true,"href":"https:\/\/viajandocomtoledo.com.br\/loja\/wp-json\/wp\/v2\/product_cat?post=1732"},{"taxonomy":"product_tag","embeddable":true,"href":"https:\/\/viajandocomtoledo.com.br\/loja\/wp-json\/wp\/v2\/product_tag?post=1732"}],"curies":[{"name":"wp","href":"https:\/\/api.w.org\/{rel}","templated":true}]}}