{"id":1428,"date":"2024-01-16T15:54:18","date_gmt":"2024-01-16T18:54:18","guid":{"rendered":"https:\/\/viajandocomtoledo.com.br\/loja\/?post_type=product&#038;p=1428"},"modified":"2024-08-05T16:11:58","modified_gmt":"2024-08-05T19:11:58","slug":"cachaca-anisio-santiago-600ml","status":"publish","type":"product","link":"https:\/\/viajandocomtoledo.com.br\/loja\/produto\/cachaca-anisio-santiago-600ml\/","title":{"rendered":"Cacha\u00e7a An\u00edsio Santiago 600ml"},"content":{"rendered":"<p style=\"text-align: center;\">A Cacha\u00e7a An\u00edsio Santiago, \u00e9 considerada por muitos a Cacha\u00e7a Artesanal mais tradicional do Brasil e a marca mais famosa tamb\u00e9m. Armazenada por 12 anos em barris de b\u00e1lsamo, e com gradua\u00e7\u00e3o alco\u00f3lica 47%\/vol,\u00a0 foi eleita em 2022 como a melhor Cacha\u00e7a do Brasil. \u00c9 produzida em Salinas\/MG. Em 2006 foi reconhecida como Patrim\u00f4nio Cultural Imaterial de Salinas.<\/p>\n<h2 style=\"text-align: center;\">Caracter\u00edsticas<\/h2>\n<ul>\n<li><em><strong>Regi\u00e3o: <\/strong>Salinas \/ Minas Gerais.<\/em><\/li>\n<li><em><strong>Amadurecimento: <\/strong>12 anos em ton\u00e9is de B\u00e1lsamo.<\/em><\/li>\n<li><em><strong>Gradua\u00e7\u00e3o Alco\u00f3lica:<\/strong> 47%\/vol.<\/em><\/li>\n<li><strong><em>Eleita a melhor Cacha\u00e7a do Brasil em 2022.<\/em><\/strong><\/li>\n<li><em>Provada e aprovada por Ot\u00e1vio di Toledo.<\/em><\/li>\n<\/ul>\n<p>Aprecie com modera\u00e7\u00e3o! N\u00e3o compartilhe com menores de 18 anos.<\/p>\n<h2 style=\"text-align: center;\">Sugest\u00e3o de Consumo<\/h2>\n<p style=\"text-align: center;\"><em>Excelente para beber pura.<\/em><\/p>\n<div style=\"text-align: center;\">\n<h2>A Fazenda<\/h2>\n<div class=\"uagb-infobox__outer-wrap uagb-block-bdadc39d-5842-478c-a2cb-0fa9500623e1\">\n<div class=\"uagb-infobox__content-wrap uagb-infobox uagb-infobox-has-icon uagb-infobox-icon-above-title uagb-infobox-image-valign-top uagb-infobox-enable-border-radius \">\n<div class=\"uagb-ifb-left-right-wrap\">\n<div class=\"uagb-ifb-content\">\n<div class=\"uagb-ifb-text-wrap\">A presen\u00e7a de An\u00edsio Santiago \u00e9 preservada pela fam\u00edlia nos m\u00ednimos detalhes: na manuten\u00e7\u00e3o rigorosa do processo produtivo da cacha\u00e7a Havana, no ritmo e no cantar choroso do carro de bois, na carpintaria onde costumava trabalhar e na garagem, onde est\u00e1 estacionado, em excelente estado de conserva\u00e7\u00e3o, o caminh\u00e3o Chevrolet Loadmaster 1947. Ao adquirir essa cacha\u00e7a voc\u00ea est\u00e1 levando um produto feito com o mesmo carinho, dedica\u00e7\u00e3o, amor e simplicidade com que o pr\u00f3prio An\u00edsio Santiago fazia a sua cacha\u00e7a.<\/div>\n<div>\n<h2>PR\u00caMIO<\/h2>\n<p><strong>An\u00edsio Santiago\/Havana eleita melhor Cacha\u00e7a do Brasil em 2022 pelo 5\u00ba<\/strong><strong> Ranking C\u00fapula da Cacha\u00e7a.<\/strong><\/p>\n<\/div>\n<div>\n<h2>A m\u00edtica Cacha\u00e7a brasileira<\/h2>\n<div class=\"uagb-infobox__outer-wrap uagb-block-bdadc39d-5842-478c-a2cb-0fa9500623e1\">\n<div class=\"uagb-infobox__content-wrap uagb-infobox uagb-infobox-has-icon uagb-infobox-icon-above-title uagb-infobox-image-valign-top uagb-infobox-enable-border-radius \">\n<div class=\"uagb-ifb-left-right-wrap\">\n<div class=\"uagb-ifb-content\">\n<div class=\"uagb-ifb-text-wrap\">\n<p>Uma das ideias de Seu An\u00edsio, para manter um \u00f3timo padr\u00e3o de qualidade, era ter uma produ\u00e7\u00e3o de garrafas limitadas. Isso seria essencial, pois a bebida produzida chamaria mais aten\u00e7\u00e3o. Mas tinha um problema, com o n\u00famero de garrafas limitadas, o produtor da Cacha\u00e7a Havana, poderia diminuir seu faturamento, o que representaria uma perda de dinheiro. Isso n\u00e3o foi o que aconteceu, sua ideia teve efeito ao contr\u00e1rio do que todos esperavam e, com uma demanda muito grande e uma pequena oferta, o pre\u00e7o de sua Cacha\u00e7a disparou e ela ent\u00e3o passou a ser o maior desejo dos degustadores de Cacha\u00e7a do Brasil. Cresceu tanto a fama que a bebida passou a ser usada s\u00f3 em ocasi\u00f5es muito especiais, j\u00e1 que estariam consumindo uma joia rara. N\u00e3o parou por a\u00ed, em 2006 foi reconhecida como Patrim\u00f4nio Cultural Imaterial de Salinas. E \u00e9 assim at\u00e9 hoje, uma Cacha\u00e7a super exclusiva, com baixa produ\u00e7\u00e3o e que poucos t\u00eam a sorte de apreci\u00e1-la. Podemos dizer ent\u00e3o que Seu An\u00edsio Santiago, al\u00e9m de produzir uma das melhores Cacha\u00e7as do mundo, foi tamb\u00e9m um dos maiores publicit\u00e1rios da bebida de todos os tempos, pois ele fez todo marketing em cima da escassez do produto no mercado. T\u00ea-la era uma verdadeira aventura, tanto para compr\u00e1-la, como na experi\u00eancia de degust\u00e1-la.<\/p>\n<\/div>\n<\/div>\n<\/div>\n<\/div>\n<\/div>\n<\/div>\n<\/div>\n<\/div>\n<\/div>\n<\/div>\n<\/div>\n","protected":false},"excerpt":{"rendered":"<p style=\"text-align: center;\">A Cacha\u00e7a An\u00edsio Santiago, \u00e9 considerada por muitos a Cacha\u00e7a Artesanal mais tradicional do Brasil e a marca mais famosa tamb\u00e9m. Armazenada por 12 anos em barris de b\u00e1lsamo, e com gradua\u00e7\u00e3o alco\u00f3lica 47%\/vol,\u00a0 foi eleita em 2022 como a melhor Cacha\u00e7a do Brasil. \u00c9 produzida em Salinas\/MG. Em 2006 foi reconhecida como Patrim\u00f4nio Cultural Imaterial de Salinas.<\/p>\n<h2 style=\"text-align: center;\">Caracter\u00edsticas<\/h2>\n<ul>\n<li><em><strong>Regi\u00e3o: <\/strong>Salinas \/ Minas Gerais.<\/em><\/li>\n<li><em><strong>Amadurecimento: <\/strong>12 anos em ton\u00e9is de B\u00e1lsamo.<\/em><\/li>\n<li><em><strong>Gradua\u00e7\u00e3o Alco\u00f3lica:<\/strong> 47%\/vol.<\/em><\/li>\n<li><strong><em>Eleita a melhor Cacha\u00e7a do Brasil em 2022.<\/em><\/strong><\/li>\n<li><em>Provada e aprovada por Ot\u00e1vio di Toledo.<\/em><\/li>\n<\/ul>\n<p>Aprecie com modera\u00e7\u00e3o! N\u00e3o compartilhe com menores de 18 anos.<\/p>\n<h2 style=\"text-align: center;\">Sugest\u00e3o de Consumo<\/h2>\n<p style=\"text-align: center;\"><em>Excelente para beber pura.<\/em><\/p>\n<div style=\"text-align: center;\">\n<h2>A Fazenda<\/h2>\n<div class=\"uagb-infobox__outer-wrap uagb-block-bdadc39d-5842-478c-a2cb-0fa9500623e1\">\n<div class=\"uagb-infobox__content-wrap uagb-infobox uagb-infobox-has-icon uagb-infobox-icon-above-title uagb-infobox-image-valign-top uagb-infobox-enable-border-radius \">\n<div class=\"uagb-ifb-left-right-wrap\">\n<div class=\"uagb-ifb-content\">\n<div class=\"uagb-ifb-text-wrap\">A presen\u00e7a de An\u00edsio Santiago \u00e9 preservada pela fam\u00edlia nos m\u00ednimos detalhes: na manuten\u00e7\u00e3o rigorosa do processo produtivo da cacha\u00e7a Havana, no ritmo e no cantar choroso do carro de bois, na carpintaria onde costumava trabalhar e na garagem, onde est\u00e1 estacionado, em excelente estado de conserva\u00e7\u00e3o, o caminh\u00e3o Chevrolet Loadmaster 1947. Ao adquirir essa cacha\u00e7a voc\u00ea est\u00e1 levando um produto feito com o mesmo carinho, dedica\u00e7\u00e3o, amor e simplicidade com que o pr\u00f3prio An\u00edsio Santiago fazia a sua cacha\u00e7a.<\/div>\n<div>\n<h2>PR\u00caMIO<\/h2>\n<p><strong>An\u00edsio Santiago\/Havana eleita melhor Cacha\u00e7a do Brasil em 2022 pelo 5\u00ba<\/strong><strong> Ranking C\u00fapula da Cacha\u00e7a.<\/strong><\/p>\n<\/div>\n<div>\n<h2>A m\u00edtica Cacha\u00e7a brasileira<\/h2>\n<div class=\"uagb-infobox__outer-wrap uagb-block-bdadc39d-5842-478c-a2cb-0fa9500623e1\">\n<div class=\"uagb-infobox__content-wrap uagb-infobox uagb-infobox-has-icon uagb-infobox-icon-above-title uagb-infobox-image-valign-top uagb-infobox-enable-border-radius \">\n<div class=\"uagb-ifb-left-right-wrap\">\n<div class=\"uagb-ifb-content\">\n<div class=\"uagb-ifb-text-wrap\">\n<p>Uma das ideias de Seu An\u00edsio, para manter um \u00f3timo padr\u00e3o de qualidade, era ter uma produ\u00e7\u00e3o de garrafas limitadas. Isso seria essencial, pois a bebida produzida chamaria mais aten\u00e7\u00e3o. Mas tinha um problema, com o n\u00famero de garrafas limitadas, o produtor da Cacha\u00e7a Havana, poderia diminuir seu faturamento, o que representaria uma perda de dinheiro. Isso n\u00e3o foi o que aconteceu, sua ideia teve efeito ao contr\u00e1rio do que todos esperavam e, com uma demanda muito grande e uma pequena oferta, o pre\u00e7o de sua Cacha\u00e7a disparou e ela ent\u00e3o passou a ser o maior desejo dos degustadores de Cacha\u00e7a do Brasil. Cresceu tanto a fama que a bebida passou a ser usada s\u00f3 em ocasi\u00f5es muito especiais, j\u00e1 que estariam consumindo uma joia rara. N\u00e3o parou por a\u00ed, em 2006 foi reconhecida como Patrim\u00f4nio Cultural Imaterial de Salinas. E \u00e9 assim at\u00e9 hoje, uma Cacha\u00e7a super exclusiva, com baixa produ\u00e7\u00e3o e que poucos t\u00eam a sorte de apreci\u00e1-la. Podemos dizer ent\u00e3o que Seu An\u00edsio Santiago, al\u00e9m de produzir uma das melhores Cacha\u00e7as do mundo, foi tamb\u00e9m um dos maiores publicit\u00e1rios da bebida de todos os tempos, pois ele fez todo marketing em cima da escassez do produto no mercado. T\u00ea-la era uma verdadeira aventura, tanto para compr\u00e1-la, como na experi\u00eancia de degust\u00e1-la.<\/p>\n<p>&nbsp;<\/p>\n<h2><img loading=\"lazy\" decoding=\"async\" class=\"wp-image-1455 aligncenter\" src=\"https:\/\/viajandocomtoledo.com.br\/loja\/wp-content\/uploads\/2022\/04\/cropped-cachaca_havana_4_final-199x138-1.png\" alt=\"\" width=\"162\" height=\"112\" \/><\/h2>\n<\/div>\n<\/div>\n<\/div>\n<\/div>\n<\/div>\n<\/div>\n<\/div>\n<\/div>\n<\/div>\n<\/div>\n<\/div>\n","protected":false},"featured_media":1426,"comment_status":"closed","ping_status":"closed","template":"","meta":{"_acf_changed":false,"_monsterinsights_skip_tracking":false,"_monsterinsights_sitenote_active":false,"_monsterinsights_sitenote_note":"","_monsterinsights_sitenote_category":0},"product_cat":[56,58],"product_tag":[],"class_list":{"0":"post-1428","1":"product","2":"type-product","3":"status-publish","4":"has-post-thumbnail","6":"product_cat-cachacas","7":"product_cat-norte-de-minas","8":"product_shipping_class-produtos-diversos","10":"first","11":"instock","12":"taxable","13":"shipping-taxable","14":"purchasable","15":"product-type-simple"},"acf":[],"aioseo_notices":[],"yoast_head":"<!-- This site is optimized with the Yoast SEO plugin v25.8 - https:\/\/yoast.com\/wordpress\/plugins\/seo\/ -->\n<title>Cacha\u00e7a An\u00edsio Santiago 600ml - Loja Viajando com Toledo<\/title>\n<meta name=\"description\" content=\"Cacha\u00e7a An\u00edsio Santiago - Eleita melhor cacha\u00e7a do Brasil em 2022 - Envio imediato - Em at\u00e9 3x sem juros\" \/>\n<meta name=\"robots\" content=\"index, follow, max-snippet:-1, max-image-preview:large, max-video-preview:-1\" \/>\n<link rel=\"canonical\" href=\"https:\/\/viajandocomtoledo.com.br\/loja\/produto\/cachaca-anisio-santiago-600ml\/\" \/>\n<meta property=\"og:locale\" content=\"pt_BR\" \/>\n<meta property=\"og:type\" content=\"article\" \/>\n<meta property=\"og:title\" content=\"Cacha\u00e7a An\u00edsio Santiago 600ml - Loja Viajando com Toledo\" \/>\n<meta property=\"og:description\" content=\"Cacha\u00e7a An\u00edsio Santiago - Eleita melhor cacha\u00e7a do Brasil em 2022 - Envio imediato - Em at\u00e9 3x sem juros\" \/>\n<meta property=\"og:url\" content=\"https:\/\/viajandocomtoledo.com.br\/loja\/produto\/cachaca-anisio-santiago-600ml\/\" \/>\n<meta property=\"og:site_name\" content=\"Loja Viajando com Toledo\" \/>\n<meta property=\"article:publisher\" content=\"https:\/\/web.facebook.com\/viajandocomtoledo\" \/>\n<meta property=\"article:modified_time\" content=\"2024-08-05T19:11:58+00:00\" \/>\n<meta property=\"og:image\" content=\"https:\/\/viajandocomtoledo.com.br\/loja\/wp-content\/uploads\/2022\/04\/DSC6076-scaled.jpg\" \/>\n\t<meta property=\"og:image:width\" content=\"2560\" \/>\n\t<meta property=\"og:image:height\" content=\"2560\" \/>\n\t<meta property=\"og:image:type\" content=\"image\/jpeg\" \/>\n<meta name=\"twitter:card\" content=\"summary_large_image\" \/>\n<meta name=\"twitter:label1\" content=\"Est. tempo de leitura\" \/>\n\t<meta name=\"twitter:data1\" content=\"3 minutos\" \/>\n<script type=\"application\/ld+json\" class=\"yoast-schema-graph\">{\"@context\":\"https:\/\/schema.org\",\"@graph\":[{\"@type\":\"WebPage\",\"@id\":\"https:\/\/viajandocomtoledo.com.br\/loja\/produto\/cachaca-anisio-santiago-600ml\/\",\"url\":\"https:\/\/viajandocomtoledo.com.br\/loja\/produto\/cachaca-anisio-santiago-600ml\/\",\"name\":\"Cacha\u00e7a An\u00edsio Santiago 600ml - Loja Viajando com Toledo\",\"isPartOf\":{\"@id\":\"https:\/\/viajandocomtoledo.com.br\/loja\/#website\"},\"primaryImageOfPage\":{\"@id\":\"https:\/\/viajandocomtoledo.com.br\/loja\/produto\/cachaca-anisio-santiago-600ml\/#primaryimage\"},\"image\":{\"@id\":\"https:\/\/viajandocomtoledo.com.br\/loja\/produto\/cachaca-anisio-santiago-600ml\/#primaryimage\"},\"thumbnailUrl\":\"https:\/\/viajandocomtoledo.com.br\/loja\/wp-content\/uploads\/2022\/04\/DSC6076-scaled.jpg\",\"datePublished\":\"2024-01-16T18:54:18+00:00\",\"dateModified\":\"2024-08-05T19:11:58+00:00\",\"description\":\"Cacha\u00e7a An\u00edsio Santiago - Eleita melhor cacha\u00e7a do Brasil em 2022 - Envio imediato - Em at\u00e9 3x sem juros\",\"breadcrumb\":{\"@id\":\"https:\/\/viajandocomtoledo.com.br\/loja\/produto\/cachaca-anisio-santiago-600ml\/#breadcrumb\"},\"inLanguage\":\"pt-BR\",\"potentialAction\":[{\"@type\":\"ReadAction\",\"target\":[\"https:\/\/viajandocomtoledo.com.br\/loja\/produto\/cachaca-anisio-santiago-600ml\/\"]}]},{\"@type\":\"ImageObject\",\"inLanguage\":\"pt-BR\",\"@id\":\"https:\/\/viajandocomtoledo.com.br\/loja\/produto\/cachaca-anisio-santiago-600ml\/#primaryimage\",\"url\":\"https:\/\/viajandocomtoledo.com.br\/loja\/wp-content\/uploads\/2022\/04\/DSC6076-scaled.jpg\",\"contentUrl\":\"https:\/\/viajandocomtoledo.com.br\/loja\/wp-content\/uploads\/2022\/04\/DSC6076-scaled.jpg\",\"width\":2560,\"height\":2560},{\"@type\":\"BreadcrumbList\",\"@id\":\"https:\/\/viajandocomtoledo.com.br\/loja\/produto\/cachaca-anisio-santiago-600ml\/#breadcrumb\",\"itemListElement\":[{\"@type\":\"ListItem\",\"position\":1,\"name\":\"In\u00edcio\",\"item\":\"https:\/\/viajandocomtoledo.com.br\/loja\/\"},{\"@type\":\"ListItem\",\"position\":2,\"name\":\"Produtos\",\"item\":\"https:\/\/viajandocomtoledo.com.br\/loja\/\"},{\"@type\":\"ListItem\",\"position\":3,\"name\":\"Cacha\u00e7a An\u00edsio Santiago 600ml\"}]},{\"@type\":\"WebSite\",\"@id\":\"https:\/\/viajandocomtoledo.com.br\/loja\/#website\",\"url\":\"https:\/\/viajandocomtoledo.com.br\/loja\/\",\"name\":\"Loja Viajando com Toledo\",\"description\":\"Loja do site - Viajando com Toledo\",\"publisher\":{\"@id\":\"https:\/\/viajandocomtoledo.com.br\/loja\/#organization\"},\"potentialAction\":[{\"@type\":\"SearchAction\",\"target\":{\"@type\":\"EntryPoint\",\"urlTemplate\":\"https:\/\/viajandocomtoledo.com.br\/loja\/?s={search_term_string}\"},\"query-input\":{\"@type\":\"PropertyValueSpecification\",\"valueRequired\":true,\"valueName\":\"search_term_string\"}}],\"inLanguage\":\"pt-BR\"},{\"@type\":\"Organization\",\"@id\":\"https:\/\/viajandocomtoledo.com.br\/loja\/#organization\",\"name\":\"Loja Viajando com Toledo\",\"url\":\"https:\/\/viajandocomtoledo.com.br\/loja\/\",\"logo\":{\"@type\":\"ImageObject\",\"inLanguage\":\"pt-BR\",\"@id\":\"https:\/\/viajandocomtoledo.com.br\/loja\/#\/schema\/logo\/image\/\",\"url\":\"https:\/\/viajandocomtoledo.com.br\/loja\/wp-content\/uploads\/2021\/07\/LOGO-VCT-e1626871875731.png\",\"contentUrl\":\"https:\/\/viajandocomtoledo.com.br\/loja\/wp-content\/uploads\/2021\/07\/LOGO-VCT-e1626871875731.png\",\"width\":100,\"height\":46,\"caption\":\"Loja Viajando com Toledo\"},\"image\":{\"@id\":\"https:\/\/viajandocomtoledo.com.br\/loja\/#\/schema\/logo\/image\/\"},\"sameAs\":[\"https:\/\/web.facebook.com\/viajandocomtoledo\",\"https:\/\/www.instagram.com\/viajandocomtoledo\/\"]}]}<\/script>\n<!-- \/ Yoast SEO plugin. -->","yoast_head_json":{"title":"Cacha\u00e7a An\u00edsio Santiago 600ml - Loja Viajando com Toledo","description":"Cacha\u00e7a An\u00edsio Santiago - Eleita melhor cacha\u00e7a do Brasil em 2022 - Envio imediato - Em at\u00e9 3x sem juros","robots":{"index":"index","follow":"follow","max-snippet":"max-snippet:-1","max-image-preview":"max-image-preview:large","max-video-preview":"max-video-preview:-1"},"canonical":"https:\/\/viajandocomtoledo.com.br\/loja\/produto\/cachaca-anisio-santiago-600ml\/","og_locale":"pt_BR","og_type":"article","og_title":"Cacha\u00e7a An\u00edsio Santiago 600ml - Loja Viajando com Toledo","og_description":"Cacha\u00e7a An\u00edsio Santiago - Eleita melhor cacha\u00e7a do Brasil em 2022 - Envio imediato - Em at\u00e9 3x sem juros","og_url":"https:\/\/viajandocomtoledo.com.br\/loja\/produto\/cachaca-anisio-santiago-600ml\/","og_site_name":"Loja Viajando com Toledo","article_publisher":"https:\/\/web.facebook.com\/viajandocomtoledo","article_modified_time":"2024-08-05T19:11:58+00:00","og_image":[{"width":2560,"height":2560,"url":"https:\/\/viajandocomtoledo.com.br\/loja\/wp-content\/uploads\/2022\/04\/DSC6076-scaled.jpg","type":"image\/jpeg"}],"twitter_card":"summary_large_image","twitter_misc":{"Est. tempo de leitura":"3 minutos"},"schema":{"@context":"https:\/\/schema.org","@graph":[{"@type":"WebPage","@id":"https:\/\/viajandocomtoledo.com.br\/loja\/produto\/cachaca-anisio-santiago-600ml\/","url":"https:\/\/viajandocomtoledo.com.br\/loja\/produto\/cachaca-anisio-santiago-600ml\/","name":"Cacha\u00e7a An\u00edsio Santiago 600ml - Loja Viajando com Toledo","isPartOf":{"@id":"https:\/\/viajandocomtoledo.com.br\/loja\/#website"},"primaryImageOfPage":{"@id":"https:\/\/viajandocomtoledo.com.br\/loja\/produto\/cachaca-anisio-santiago-600ml\/#primaryimage"},"image":{"@id":"https:\/\/viajandocomtoledo.com.br\/loja\/produto\/cachaca-anisio-santiago-600ml\/#primaryimage"},"thumbnailUrl":"https:\/\/viajandocomtoledo.com.br\/loja\/wp-content\/uploads\/2022\/04\/DSC6076-scaled.jpg","datePublished":"2024-01-16T18:54:18+00:00","dateModified":"2024-08-05T19:11:58+00:00","description":"Cacha\u00e7a An\u00edsio Santiago - Eleita melhor cacha\u00e7a do Brasil em 2022 - Envio imediato - Em at\u00e9 3x sem juros","breadcrumb":{"@id":"https:\/\/viajandocomtoledo.com.br\/loja\/produto\/cachaca-anisio-santiago-600ml\/#breadcrumb"},"inLanguage":"pt-BR","potentialAction":[{"@type":"ReadAction","target":["https:\/\/viajandocomtoledo.com.br\/loja\/produto\/cachaca-anisio-santiago-600ml\/"]}]},{"@type":"ImageObject","inLanguage":"pt-BR","@id":"https:\/\/viajandocomtoledo.com.br\/loja\/produto\/cachaca-anisio-santiago-600ml\/#primaryimage","url":"https:\/\/viajandocomtoledo.com.br\/loja\/wp-content\/uploads\/2022\/04\/DSC6076-scaled.jpg","contentUrl":"https:\/\/viajandocomtoledo.com.br\/loja\/wp-content\/uploads\/2022\/04\/DSC6076-scaled.jpg","width":2560,"height":2560},{"@type":"BreadcrumbList","@id":"https:\/\/viajandocomtoledo.com.br\/loja\/produto\/cachaca-anisio-santiago-600ml\/#breadcrumb","itemListElement":[{"@type":"ListItem","position":1,"name":"In\u00edcio","item":"https:\/\/viajandocomtoledo.com.br\/loja\/"},{"@type":"ListItem","position":2,"name":"Produtos","item":"https:\/\/viajandocomtoledo.com.br\/loja\/"},{"@type":"ListItem","position":3,"name":"Cacha\u00e7a An\u00edsio Santiago 600ml"}]},{"@type":"WebSite","@id":"https:\/\/viajandocomtoledo.com.br\/loja\/#website","url":"https:\/\/viajandocomtoledo.com.br\/loja\/","name":"Loja Viajando com Toledo","description":"Loja do site - Viajando com Toledo","publisher":{"@id":"https:\/\/viajandocomtoledo.com.br\/loja\/#organization"},"potentialAction":[{"@type":"SearchAction","target":{"@type":"EntryPoint","urlTemplate":"https:\/\/viajandocomtoledo.com.br\/loja\/?s={search_term_string}"},"query-input":{"@type":"PropertyValueSpecification","valueRequired":true,"valueName":"search_term_string"}}],"inLanguage":"pt-BR"},{"@type":"Organization","@id":"https:\/\/viajandocomtoledo.com.br\/loja\/#organization","name":"Loja Viajando com Toledo","url":"https:\/\/viajandocomtoledo.com.br\/loja\/","logo":{"@type":"ImageObject","inLanguage":"pt-BR","@id":"https:\/\/viajandocomtoledo.com.br\/loja\/#\/schema\/logo\/image\/","url":"https:\/\/viajandocomtoledo.com.br\/loja\/wp-content\/uploads\/2021\/07\/LOGO-VCT-e1626871875731.png","contentUrl":"https:\/\/viajandocomtoledo.com.br\/loja\/wp-content\/uploads\/2021\/07\/LOGO-VCT-e1626871875731.png","width":100,"height":46,"caption":"Loja Viajando com Toledo"},"image":{"@id":"https:\/\/viajandocomtoledo.com.br\/loja\/#\/schema\/logo\/image\/"},"sameAs":["https:\/\/web.facebook.com\/viajandocomtoledo","https:\/\/www.instagram.com\/viajandocomtoledo\/"]}]}},"_links":{"self":[{"href":"https:\/\/viajandocomtoledo.com.br\/loja\/wp-json\/wp\/v2\/product\/1428","targetHints":{"allow":["GET"]}}],"collection":[{"href":"https:\/\/viajandocomtoledo.com.br\/loja\/wp-json\/wp\/v2\/product"}],"about":[{"href":"https:\/\/viajandocomtoledo.com.br\/loja\/wp-json\/wp\/v2\/types\/product"}],"replies":[{"embeddable":true,"href":"https:\/\/viajandocomtoledo.com.br\/loja\/wp-json\/wp\/v2\/comments?post=1428"}],"wp:featuredmedia":[{"embeddable":true,"href":"https:\/\/viajandocomtoledo.com.br\/loja\/wp-json\/wp\/v2\/media\/1426"}],"wp:attachment":[{"href":"https:\/\/viajandocomtoledo.com.br\/loja\/wp-json\/wp\/v2\/media?parent=1428"}],"wp:term":[{"taxonomy":"product_cat","embeddable":true,"href":"https:\/\/viajandocomtoledo.com.br\/loja\/wp-json\/wp\/v2\/product_cat?post=1428"},{"taxonomy":"product_tag","embeddable":true,"href":"https:\/\/viajandocomtoledo.com.br\/loja\/wp-json\/wp\/v2\/product_tag?post=1428"}],"curies":[{"name":"wp","href":"https:\/\/api.w.org\/{rel}","templated":true}]}}