{"id":1312,"date":"2022-11-15T18:34:08","date_gmt":"2022-11-15T21:34:08","guid":{"rendered":"https:\/\/viajandocomtoledo.com.br\/loja\/?post_type=product&#038;p=1312"},"modified":"2025-12-22T00:48:44","modified_gmt":"2025-12-22T03:48:44","slug":"whisky-amburana-single-malt-750ml","status":"publish","type":"product","link":"https:\/\/viajandocomtoledo.com.br\/loja\/produto\/whisky-amburana-single-malt-750ml\/","title":{"rendered":"Whisky Amburana (Single Malt) 720ml"},"content":{"rendered":"","protected":false},"excerpt":{"rendered":"<p style=\"text-align: center;\">Whisky Amburana, o Whisky 100% mineiro. Surpreendente Single Malt, finalizado em barris de Amburana. Esse Whisky tem em sua concep\u00e7\u00e3o parte da originalidade de conciliar duas madeiras (Carvalho americano e Amburana brasileira) singulares no processo de matura\u00e7\u00e3o de bebidas destiladas, tornando-o exclusivo e original. Inicialmente o whisky \u00e9 envelhecido em barris de carvalho americano ex-Whiskey Bourbon, conferindo \u00e0 bebida os seus sabores mais doces, como de avel\u00e3, baunilha e mel, aliados ao delicado toque de canela e gengibre. Por fim, \u00e9 finalizado em barris de Amburana, madeira t\u00edpica do Brasil, trazendo um aroma amadeirado e flora \u00fanicos que se harmonizam e equilibram o sabor adocicado, conferindo maior complexidade \u00e0 bebida.<\/p>\n<h2 style=\"text-align: center;\">\u00a0Caracter\u00edsticas<\/h2>\n<ul>\n<li><strong><em>Regi\u00e3o:<\/em><\/strong><em>\u00a0Matozinhos \/ Minas Gerais.<\/em><\/li>\n<li><strong><em>Ingredientes:<\/em><\/strong><em>\u00a0\u00c1gua pot\u00e1vel desmineralizada, malte whisky envelhecido e destilado alco\u00f3lico de cereais (n\u00e3o cont\u00e9m gl\u00faten).<\/em><\/li>\n<li><strong><em>Aroma:<\/em><\/strong><em> Canela, baunilha, coco, frutas secas, amadeirado.<br \/>\n<\/em><\/li>\n<li><strong><em>Sabor:<\/em><\/strong><em> Especiarias doces, mel, caramelo, coco, final aveludado<\/em><\/li>\n<li><strong><em>Malte:\u00a0<\/em><\/strong><em>Cevada.<\/em><\/li>\n<li><strong><em>Amadurecimento:<\/em><\/strong><em>\u00a0Barril de carvalho americano.<\/em><\/li>\n<li><strong><em>Finaliza\u00e7\u00e3o:<\/em><\/strong><em> Barril de Amburana brasileira.<\/em><\/li>\n<li><strong><em>Gradua\u00e7\u00e3o alc\u00f3olica:<\/em><\/strong><em>\u00a0ABV: 43%.<\/em><\/li>\n<li><strong><em>Volume:<\/em><\/strong><em> 720mL.<\/em><\/li>\n<\/ul>\n<h2 style=\"text-align: center;\">Pr\u00eamios<\/h2>\n<p style=\"text-align: center;\">\u00a0 \u00a0 <img loading=\"lazy\" decoding=\"async\" class=\"alignnone wp-image-1316\" src=\"https:\/\/viajandocomtoledo.com.br\/loja\/wp-content\/uploads\/2022\/03\/The-World-WHISKY-MASTERS-Silver-2021-2-406x456.png\" alt=\"\" width=\"94\" height=\"105\" srcset=\"https:\/\/viajandocomtoledo.com.br\/loja\/wp-content\/uploads\/2022\/03\/The-World-WHISKY-MASTERS-Silver-2021-2-406x456.png 406w, https:\/\/viajandocomtoledo.com.br\/loja\/wp-content\/uploads\/2022\/03\/The-World-WHISKY-MASTERS-Silver-2021-2-911x1024.png 911w, https:\/\/viajandocomtoledo.com.br\/loja\/wp-content\/uploads\/2022\/03\/The-World-WHISKY-MASTERS-Silver-2021-2-768x863.png 768w, https:\/\/viajandocomtoledo.com.br\/loja\/wp-content\/uploads\/2022\/03\/The-World-WHISKY-MASTERS-Silver-2021-2-500x562.png 500w, https:\/\/viajandocomtoledo.com.br\/loja\/wp-content\/uploads\/2022\/03\/The-World-WHISKY-MASTERS-Silver-2021-2.png 933w\" sizes=\"auto, (max-width: 94px) 100vw, 94px\" \/><\/p>\n<h2 style=\"text-align: center;\">Sugest\u00e3o de consumo<\/h2>\n<p style=\"text-align: center;\">Pode ser apreciado puro, com gelo ou conforme sua prefer\u00eancia.<\/p>\n<h2 style=\"text-align: center;\">Sua hist\u00f3ria<\/h2>\n<p style=\"text-align: center;\">Toda boa rela\u00e7\u00e3o precisa de tempo para ser constru\u00edda. E foi para ter mais tempo juntos que os irm\u00e3os Lamas levaram ao extremo a paix\u00e3o por um destilado: o whisky. Estes encontros, verdadeiras sess\u00f5es de estudo em busca de sabores \u00fanicos, t\u00e9cnicas mais aprimoradas e novas receitas, unem a tradi\u00e7\u00e3o aos sabores que criaram em fam\u00edlia.\u00a0A Lamas \u00e9 uma destilaria mineira que se destaca no mercado internacional com notas \u00fanicas e profundas.\u00a0Nutrindo uma paix\u00e3o pelo processo, pela fazedura, pela elabora\u00e7\u00e3o de um sabor capaz de proporcionar experi\u00eancias singulares de prazer e qualidade.<\/p>\n","protected":false},"featured_media":3570,"comment_status":"closed","ping_status":"closed","template":"","meta":{"_acf_changed":false,"_monsterinsights_skip_tracking":false,"_monsterinsights_sitenote_active":false,"_monsterinsights_sitenote_note":"","_monsterinsights_sitenote_category":0},"product_cat":[63,55],"product_tag":[],"class_list":{"0":"post-1312","1":"product","2":"type-product","3":"status-publish","4":"has-post-thumbnail","6":"product_cat-central","7":"product_cat-whiskies","8":"product_shipping_class-produtos-diversos","10":"first","11":"instock","12":"taxable","13":"shipping-taxable","14":"purchasable","15":"product-type-simple"},"acf":[],"aioseo_notices":[],"yoast_head":"<!-- This site is optimized with the Yoast SEO plugin v25.8 - https:\/\/yoast.com\/wordpress\/plugins\/seo\/ -->\n<title>Whisky Amburana (Single Malt) 720ml - Loja Viajando com Toledo<\/title>\n<meta name=\"robots\" content=\"index, follow, max-snippet:-1, max-image-preview:large, max-video-preview:-1\" \/>\n<link rel=\"canonical\" href=\"https:\/\/viajandocomtoledo.com.br\/loja\/produto\/whisky-amburana-single-malt-750ml\/\" \/>\n<meta property=\"og:locale\" content=\"pt_BR\" \/>\n<meta property=\"og:type\" content=\"article\" \/>\n<meta property=\"og:title\" content=\"Whisky Amburana (Single Malt) 720ml - Loja Viajando com Toledo\" \/>\n<meta property=\"og:description\" content=\"Whisky Amburana, o Whisky 100% mineiro. Surpreendente Single Malt, finalizado em barris de Amburana. Esse Whisky tem em sua concep\u00e7\u00e3o parte da originalidade de conciliar duas madeiras (Carvalho americano e Amburana brasileira) singulares no processo de matura\u00e7\u00e3o de bebidas destiladas, tornando-o exclusivo e original. Inicialmente o whisky \u00e9 envelhecido em barris de carvalho americano ex-Whiskey Bourbon, conferindo \u00e0 bebida os seus sabores mais doces, como de avel\u00e3, baunilha e mel, aliados ao delicado toque de canela e gengibre. Por fim, \u00e9 finalizado em barris de Amburana, madeira t\u00edpica do Brasil, trazendo um aroma amadeirado e flora \u00fanicos que se harmonizam e equilibram o sabor adocicado, conferindo maior complexidade \u00e0 bebida.  \u00a0Caracter\u00edsticas   Regi\u00e3o:\u00a0Matozinhos \/ Minas Gerais.  Ingredientes:\u00a0\u00c1gua pot\u00e1vel desmineralizada, malte whisky envelhecido e destilado alco\u00f3lico de cereais (n\u00e3o cont\u00e9m gl\u00faten).  Aroma: Canela, baunilha, coco, frutas secas, amadeirado.   Sabor: Especiarias doces, mel, caramelo, coco, final aveludado  Malte:\u00a0Cevada.  Amadurecimento:\u00a0Barril de carvalho americano.  Finaliza\u00e7\u00e3o: Barril de Amburana brasileira.  Gradua\u00e7\u00e3o alc\u00f3olica:\u00a0ABV: 43%.  Volume: 720mL.  Pr\u00eamios \u00a0 \u00a0   Sugest\u00e3o de consumo Pode ser apreciado puro, com gelo ou conforme sua prefer\u00eancia.  Sua hist\u00f3ria Toda boa rela\u00e7\u00e3o precisa de tempo para ser constru\u00edda. E foi para ter mais tempo juntos que os irm\u00e3os Lamas levaram ao extremo a paix\u00e3o por um destilado: o whisky. Estes encontros, verdadeiras sess\u00f5es de estudo em busca de sabores \u00fanicos, t\u00e9cnicas mais aprimoradas e novas receitas, unem a tradi\u00e7\u00e3o aos sabores que criaram em fam\u00edlia.\u00a0A Lamas \u00e9 uma destilaria mineira que se destaca no mercado internacional com notas \u00fanicas e profundas.\u00a0Nutrindo uma paix\u00e3o pelo processo, pela fazedura, pela elabora\u00e7\u00e3o de um sabor capaz de proporcionar experi\u00eancias singulares de prazer e qualidade.\" \/>\n<meta property=\"og:url\" content=\"https:\/\/viajandocomtoledo.com.br\/loja\/produto\/whisky-amburana-single-malt-750ml\/\" \/>\n<meta property=\"og:site_name\" content=\"Loja Viajando com Toledo\" \/>\n<meta property=\"article:publisher\" content=\"https:\/\/web.facebook.com\/viajandocomtoledo\" \/>\n<meta property=\"article:modified_time\" content=\"2025-12-22T03:48:44+00:00\" \/>\n<meta property=\"og:image\" content=\"https:\/\/viajandocomtoledo.com.br\/loja\/wp-content\/uploads\/2022\/11\/Design-sem-nome-2.png\" \/>\n\t<meta property=\"og:image:width\" content=\"1080\" \/>\n\t<meta property=\"og:image:height\" content=\"1080\" \/>\n\t<meta property=\"og:image:type\" content=\"image\/png\" \/>\n<meta name=\"twitter:card\" content=\"summary_large_image\" \/>\n<meta name=\"twitter:label1\" content=\"Est. tempo de leitura\" \/>\n\t<meta name=\"twitter:data1\" content=\"1 minuto\" \/>\n<script type=\"application\/ld+json\" class=\"yoast-schema-graph\">{\"@context\":\"https:\/\/schema.org\",\"@graph\":[{\"@type\":\"WebPage\",\"@id\":\"https:\/\/viajandocomtoledo.com.br\/loja\/produto\/whisky-amburana-single-malt-750ml\/\",\"url\":\"https:\/\/viajandocomtoledo.com.br\/loja\/produto\/whisky-amburana-single-malt-750ml\/\",\"name\":\"Whisky Amburana (Single Malt) 720ml - Loja Viajando com Toledo\",\"isPartOf\":{\"@id\":\"https:\/\/viajandocomtoledo.com.br\/loja\/#website\"},\"primaryImageOfPage\":{\"@id\":\"https:\/\/viajandocomtoledo.com.br\/loja\/produto\/whisky-amburana-single-malt-750ml\/#primaryimage\"},\"image\":{\"@id\":\"https:\/\/viajandocomtoledo.com.br\/loja\/produto\/whisky-amburana-single-malt-750ml\/#primaryimage\"},\"thumbnailUrl\":\"https:\/\/viajandocomtoledo.com.br\/loja\/wp-content\/uploads\/2022\/11\/Design-sem-nome-2.png\",\"datePublished\":\"2022-11-15T21:34:08+00:00\",\"dateModified\":\"2025-12-22T03:48:44+00:00\",\"breadcrumb\":{\"@id\":\"https:\/\/viajandocomtoledo.com.br\/loja\/produto\/whisky-amburana-single-malt-750ml\/#breadcrumb\"},\"inLanguage\":\"pt-BR\",\"potentialAction\":[{\"@type\":\"ReadAction\",\"target\":[\"https:\/\/viajandocomtoledo.com.br\/loja\/produto\/whisky-amburana-single-malt-750ml\/\"]}]},{\"@type\":\"ImageObject\",\"inLanguage\":\"pt-BR\",\"@id\":\"https:\/\/viajandocomtoledo.com.br\/loja\/produto\/whisky-amburana-single-malt-750ml\/#primaryimage\",\"url\":\"https:\/\/viajandocomtoledo.com.br\/loja\/wp-content\/uploads\/2022\/11\/Design-sem-nome-2.png\",\"contentUrl\":\"https:\/\/viajandocomtoledo.com.br\/loja\/wp-content\/uploads\/2022\/11\/Design-sem-nome-2.png\",\"width\":1080,\"height\":1080},{\"@type\":\"BreadcrumbList\",\"@id\":\"https:\/\/viajandocomtoledo.com.br\/loja\/produto\/whisky-amburana-single-malt-750ml\/#breadcrumb\",\"itemListElement\":[{\"@type\":\"ListItem\",\"position\":1,\"name\":\"In\u00edcio\",\"item\":\"https:\/\/viajandocomtoledo.com.br\/loja\/\"},{\"@type\":\"ListItem\",\"position\":2,\"name\":\"Produtos\",\"item\":\"https:\/\/viajandocomtoledo.com.br\/loja\/\"},{\"@type\":\"ListItem\",\"position\":3,\"name\":\"Whisky Amburana (Single Malt) 720ml\"}]},{\"@type\":\"WebSite\",\"@id\":\"https:\/\/viajandocomtoledo.com.br\/loja\/#website\",\"url\":\"https:\/\/viajandocomtoledo.com.br\/loja\/\",\"name\":\"Loja Viajando com Toledo\",\"description\":\"Loja do site - Viajando com Toledo\",\"publisher\":{\"@id\":\"https:\/\/viajandocomtoledo.com.br\/loja\/#organization\"},\"potentialAction\":[{\"@type\":\"SearchAction\",\"target\":{\"@type\":\"EntryPoint\",\"urlTemplate\":\"https:\/\/viajandocomtoledo.com.br\/loja\/?s={search_term_string}\"},\"query-input\":{\"@type\":\"PropertyValueSpecification\",\"valueRequired\":true,\"valueName\":\"search_term_string\"}}],\"inLanguage\":\"pt-BR\"},{\"@type\":\"Organization\",\"@id\":\"https:\/\/viajandocomtoledo.com.br\/loja\/#organization\",\"name\":\"Loja Viajando com Toledo\",\"url\":\"https:\/\/viajandocomtoledo.com.br\/loja\/\",\"logo\":{\"@type\":\"ImageObject\",\"inLanguage\":\"pt-BR\",\"@id\":\"https:\/\/viajandocomtoledo.com.br\/loja\/#\/schema\/logo\/image\/\",\"url\":\"https:\/\/viajandocomtoledo.com.br\/loja\/wp-content\/uploads\/2021\/07\/LOGO-VCT-e1626871875731.png\",\"contentUrl\":\"https:\/\/viajandocomtoledo.com.br\/loja\/wp-content\/uploads\/2021\/07\/LOGO-VCT-e1626871875731.png\",\"width\":100,\"height\":46,\"caption\":\"Loja Viajando com Toledo\"},\"image\":{\"@id\":\"https:\/\/viajandocomtoledo.com.br\/loja\/#\/schema\/logo\/image\/\"},\"sameAs\":[\"https:\/\/web.facebook.com\/viajandocomtoledo\",\"https:\/\/www.instagram.com\/viajandocomtoledo\/\"]}]}<\/script>\n<!-- \/ Yoast SEO plugin. -->","yoast_head_json":{"title":"Whisky Amburana (Single Malt) 720ml - Loja Viajando com Toledo","robots":{"index":"index","follow":"follow","max-snippet":"max-snippet:-1","max-image-preview":"max-image-preview:large","max-video-preview":"max-video-preview:-1"},"canonical":"https:\/\/viajandocomtoledo.com.br\/loja\/produto\/whisky-amburana-single-malt-750ml\/","og_locale":"pt_BR","og_type":"article","og_title":"Whisky Amburana (Single Malt) 720ml - Loja Viajando com Toledo","og_description":"Whisky Amburana, o Whisky 100% mineiro. Surpreendente Single Malt, finalizado em barris de Amburana. Esse Whisky tem em sua concep\u00e7\u00e3o parte da originalidade de conciliar duas madeiras (Carvalho americano e Amburana brasileira) singulares no processo de matura\u00e7\u00e3o de bebidas destiladas, tornando-o exclusivo e original. Inicialmente o whisky \u00e9 envelhecido em barris de carvalho americano ex-Whiskey Bourbon, conferindo \u00e0 bebida os seus sabores mais doces, como de avel\u00e3, baunilha e mel, aliados ao delicado toque de canela e gengibre. Por fim, \u00e9 finalizado em barris de Amburana, madeira t\u00edpica do Brasil, trazendo um aroma amadeirado e flora \u00fanicos que se harmonizam e equilibram o sabor adocicado, conferindo maior complexidade \u00e0 bebida.  \u00a0Caracter\u00edsticas   Regi\u00e3o:\u00a0Matozinhos \/ Minas Gerais.  Ingredientes:\u00a0\u00c1gua pot\u00e1vel desmineralizada, malte whisky envelhecido e destilado alco\u00f3lico de cereais (n\u00e3o cont\u00e9m gl\u00faten).  Aroma: Canela, baunilha, coco, frutas secas, amadeirado.   Sabor: Especiarias doces, mel, caramelo, coco, final aveludado  Malte:\u00a0Cevada.  Amadurecimento:\u00a0Barril de carvalho americano.  Finaliza\u00e7\u00e3o: Barril de Amburana brasileira.  Gradua\u00e7\u00e3o alc\u00f3olica:\u00a0ABV: 43%.  Volume: 720mL.  Pr\u00eamios \u00a0 \u00a0   Sugest\u00e3o de consumo Pode ser apreciado puro, com gelo ou conforme sua prefer\u00eancia.  Sua hist\u00f3ria Toda boa rela\u00e7\u00e3o precisa de tempo para ser constru\u00edda. E foi para ter mais tempo juntos que os irm\u00e3os Lamas levaram ao extremo a paix\u00e3o por um destilado: o whisky. Estes encontros, verdadeiras sess\u00f5es de estudo em busca de sabores \u00fanicos, t\u00e9cnicas mais aprimoradas e novas receitas, unem a tradi\u00e7\u00e3o aos sabores que criaram em fam\u00edlia.\u00a0A Lamas \u00e9 uma destilaria mineira que se destaca no mercado internacional com notas \u00fanicas e profundas.\u00a0Nutrindo uma paix\u00e3o pelo processo, pela fazedura, pela elabora\u00e7\u00e3o de um sabor capaz de proporcionar experi\u00eancias singulares de prazer e qualidade.","og_url":"https:\/\/viajandocomtoledo.com.br\/loja\/produto\/whisky-amburana-single-malt-750ml\/","og_site_name":"Loja Viajando com Toledo","article_publisher":"https:\/\/web.facebook.com\/viajandocomtoledo","article_modified_time":"2025-12-22T03:48:44+00:00","og_image":[{"width":1080,"height":1080,"url":"https:\/\/viajandocomtoledo.com.br\/loja\/wp-content\/uploads\/2022\/11\/Design-sem-nome-2.png","type":"image\/png"}],"twitter_card":"summary_large_image","twitter_misc":{"Est. tempo de leitura":"1 minuto"},"schema":{"@context":"https:\/\/schema.org","@graph":[{"@type":"WebPage","@id":"https:\/\/viajandocomtoledo.com.br\/loja\/produto\/whisky-amburana-single-malt-750ml\/","url":"https:\/\/viajandocomtoledo.com.br\/loja\/produto\/whisky-amburana-single-malt-750ml\/","name":"Whisky Amburana (Single Malt) 720ml - Loja Viajando com Toledo","isPartOf":{"@id":"https:\/\/viajandocomtoledo.com.br\/loja\/#website"},"primaryImageOfPage":{"@id":"https:\/\/viajandocomtoledo.com.br\/loja\/produto\/whisky-amburana-single-malt-750ml\/#primaryimage"},"image":{"@id":"https:\/\/viajandocomtoledo.com.br\/loja\/produto\/whisky-amburana-single-malt-750ml\/#primaryimage"},"thumbnailUrl":"https:\/\/viajandocomtoledo.com.br\/loja\/wp-content\/uploads\/2022\/11\/Design-sem-nome-2.png","datePublished":"2022-11-15T21:34:08+00:00","dateModified":"2025-12-22T03:48:44+00:00","breadcrumb":{"@id":"https:\/\/viajandocomtoledo.com.br\/loja\/produto\/whisky-amburana-single-malt-750ml\/#breadcrumb"},"inLanguage":"pt-BR","potentialAction":[{"@type":"ReadAction","target":["https:\/\/viajandocomtoledo.com.br\/loja\/produto\/whisky-amburana-single-malt-750ml\/"]}]},{"@type":"ImageObject","inLanguage":"pt-BR","@id":"https:\/\/viajandocomtoledo.com.br\/loja\/produto\/whisky-amburana-single-malt-750ml\/#primaryimage","url":"https:\/\/viajandocomtoledo.com.br\/loja\/wp-content\/uploads\/2022\/11\/Design-sem-nome-2.png","contentUrl":"https:\/\/viajandocomtoledo.com.br\/loja\/wp-content\/uploads\/2022\/11\/Design-sem-nome-2.png","width":1080,"height":1080},{"@type":"BreadcrumbList","@id":"https:\/\/viajandocomtoledo.com.br\/loja\/produto\/whisky-amburana-single-malt-750ml\/#breadcrumb","itemListElement":[{"@type":"ListItem","position":1,"name":"In\u00edcio","item":"https:\/\/viajandocomtoledo.com.br\/loja\/"},{"@type":"ListItem","position":2,"name":"Produtos","item":"https:\/\/viajandocomtoledo.com.br\/loja\/"},{"@type":"ListItem","position":3,"name":"Whisky Amburana (Single Malt) 720ml"}]},{"@type":"WebSite","@id":"https:\/\/viajandocomtoledo.com.br\/loja\/#website","url":"https:\/\/viajandocomtoledo.com.br\/loja\/","name":"Loja Viajando com Toledo","description":"Loja do site - Viajando com Toledo","publisher":{"@id":"https:\/\/viajandocomtoledo.com.br\/loja\/#organization"},"potentialAction":[{"@type":"SearchAction","target":{"@type":"EntryPoint","urlTemplate":"https:\/\/viajandocomtoledo.com.br\/loja\/?s={search_term_string}"},"query-input":{"@type":"PropertyValueSpecification","valueRequired":true,"valueName":"search_term_string"}}],"inLanguage":"pt-BR"},{"@type":"Organization","@id":"https:\/\/viajandocomtoledo.com.br\/loja\/#organization","name":"Loja Viajando com Toledo","url":"https:\/\/viajandocomtoledo.com.br\/loja\/","logo":{"@type":"ImageObject","inLanguage":"pt-BR","@id":"https:\/\/viajandocomtoledo.com.br\/loja\/#\/schema\/logo\/image\/","url":"https:\/\/viajandocomtoledo.com.br\/loja\/wp-content\/uploads\/2021\/07\/LOGO-VCT-e1626871875731.png","contentUrl":"https:\/\/viajandocomtoledo.com.br\/loja\/wp-content\/uploads\/2021\/07\/LOGO-VCT-e1626871875731.png","width":100,"height":46,"caption":"Loja Viajando com Toledo"},"image":{"@id":"https:\/\/viajandocomtoledo.com.br\/loja\/#\/schema\/logo\/image\/"},"sameAs":["https:\/\/web.facebook.com\/viajandocomtoledo","https:\/\/www.instagram.com\/viajandocomtoledo\/"]}]}},"_links":{"self":[{"href":"https:\/\/viajandocomtoledo.com.br\/loja\/wp-json\/wp\/v2\/product\/1312","targetHints":{"allow":["GET"]}}],"collection":[{"href":"https:\/\/viajandocomtoledo.com.br\/loja\/wp-json\/wp\/v2\/product"}],"about":[{"href":"https:\/\/viajandocomtoledo.com.br\/loja\/wp-json\/wp\/v2\/types\/product"}],"replies":[{"embeddable":true,"href":"https:\/\/viajandocomtoledo.com.br\/loja\/wp-json\/wp\/v2\/comments?post=1312"}],"wp:featuredmedia":[{"embeddable":true,"href":"https:\/\/viajandocomtoledo.com.br\/loja\/wp-json\/wp\/v2\/media\/3570"}],"wp:attachment":[{"href":"https:\/\/viajandocomtoledo.com.br\/loja\/wp-json\/wp\/v2\/media?parent=1312"}],"wp:term":[{"taxonomy":"product_cat","embeddable":true,"href":"https:\/\/viajandocomtoledo.com.br\/loja\/wp-json\/wp\/v2\/product_cat?post=1312"},{"taxonomy":"product_tag","embeddable":true,"href":"https:\/\/viajandocomtoledo.com.br\/loja\/wp-json\/wp\/v2\/product_tag?post=1312"}],"curies":[{"name":"wp","href":"https:\/\/api.w.org\/{rel}","templated":true}]}}