{"id":1124,"date":"2024-01-16T14:18:38","date_gmt":"2024-01-16T17:18:38","guid":{"rendered":"https:\/\/viajandocomtoledo.com.br\/loja\/?post_type=product&#038;p=1124"},"modified":"2025-12-15T18:51:03","modified_gmt":"2025-12-15T21:51:03","slug":"cachaca-caratinga-ouro-670ml","status":"publish","type":"product","link":"https:\/\/viajandocomtoledo.com.br\/loja\/produto\/cachaca-caratinga-ouro-670ml\/","title":{"rendered":"Cacha\u00e7a Caratinga Ouro 670ml"},"content":{"rendered":"","protected":false},"excerpt":{"rendered":"<p style=\"text-align: center;\">A Cacha\u00e7a Caratinga Ouro 670ml \u00e9 uma bebida armazenada por tr\u00eas anos em barris de gr\u00e1pia. Tem 44%\/vol e por isso \u00e9 considerada uma bebida mais robusta. Produzida em Caratinga e com um excelente padr\u00e3o de qualidade \u00e9 uma \u00f3tima pedida para suas comemora\u00e7\u00f5es.<\/p>\n<h2 style=\"text-align: center;\">Caracter\u00edsticas<\/h2>\n<ul>\n<li><em><strong>Regi\u00e3o: <\/strong>Caratinga \/ Minas Gerais.<\/em><\/li>\n<li><em><strong>Amadurecimento: <\/strong>3\u00a0anos em ton\u00e9is de Gr\u00e1pia.<\/em><\/li>\n<li><em><strong>Gradua\u00e7\u00e3o Alco\u00f3lica:<\/strong> 44%\/vol.<\/em><\/li>\n<li><em>Provada e aprovada por Ot\u00e1vio di Toledo.<\/em><\/li>\n<\/ul>\n<p>Aprecie com modera\u00e7\u00e3o! N\u00e3o compartilhe com menores de 18 anos.<\/p>\n<h2 style=\"text-align: center;\">Sugest\u00e3o de Consumo<\/h2>\n<p style=\"text-align: center;\"><em>Excelente para beber pura ou fazer drinks.<\/em><\/p>\n<h2 style=\"text-align: center;\">Sua hist\u00f3ria<\/h2>\n<div style=\"text-align: center;\">\n<p class=\"description__item-text\">Tudo come\u00e7ou na fazenda do Senador Jos\u00e9 Augusto Ferreira Filho, em Caratinga, Minas Gerais. A Cacha\u00e7a levava esse nome em refer\u00eancia ao seu produtor mas n\u00e3o chegou a ser comercializada. Ap\u00f3s sua morte deixou de heran\u00e7a aproximadamente 70 mil litros de Cacha\u00e7as prontas e armazenadas, que foram adquiridas pela Ycambi. Dando origem a deliciosa Cacha\u00e7a Caratinga.<\/p>\n<\/div>\n","protected":false},"featured_media":2108,"comment_status":"closed","ping_status":"closed","template":"","meta":{"_acf_changed":false,"_monsterinsights_skip_tracking":false,"_monsterinsights_sitenote_active":false,"_monsterinsights_sitenote_note":"","_monsterinsights_sitenote_category":0},"product_cat":[51,56,67],"product_tag":[],"class_list":{"0":"post-1124","1":"product","2":"type-product","3":"status-publish","4":"has-post-thumbnail","6":"product_cat-promocoes-exclusivas","7":"product_cat-cachacas","8":"product_cat-rio-doce","9":"product_shipping_class-produtos-diversos","11":"first","12":"instock","13":"sale","14":"taxable","15":"shipping-taxable","16":"purchasable","17":"product-type-simple"},"acf":[],"aioseo_notices":[],"yoast_head":"<!-- This site is optimized with the Yoast SEO plugin v25.8 - https:\/\/yoast.com\/wordpress\/plugins\/seo\/ -->\n<title>Cacha\u00e7a Caratinga Ouro 670ml - Loja Viajando com Toledo<\/title>\n<meta name=\"robots\" content=\"index, follow, max-snippet:-1, max-image-preview:large, max-video-preview:-1\" \/>\n<link rel=\"canonical\" href=\"https:\/\/viajandocomtoledo.com.br\/loja\/produto\/cachaca-caratinga-ouro-670ml\/\" \/>\n<meta property=\"og:locale\" content=\"pt_BR\" \/>\n<meta property=\"og:type\" content=\"article\" \/>\n<meta property=\"og:title\" content=\"Cacha\u00e7a Caratinga Ouro 670ml - Loja Viajando com Toledo\" \/>\n<meta property=\"og:description\" content=\"A Cacha\u00e7a Caratinga Ouro 670ml \u00e9 uma bebida armazenada por tr\u00eas anos em barris de gr\u00e1pia. Tem 44%\/vol e por isso \u00e9 considerada uma bebida mais robusta. Produzida em Caratinga e com um excelente padr\u00e3o de qualidade \u00e9 uma \u00f3tima pedida para suas comemora\u00e7\u00f5es.  Caracter\u00edsticas   Regi\u00e3o: Caratinga \/ Minas Gerais.  Amadurecimento: 3\u00a0anos em ton\u00e9is de Gr\u00e1pia.  Gradua\u00e7\u00e3o Alco\u00f3lica: 44%\/vol.  Provada e aprovada por Ot\u00e1vio di Toledo.  Aprecie com modera\u00e7\u00e3o! N\u00e3o compartilhe com menores de 18 anos. Sugest\u00e3o de Consumo Excelente para beber pura ou fazer drinks.  Sua hist\u00f3ria  Tudo come\u00e7ou na fazenda do Senador Jos\u00e9 Augusto Ferreira Filho, em Caratinga, Minas Gerais. A Cacha\u00e7a levava esse nome em refer\u00eancia ao seu produtor mas n\u00e3o chegou a ser comercializada. Ap\u00f3s sua morte deixou de heran\u00e7a aproximadamente 70 mil litros de Cacha\u00e7as prontas e armazenadas, que foram adquiridas pela Ycambi. Dando origem a deliciosa Cacha\u00e7a Caratinga.\" \/>\n<meta property=\"og:url\" content=\"https:\/\/viajandocomtoledo.com.br\/loja\/produto\/cachaca-caratinga-ouro-670ml\/\" \/>\n<meta property=\"og:site_name\" content=\"Loja Viajando com Toledo\" \/>\n<meta property=\"article:publisher\" content=\"https:\/\/web.facebook.com\/viajandocomtoledo\" \/>\n<meta property=\"article:modified_time\" content=\"2025-12-15T21:51:03+00:00\" \/>\n<meta property=\"og:image\" content=\"https:\/\/viajandocomtoledo.com.br\/loja\/wp-content\/uploads\/2022\/01\/WhatsApp-Image-2022-10-31-at-14.44.40.jpeg\" \/>\n\t<meta property=\"og:image:width\" content=\"1024\" \/>\n\t<meta property=\"og:image:height\" content=\"1024\" \/>\n\t<meta property=\"og:image:type\" content=\"image\/jpeg\" \/>\n<meta name=\"twitter:card\" content=\"summary_large_image\" \/>\n<script type=\"application\/ld+json\" class=\"yoast-schema-graph\">{\"@context\":\"https:\/\/schema.org\",\"@graph\":[{\"@type\":\"WebPage\",\"@id\":\"https:\/\/viajandocomtoledo.com.br\/loja\/produto\/cachaca-caratinga-ouro-670ml\/\",\"url\":\"https:\/\/viajandocomtoledo.com.br\/loja\/produto\/cachaca-caratinga-ouro-670ml\/\",\"name\":\"Cacha\u00e7a Caratinga Ouro 670ml - Loja Viajando com Toledo\",\"isPartOf\":{\"@id\":\"https:\/\/viajandocomtoledo.com.br\/loja\/#website\"},\"primaryImageOfPage\":{\"@id\":\"https:\/\/viajandocomtoledo.com.br\/loja\/produto\/cachaca-caratinga-ouro-670ml\/#primaryimage\"},\"image\":{\"@id\":\"https:\/\/viajandocomtoledo.com.br\/loja\/produto\/cachaca-caratinga-ouro-670ml\/#primaryimage\"},\"thumbnailUrl\":\"https:\/\/viajandocomtoledo.com.br\/loja\/wp-content\/uploads\/2022\/01\/WhatsApp-Image-2022-10-31-at-14.44.40.jpeg\",\"datePublished\":\"2024-01-16T17:18:38+00:00\",\"dateModified\":\"2025-12-15T21:51:03+00:00\",\"breadcrumb\":{\"@id\":\"https:\/\/viajandocomtoledo.com.br\/loja\/produto\/cachaca-caratinga-ouro-670ml\/#breadcrumb\"},\"inLanguage\":\"pt-BR\",\"potentialAction\":[{\"@type\":\"ReadAction\",\"target\":[\"https:\/\/viajandocomtoledo.com.br\/loja\/produto\/cachaca-caratinga-ouro-670ml\/\"]}]},{\"@type\":\"ImageObject\",\"inLanguage\":\"pt-BR\",\"@id\":\"https:\/\/viajandocomtoledo.com.br\/loja\/produto\/cachaca-caratinga-ouro-670ml\/#primaryimage\",\"url\":\"https:\/\/viajandocomtoledo.com.br\/loja\/wp-content\/uploads\/2022\/01\/WhatsApp-Image-2022-10-31-at-14.44.40.jpeg\",\"contentUrl\":\"https:\/\/viajandocomtoledo.com.br\/loja\/wp-content\/uploads\/2022\/01\/WhatsApp-Image-2022-10-31-at-14.44.40.jpeg\",\"width\":1024,\"height\":1024},{\"@type\":\"BreadcrumbList\",\"@id\":\"https:\/\/viajandocomtoledo.com.br\/loja\/produto\/cachaca-caratinga-ouro-670ml\/#breadcrumb\",\"itemListElement\":[{\"@type\":\"ListItem\",\"position\":1,\"name\":\"In\u00edcio\",\"item\":\"https:\/\/viajandocomtoledo.com.br\/loja\/\"},{\"@type\":\"ListItem\",\"position\":2,\"name\":\"Produtos\",\"item\":\"https:\/\/viajandocomtoledo.com.br\/loja\/\"},{\"@type\":\"ListItem\",\"position\":3,\"name\":\"Cacha\u00e7a Caratinga Ouro 670ml\"}]},{\"@type\":\"WebSite\",\"@id\":\"https:\/\/viajandocomtoledo.com.br\/loja\/#website\",\"url\":\"https:\/\/viajandocomtoledo.com.br\/loja\/\",\"name\":\"Loja Viajando com Toledo\",\"description\":\"Loja do site - Viajando com Toledo\",\"publisher\":{\"@id\":\"https:\/\/viajandocomtoledo.com.br\/loja\/#organization\"},\"potentialAction\":[{\"@type\":\"SearchAction\",\"target\":{\"@type\":\"EntryPoint\",\"urlTemplate\":\"https:\/\/viajandocomtoledo.com.br\/loja\/?s={search_term_string}\"},\"query-input\":{\"@type\":\"PropertyValueSpecification\",\"valueRequired\":true,\"valueName\":\"search_term_string\"}}],\"inLanguage\":\"pt-BR\"},{\"@type\":\"Organization\",\"@id\":\"https:\/\/viajandocomtoledo.com.br\/loja\/#organization\",\"name\":\"Loja Viajando com Toledo\",\"url\":\"https:\/\/viajandocomtoledo.com.br\/loja\/\",\"logo\":{\"@type\":\"ImageObject\",\"inLanguage\":\"pt-BR\",\"@id\":\"https:\/\/viajandocomtoledo.com.br\/loja\/#\/schema\/logo\/image\/\",\"url\":\"https:\/\/viajandocomtoledo.com.br\/loja\/wp-content\/uploads\/2021\/07\/LOGO-VCT-e1626871875731.png\",\"contentUrl\":\"https:\/\/viajandocomtoledo.com.br\/loja\/wp-content\/uploads\/2021\/07\/LOGO-VCT-e1626871875731.png\",\"width\":100,\"height\":46,\"caption\":\"Loja Viajando com Toledo\"},\"image\":{\"@id\":\"https:\/\/viajandocomtoledo.com.br\/loja\/#\/schema\/logo\/image\/\"},\"sameAs\":[\"https:\/\/web.facebook.com\/viajandocomtoledo\",\"https:\/\/www.instagram.com\/viajandocomtoledo\/\"]}]}<\/script>\n<!-- \/ Yoast SEO plugin. -->","yoast_head_json":{"title":"Cacha\u00e7a Caratinga Ouro 670ml - Loja Viajando com Toledo","robots":{"index":"index","follow":"follow","max-snippet":"max-snippet:-1","max-image-preview":"max-image-preview:large","max-video-preview":"max-video-preview:-1"},"canonical":"https:\/\/viajandocomtoledo.com.br\/loja\/produto\/cachaca-caratinga-ouro-670ml\/","og_locale":"pt_BR","og_type":"article","og_title":"Cacha\u00e7a Caratinga Ouro 670ml - Loja Viajando com Toledo","og_description":"A Cacha\u00e7a Caratinga Ouro 670ml \u00e9 uma bebida armazenada por tr\u00eas anos em barris de gr\u00e1pia. Tem 44%\/vol e por isso \u00e9 considerada uma bebida mais robusta. Produzida em Caratinga e com um excelente padr\u00e3o de qualidade \u00e9 uma \u00f3tima pedida para suas comemora\u00e7\u00f5es.  Caracter\u00edsticas   Regi\u00e3o: Caratinga \/ Minas Gerais.  Amadurecimento: 3\u00a0anos em ton\u00e9is de Gr\u00e1pia.  Gradua\u00e7\u00e3o Alco\u00f3lica: 44%\/vol.  Provada e aprovada por Ot\u00e1vio di Toledo.  Aprecie com modera\u00e7\u00e3o! N\u00e3o compartilhe com menores de 18 anos. Sugest\u00e3o de Consumo Excelente para beber pura ou fazer drinks.  Sua hist\u00f3ria  Tudo come\u00e7ou na fazenda do Senador Jos\u00e9 Augusto Ferreira Filho, em Caratinga, Minas Gerais. A Cacha\u00e7a levava esse nome em refer\u00eancia ao seu produtor mas n\u00e3o chegou a ser comercializada. Ap\u00f3s sua morte deixou de heran\u00e7a aproximadamente 70 mil litros de Cacha\u00e7as prontas e armazenadas, que foram adquiridas pela Ycambi. Dando origem a deliciosa Cacha\u00e7a Caratinga.","og_url":"https:\/\/viajandocomtoledo.com.br\/loja\/produto\/cachaca-caratinga-ouro-670ml\/","og_site_name":"Loja Viajando com Toledo","article_publisher":"https:\/\/web.facebook.com\/viajandocomtoledo","article_modified_time":"2025-12-15T21:51:03+00:00","og_image":[{"width":1024,"height":1024,"url":"https:\/\/viajandocomtoledo.com.br\/loja\/wp-content\/uploads\/2022\/01\/WhatsApp-Image-2022-10-31-at-14.44.40.jpeg","type":"image\/jpeg"}],"twitter_card":"summary_large_image","schema":{"@context":"https:\/\/schema.org","@graph":[{"@type":"WebPage","@id":"https:\/\/viajandocomtoledo.com.br\/loja\/produto\/cachaca-caratinga-ouro-670ml\/","url":"https:\/\/viajandocomtoledo.com.br\/loja\/produto\/cachaca-caratinga-ouro-670ml\/","name":"Cacha\u00e7a Caratinga Ouro 670ml - Loja Viajando com Toledo","isPartOf":{"@id":"https:\/\/viajandocomtoledo.com.br\/loja\/#website"},"primaryImageOfPage":{"@id":"https:\/\/viajandocomtoledo.com.br\/loja\/produto\/cachaca-caratinga-ouro-670ml\/#primaryimage"},"image":{"@id":"https:\/\/viajandocomtoledo.com.br\/loja\/produto\/cachaca-caratinga-ouro-670ml\/#primaryimage"},"thumbnailUrl":"https:\/\/viajandocomtoledo.com.br\/loja\/wp-content\/uploads\/2022\/01\/WhatsApp-Image-2022-10-31-at-14.44.40.jpeg","datePublished":"2024-01-16T17:18:38+00:00","dateModified":"2025-12-15T21:51:03+00:00","breadcrumb":{"@id":"https:\/\/viajandocomtoledo.com.br\/loja\/produto\/cachaca-caratinga-ouro-670ml\/#breadcrumb"},"inLanguage":"pt-BR","potentialAction":[{"@type":"ReadAction","target":["https:\/\/viajandocomtoledo.com.br\/loja\/produto\/cachaca-caratinga-ouro-670ml\/"]}]},{"@type":"ImageObject","inLanguage":"pt-BR","@id":"https:\/\/viajandocomtoledo.com.br\/loja\/produto\/cachaca-caratinga-ouro-670ml\/#primaryimage","url":"https:\/\/viajandocomtoledo.com.br\/loja\/wp-content\/uploads\/2022\/01\/WhatsApp-Image-2022-10-31-at-14.44.40.jpeg","contentUrl":"https:\/\/viajandocomtoledo.com.br\/loja\/wp-content\/uploads\/2022\/01\/WhatsApp-Image-2022-10-31-at-14.44.40.jpeg","width":1024,"height":1024},{"@type":"BreadcrumbList","@id":"https:\/\/viajandocomtoledo.com.br\/loja\/produto\/cachaca-caratinga-ouro-670ml\/#breadcrumb","itemListElement":[{"@type":"ListItem","position":1,"name":"In\u00edcio","item":"https:\/\/viajandocomtoledo.com.br\/loja\/"},{"@type":"ListItem","position":2,"name":"Produtos","item":"https:\/\/viajandocomtoledo.com.br\/loja\/"},{"@type":"ListItem","position":3,"name":"Cacha\u00e7a Caratinga Ouro 670ml"}]},{"@type":"WebSite","@id":"https:\/\/viajandocomtoledo.com.br\/loja\/#website","url":"https:\/\/viajandocomtoledo.com.br\/loja\/","name":"Loja Viajando com Toledo","description":"Loja do site - Viajando com Toledo","publisher":{"@id":"https:\/\/viajandocomtoledo.com.br\/loja\/#organization"},"potentialAction":[{"@type":"SearchAction","target":{"@type":"EntryPoint","urlTemplate":"https:\/\/viajandocomtoledo.com.br\/loja\/?s={search_term_string}"},"query-input":{"@type":"PropertyValueSpecification","valueRequired":true,"valueName":"search_term_string"}}],"inLanguage":"pt-BR"},{"@type":"Organization","@id":"https:\/\/viajandocomtoledo.com.br\/loja\/#organization","name":"Loja Viajando com Toledo","url":"https:\/\/viajandocomtoledo.com.br\/loja\/","logo":{"@type":"ImageObject","inLanguage":"pt-BR","@id":"https:\/\/viajandocomtoledo.com.br\/loja\/#\/schema\/logo\/image\/","url":"https:\/\/viajandocomtoledo.com.br\/loja\/wp-content\/uploads\/2021\/07\/LOGO-VCT-e1626871875731.png","contentUrl":"https:\/\/viajandocomtoledo.com.br\/loja\/wp-content\/uploads\/2021\/07\/LOGO-VCT-e1626871875731.png","width":100,"height":46,"caption":"Loja Viajando com Toledo"},"image":{"@id":"https:\/\/viajandocomtoledo.com.br\/loja\/#\/schema\/logo\/image\/"},"sameAs":["https:\/\/web.facebook.com\/viajandocomtoledo","https:\/\/www.instagram.com\/viajandocomtoledo\/"]}]}},"_links":{"self":[{"href":"https:\/\/viajandocomtoledo.com.br\/loja\/wp-json\/wp\/v2\/product\/1124","targetHints":{"allow":["GET"]}}],"collection":[{"href":"https:\/\/viajandocomtoledo.com.br\/loja\/wp-json\/wp\/v2\/product"}],"about":[{"href":"https:\/\/viajandocomtoledo.com.br\/loja\/wp-json\/wp\/v2\/types\/product"}],"replies":[{"embeddable":true,"href":"https:\/\/viajandocomtoledo.com.br\/loja\/wp-json\/wp\/v2\/comments?post=1124"}],"wp:featuredmedia":[{"embeddable":true,"href":"https:\/\/viajandocomtoledo.com.br\/loja\/wp-json\/wp\/v2\/media\/2108"}],"wp:attachment":[{"href":"https:\/\/viajandocomtoledo.com.br\/loja\/wp-json\/wp\/v2\/media?parent=1124"}],"wp:term":[{"taxonomy":"product_cat","embeddable":true,"href":"https:\/\/viajandocomtoledo.com.br\/loja\/wp-json\/wp\/v2\/product_cat?post=1124"},{"taxonomy":"product_tag","embeddable":true,"href":"https:\/\/viajandocomtoledo.com.br\/loja\/wp-json\/wp\/v2\/product_tag?post=1124"}],"curies":[{"name":"wp","href":"https:\/\/api.w.org\/{rel}","templated":true}]}}