{"id":1043,"date":"2022-11-27T13:58:30","date_gmt":"2022-11-27T16:58:30","guid":{"rendered":"https:\/\/viajandocomtoledo.com.br\/loja\/?post_type=product&#038;p=1043"},"modified":"2026-03-29T14:12:59","modified_gmt":"2026-03-29T17:12:59","slug":"combo-doces-de-leite","status":"publish","type":"product","link":"https:\/\/viajandocomtoledo.com.br\/loja\/produto\/combo-doces-de-leite\/","title":{"rendered":"Combo Doces de Leite"},"content":{"rendered":"<p style=\"text-align: center;\" data-start=\"339\" data-end=\"775\">Direto de Dores de Guanh\u00e3es, Minas Gerais, chega at\u00e9 voc\u00ea um pedacinho da tradi\u00e7\u00e3o mineira: os Doces de Leite Viajando com Toledo, produzido artesanalmente na Fazenda C\u00f3rrego Alto. Cremoso, aut\u00eantico e aprovado por Ot\u00e1vio di Toledo, esse combo re\u00fane tr\u00eas vers\u00f5es exclusivas que encantam qualquer paladar. Embalados em potes de vidro, eles preservam a qualidade e o sabor da ro\u00e7a em cada colherada.<\/p>\n<h2 style=\"text-align: center;\">DETALHES<\/h2>\n<ul>\n<li><strong><em>Regi\u00e3o:\u00a0<\/em><\/strong><em>Dores de Guanh\u00e3es \/ Minas Gerais.<\/em><\/li>\n<li><strong><em>Tradi\u00e7\u00e3o:\u00a0<\/em><\/strong><em>Doces de leite feito artesanalmente.<\/em><\/li>\n<li><strong><em>Material da embalagem:\u00a0<\/em><\/strong><em>Vidro.<\/em><\/li>\n<li><em>Provada e aprovada por Ot\u00e1vio di Toledo.<\/em><\/li>\n<\/ul>\n<h2 style=\"text-align: center;\">CARACTER\u00cdSTICAS<\/h2>\n<p><strong data-start=\"1013\" data-end=\"1051\">1 Doce de Leite Tradicional 700g<\/strong><br data-start=\"1051\" data-end=\"1054\" \/>O cl\u00e1ssico mineiro em sua forma mais pura. Feito com leite fresco e cozido lentamente at\u00e9 atingir a textura perfeita, tem sabor suave, adocicado e notas leves de caramelo.<\/p>\n<p data-start=\"784\" data-end=\"1011\"><strong data-start=\"784\" data-end=\"828\">1 Doce de Leite com Coco Queimado 700g<\/strong><br data-start=\"828\" data-end=\"831\" \/>Uma combina\u00e7\u00e3o irresist\u00edvel do doce de leite cremoso com o sabor caramelizado do coco fresco queimado lentamente. Uma explos\u00e3o de sabores que agrada aos paladares mais exigentes.<\/p>\n<p data-start=\"1229\" data-end=\"1487\"><strong data-start=\"1229\" data-end=\"1264\">1 Doce de Leite com Caf\u00e9 700g<\/strong><br data-start=\"1264\" data-end=\"1267\" \/>Um encontro marcante entre o doce de leite artesanal e o caf\u00e9 100% ar\u00e1bica. Cremoso, equilibrado e sofisticado, \u00e9 exclusivo da <strong data-start=\"1394\" data-end=\"1422\">Loja Viajando com Toledo<\/strong>, trazendo um toque \u00fanico para quem aprecia sabores aut\u00eanticos.<\/p>\n<p><strong>O valor do combo j\u00e1 est\u00e1 com o desconto inclu\u00eddo.<\/strong><\/p>\n<h2 style=\"text-align: center;\">O QUE VOC\u00ca VAI RECEBER<\/h2>\n<ul>\n<li><strong>1 Doce de Leite com Coco Queimado 700g.<\/strong><\/li>\n<li><strong>1 Doce de Leite Tradicional 700g.<\/strong><\/li>\n<li><strong>1 Doce de leite com Caf\u00e9 700g.<\/strong><\/li>\n<\/ul>\n<h2 style=\"text-align: center;\">Conserva\u00e7\u00e3o<\/h2>\n<p style=\"text-align: center;\">Ap\u00f3s aberto manter refrigerado e consumir em at\u00e9 7 dias.<\/p>\n<h2 style=\"text-align: center;\">NOSSA MISS\u00c3O<\/h2>\n<p style=\"text-align: center;\">Buscando sempre mostrar o que h\u00e1 de melhor nos produtos ou nos lugares de Minas Gerais e do Brasil, o Viajando com Toledo tem a miss\u00e3o de levar at\u00e9 voc\u00ea uma experi\u00eancia adquirida em mais de 22 anos de estrada, por onde conhecemos a cultura, o turismo, o meio ambiente e as ra\u00edzes do nosso pa\u00eds. Compre em uma loja com produtos 100% mineiros.<\/p>\n","protected":false},"excerpt":{"rendered":"<p style=\"text-align: center;\" data-start=\"339\" data-end=\"775\">Direto de Dores de Guanh\u00e3es, Minas Gerais, chega at\u00e9 voc\u00ea um pedacinho da tradi\u00e7\u00e3o mineira: os Doces de Leite Viajando com Toledo, produzido artesanalmente na Fazenda C\u00f3rrego Alto. Cremoso, aut\u00eantico e aprovado por Ot\u00e1vio di Toledo, esse combo re\u00fane tr\u00eas vers\u00f5es exclusivas que encantam qualquer paladar. Embalados em potes de vidro, eles preservam a qualidade e o sabor da ro\u00e7a em cada colherada.<\/p>\n<h2 style=\"text-align: center;\">DETALHES<\/h2>\n<ul>\n<li><strong><em>Regi\u00e3o:\u00a0<\/em><\/strong><em>Dores de Guanh\u00e3es \/ Minas Gerais.<\/em><\/li>\n<li><strong><em>Tradi\u00e7\u00e3o:\u00a0<\/em><\/strong><em>Doces de leite feito artesanalmente.<\/em><\/li>\n<li><strong><em>Material da embalagem:\u00a0<\/em><\/strong><em>Vidro.<\/em><\/li>\n<li><em>Provada e aprovada por Ot\u00e1vio di Toledo.<\/em><\/li>\n<\/ul>\n<h2 style=\"text-align: center;\">CARACTER\u00cdSTICAS<\/h2>\n<p><strong data-start=\"1013\" data-end=\"1051\">1 Doce de Leite Tradicional 700g<\/strong><br data-start=\"1051\" data-end=\"1054\" \/>O cl\u00e1ssico mineiro em sua forma mais pura. Feito com leite fresco e cozido lentamente at\u00e9 atingir a textura perfeita, tem sabor suave, adocicado e notas leves de caramelo.<\/p>\n<p data-start=\"784\" data-end=\"1011\"><strong data-start=\"784\" data-end=\"828\">1 Doce de Leite com Coco Queimado 700g<\/strong><br data-start=\"828\" data-end=\"831\" \/>Uma combina\u00e7\u00e3o irresist\u00edvel do doce de leite cremoso com o sabor caramelizado do coco fresco queimado lentamente. Uma explos\u00e3o de sabores que agrada aos paladares mais exigentes.<\/p>\n<p data-start=\"1229\" data-end=\"1487\"><strong data-start=\"1229\" data-end=\"1264\">1 Doce de Leite com Caf\u00e9 700g<\/strong><br data-start=\"1264\" data-end=\"1267\" \/>Um encontro marcante entre o doce de leite artesanal e o caf\u00e9 100% ar\u00e1bica. Cremoso, equilibrado e sofisticado, \u00e9 exclusivo da <strong data-start=\"1394\" data-end=\"1422\">Loja Viajando com Toledo<\/strong>, trazendo um toque \u00fanico para quem aprecia sabores aut\u00eanticos.<\/p>\n<p><strong>O valor do combo j\u00e1 est\u00e1 com o desconto inclu\u00eddo.<\/strong><\/p>\n<h2 style=\"text-align: center;\">O QUE VOC\u00ca VAI RECEBER<\/h2>\n<ul>\n<li><strong>1 Doce de Leite com Coco Queimado 700g.<\/strong><\/li>\n<li><strong>1 Doce de Leite Tradicional 700g.<\/strong><\/li>\n<li><strong>1 Doce de leite com Caf\u00e9 700g.<\/strong><\/li>\n<\/ul>\n<h2 style=\"text-align: center;\">Conserva\u00e7\u00e3o<\/h2>\n<p style=\"text-align: center;\">Ap\u00f3s aberto manter refrigerado e consumir em at\u00e9 7 dias.<\/p>\n<h2 style=\"text-align: center;\">NOSSA MISS\u00c3O<\/h2>\n<p style=\"text-align: center;\">Buscando sempre mostrar o que h\u00e1 de melhor nos produtos ou nos lugares de Minas Gerais e do Brasil, o Viajando com Toledo tem a miss\u00e3o de levar at\u00e9 voc\u00ea uma experi\u00eancia adquirida em mais de 22 anos de estrada, por onde conhecemos a cultura, o turismo, o meio ambiente e as ra\u00edzes do nosso pa\u00eds. Compre em uma loja com produtos 100% mineiros.<\/p>\n","protected":false},"featured_media":3737,"comment_status":"closed","ping_status":"closed","template":"","meta":{"_acf_changed":false,"_monsterinsights_skip_tracking":false,"_monsterinsights_sitenote_active":false,"_monsterinsights_sitenote_note":"","_monsterinsights_sitenote_category":0},"product_cat":[51,49,53,67],"product_tag":[],"class_list":{"0":"post-1043","1":"product","2":"type-product","3":"status-publish","4":"has-post-thumbnail","6":"product_cat-promocoes-exclusivas","7":"product_cat-destaque","8":"product_cat-doces","9":"product_cat-rio-doce","10":"product_shipping_class-produtos-diversos","12":"first","13":"instock","14":"sale","15":"taxable","16":"shipping-taxable","17":"purchasable","18":"product-type-simple"},"acf":[],"aioseo_notices":[],"yoast_head":"<!-- This site is optimized with the Yoast SEO plugin v25.8 - https:\/\/yoast.com\/wordpress\/plugins\/seo\/ -->\n<title>Combo Doces de Leite - Loja Viajando com Toledo<\/title>\n<meta name=\"description\" content=\"Combo Doces de Leite - Produtos exclusivos em nossa Loja - Envio imediato - 10% de desconto - Em at\u00e9 3x sem juros\" \/>\n<meta name=\"robots\" content=\"index, follow, max-snippet:-1, max-image-preview:large, max-video-preview:-1\" \/>\n<link rel=\"canonical\" href=\"https:\/\/viajandocomtoledo.com.br\/loja\/produto\/combo-doces-de-leite\/\" \/>\n<meta property=\"og:locale\" content=\"pt_BR\" \/>\n<meta property=\"og:type\" content=\"article\" \/>\n<meta property=\"og:title\" content=\"Combo Doces de Leite - Loja Viajando com Toledo\" \/>\n<meta property=\"og:description\" content=\"Combo Doces de Leite - Produtos exclusivos em nossa Loja - Envio imediato - 10% de desconto - Em at\u00e9 3x sem juros\" \/>\n<meta property=\"og:url\" content=\"https:\/\/viajandocomtoledo.com.br\/loja\/produto\/combo-doces-de-leite\/\" \/>\n<meta property=\"og:site_name\" content=\"Loja Viajando com Toledo\" \/>\n<meta property=\"article:publisher\" content=\"https:\/\/web.facebook.com\/viajandocomtoledo\" \/>\n<meta property=\"article:modified_time\" content=\"2026-03-29T17:12:59+00:00\" \/>\n<meta property=\"og:image\" content=\"https:\/\/viajandocomtoledo.com.br\/loja\/wp-content\/uploads\/2022\/11\/4-1.png\" \/>\n\t<meta property=\"og:image:width\" content=\"1080\" \/>\n\t<meta property=\"og:image:height\" content=\"1080\" \/>\n\t<meta property=\"og:image:type\" content=\"image\/png\" \/>\n<meta name=\"twitter:card\" content=\"summary_large_image\" \/>\n<meta name=\"twitter:label1\" content=\"Est. tempo de leitura\" \/>\n\t<meta name=\"twitter:data1\" content=\"2 minutos\" \/>\n<script type=\"application\/ld+json\" class=\"yoast-schema-graph\">{\"@context\":\"https:\/\/schema.org\",\"@graph\":[{\"@type\":\"WebPage\",\"@id\":\"https:\/\/viajandocomtoledo.com.br\/loja\/produto\/combo-doces-de-leite\/\",\"url\":\"https:\/\/viajandocomtoledo.com.br\/loja\/produto\/combo-doces-de-leite\/\",\"name\":\"Combo Doces de Leite - Loja Viajando com Toledo\",\"isPartOf\":{\"@id\":\"https:\/\/viajandocomtoledo.com.br\/loja\/#website\"},\"primaryImageOfPage\":{\"@id\":\"https:\/\/viajandocomtoledo.com.br\/loja\/produto\/combo-doces-de-leite\/#primaryimage\"},\"image\":{\"@id\":\"https:\/\/viajandocomtoledo.com.br\/loja\/produto\/combo-doces-de-leite\/#primaryimage\"},\"thumbnailUrl\":\"https:\/\/viajandocomtoledo.com.br\/loja\/wp-content\/uploads\/2022\/11\/4-1.png\",\"datePublished\":\"2022-11-27T16:58:30+00:00\",\"dateModified\":\"2026-03-29T17:12:59+00:00\",\"description\":\"Combo Doces de Leite - Produtos exclusivos em nossa Loja - Envio imediato - 10% de desconto - Em at\u00e9 3x sem juros\",\"breadcrumb\":{\"@id\":\"https:\/\/viajandocomtoledo.com.br\/loja\/produto\/combo-doces-de-leite\/#breadcrumb\"},\"inLanguage\":\"pt-BR\",\"potentialAction\":[{\"@type\":\"ReadAction\",\"target\":[\"https:\/\/viajandocomtoledo.com.br\/loja\/produto\/combo-doces-de-leite\/\"]}]},{\"@type\":\"ImageObject\",\"inLanguage\":\"pt-BR\",\"@id\":\"https:\/\/viajandocomtoledo.com.br\/loja\/produto\/combo-doces-de-leite\/#primaryimage\",\"url\":\"https:\/\/viajandocomtoledo.com.br\/loja\/wp-content\/uploads\/2022\/11\/4-1.png\",\"contentUrl\":\"https:\/\/viajandocomtoledo.com.br\/loja\/wp-content\/uploads\/2022\/11\/4-1.png\",\"width\":1080,\"height\":1080},{\"@type\":\"BreadcrumbList\",\"@id\":\"https:\/\/viajandocomtoledo.com.br\/loja\/produto\/combo-doces-de-leite\/#breadcrumb\",\"itemListElement\":[{\"@type\":\"ListItem\",\"position\":1,\"name\":\"In\u00edcio\",\"item\":\"https:\/\/viajandocomtoledo.com.br\/loja\/\"},{\"@type\":\"ListItem\",\"position\":2,\"name\":\"Produtos\",\"item\":\"https:\/\/viajandocomtoledo.com.br\/loja\/\"},{\"@type\":\"ListItem\",\"position\":3,\"name\":\"Combo Doces de Leite\"}]},{\"@type\":\"WebSite\",\"@id\":\"https:\/\/viajandocomtoledo.com.br\/loja\/#website\",\"url\":\"https:\/\/viajandocomtoledo.com.br\/loja\/\",\"name\":\"Loja Viajando com Toledo\",\"description\":\"Loja do site - Viajando com Toledo\",\"publisher\":{\"@id\":\"https:\/\/viajandocomtoledo.com.br\/loja\/#organization\"},\"potentialAction\":[{\"@type\":\"SearchAction\",\"target\":{\"@type\":\"EntryPoint\",\"urlTemplate\":\"https:\/\/viajandocomtoledo.com.br\/loja\/?s={search_term_string}\"},\"query-input\":{\"@type\":\"PropertyValueSpecification\",\"valueRequired\":true,\"valueName\":\"search_term_string\"}}],\"inLanguage\":\"pt-BR\"},{\"@type\":\"Organization\",\"@id\":\"https:\/\/viajandocomtoledo.com.br\/loja\/#organization\",\"name\":\"Loja Viajando com Toledo\",\"url\":\"https:\/\/viajandocomtoledo.com.br\/loja\/\",\"logo\":{\"@type\":\"ImageObject\",\"inLanguage\":\"pt-BR\",\"@id\":\"https:\/\/viajandocomtoledo.com.br\/loja\/#\/schema\/logo\/image\/\",\"url\":\"https:\/\/viajandocomtoledo.com.br\/loja\/wp-content\/uploads\/2021\/07\/LOGO-VCT-e1626871875731.png\",\"contentUrl\":\"https:\/\/viajandocomtoledo.com.br\/loja\/wp-content\/uploads\/2021\/07\/LOGO-VCT-e1626871875731.png\",\"width\":100,\"height\":46,\"caption\":\"Loja Viajando com Toledo\"},\"image\":{\"@id\":\"https:\/\/viajandocomtoledo.com.br\/loja\/#\/schema\/logo\/image\/\"},\"sameAs\":[\"https:\/\/web.facebook.com\/viajandocomtoledo\",\"https:\/\/www.instagram.com\/viajandocomtoledo\/\"]}]}<\/script>\n<!-- \/ Yoast SEO plugin. -->","yoast_head_json":{"title":"Combo Doces de Leite - Loja Viajando com Toledo","description":"Combo Doces de Leite - Produtos exclusivos em nossa Loja - Envio imediato - 10% de desconto - Em at\u00e9 3x sem juros","robots":{"index":"index","follow":"follow","max-snippet":"max-snippet:-1","max-image-preview":"max-image-preview:large","max-video-preview":"max-video-preview:-1"},"canonical":"https:\/\/viajandocomtoledo.com.br\/loja\/produto\/combo-doces-de-leite\/","og_locale":"pt_BR","og_type":"article","og_title":"Combo Doces de Leite - Loja Viajando com Toledo","og_description":"Combo Doces de Leite - Produtos exclusivos em nossa Loja - Envio imediato - 10% de desconto - Em at\u00e9 3x sem juros","og_url":"https:\/\/viajandocomtoledo.com.br\/loja\/produto\/combo-doces-de-leite\/","og_site_name":"Loja Viajando com Toledo","article_publisher":"https:\/\/web.facebook.com\/viajandocomtoledo","article_modified_time":"2026-03-29T17:12:59+00:00","og_image":[{"width":1080,"height":1080,"url":"https:\/\/viajandocomtoledo.com.br\/loja\/wp-content\/uploads\/2022\/11\/4-1.png","type":"image\/png"}],"twitter_card":"summary_large_image","twitter_misc":{"Est. tempo de leitura":"2 minutos"},"schema":{"@context":"https:\/\/schema.org","@graph":[{"@type":"WebPage","@id":"https:\/\/viajandocomtoledo.com.br\/loja\/produto\/combo-doces-de-leite\/","url":"https:\/\/viajandocomtoledo.com.br\/loja\/produto\/combo-doces-de-leite\/","name":"Combo Doces de Leite - Loja Viajando com Toledo","isPartOf":{"@id":"https:\/\/viajandocomtoledo.com.br\/loja\/#website"},"primaryImageOfPage":{"@id":"https:\/\/viajandocomtoledo.com.br\/loja\/produto\/combo-doces-de-leite\/#primaryimage"},"image":{"@id":"https:\/\/viajandocomtoledo.com.br\/loja\/produto\/combo-doces-de-leite\/#primaryimage"},"thumbnailUrl":"https:\/\/viajandocomtoledo.com.br\/loja\/wp-content\/uploads\/2022\/11\/4-1.png","datePublished":"2022-11-27T16:58:30+00:00","dateModified":"2026-03-29T17:12:59+00:00","description":"Combo Doces de Leite - Produtos exclusivos em nossa Loja - Envio imediato - 10% de desconto - Em at\u00e9 3x sem juros","breadcrumb":{"@id":"https:\/\/viajandocomtoledo.com.br\/loja\/produto\/combo-doces-de-leite\/#breadcrumb"},"inLanguage":"pt-BR","potentialAction":[{"@type":"ReadAction","target":["https:\/\/viajandocomtoledo.com.br\/loja\/produto\/combo-doces-de-leite\/"]}]},{"@type":"ImageObject","inLanguage":"pt-BR","@id":"https:\/\/viajandocomtoledo.com.br\/loja\/produto\/combo-doces-de-leite\/#primaryimage","url":"https:\/\/viajandocomtoledo.com.br\/loja\/wp-content\/uploads\/2022\/11\/4-1.png","contentUrl":"https:\/\/viajandocomtoledo.com.br\/loja\/wp-content\/uploads\/2022\/11\/4-1.png","width":1080,"height":1080},{"@type":"BreadcrumbList","@id":"https:\/\/viajandocomtoledo.com.br\/loja\/produto\/combo-doces-de-leite\/#breadcrumb","itemListElement":[{"@type":"ListItem","position":1,"name":"In\u00edcio","item":"https:\/\/viajandocomtoledo.com.br\/loja\/"},{"@type":"ListItem","position":2,"name":"Produtos","item":"https:\/\/viajandocomtoledo.com.br\/loja\/"},{"@type":"ListItem","position":3,"name":"Combo Doces de Leite"}]},{"@type":"WebSite","@id":"https:\/\/viajandocomtoledo.com.br\/loja\/#website","url":"https:\/\/viajandocomtoledo.com.br\/loja\/","name":"Loja Viajando com Toledo","description":"Loja do site - Viajando com Toledo","publisher":{"@id":"https:\/\/viajandocomtoledo.com.br\/loja\/#organization"},"potentialAction":[{"@type":"SearchAction","target":{"@type":"EntryPoint","urlTemplate":"https:\/\/viajandocomtoledo.com.br\/loja\/?s={search_term_string}"},"query-input":{"@type":"PropertyValueSpecification","valueRequired":true,"valueName":"search_term_string"}}],"inLanguage":"pt-BR"},{"@type":"Organization","@id":"https:\/\/viajandocomtoledo.com.br\/loja\/#organization","name":"Loja Viajando com Toledo","url":"https:\/\/viajandocomtoledo.com.br\/loja\/","logo":{"@type":"ImageObject","inLanguage":"pt-BR","@id":"https:\/\/viajandocomtoledo.com.br\/loja\/#\/schema\/logo\/image\/","url":"https:\/\/viajandocomtoledo.com.br\/loja\/wp-content\/uploads\/2021\/07\/LOGO-VCT-e1626871875731.png","contentUrl":"https:\/\/viajandocomtoledo.com.br\/loja\/wp-content\/uploads\/2021\/07\/LOGO-VCT-e1626871875731.png","width":100,"height":46,"caption":"Loja Viajando com Toledo"},"image":{"@id":"https:\/\/viajandocomtoledo.com.br\/loja\/#\/schema\/logo\/image\/"},"sameAs":["https:\/\/web.facebook.com\/viajandocomtoledo","https:\/\/www.instagram.com\/viajandocomtoledo\/"]}]}},"_links":{"self":[{"href":"https:\/\/viajandocomtoledo.com.br\/loja\/wp-json\/wp\/v2\/product\/1043","targetHints":{"allow":["GET"]}}],"collection":[{"href":"https:\/\/viajandocomtoledo.com.br\/loja\/wp-json\/wp\/v2\/product"}],"about":[{"href":"https:\/\/viajandocomtoledo.com.br\/loja\/wp-json\/wp\/v2\/types\/product"}],"replies":[{"embeddable":true,"href":"https:\/\/viajandocomtoledo.com.br\/loja\/wp-json\/wp\/v2\/comments?post=1043"}],"wp:featuredmedia":[{"embeddable":true,"href":"https:\/\/viajandocomtoledo.com.br\/loja\/wp-json\/wp\/v2\/media\/3737"}],"wp:attachment":[{"href":"https:\/\/viajandocomtoledo.com.br\/loja\/wp-json\/wp\/v2\/media?parent=1043"}],"wp:term":[{"taxonomy":"product_cat","embeddable":true,"href":"https:\/\/viajandocomtoledo.com.br\/loja\/wp-json\/wp\/v2\/product_cat?post=1043"},{"taxonomy":"product_tag","embeddable":true,"href":"https:\/\/viajandocomtoledo.com.br\/loja\/wp-json\/wp\/v2\/product_tag?post=1043"}],"curies":[{"name":"wp","href":"https:\/\/api.w.org\/{rel}","templated":true}]}}