{"id":1037,"date":"2022-11-27T14:20:19","date_gmt":"2022-11-27T17:20:19","guid":{"rendered":"https:\/\/viajandocomtoledo.com.br\/loja\/?post_type=product&#038;p=1037"},"modified":"2026-01-08T12:07:25","modified_gmt":"2026-01-08T15:07:25","slug":"doce-de-leite-tradicional-700g","status":"publish","type":"product","link":"https:\/\/viajandocomtoledo.com.br\/loja\/produto\/doce-de-leite-tradicional-700g\/","title":{"rendered":"Doce de leite Tradicional 700g"},"content":{"rendered":"<ul>\n<li><strong><em>Regi\u00e3o:\u00a0<\/em><\/strong><em>Dores de Guanh\u00e3es \/ Minas Gerais.<\/em><\/li>\n<li><strong><em>Tradi\u00e7\u00e3o:\u00a0<\/em><\/strong><em>Doce de leite feito artesanalmente em quantidade limitada.<\/em><\/li>\n<li><strong><em>Material da embalagem:\u00a0<\/em><\/strong><em>Vidro.<\/em><\/li>\n<li><em>Provada e aprovada por Ot\u00e1vio di Toledo.<\/em><\/li>\n<\/ul>\n<h2 style=\"text-align: center;\">DETALHES<\/h2>\n<p style=\"text-align: center;\">O Doce de Leite Tradicional 700g \u00e9 um doce de leite cremoso e saboroso, feito com leite fresco e a\u00e7\u00facar. \u00c9 cozido lentamente em fogo baixo at\u00e9 atingir a consist\u00eancia perfeita. O sabor do Doce de Leite Tradicional \u00e9 suave e adocicado, com um leve toque de caramelo. Um produto que certamente vai agradar a todos os paladares.<\/p>\n<h2 style=\"text-align: center;\">Conserva\u00e7\u00e3o<\/h2>\n<p style=\"text-align: center;\">Ap\u00f3s aberto manter refrigerado e consumir em at\u00e9 7 dias.<\/p>\n<h2 style=\"text-align: center;\">Sua hist\u00f3ria<\/h2>\n<section class=\"single-product-text\">\n<div class=\"container\">\n<article>\n<section class=\"single-product-text\">\n<div class=\"container\">\n<article>\n<section class=\"single-product-text\">\n<div class=\"container\">\n<article>\n<p style=\"text-align: center;\">O doce de leite da fazenda C\u00f3rrego Alto surgiu de uma reuni\u00e3o de amigos. O casal Lissa e Br\u00e1ulio (propriet\u00e1rios do doce), convidaram alguns amigos para um jantar na Fazenda, e para recepcionar esses amigos foi servido um delicioso doce de leite bem mineiro, receita do pr\u00f3prio casal, e o resultado foi um sucesso. Devido esse sucesso, resolveram levar algumas amostras para mais amigos e o sucesso s\u00f3 foi aumentando. A fazenda C\u00f3rrego Alto j\u00e1 tinha tradi\u00e7\u00e3o na pecu\u00e1ria leiteira e na produ\u00e7\u00e3o de leite e com a sucess\u00e3o familiar deu-se in\u00edcio a produ\u00e7\u00e3o do Doce de Leite C\u00f3rrego Alto. Um doce produzido diretamente da fazenda de forma artesanal, um doce sem conservantes e emulsificante, utilizando sua principal mat\u00e9ria prima, o leite, produzido na Fazenda C\u00f3rrego Alto. Em resumo podemos definir que o doce de leite junta a tradi\u00e7\u00e3o da pecu\u00e1ria leiteira com a ideia de valorizar o nosso principal produto, o leite. Um neg\u00f3cio com muito carinho envolvido e a satisfa\u00e7\u00e3o de produzir um produto com qualidade \u00fanica, tudo isso partindo do amor e da uni\u00e3o de um jovem casal.<\/p>\n<\/article>\n<\/div>\n<\/section>\n<\/article>\n<\/div>\n<\/section>\n<\/article>\n<\/div>\n<\/section>\n","protected":false},"excerpt":{"rendered":"<ul>\n<li><strong><em>Regi\u00e3o:\u00a0<\/em><\/strong><em>Dores de Guanh\u00e3es \/ Minas Gerais.<\/em><\/li>\n<li><strong><em>Tradi\u00e7\u00e3o:\u00a0<\/em><\/strong><em>Doce de leite feito artesanalmente em quantidade limitada.<\/em><\/li>\n<li><strong><em>Material da embalagem:\u00a0<\/em><\/strong><em>Vidro.<\/em><\/li>\n<li><em>Provada e aprovada por Ot\u00e1vio di Toledo.<\/em><\/li>\n<\/ul>\n<h2 style=\"text-align: center;\">DETALHES<\/h2>\n<p style=\"text-align: center;\">O Doce de Leite Tradicional 700g \u00e9 um doce de leite cremoso e saboroso, feito com leite fresco e a\u00e7\u00facar. \u00c9 cozido lentamente em fogo baixo at\u00e9 atingir a consist\u00eancia perfeita. O sabor do Doce de Leite Tradicional \u00e9 suave e adocicado, com um leve toque de caramelo. Um produto que certamente vai agradar a todos os paladares.<\/p>\n<h2 style=\"text-align: center;\">Conserva\u00e7\u00e3o<\/h2>\n<p style=\"text-align: center;\">Ap\u00f3s aberto manter refrigerado e consumir em at\u00e9 7 dias.<\/p>\n<h2 style=\"text-align: center;\">SUA HIST\u00d3RIA<\/h2>\n<p style=\"text-align: center;\">O doce de leite da fazenda C\u00f3rrego Alto surgiu de uma reuni\u00e3o de amigos. O casal Lissa e Br\u00e1ulio (propriet\u00e1rios do doce), convidaram alguns amigos para um jantar na Fazenda, e para recepcionar esses amigos foi servido um delicioso doce de leite bem mineiro, receita do pr\u00f3prio casal, e o resultado foi um sucesso. Devido esse sucesso, resolveram levar algumas amostras para mais amigos e o sucesso s\u00f3 foi aumentando. A fazenda C\u00f3rrego Alto j\u00e1 tinha tradi\u00e7\u00e3o na pecu\u00e1ria leiteira e na produ\u00e7\u00e3o de leite e com a sucess\u00e3o familiar deu-se in\u00edcio a produ\u00e7\u00e3o do Doce de Leite C\u00f3rrego Alto. Um doce produzido diretamente da fazenda de forma artesanal, um doce sem conservantes e emulsificante, utilizando sua principal mat\u00e9ria prima, o leite, produzido na Fazenda C\u00f3rrego Alto. Em resumo podemos definir que o doce de leite junta a tradi\u00e7\u00e3o da pecu\u00e1ria leiteira com a ideia de valorizar o nosso principal produto, o leite. Um neg\u00f3cio com muito carinho envolvido e a satisfa\u00e7\u00e3o de produzir um produto com qualidade \u00fanica, tudo isso partindo do amor e da uni\u00e3o de um jovem casal.<\/p>\n<section class=\"single-product-text\">\n<div class=\"container\"><\/div>\n<\/section>\n<section class=\"related-product\">\n<section class=\"product-related\"><\/section>\n<\/section>\n","protected":false},"featured_media":2100,"comment_status":"closed","ping_status":"closed","template":"","meta":{"_acf_changed":false,"_monsterinsights_skip_tracking":false,"_monsterinsights_sitenote_active":false,"_monsterinsights_sitenote_note":"","_monsterinsights_sitenote_category":0},"product_cat":[67],"product_tag":[],"class_list":{"0":"post-1037","1":"product","2":"type-product","3":"status-publish","4":"has-post-thumbnail","6":"product_cat-rio-doce","7":"product_shipping_class-produtos-diversos","9":"first","10":"instock","11":"taxable","12":"shipping-taxable","13":"purchasable","14":"product-type-simple"},"acf":[],"aioseo_notices":[],"yoast_head":"<!-- This site is optimized with the Yoast SEO plugin v25.8 - https:\/\/yoast.com\/wordpress\/plugins\/seo\/ -->\n<title>Doce de leite Tradicional 700g - Loja Viajando com Toledo<\/title>\n<meta name=\"description\" content=\"Doce de Leite Tradicional - Exclusivo em nossa Loja - Envio imediato - Parcele em at\u00e9 3x sem juros\" \/>\n<meta name=\"robots\" content=\"index, follow, max-snippet:-1, max-image-preview:large, max-video-preview:-1\" \/>\n<link rel=\"canonical\" href=\"https:\/\/viajandocomtoledo.com.br\/loja\/produto\/doce-de-leite-tradicional-700g\/\" \/>\n<meta property=\"og:locale\" content=\"pt_BR\" \/>\n<meta property=\"og:type\" content=\"article\" \/>\n<meta property=\"og:title\" content=\"Doce de leite Tradicional 700g - Loja Viajando com Toledo\" \/>\n<meta property=\"og:description\" content=\"Doce de Leite Tradicional - Exclusivo em nossa Loja - Envio imediato - Parcele em at\u00e9 3x sem juros\" \/>\n<meta property=\"og:url\" content=\"https:\/\/viajandocomtoledo.com.br\/loja\/produto\/doce-de-leite-tradicional-700g\/\" \/>\n<meta property=\"og:site_name\" content=\"Loja Viajando com Toledo\" \/>\n<meta property=\"article:publisher\" content=\"https:\/\/web.facebook.com\/viajandocomtoledo\" \/>\n<meta property=\"article:modified_time\" content=\"2026-01-08T15:07:25+00:00\" \/>\n<meta property=\"og:image\" content=\"https:\/\/viajandocomtoledo.com.br\/loja\/wp-content\/uploads\/2022\/01\/WhatsApp-Image-2022-10-25-at-12.07.41-3.jpeg\" \/>\n\t<meta property=\"og:image:width\" content=\"1280\" \/>\n\t<meta property=\"og:image:height\" content=\"1280\" \/>\n\t<meta property=\"og:image:type\" content=\"image\/jpeg\" \/>\n<meta name=\"twitter:card\" content=\"summary_large_image\" \/>\n<meta name=\"twitter:label1\" content=\"Est. tempo de leitura\" \/>\n\t<meta name=\"twitter:data1\" content=\"2 minutos\" \/>\n<script type=\"application\/ld+json\" class=\"yoast-schema-graph\">{\"@context\":\"https:\/\/schema.org\",\"@graph\":[{\"@type\":\"WebPage\",\"@id\":\"https:\/\/viajandocomtoledo.com.br\/loja\/produto\/doce-de-leite-tradicional-700g\/\",\"url\":\"https:\/\/viajandocomtoledo.com.br\/loja\/produto\/doce-de-leite-tradicional-700g\/\",\"name\":\"Doce de leite Tradicional 700g - Loja Viajando com Toledo\",\"isPartOf\":{\"@id\":\"https:\/\/viajandocomtoledo.com.br\/loja\/#website\"},\"primaryImageOfPage\":{\"@id\":\"https:\/\/viajandocomtoledo.com.br\/loja\/produto\/doce-de-leite-tradicional-700g\/#primaryimage\"},\"image\":{\"@id\":\"https:\/\/viajandocomtoledo.com.br\/loja\/produto\/doce-de-leite-tradicional-700g\/#primaryimage\"},\"thumbnailUrl\":\"https:\/\/viajandocomtoledo.com.br\/loja\/wp-content\/uploads\/2022\/01\/WhatsApp-Image-2022-10-25-at-12.07.41-3.jpeg\",\"datePublished\":\"2022-11-27T17:20:19+00:00\",\"dateModified\":\"2026-01-08T15:07:25+00:00\",\"description\":\"Doce de Leite Tradicional - Exclusivo em nossa Loja - Envio imediato - Parcele em at\u00e9 3x sem juros\",\"breadcrumb\":{\"@id\":\"https:\/\/viajandocomtoledo.com.br\/loja\/produto\/doce-de-leite-tradicional-700g\/#breadcrumb\"},\"inLanguage\":\"pt-BR\",\"potentialAction\":[{\"@type\":\"ReadAction\",\"target\":[\"https:\/\/viajandocomtoledo.com.br\/loja\/produto\/doce-de-leite-tradicional-700g\/\"]}]},{\"@type\":\"ImageObject\",\"inLanguage\":\"pt-BR\",\"@id\":\"https:\/\/viajandocomtoledo.com.br\/loja\/produto\/doce-de-leite-tradicional-700g\/#primaryimage\",\"url\":\"https:\/\/viajandocomtoledo.com.br\/loja\/wp-content\/uploads\/2022\/01\/WhatsApp-Image-2022-10-25-at-12.07.41-3.jpeg\",\"contentUrl\":\"https:\/\/viajandocomtoledo.com.br\/loja\/wp-content\/uploads\/2022\/01\/WhatsApp-Image-2022-10-25-at-12.07.41-3.jpeg\",\"width\":1280,\"height\":1280},{\"@type\":\"BreadcrumbList\",\"@id\":\"https:\/\/viajandocomtoledo.com.br\/loja\/produto\/doce-de-leite-tradicional-700g\/#breadcrumb\",\"itemListElement\":[{\"@type\":\"ListItem\",\"position\":1,\"name\":\"In\u00edcio\",\"item\":\"https:\/\/viajandocomtoledo.com.br\/loja\/\"},{\"@type\":\"ListItem\",\"position\":2,\"name\":\"Produtos\",\"item\":\"https:\/\/viajandocomtoledo.com.br\/loja\/\"},{\"@type\":\"ListItem\",\"position\":3,\"name\":\"Doce de leite Tradicional 700g\"}]},{\"@type\":\"WebSite\",\"@id\":\"https:\/\/viajandocomtoledo.com.br\/loja\/#website\",\"url\":\"https:\/\/viajandocomtoledo.com.br\/loja\/\",\"name\":\"Loja Viajando com Toledo\",\"description\":\"Loja do site - Viajando com Toledo\",\"publisher\":{\"@id\":\"https:\/\/viajandocomtoledo.com.br\/loja\/#organization\"},\"potentialAction\":[{\"@type\":\"SearchAction\",\"target\":{\"@type\":\"EntryPoint\",\"urlTemplate\":\"https:\/\/viajandocomtoledo.com.br\/loja\/?s={search_term_string}\"},\"query-input\":{\"@type\":\"PropertyValueSpecification\",\"valueRequired\":true,\"valueName\":\"search_term_string\"}}],\"inLanguage\":\"pt-BR\"},{\"@type\":\"Organization\",\"@id\":\"https:\/\/viajandocomtoledo.com.br\/loja\/#organization\",\"name\":\"Loja Viajando com Toledo\",\"url\":\"https:\/\/viajandocomtoledo.com.br\/loja\/\",\"logo\":{\"@type\":\"ImageObject\",\"inLanguage\":\"pt-BR\",\"@id\":\"https:\/\/viajandocomtoledo.com.br\/loja\/#\/schema\/logo\/image\/\",\"url\":\"https:\/\/viajandocomtoledo.com.br\/loja\/wp-content\/uploads\/2021\/07\/LOGO-VCT-e1626871875731.png\",\"contentUrl\":\"https:\/\/viajandocomtoledo.com.br\/loja\/wp-content\/uploads\/2021\/07\/LOGO-VCT-e1626871875731.png\",\"width\":100,\"height\":46,\"caption\":\"Loja Viajando com Toledo\"},\"image\":{\"@id\":\"https:\/\/viajandocomtoledo.com.br\/loja\/#\/schema\/logo\/image\/\"},\"sameAs\":[\"https:\/\/web.facebook.com\/viajandocomtoledo\",\"https:\/\/www.instagram.com\/viajandocomtoledo\/\"]}]}<\/script>\n<!-- \/ Yoast SEO plugin. -->","yoast_head_json":{"title":"Doce de leite Tradicional 700g - Loja Viajando com Toledo","description":"Doce de Leite Tradicional - Exclusivo em nossa Loja - Envio imediato - Parcele em at\u00e9 3x sem juros","robots":{"index":"index","follow":"follow","max-snippet":"max-snippet:-1","max-image-preview":"max-image-preview:large","max-video-preview":"max-video-preview:-1"},"canonical":"https:\/\/viajandocomtoledo.com.br\/loja\/produto\/doce-de-leite-tradicional-700g\/","og_locale":"pt_BR","og_type":"article","og_title":"Doce de leite Tradicional 700g - Loja Viajando com Toledo","og_description":"Doce de Leite Tradicional - Exclusivo em nossa Loja - Envio imediato - Parcele em at\u00e9 3x sem juros","og_url":"https:\/\/viajandocomtoledo.com.br\/loja\/produto\/doce-de-leite-tradicional-700g\/","og_site_name":"Loja Viajando com Toledo","article_publisher":"https:\/\/web.facebook.com\/viajandocomtoledo","article_modified_time":"2026-01-08T15:07:25+00:00","og_image":[{"width":1280,"height":1280,"url":"https:\/\/viajandocomtoledo.com.br\/loja\/wp-content\/uploads\/2022\/01\/WhatsApp-Image-2022-10-25-at-12.07.41-3.jpeg","type":"image\/jpeg"}],"twitter_card":"summary_large_image","twitter_misc":{"Est. tempo de leitura":"2 minutos"},"schema":{"@context":"https:\/\/schema.org","@graph":[{"@type":"WebPage","@id":"https:\/\/viajandocomtoledo.com.br\/loja\/produto\/doce-de-leite-tradicional-700g\/","url":"https:\/\/viajandocomtoledo.com.br\/loja\/produto\/doce-de-leite-tradicional-700g\/","name":"Doce de leite Tradicional 700g - Loja Viajando com Toledo","isPartOf":{"@id":"https:\/\/viajandocomtoledo.com.br\/loja\/#website"},"primaryImageOfPage":{"@id":"https:\/\/viajandocomtoledo.com.br\/loja\/produto\/doce-de-leite-tradicional-700g\/#primaryimage"},"image":{"@id":"https:\/\/viajandocomtoledo.com.br\/loja\/produto\/doce-de-leite-tradicional-700g\/#primaryimage"},"thumbnailUrl":"https:\/\/viajandocomtoledo.com.br\/loja\/wp-content\/uploads\/2022\/01\/WhatsApp-Image-2022-10-25-at-12.07.41-3.jpeg","datePublished":"2022-11-27T17:20:19+00:00","dateModified":"2026-01-08T15:07:25+00:00","description":"Doce de Leite Tradicional - Exclusivo em nossa Loja - Envio imediato - Parcele em at\u00e9 3x sem juros","breadcrumb":{"@id":"https:\/\/viajandocomtoledo.com.br\/loja\/produto\/doce-de-leite-tradicional-700g\/#breadcrumb"},"inLanguage":"pt-BR","potentialAction":[{"@type":"ReadAction","target":["https:\/\/viajandocomtoledo.com.br\/loja\/produto\/doce-de-leite-tradicional-700g\/"]}]},{"@type":"ImageObject","inLanguage":"pt-BR","@id":"https:\/\/viajandocomtoledo.com.br\/loja\/produto\/doce-de-leite-tradicional-700g\/#primaryimage","url":"https:\/\/viajandocomtoledo.com.br\/loja\/wp-content\/uploads\/2022\/01\/WhatsApp-Image-2022-10-25-at-12.07.41-3.jpeg","contentUrl":"https:\/\/viajandocomtoledo.com.br\/loja\/wp-content\/uploads\/2022\/01\/WhatsApp-Image-2022-10-25-at-12.07.41-3.jpeg","width":1280,"height":1280},{"@type":"BreadcrumbList","@id":"https:\/\/viajandocomtoledo.com.br\/loja\/produto\/doce-de-leite-tradicional-700g\/#breadcrumb","itemListElement":[{"@type":"ListItem","position":1,"name":"In\u00edcio","item":"https:\/\/viajandocomtoledo.com.br\/loja\/"},{"@type":"ListItem","position":2,"name":"Produtos","item":"https:\/\/viajandocomtoledo.com.br\/loja\/"},{"@type":"ListItem","position":3,"name":"Doce de leite Tradicional 700g"}]},{"@type":"WebSite","@id":"https:\/\/viajandocomtoledo.com.br\/loja\/#website","url":"https:\/\/viajandocomtoledo.com.br\/loja\/","name":"Loja Viajando com Toledo","description":"Loja do site - Viajando com Toledo","publisher":{"@id":"https:\/\/viajandocomtoledo.com.br\/loja\/#organization"},"potentialAction":[{"@type":"SearchAction","target":{"@type":"EntryPoint","urlTemplate":"https:\/\/viajandocomtoledo.com.br\/loja\/?s={search_term_string}"},"query-input":{"@type":"PropertyValueSpecification","valueRequired":true,"valueName":"search_term_string"}}],"inLanguage":"pt-BR"},{"@type":"Organization","@id":"https:\/\/viajandocomtoledo.com.br\/loja\/#organization","name":"Loja Viajando com Toledo","url":"https:\/\/viajandocomtoledo.com.br\/loja\/","logo":{"@type":"ImageObject","inLanguage":"pt-BR","@id":"https:\/\/viajandocomtoledo.com.br\/loja\/#\/schema\/logo\/image\/","url":"https:\/\/viajandocomtoledo.com.br\/loja\/wp-content\/uploads\/2021\/07\/LOGO-VCT-e1626871875731.png","contentUrl":"https:\/\/viajandocomtoledo.com.br\/loja\/wp-content\/uploads\/2021\/07\/LOGO-VCT-e1626871875731.png","width":100,"height":46,"caption":"Loja Viajando com Toledo"},"image":{"@id":"https:\/\/viajandocomtoledo.com.br\/loja\/#\/schema\/logo\/image\/"},"sameAs":["https:\/\/web.facebook.com\/viajandocomtoledo","https:\/\/www.instagram.com\/viajandocomtoledo\/"]}]}},"_links":{"self":[{"href":"https:\/\/viajandocomtoledo.com.br\/loja\/wp-json\/wp\/v2\/product\/1037","targetHints":{"allow":["GET"]}}],"collection":[{"href":"https:\/\/viajandocomtoledo.com.br\/loja\/wp-json\/wp\/v2\/product"}],"about":[{"href":"https:\/\/viajandocomtoledo.com.br\/loja\/wp-json\/wp\/v2\/types\/product"}],"replies":[{"embeddable":true,"href":"https:\/\/viajandocomtoledo.com.br\/loja\/wp-json\/wp\/v2\/comments?post=1037"}],"wp:featuredmedia":[{"embeddable":true,"href":"https:\/\/viajandocomtoledo.com.br\/loja\/wp-json\/wp\/v2\/media\/2100"}],"wp:attachment":[{"href":"https:\/\/viajandocomtoledo.com.br\/loja\/wp-json\/wp\/v2\/media?parent=1037"}],"wp:term":[{"taxonomy":"product_cat","embeddable":true,"href":"https:\/\/viajandocomtoledo.com.br\/loja\/wp-json\/wp\/v2\/product_cat?post=1037"},{"taxonomy":"product_tag","embeddable":true,"href":"https:\/\/viajandocomtoledo.com.br\/loja\/wp-json\/wp\/v2\/product_tag?post=1037"}],"curies":[{"name":"wp","href":"https:\/\/api.w.org\/{rel}","templated":true}]}}